{"id":1880,"date":"2025-09-28T10:27:55","date_gmt":"2025-09-28T10:27:55","guid":{"rendered":"https:\/\/www.alfadu-amusement.com\/?page_id=1880"},"modified":"2025-09-28T10:44:24","modified_gmt":"2025-09-28T10:44:24","slug":"a-propos","status":"publish","type":"page","link":"https:\/\/www.alfadu-amusement.com\/?page_id=1880","title":{"rendered":"A PROPOS"},"content":{"rendered":"\t\t<div data-elementor-type=\"wp-post\" data-elementor-id=\"1880\" class=\"elementor elementor-1880\">\n\t\t\t\t\t\t<section class=\"elementor-section elementor-top-section elementor-element elementor-element-2b5c2656 elementor-section-boxed elementor-section-height-default elementor-section-height-default\" data-id=\"2b5c2656\" data-element_type=\"section\" data-settings=\"{&quot;background_background&quot;:&quot;classic&quot;,&quot;shape_divider_bottom&quot;:&quot;pyramids&quot;}\">\n\t\t\t\t\t<div class=\"elementor-shape elementor-shape-bottom\" aria-hidden=\"true\" data-negative=\"false\">\n\t\t\t<svg xmlns=\"http:\/\/www.w3.org\/2000\/svg\" viewBox=\"0 0 1000 100\" preserveAspectRatio=\"none\">\n\t<path class=\"elementor-shape-fill\" d=\"M761.9,44.1L643.1,27.2L333.8,98L0,3.8V0l1000,0v3.9\"\/>\n<\/svg>\t\t<\/div>\n\t\t\t\t\t<div class=\"elementor-container elementor-column-gap-default\">\n\t\t\t\t\t<div class=\"elementor-column elementor-col-100 elementor-top-column elementor-element elementor-element-6a2380e3\" data-id=\"6a2380e3\" data-element_type=\"column\">\n\t\t\t<div class=\"elementor-widget-wrap elementor-element-populated\">\n\t\t\t\t\t\t<div class=\"elementor-element elementor-element-7dcf8e7e elementor-widget elementor-widget-heading\" data-id=\"7dcf8e7e\" data-element_type=\"widget\" data-widget_type=\"heading.default\">\n\t\t\t\t\t<h3 class=\"elementor-heading-title elementor-size-default\">A   Propos<\/h3>\t\t\t\t<\/div>\n\t\t\t\t<div class=\"elementor-element elementor-element-5cb5fbab elementor-widget elementor-widget-heading\" data-id=\"5cb5fbab\" data-element_type=\"widget\" data-widget_type=\"heading.default\">\n\t\t\t\t\t<h2 class=\"elementor-heading-title elementor-size-default\">A   Propos de Nous<\/h2>\t\t\t\t<\/div>\n\t\t\t\t<div class=\"elementor-element elementor-element-13a0f5ed elementor-widget-divider--view-line elementor-widget elementor-widget-divider\" data-id=\"13a0f5ed\" data-element_type=\"widget\" data-widget_type=\"divider.default\">\n\t\t\t\t\t\t\t<div class=\"elementor-divider\">\n\t\t\t<span class=\"elementor-divider-separator\">\n\t\t\t\t\t\t<\/span>\n\t\t<\/div>\n\t\t\t\t\t\t<\/div>\n\t\t\t\t\t<\/div>\n\t\t<\/div>\n\t\t\t\t\t<\/div>\n\t\t<\/section>\n\t\t\t\t<section class=\"elementor-section elementor-top-section elementor-element elementor-element-41b4fead elementor-reverse-mobile elementor-section-boxed elementor-section-height-default elementor-section-height-default\" data-id=\"41b4fead\" data-element_type=\"section\" data-settings=\"{&quot;background_background&quot;:&quot;classic&quot;}\">\n\t\t\t\t\t\t\t<div class=\"elementor-background-overlay\"><\/div>\n\t\t\t\t\t\t\t<div class=\"elementor-container elementor-column-gap-default\">\n\t\t\t\t\t<div class=\"elementor-column elementor-col-50 elementor-top-column elementor-element elementor-element-205bc7ca\" data-id=\"205bc7ca\" data-element_type=\"column\">\n\t\t\t<div class=\"elementor-widget-wrap elementor-element-populated\">\n\t\t\t\t\t\t<div class=\"elementor-element elementor-element-c8d7c01 elementor-widget elementor-widget-text-editor\" data-id=\"c8d7c01\" data-element_type=\"widget\" data-widget_type=\"text-editor.default\">\n\t\t\t\t\t\t\t\t\t<h2><span style=\"color: #33cccc;\"><strong>ALFADU Amusement Groupe<\/strong><\/span><\/h2>\n<div><\/div>\n<p style=\"text-align: justify;\">\u00a0 \u00a0 ALFADU propose des solutions compl\u00e8tes d&rsquo;\u00e9quipements de divertissement, incluant des attractions int\u00e9rieures et ext\u00e9rieures, ainsi qu&rsquo;un service apr\u00e8s-vente fiable.<\/p>\n<p style=\"text-align: justify;\">\u00a0 \u00a0 Nos produits sont reconnus pour leur haute qualit\u00e9 et nombre d&rsquo;entre eux sont d\u00e9j\u00e0 utilis\u00e9s dans les parcs d&rsquo;attractions g\u00e9r\u00e9s par notre entreprise, ce qui t\u00e9moigne de notre exp\u00e9rience et de notre cr\u00e9dibilit\u00e9 dans le domaine.<\/p>\n<p style=\"text-align: left;\"><\/p>\t\t\t\t\t\t\t\t<\/div>\n\t\t\t\t\t<\/div>\n\t\t<\/div>\n\t\t\t\t<div class=\"elementor-column elementor-col-50 elementor-top-column elementor-element elementor-element-18fb9eb3\" data-id=\"18fb9eb3\" data-element_type=\"column\" data-settings=\"{&quot;background_background&quot;:&quot;classic&quot;}\">\n\t\t\t<div class=\"elementor-widget-wrap elementor-element-populated\">\n\t\t\t\t\t<div class=\"elementor-background-overlay\"><\/div>\n\t\t\t\t\t\t<div class=\"elementor-element elementor-element-71b4145a elementor-widget elementor-widget-image\" data-id=\"71b4145a\" data-element_type=\"widget\" data-widget_type=\"image.default\">\n\t\t\t\t\t\t\t\t\t\t\t\t\t\t\t<img fetchpriority=\"high\" decoding=\"async\" width=\"512\" height=\"512\" src=\"https:\/\/www.alfadu-amusement.com\/wp-content\/uploads\/2025\/09\/cropped-ii-alafadu.png\" class=\"attachment-large size-large wp-image-1338\" alt=\"\" srcset=\"https:\/\/www.alfadu-amusement.com\/wp-content\/uploads\/2025\/09\/cropped-ii-alafadu.png 512w, https:\/\/www.alfadu-amusement.com\/wp-content\/uploads\/2025\/09\/cropped-ii-alafadu-300x300.png 300w, https:\/\/www.alfadu-amusement.com\/wp-content\/uploads\/2025\/09\/cropped-ii-alafadu-150x150.png 150w, https:\/\/www.alfadu-amusement.com\/wp-content\/uploads\/2025\/09\/cropped-ii-alafadu-100x100.png 100w, https:\/\/www.alfadu-amusement.com\/wp-content\/uploads\/2025\/09\/cropped-ii-alafadu-270x270.png 270w, https:\/\/www.alfadu-amusement.com\/wp-content\/uploads\/2025\/09\/cropped-ii-alafadu-192x192.png 192w, https:\/\/www.alfadu-amusement.com\/wp-content\/uploads\/2025\/09\/cropped-ii-alafadu-180x180.png 180w, https:\/\/www.alfadu-amusement.com\/wp-content\/uploads\/2025\/09\/cropped-ii-alafadu-32x32.png 32w\" sizes=\"(max-width: 512px) 100vw, 512px\" \/>\t\t\t\t\t\t\t\t\t\t\t\t\t\t\t<\/div>\n\t\t\t\t\t<\/div>\n\t\t<\/div>\n\t\t\t\t\t<\/div>\n\t\t<\/section>\n\t\t\t\t<section class=\"elementor-section elementor-top-section elementor-element elementor-element-3beb7751 elementor-section-boxed elementor-section-height-default elementor-section-height-default\" data-id=\"3beb7751\" data-element_type=\"section\">\n\t\t\t\t\t\t<div class=\"elementor-container elementor-column-gap-default\">\n\t\t\t\t\t<div class=\"elementor-column elementor-col-33 elementor-top-column elementor-element elementor-element-349085da\" data-id=\"349085da\" data-element_type=\"column\">\n\t\t\t<div class=\"elementor-widget-wrap\">\n\t\t\t\t\t\t\t<\/div>\n\t\t<\/div>\n\t\t\t\t<div class=\"elementor-column elementor-col-33 elementor-top-column elementor-element elementor-element-3a986a3e\" data-id=\"3a986a3e\" data-element_type=\"column\" data-settings=\"{&quot;background_background&quot;:&quot;classic&quot;}\">\n\t\t\t<div class=\"elementor-widget-wrap elementor-element-populated\">\n\t\t\t\t\t\t<div class=\"elementor-element elementor-element-6475a7c1 elementor-widget elementor-widget-image\" data-id=\"6475a7c1\" data-element_type=\"widget\" data-widget_type=\"image.default\">\n\t\t\t\t\t\t\t\t\t\t\t\t\t\t\t<img decoding=\"async\" width=\"688\" height=\"1024\" src=\"https:\/\/www.alfadu-amusement.com\/wp-content\/uploads\/2025\/08\/IMG_7549-1-688x1024.jpeg\" class=\"attachment-large size-large wp-image-782\" alt=\"\" srcset=\"https:\/\/www.alfadu-amusement.com\/wp-content\/uploads\/2025\/08\/IMG_7549-1-688x1024.jpeg 688w, https:\/\/www.alfadu-amusement.com\/wp-content\/uploads\/2025\/08\/IMG_7549-1-202x300.jpeg 202w, https:\/\/www.alfadu-amusement.com\/wp-content\/uploads\/2025\/08\/IMG_7549-1-768x1143.jpeg 768w, https:\/\/www.alfadu-amusement.com\/wp-content\/uploads\/2025\/08\/IMG_7549-1-1032x1536.jpeg 1032w, https:\/\/www.alfadu-amusement.com\/wp-content\/uploads\/2025\/08\/IMG_7549-1-610x907.jpeg 610w, https:\/\/www.alfadu-amusement.com\/wp-content\/uploads\/2025\/08\/IMG_7549-1-600x893.jpeg 600w, https:\/\/www.alfadu-amusement.com\/wp-content\/uploads\/2025\/08\/IMG_7549-1.jpeg 1216w\" sizes=\"(max-width: 688px) 100vw, 688px\" \/>\t\t\t\t\t\t\t\t\t\t\t\t\t\t\t<\/div>\n\t\t\t\t\t<\/div>\n\t\t<\/div>\n\t\t\t\t<div class=\"elementor-column elementor-col-33 elementor-top-column elementor-element elementor-element-56aa3afa\" data-id=\"56aa3afa\" data-element_type=\"column\" data-settings=\"{&quot;background_background&quot;:&quot;classic&quot;}\">\n\t\t\t<div class=\"elementor-widget-wrap elementor-element-populated\">\n\t\t\t\t\t\t<div class=\"elementor-element elementor-element-7e809dca elementor-widget elementor-widget-heading\" data-id=\"7e809dca\" data-element_type=\"widget\" data-widget_type=\"heading.default\">\n\t\t\t\t\t<h2 class=\"elementor-heading-title elementor-size-default\">Nous sommes pro<\/h2>\t\t\t\t<\/div>\n\t\t\t\t<div class=\"elementor-element elementor-element-21ccd803 elementor-widget elementor-widget-text-editor\" data-id=\"21ccd803\" data-element_type=\"widget\" data-widget_type=\"text-editor.default\">\n\t\t\t\t\t\t\t\t\t<p style=\"text-align: justify;\"><strong>\u00a0<span style=\"color: #ff0000;\">ALFADU<\/span><\/strong> propose \u00e9galement des services de conseil complets, incluant la formation et la supervision du personnel pour garantir la s\u00e9curit\u00e9 des visiteurs et la prestation de services de haute qualit\u00e9.\nNous accompagnons \u00e9galement les \u00e9quipes dans la gestion des situations particuli\u00e8res et des interventions d&rsquo;urgence avec professionnalisme et efficacit\u00e9.<\/p>\t\t\t\t\t\t\t\t<\/div>\n\t\t\t\t<div class=\"elementor-element elementor-element-7944725 elementor-shape-square e-grid-align-left e-grid-align-mobile-center elementor-grid-0 elementor-widget elementor-widget-social-icons\" data-id=\"7944725\" data-element_type=\"widget\" data-widget_type=\"social-icons.default\">\n\t\t\t\t\t\t\t<div class=\"elementor-social-icons-wrapper elementor-grid\" role=\"list\">\n\t\t\t\t\t\t\t<span class=\"elementor-grid-item\" role=\"listitem\">\n\t\t\t\t\t<a class=\"elementor-icon elementor-social-icon elementor-social-icon-facebook elementor-repeater-item-db3be90\" target=\"_blank\">\n\t\t\t\t\t\t<span class=\"elementor-screen-only\">Facebook<\/span>\n\t\t\t\t\t\t<svg aria-hidden=\"true\" class=\"e-font-icon-svg e-fab-facebook\" viewBox=\"0 0 512 512\" xmlns=\"http:\/\/www.w3.org\/2000\/svg\"><path d=\"M504 256C504 119 393 8 256 8S8 119 8 256c0 123.78 90.69 226.38 209.25 245V327.69h-63V256h63v-54.64c0-62.15 37-96.48 93.67-96.48 27.14 0 55.52 4.84 55.52 4.84v61h-31.28c-30.8 0-40.41 19.12-40.41 38.73V256h68.78l-11 71.69h-57.78V501C413.31 482.38 504 379.78 504 256z\"><\/path><\/svg>\t\t\t\t\t<\/a>\n\t\t\t\t<\/span>\n\t\t\t\t\t\t\t<span class=\"elementor-grid-item\" role=\"listitem\">\n\t\t\t\t\t<a class=\"elementor-icon elementor-social-icon elementor-social-icon-twitter elementor-repeater-item-8b90c3b\" target=\"_blank\">\n\t\t\t\t\t\t<span class=\"elementor-screen-only\">Twitter<\/span>\n\t\t\t\t\t\t<svg aria-hidden=\"true\" class=\"e-font-icon-svg e-fab-twitter\" viewBox=\"0 0 512 512\" xmlns=\"http:\/\/www.w3.org\/2000\/svg\"><path d=\"M459.37 151.716c.325 4.548.325 9.097.325 13.645 0 138.72-105.583 298.558-298.558 298.558-59.452 0-114.68-17.219-161.137-47.106 8.447.974 16.568 1.299 25.34 1.299 49.055 0 94.213-16.568 130.274-44.832-46.132-.975-84.792-31.188-98.112-72.772 6.498.974 12.995 1.624 19.818 1.624 9.421 0 18.843-1.3 27.614-3.573-48.081-9.747-84.143-51.98-84.143-102.985v-1.299c13.969 7.797 30.214 12.67 47.431 13.319-28.264-18.843-46.781-51.005-46.781-87.391 0-19.492 5.197-37.36 14.294-52.954 51.655 63.675 129.3 105.258 216.365 109.807-1.624-7.797-2.599-15.918-2.599-24.04 0-57.828 46.782-104.934 104.934-104.934 30.213 0 57.502 12.67 76.67 33.137 23.715-4.548 46.456-13.32 66.599-25.34-7.798 24.366-24.366 44.833-46.132 57.827 21.117-2.273 41.584-8.122 60.426-16.243-14.292 20.791-32.161 39.308-52.628 54.253z\"><\/path><\/svg>\t\t\t\t\t<\/a>\n\t\t\t\t<\/span>\n\t\t\t\t\t\t\t<span class=\"elementor-grid-item\" role=\"listitem\">\n\t\t\t\t\t<a class=\"elementor-icon elementor-social-icon elementor-social-icon-youtube elementor-repeater-item-3fca38d\" target=\"_blank\">\n\t\t\t\t\t\t<span class=\"elementor-screen-only\">Youtube<\/span>\n\t\t\t\t\t\t<svg aria-hidden=\"true\" class=\"e-font-icon-svg e-fab-youtube\" viewBox=\"0 0 576 512\" xmlns=\"http:\/\/www.w3.org\/2000\/svg\"><path d=\"M549.655 124.083c-6.281-23.65-24.787-42.276-48.284-48.597C458.781 64 288 64 288 64S117.22 64 74.629 75.486c-23.497 6.322-42.003 24.947-48.284 48.597-11.412 42.867-11.412 132.305-11.412 132.305s0 89.438 11.412 132.305c6.281 23.65 24.787 41.5 48.284 47.821C117.22 448 288 448 288 448s170.78 0 213.371-11.486c23.497-6.321 42.003-24.171 48.284-47.821 11.412-42.867 11.412-132.305 11.412-132.305s0-89.438-11.412-132.305zm-317.51 213.508V175.185l142.739 81.205-142.739 81.201z\"><\/path><\/svg>\t\t\t\t\t<\/a>\n\t\t\t\t<\/span>\n\t\t\t\t\t<\/div>\n\t\t\t\t\t\t<\/div>\n\t\t\t\t\t<\/div>\n\t\t<\/div>\n\t\t\t\t\t<\/div>\n\t\t<\/section>\n\t\t<div class=\"elementor-element elementor-element-c98f15c e-flex e-con-boxed e-con e-parent\" data-id=\"c98f15c\" data-element_type=\"container\">\n\t\t\t\t\t<div class=\"e-con-inner\">\n\t\t\t\t\t<\/div>\n\t\t\t\t<\/div>\n\t\t\t\t<section class=\"elementor-section elementor-top-section elementor-element elementor-element-4462e4d0 elementor-section-full_width elementor-hidden-phone elementor-section-height-default elementor-section-height-default\" data-id=\"4462e4d0\" data-element_type=\"section\" data-settings=\"{&quot;background_background&quot;:&quot;classic&quot;}\">\n\t\t\t\t\t\t<div class=\"elementor-container elementor-column-gap-no\">\n\t\t\t\t\t<div class=\"elementor-column elementor-col-33 elementor-top-column elementor-element elementor-element-5b350187\" data-id=\"5b350187\" data-element_type=\"column\">\n\t\t\t<div class=\"elementor-widget-wrap\">\n\t\t\t\t\t\t\t<\/div>\n\t\t<\/div>\n\t\t\t\t<div class=\"elementor-column elementor-col-66 elementor-top-column elementor-element elementor-element-3367c859\" data-id=\"3367c859\" data-element_type=\"column\" data-settings=\"{&quot;background_background&quot;:&quot;classic&quot;}\">\n\t\t\t<div class=\"elementor-widget-wrap elementor-element-populated\">\n\t\t\t\t\t\t<div class=\"elementor-element elementor-element-32ce130f elementor-widget elementor-widget-spacer\" data-id=\"32ce130f\" data-element_type=\"widget\" data-widget_type=\"spacer.default\">\n\t\t\t\t\t\t\t<div class=\"elementor-spacer\">\n\t\t\t<div class=\"elementor-spacer-inner\"><\/div>\n\t\t<\/div>\n\t\t\t\t\t\t<\/div>\n\t\t\t\t\t<\/div>\n\t\t<\/div>\n\t\t\t\t\t<\/div>\n\t\t<\/section>\n\t\t<div class=\"elementor-element elementor-element-c04c93b e-flex e-con-boxed e-con e-parent\" data-id=\"c04c93b\" data-element_type=\"container\">\n\t\t\t\t\t<div class=\"e-con-inner\">\n\t\t<div class=\"elementor-element elementor-element-fd77e35 e-con-full e-flex e-con e-child\" data-id=\"fd77e35\" data-element_type=\"container\">\n\t\t\t\t<div class=\"elementor-element elementor-element-d1d9352 elementor-widget elementor-widget-heading\" data-id=\"d1d9352\" data-element_type=\"widget\" data-widget_type=\"heading.default\">\n\t\t\t\t\t<h2 class=\"elementor-heading-title elementor-size-default\">ALFADU Services<\/h2>\t\t\t\t<\/div>\n\t\t\t\t<div class=\"elementor-element elementor-element-372cefe elementor-widget elementor-widget-text-editor\" data-id=\"372cefe\" data-element_type=\"widget\" data-widget_type=\"text-editor.default\">\n\t\t\t\t\t\t\t\t\t<ol><li><p>\u00a0 \u00a0 \u00a0Planification de projets de parcs d&rsquo;attractions. Forts de notre vaste exp\u00e9rience dans le secteur du tourisme, et plus particuli\u00e8rement dans les parcs d&rsquo;attractions, nous savons que chaque d\u00e9tail compte.<br \/>\u00a0 \u00a0 \u00a0Nous accordons une grande importance \u00e0 la s\u00e9lection des attractions, \u00e0 leur positionnement strat\u00e9gique et \u00e0 la mise en place des services afin de garantir une exp\u00e9rience de divertissement efficace, attrayante et rentable.<\/p><\/li><li><p>\u00a0 \u00a0 \u00a0Fourniture d&rsquo;\u00e9quipements de loisirs et de divertissement. Nous proposons une gamme rigoureusement s\u00e9lectionn\u00e9e d&rsquo;\u00e9quipements de loisirs et de divertissement de haute qualit\u00e9, conformes aux normes internationales, notamment \u00e0 la norme europ\u00e9enne relative aux attractions et dispositifs de divertissement (EN13814).<\/p><\/li><li><p>\u00a0 \u00a0 Service apr\u00e8s-vente. Avec des bureaux en Tunisie, \u00e0 Duba\u00ef et en Chine, et une \u00e9quipe multilingue (arabe, fran\u00e7ais et anglais), nous offrons un support technique rapide et efficace, disponible 24h\/24 et 7j\/7, garantissant un fonctionnement continu et la satisfaction de nos clients.<\/p><\/li><li><p>\u00a0 \u00a0 \u00a0Formation technique et support op\u00e9rationnel.<\/p><\/li><\/ol>\t\t\t\t\t\t\t\t<\/div>\n\t\t\t\t<\/div>\n\t\t\t\t<div class=\"elementor-element elementor-element-e4f6b69 elementor-widget__width-initial elementor-widget elementor-widget-image\" data-id=\"e4f6b69\" data-element_type=\"widget\" data-widget_type=\"image.default\">\n\t\t\t\t\t\t\t\t\t\t\t\t\t\t\t<img decoding=\"async\" width=\"512\" height=\"512\" src=\"https:\/\/www.alfadu-amusement.com\/wp-content\/uploads\/2025\/08\/IMG_about.png\" class=\"attachment-large size-large wp-image-916\" alt=\"\" srcset=\"https:\/\/www.alfadu-amusement.com\/wp-content\/uploads\/2025\/08\/IMG_about.png 512w, https:\/\/www.alfadu-amusement.com\/wp-content\/uploads\/2025\/08\/IMG_about-300x300.png 300w, https:\/\/www.alfadu-amusement.com\/wp-content\/uploads\/2025\/08\/IMG_about-150x150.png 150w, https:\/\/www.alfadu-amusement.com\/wp-content\/uploads\/2025\/08\/IMG_about-100x100.png 100w\" sizes=\"(max-width: 512px) 100vw, 512px\" \/>\t\t\t\t\t\t\t\t\t\t\t\t\t\t\t<\/div>\n\t\t\t\t\t<\/div>\n\t\t\t\t<\/div>\n\t\t\t\t<\/div>\n\t\t","protected":false},"excerpt":{"rendered":"<p>A Propos A Propos de Nous ALFADU Amusement Groupe \u00a0 \u00a0 ALFADU propose des solutions compl\u00e8tes d&rsquo;\u00e9quipements de divertissement, incluant des attractions int\u00e9rieures et ext\u00e9rieures, ainsi qu&rsquo;un service apr\u00e8s-vente fiable. \u00a0 \u00a0 Nos produits sont reconnus pour leur haute qualit\u00e9 et nombre d&rsquo;entre eux sont d\u00e9j\u00e0 utilis\u00e9s dans les parcs d&rsquo;attractions g\u00e9r\u00e9s par notre entreprise,&hellip;<\/p>\n","protected":false},"author":1,"featured_media":0,"parent":0,"menu_order":0,"comment_status":"closed","ping_status":"closed","template":"templates\/template-page-builders.php","meta":{"footnotes":""},"class_list":["post-1880","page","type-page","status-publish","hentry"],"_links":{"self":[{"href":"https:\/\/www.alfadu-amusement.com\/index.php?rest_route=\/wp\/v2\/pages\/1880","targetHints":{"allow":["GET"]}}],"collection":[{"href":"https:\/\/www.alfadu-amusement.com\/index.php?rest_route=\/wp\/v2\/pages"}],"about":[{"href":"https:\/\/www.alfadu-amusement.com\/index.php?rest_route=\/wp\/v2\/types\/page"}],"author":[{"embeddable":true,"href":"https:\/\/www.alfadu-amusement.com\/index.php?rest_route=\/wp\/v2\/users\/1"}],"replies":[{"embeddable":true,"href":"https:\/\/www.alfadu-amusement.com\/index.php?rest_route=%2Fwp%2Fv2%2Fcomments&post=1880"}],"version-history":[{"count":10,"href":"https:\/\/www.alfadu-amusement.com\/index.php?rest_route=\/wp\/v2\/pages\/1880\/revisions"}],"predecessor-version":[{"id":1892,"href":"https:\/\/www.alfadu-amusement.com\/index.php?rest_route=\/wp\/v2\/pages\/1880\/revisions\/1892"}],"wp:attachment":[{"href":"https:\/\/www.alfadu-amusement.com\/index.php?rest_route=%2Fwp%2Fv2%2Fmedia&parent=1880"}],"curies":[{"name":"wp","href":"https:\/\/api.w.org\/{rel}","templated":true}]}}