{"id":2385,"date":"2025-10-08T11:27:35","date_gmt":"2025-10-08T11:27:35","guid":{"rendered":"https:\/\/www.alfadu-amusement.com\/?post_type=product&#038;p=2385"},"modified":"2025-10-09T08:21:06","modified_gmt":"2025-10-09T08:21:06","slug":"guerrier-de-mars","status":"publish","type":"product","link":"https:\/\/www.alfadu-amusement.com\/?product=guerrier-de-mars&lang=fr","title":{"rendered":"Guerrier de Mars"},"content":{"rendered":"<table border=\"0\" width=\"100%\" cellspacing=\"0\" cellpadding=\"0\">\n<tbody>\n<tr>\n<td width=\"30%\">Hauteur de l&rsquo;\u00e9quipement<\/td>\n<td>4.2m<\/td>\n<\/tr>\n<tr>\n<td width=\"30%\">Surface<\/td>\n<td>\u00d8 14m<\/td>\n<\/tr>\n<tr>\n<td width=\"30%\">Diam\u00e8tre de Rotation<\/td>\n<td>\u00d8 11m<\/td>\n<\/tr>\n<tr>\n<td>Cabines<\/td>\n<td>24 Cabins<\/td>\n<\/tr>\n<tr>\n<td width=\"30%\">\u00a0Capacit\u00e9<\/td>\n<td>24 People<\/td>\n<\/tr>\n<tr>\n<td width=\"30%\">Nombre de bras<\/td>\n<td>12 Arms<\/td>\n<\/tr>\n<tr>\n<td width=\"30%\">Vitesse<\/td>\n<td>&lt;5.65r\/Min<\/td>\n<\/tr>\n<tr>\n<td width=\"30%\">Puissance<\/td>\n<td>24kw<\/td>\n<\/tr>\n<\/tbody>\n<\/table>\n","protected":false},"excerpt":{"rendered":"<p>Description<br \/>\nNous sommes fiers de lancer le nouveau Mars Warrior Self Control Aircraft Ride, inspir\u00e9 par la science-fiction et alliant technologie futuriste et exp\u00e9rience de vol interactive. C&rsquo;est le choix id\u00e9al pour cr\u00e9er des espaces de divertissement populaires et de grande valeur. Parents-enfants et jeunes touristes seront s\u00e9duits par son charme unique.<\/p>\n<p>Concept<br \/>\nCaract\u00e9ristiques du th\u00e8me : L&rsquo;exploration de Mars, avec des avions de chasse au design original et des effets lumineux et sonores inspir\u00e9s de la science-fiction, cr\u00e9e une atmosph\u00e8re d&rsquo;aventure futuriste.<br \/>\nPlaisir interactif : Les passagers peuvent contr\u00f4ler librement l&rsquo;altitude et la direction de l&rsquo;avion gr\u00e2ce au joystick, pour une exp\u00e9rience de vol authentique. Chaque si\u00e8ge est \u00e9quip\u00e9 d&rsquo;un syst\u00e8me de contr\u00f4le ind\u00e9pendant, permettant \u00e0 chaque passager de devenir le ma\u00eetre de son aventure.<br \/>\nPlaisir visuel\u00a0: \u00c9quip\u00e9 d&rsquo;un syst\u00e8me d&rsquo;\u00e9clairage LED dynamique, ce man\u00e8ge peut \u00e9galement devenir l&rsquo;un des points forts du parc la nuit.<\/p>\n","protected":false},"featured_media":2148,"template":"","meta":[],"product_brand":[],"product_cat":[200,113],"product_tag":[],"class_list":{"0":"post-2385","1":"product","2":"type-product","3":"status-publish","4":"has-post-thumbnail","6":"product_cat-manege-a-sensation","7":"product_cat-maneges-pour-adultes","9":"first","10":"instock","11":"shipping-taxable","12":"product-type-simple"},"_links":{"self":[{"href":"https:\/\/www.alfadu-amusement.com\/index.php?rest_route=\/wp\/v2\/product\/2385","targetHints":{"allow":["GET"]}}],"collection":[{"href":"https:\/\/www.alfadu-amusement.com\/index.php?rest_route=\/wp\/v2\/product"}],"about":[{"href":"https:\/\/www.alfadu-amusement.com\/index.php?rest_route=\/wp\/v2\/types\/product"}],"wp:featuredmedia":[{"embeddable":true,"href":"https:\/\/www.alfadu-amusement.com\/index.php?rest_route=\/wp\/v2\/media\/2148"}],"wp:attachment":[{"href":"https:\/\/www.alfadu-amusement.com\/index.php?rest_route=%2Fwp%2Fv2%2Fmedia&parent=2385"}],"wp:term":[{"taxonomy":"product_brand","embeddable":true,"href":"https:\/\/www.alfadu-amusement.com\/index.php?rest_route=%2Fwp%2Fv2%2Fproduct_brand&post=2385"},{"taxonomy":"product_cat","embeddable":true,"href":"https:\/\/www.alfadu-amusement.com\/index.php?rest_route=%2Fwp%2Fv2%2Fproduct_cat&post=2385"},{"taxonomy":"product_tag","embeddable":true,"href":"https:\/\/www.alfadu-amusement.com\/index.php?rest_route=%2Fwp%2Fv2%2Fproduct_tag&post=2385"}],"curies":[{"name":"wp","href":"https:\/\/api.w.org\/{rel}","templated":true}]}}