{"id":2388,"date":"2025-10-08T11:41:20","date_gmt":"2025-10-08T11:41:20","guid":{"rendered":"https:\/\/www.alfadu-amusement.com\/?post_type=product&#038;p=2388"},"modified":"2025-10-08T11:41:20","modified_gmt":"2025-10-08T11:41:20","slug":"crazy-disco-24-p-2","status":"publish","type":"product","link":"https:\/\/www.alfadu-amusement.com\/?product=crazy-disco-24-p-2&lang=fr","title":{"rendered":"Crazy Disco 24 P"},"content":{"rendered":"<table border=\"0\" width=\"100%\" cellspacing=\"0\" cellpadding=\"0\">\n<tbody>\n<tr>\n<td>Garantie<\/td>\n<td>1 an<\/td>\n<\/tr>\n<tr>\n<td>Mat\u00e9riaux<\/td>\n<td>FRP(Fiberglass Reinforce Plastic)<\/td>\n<\/tr>\n<tr>\n<td>Diam\u00e8tre du plateau tournant<\/td>\n<td>6m<\/td>\n<\/tr>\n<tr>\n<td>Surface<\/td>\n<td>8*8m<\/td>\n<\/tr>\n<tr>\n<td>Hauteur<\/td>\n<td>4m<\/td>\n<\/tr>\n<tr>\n<td>Puissance<\/td>\n<td>25KW<\/td>\n<\/tr>\n<tr>\n<td>Capacit\u00e9<\/td>\n<td>24<\/td>\n<\/tr>\n<tr>\n<td>Tension du moulin\u00a0 \u00e0 grande vitesse<\/td>\n<td>380 v<\/td>\n<\/tr>\n<\/tbody>\n<\/table>\n","protected":false},"excerpt":{"rendered":"<p>Garantie 1 an Mat\u00e9riaux FRP(Fiberglass Reinforce Plastic) Diam\u00e8tre du plateau tournant 6m Surface 8*8m Hauteur 4m Puissance 25KW Capacit\u00e9 24 Tension du moulin\u00a0 \u00e0 grande vitesse 380 v<\/p>\n","protected":false},"featured_media":2115,"template":"","meta":[],"product_brand":[],"product_cat":[200,113],"product_tag":[],"class_list":{"0":"post-2388","1":"product","2":"type-product","3":"status-publish","4":"has-post-thumbnail","6":"product_cat-manege-a-sensation","7":"product_cat-maneges-pour-adultes","9":"first","10":"instock","11":"shipping-taxable","12":"product-type-simple"},"_links":{"self":[{"href":"https:\/\/www.alfadu-amusement.com\/index.php?rest_route=\/wp\/v2\/product\/2388","targetHints":{"allow":["GET"]}}],"collection":[{"href":"https:\/\/www.alfadu-amusement.com\/index.php?rest_route=\/wp\/v2\/product"}],"about":[{"href":"https:\/\/www.alfadu-amusement.com\/index.php?rest_route=\/wp\/v2\/types\/product"}],"wp:featuredmedia":[{"embeddable":true,"href":"https:\/\/www.alfadu-amusement.com\/index.php?rest_route=\/wp\/v2\/media\/2115"}],"wp:attachment":[{"href":"https:\/\/www.alfadu-amusement.com\/index.php?rest_route=%2Fwp%2Fv2%2Fmedia&parent=2388"}],"wp:term":[{"taxonomy":"product_brand","embeddable":true,"href":"https:\/\/www.alfadu-amusement.com\/index.php?rest_route=%2Fwp%2Fv2%2Fproduct_brand&post=2388"},{"taxonomy":"product_cat","embeddable":true,"href":"https:\/\/www.alfadu-amusement.com\/index.php?rest_route=%2Fwp%2Fv2%2Fproduct_cat&post=2388"},{"taxonomy":"product_tag","embeddable":true,"href":"https:\/\/www.alfadu-amusement.com\/index.php?rest_route=%2Fwp%2Fv2%2Fproduct_tag&post=2388"}],"curies":[{"name":"wp","href":"https:\/\/api.w.org\/{rel}","templated":true}]}}