{"id":2394,"date":"2025-10-08T11:56:09","date_gmt":"2025-10-08T11:56:09","guid":{"rendered":"https:\/\/www.alfadu-amusement.com\/?post_type=product&#038;p=2394"},"modified":"2025-10-08T11:56:09","modified_gmt":"2025-10-08T11:56:09","slug":"break-dance-2","status":"publish","type":"product","link":"https:\/\/www.alfadu-amusement.com\/?product=break-dance-2&lang=fr","title":{"rendered":"Break Dance"},"content":{"rendered":"<table border=\"0\" width=\"100%\" cellspacing=\"0\" cellpadding=\"0\">\n<tbody>\n<tr>\n<td>Num\u00e9ro de mod\u00e8le<\/td>\n<td>J3<\/td>\n<\/tr>\n<tr>\n<td>Type<\/td>\n<td>New design<\/td>\n<\/tr>\n<tr>\n<td>Hauteur<\/td>\n<td>4 m<\/td>\n<\/tr>\n<tr>\n<td>Diam\u00e8tre<\/td>\n<td>11 m<\/td>\n<\/tr>\n<tr>\n<td>Puissance<\/td>\n<td>22 kw<\/td>\n<\/tr>\n<tr>\n<td>Capacit\u00e9<\/td>\n<td>18<\/td>\n<\/tr>\n<tr>\n<td>Mat\u00e9riel<\/td>\n<td>Fiber glass and stainless steel<\/td>\n<\/tr>\n<tr>\n<td>Certificat<\/td>\n<td>ISO, CE, BV<\/td>\n<\/tr>\n<tr>\n<td>Utilisation<\/td>\n<td>\u00a0Amusement park ,Fairground, Outdoor ground<\/td>\n<\/tr>\n<\/tbody>\n<\/table>\n","protected":false},"excerpt":{"rendered":"<p>Num\u00e9ro de mod\u00e8le J3 Type New design Hauteur 4 m Diam\u00e8tre 11 m Puissance 22 kw Capacit\u00e9 18 Mat\u00e9riel Fiber glass and stainless steel Certificat ISO, CE, BV Utilisation \u00a0Amusement park ,Fairground, Outdoor ground<\/p>\n","protected":false},"featured_media":2069,"template":"","meta":[],"product_brand":[],"product_cat":[200,113],"product_tag":[],"class_list":{"0":"post-2394","1":"product","2":"type-product","3":"status-publish","4":"has-post-thumbnail","6":"product_cat-manege-a-sensation","7":"product_cat-maneges-pour-adultes","9":"first","10":"instock","11":"shipping-taxable","12":"product-type-simple"},"_links":{"self":[{"href":"https:\/\/www.alfadu-amusement.com\/index.php?rest_route=\/wp\/v2\/product\/2394","targetHints":{"allow":["GET"]}}],"collection":[{"href":"https:\/\/www.alfadu-amusement.com\/index.php?rest_route=\/wp\/v2\/product"}],"about":[{"href":"https:\/\/www.alfadu-amusement.com\/index.php?rest_route=\/wp\/v2\/types\/product"}],"wp:featuredmedia":[{"embeddable":true,"href":"https:\/\/www.alfadu-amusement.com\/index.php?rest_route=\/wp\/v2\/media\/2069"}],"wp:attachment":[{"href":"https:\/\/www.alfadu-amusement.com\/index.php?rest_route=%2Fwp%2Fv2%2Fmedia&parent=2394"}],"wp:term":[{"taxonomy":"product_brand","embeddable":true,"href":"https:\/\/www.alfadu-amusement.com\/index.php?rest_route=%2Fwp%2Fv2%2Fproduct_brand&post=2394"},{"taxonomy":"product_cat","embeddable":true,"href":"https:\/\/www.alfadu-amusement.com\/index.php?rest_route=%2Fwp%2Fv2%2Fproduct_cat&post=2394"},{"taxonomy":"product_tag","embeddable":true,"href":"https:\/\/www.alfadu-amusement.com\/index.php?rest_route=%2Fwp%2Fv2%2Fproduct_tag&post=2394"}],"curies":[{"name":"wp","href":"https:\/\/api.w.org\/{rel}","templated":true}]}}