{"id":2397,"date":"2025-10-08T14:23:52","date_gmt":"2025-10-08T14:23:52","guid":{"rendered":"https:\/\/www.alfadu-amusement.com\/?post_type=product&#038;p=2397"},"modified":"2025-10-08T14:23:52","modified_gmt":"2025-10-08T14:23:52","slug":"rotatif-octopus-%e2%85%b1","status":"publish","type":"product","link":"https:\/\/www.alfadu-amusement.com\/?product=rotatif-octopus-%E2%85%B1&lang=fr","title":{"rendered":"Rotatif Octopus \u2161"},"content":{"rendered":"<table border=\"0\" width=\"100%\" cellspacing=\"0\" cellpadding=\"0\">\n<tbody>\n<tr>\n<td>Num\u00e9ro de mod\u00e8le<\/td>\n<td>N30<\/td>\n<\/tr>\n<tr>\n<td>Area<\/td>\n<td>15m<\/td>\n<\/tr>\n<tr>\n<td>Hauteur<\/td>\n<td>4.8m<\/td>\n<\/tr>\n<tr>\n<td>Puissance<\/td>\n<td>31KW<\/td>\n<\/tr>\n<tr>\n<td>Capacit\u00e9<\/td>\n<td>40<\/td>\n<\/tr>\n<tr>\n<td>Cabin No.<\/td>\n<td>20<\/td>\n<\/tr>\n<tr>\n<td>Emballage<\/td>\n<td>selon les clients<\/td>\n<\/tr>\n<tr>\n<td>Exp\u00e9dition<\/td>\n<td>comme vous l&rsquo;avez demand\u00e9<\/td>\n<\/tr>\n<tr>\n<td>Garantie<\/td>\n<td>6 mois pour les parties \u00e9lectriques, 1 an pour les parties m\u00e9caniques<\/td>\n<\/tr>\n<tr>\n<td>Dur\u00e9e de vie<\/td>\n<td>Plus de 7 ans<\/td>\n<\/tr>\n<\/tbody>\n<\/table>\n","protected":false},"excerpt":{"rendered":"<p>Num\u00e9ro de mod\u00e8le N30 Area 15m Hauteur 4.8m Puissance 31KW Capacit\u00e9 40 Cabin No. 20 Emballage selon les clients Exp\u00e9dition comme vous l&rsquo;avez demand\u00e9 Garantie 6 mois pour les parties \u00e9lectriques, 1 an pour les parties m\u00e9caniques Dur\u00e9e de vie Plus de 7 ans<\/p>\n","protected":false},"featured_media":2043,"template":"","meta":[],"product_brand":[],"product_cat":[200,113],"product_tag":[],"class_list":{"0":"post-2397","1":"product","2":"type-product","3":"status-publish","4":"has-post-thumbnail","6":"product_cat-manege-a-sensation","7":"product_cat-maneges-pour-adultes","9":"first","10":"instock","11":"shipping-taxable","12":"product-type-simple"},"_links":{"self":[{"href":"https:\/\/www.alfadu-amusement.com\/index.php?rest_route=\/wp\/v2\/product\/2397","targetHints":{"allow":["GET"]}}],"collection":[{"href":"https:\/\/www.alfadu-amusement.com\/index.php?rest_route=\/wp\/v2\/product"}],"about":[{"href":"https:\/\/www.alfadu-amusement.com\/index.php?rest_route=\/wp\/v2\/types\/product"}],"wp:featuredmedia":[{"embeddable":true,"href":"https:\/\/www.alfadu-amusement.com\/index.php?rest_route=\/wp\/v2\/media\/2043"}],"wp:attachment":[{"href":"https:\/\/www.alfadu-amusement.com\/index.php?rest_route=%2Fwp%2Fv2%2Fmedia&parent=2397"}],"wp:term":[{"taxonomy":"product_brand","embeddable":true,"href":"https:\/\/www.alfadu-amusement.com\/index.php?rest_route=%2Fwp%2Fv2%2Fproduct_brand&post=2397"},{"taxonomy":"product_cat","embeddable":true,"href":"https:\/\/www.alfadu-amusement.com\/index.php?rest_route=%2Fwp%2Fv2%2Fproduct_cat&post=2397"},{"taxonomy":"product_tag","embeddable":true,"href":"https:\/\/www.alfadu-amusement.com\/index.php?rest_route=%2Fwp%2Fv2%2Fproduct_tag&post=2397"}],"curies":[{"name":"wp","href":"https:\/\/api.w.org\/{rel}","templated":true}]}}