{"id":2402,"date":"2025-10-08T14:33:04","date_gmt":"2025-10-08T14:33:04","guid":{"rendered":"https:\/\/www.alfadu-amusement.com\/?post_type=product&#038;p=2402"},"modified":"2025-10-08T14:33:04","modified_gmt":"2025-10-08T14:33:04","slug":"ballerine-rides-24-sieges-fire-phoenix","status":"publish","type":"product","link":"https:\/\/www.alfadu-amusement.com\/?product=ballerine-rides-24-sieges-fire-phoenix&lang=fr","title":{"rendered":"Ballerine Rides 24 si\u00e8ges (Fire Phoenix)"},"content":{"rendered":"<table border=\"0\" width=\"100%\" cellspacing=\"0\" cellpadding=\"0\">\n<tbody>\n<tr>\n<td>Capacit\u00e9<\/td>\n<td>24<\/td>\n<\/tr>\n<tr>\n<td>Diam\u00e8tre de rotation<\/td>\n<td>8m<\/td>\n<\/tr>\n<tr>\n<td>Hauteur<\/td>\n<td>5m<\/td>\n<\/tr>\n<tr>\n<td>Hauteur Op\u00e9rationnelle<\/td>\n<td>5m<\/td>\n<\/tr>\n<tr>\n<td>Angle<\/td>\n<td>10\u00b0<\/td>\n<\/tr>\n<tr>\n<td>Puissance<\/td>\n<td>13KW<\/td>\n<\/tr>\n<tr>\n<td>Poids<\/td>\n<td>7.5t<\/td>\n<\/tr>\n<\/tbody>\n<\/table>\n","protected":false},"excerpt":{"rendered":"<p>Capacit\u00e9 24 Diam\u00e8tre de rotation 8m Hauteur 5m Hauteur Op\u00e9rationnelle 5m Angle 10\u00b0 Puissance 13KW Poids 7.5t<\/p>\n","protected":false},"featured_media":2035,"template":"","meta":[],"product_brand":[],"product_cat":[200,113],"product_tag":[],"class_list":{"0":"post-2402","1":"product","2":"type-product","3":"status-publish","4":"has-post-thumbnail","6":"product_cat-manege-a-sensation","7":"product_cat-maneges-pour-adultes","9":"first","10":"instock","11":"shipping-taxable","12":"product-type-simple"},"_links":{"self":[{"href":"https:\/\/www.alfadu-amusement.com\/index.php?rest_route=\/wp\/v2\/product\/2402","targetHints":{"allow":["GET"]}}],"collection":[{"href":"https:\/\/www.alfadu-amusement.com\/index.php?rest_route=\/wp\/v2\/product"}],"about":[{"href":"https:\/\/www.alfadu-amusement.com\/index.php?rest_route=\/wp\/v2\/types\/product"}],"wp:featuredmedia":[{"embeddable":true,"href":"https:\/\/www.alfadu-amusement.com\/index.php?rest_route=\/wp\/v2\/media\/2035"}],"wp:attachment":[{"href":"https:\/\/www.alfadu-amusement.com\/index.php?rest_route=%2Fwp%2Fv2%2Fmedia&parent=2402"}],"wp:term":[{"taxonomy":"product_brand","embeddable":true,"href":"https:\/\/www.alfadu-amusement.com\/index.php?rest_route=%2Fwp%2Fv2%2Fproduct_brand&post=2402"},{"taxonomy":"product_cat","embeddable":true,"href":"https:\/\/www.alfadu-amusement.com\/index.php?rest_route=%2Fwp%2Fv2%2Fproduct_cat&post=2402"},{"taxonomy":"product_tag","embeddable":true,"href":"https:\/\/www.alfadu-amusement.com\/index.php?rest_route=%2Fwp%2Fv2%2Fproduct_tag&post=2402"}],"curies":[{"name":"wp","href":"https:\/\/api.w.org\/{rel}","templated":true}]}}