{"id":2405,"date":"2025-10-08T14:41:43","date_gmt":"2025-10-08T14:41:43","guid":{"rendered":"https:\/\/www.alfadu-amusement.com\/?post_type=product&#038;p=2405"},"modified":"2025-10-08T14:41:43","modified_gmt":"2025-10-08T14:41:43","slug":"saut-passionne","status":"publish","type":"product","link":"https:\/\/www.alfadu-amusement.com\/?product=saut-passionne&lang=fr","title":{"rendered":"Saut passionn\u00e9"},"content":{"rendered":"<table border=\"0\" width=\"100%\" cellspacing=\"0\" cellpadding=\"0\">\n<tbody>\n<tr>\n<td>Origine<\/td>\n<td>Chine<\/td>\n<\/tr>\n<tr>\n<td>Num\u00e9ro de mod\u00e8le<\/td>\n<td>F4<\/td>\n<\/tr>\n<tr>\n<td>Garantie<\/td>\n<td>1 An<\/td>\n<\/tr>\n<tr>\n<td>Mat\u00e9riaux<\/td>\n<td>FRP(Fiberglass Reinforce Plastic)<\/td>\n<\/tr>\n<tr>\n<td>Diam\u00e8tre<\/td>\n<td>13m<\/td>\n<\/tr>\n<tr>\n<td>Hauteur<\/td>\n<td>5m<\/td>\n<\/tr>\n<tr>\n<td>Puissance<\/td>\n<td>40KW<\/td>\n<\/tr>\n<tr>\n<td>Capacit\u00e9<\/td>\n<td>24<\/td>\n<\/tr>\n<tr>\n<td>Certificat<\/td>\n<td>ISO, BV,<\/td>\n<\/tr>\n<\/tbody>\n<\/table>\n","protected":false},"excerpt":{"rendered":"<p>Origine Chine Num\u00e9ro de mod\u00e8le F4 Garantie 1 An Mat\u00e9riaux FRP(Fiberglass Reinforce Plastic) Diam\u00e8tre 13m Hauteur 5m Puissance 40KW Capacit\u00e9 24 Certificat ISO, BV,<\/p>\n","protected":false},"featured_media":2031,"template":"","meta":[],"product_brand":[],"product_cat":[200,113],"product_tag":[],"class_list":{"0":"post-2405","1":"product","2":"type-product","3":"status-publish","4":"has-post-thumbnail","6":"product_cat-manege-a-sensation","7":"product_cat-maneges-pour-adultes","9":"first","10":"instock","11":"shipping-taxable","12":"product-type-simple"},"_links":{"self":[{"href":"https:\/\/www.alfadu-amusement.com\/index.php?rest_route=\/wp\/v2\/product\/2405","targetHints":{"allow":["GET"]}}],"collection":[{"href":"https:\/\/www.alfadu-amusement.com\/index.php?rest_route=\/wp\/v2\/product"}],"about":[{"href":"https:\/\/www.alfadu-amusement.com\/index.php?rest_route=\/wp\/v2\/types\/product"}],"wp:featuredmedia":[{"embeddable":true,"href":"https:\/\/www.alfadu-amusement.com\/index.php?rest_route=\/wp\/v2\/media\/2031"}],"wp:attachment":[{"href":"https:\/\/www.alfadu-amusement.com\/index.php?rest_route=%2Fwp%2Fv2%2Fmedia&parent=2405"}],"wp:term":[{"taxonomy":"product_brand","embeddable":true,"href":"https:\/\/www.alfadu-amusement.com\/index.php?rest_route=%2Fwp%2Fv2%2Fproduct_brand&post=2405"},{"taxonomy":"product_cat","embeddable":true,"href":"https:\/\/www.alfadu-amusement.com\/index.php?rest_route=%2Fwp%2Fv2%2Fproduct_cat&post=2405"},{"taxonomy":"product_tag","embeddable":true,"href":"https:\/\/www.alfadu-amusement.com\/index.php?rest_route=%2Fwp%2Fv2%2Fproduct_tag&post=2405"}],"curies":[{"name":"wp","href":"https:\/\/api.w.org\/{rel}","templated":true}]}}