{"id":2414,"date":"2025-10-08T15:20:16","date_gmt":"2025-10-08T15:20:16","guid":{"rendered":"https:\/\/www.alfadu-amusement.com\/?post_type=product&#038;p=2414"},"modified":"2025-10-08T15:20:16","modified_gmt":"2025-10-08T15:20:16","slug":"2-sieges-adulte-kart-ln-014","status":"publish","type":"product","link":"https:\/\/www.alfadu-amusement.com\/?product=2-sieges-adulte-kart-ln-014&lang=fr","title":{"rendered":"2 Si\u00e8ges Adulte Kart LN-014"},"content":{"rendered":"<blockquote><p><strong>Nom du produit\u00a0 \u00a0 \u00a0 \u00a0 \u00a0 \u00a0 \u00a0 \u00a0 \u00a0 \u00a0 \u00a0 \u00a0 \u00a0 <\/strong>: 2 Si\u00e8ges Adult Kart<br \/>\n<strong>Tension de charge\u00a0 \u00a0 \u00a0 \u00a0 \u00a0 \u00a0 \u00a0 \u00a0 \u00a0 \u00a0 \u00a0:<\/strong> 110V-220V<br \/>\n<strong>Dimensions du Produit\u00a0 \u00a0 \u00a0 \u00a0 \u00a0: <\/strong><span style=\"-webkit-text-size-adjust: 100%;\">20500MM*1650MM*1300MM<\/span><\/p>\n<p><strong>Poids\u00a0 \u00a0 \u00a0 \u00a0 \u00a0 \u00a0 \u00a0 \u00a0 \u00a0 \u00a0 \u00a0 \u00a0 \u00a0 \u00a0 \u00a0 \u00a0 \u00a0 \u00a0 \u00a0 \u00a0 \u00a0 \u00a0 \u00a0 \u00a0 <\/strong>\u00a0: 250kg<br \/>\n<strong>Puissance du Moteur\u00a0 \u00a0 \u00a0 \u00a0 \u00a0 \u00a0 \u00a0:<\/strong>\u00a072V 5000W<br \/>\n<strong>Classe de Vitesse\u00a0 \u00a0 \u00a0 \u00a0 \u00a0 \u00a0 \u00a0 \u00a0 \u00a0 \u00a0 \u00a0 :<\/strong> 70-80km\/h<br \/>\n<strong>Mode de d\u00e9marrage\u00a0 \u00a0 \u00a0 \u00a0 \u00a0 \u00a0 \u00a0\u00a0<\/strong> : Swipe card, remote control,<br \/>\ncoin, one key start<br \/>\n<strong>Style de Gestion<\/strong>\u00a0 \u00a0 \u00a0 \u00a0 \u00a0 \u00a0 \u00a0 \u00a0 \u00a0 \u00a0 \u00a0 \u00a0: Timing and circle counting<br \/>\n<strong>Endurance\u00a0 \u00a0 \u00a0 \u00a0 \u00a0 \u00a0 \u00a0 \u00a0 \u00a0 \u00a0 \u00a0 \u00a0 \u00a0 \u00a0 \u00a0 \u00a0 \u00a0 \u00a0<\/strong> : 5-6 hours<br \/>\n<strong>Texture de Materiaux\u00a0 \u00a0 \u00a0 \u00a0 \u00a0 \u00a0<\/strong>: High strength glass fiber ,metal<\/p>\n<p>Frein m\u00e9canique \u00e0 disque hydraulique, frein \u00e9lectronique<\/p>\n<p>&nbsp;<\/p><\/blockquote>\n","protected":false},"excerpt":{"rendered":"<p>Nom du produit\u00a0 \u00a0 \u00a0 \u00a0 \u00a0 \u00a0 \u00a0 \u00a0 \u00a0 \u00a0 \u00a0 \u00a0 \u00a0 : 2 Si\u00e8ges Adult Kart Tension de charge\u00a0 \u00a0 \u00a0 \u00a0 \u00a0 \u00a0 \u00a0 \u00a0 \u00a0 \u00a0 \u00a0: 110V-220V Dimensions du Produit\u00a0 \u00a0 \u00a0 \u00a0 \u00a0: 20500MM*1650MM*1300MM Poids\u00a0 \u00a0 \u00a0 \u00a0 \u00a0 \u00a0 \u00a0 \u00a0 \u00a0 \u00a0 \u00a0 \u00a0 \u00a0&hellip;<\/p>\n","protected":false},"featured_media":1040,"template":"","meta":[],"product_brand":[],"product_cat":[194,113],"product_tag":[],"class_list":{"0":"post-2414","1":"product","2":"type-product","3":"status-publish","4":"has-post-thumbnail","6":"product_cat-voitures-de-karting-pour-adulte","7":"product_cat-maneges-pour-adultes","9":"first","10":"instock","11":"shipping-taxable","12":"product-type-simple"},"_links":{"self":[{"href":"https:\/\/www.alfadu-amusement.com\/index.php?rest_route=\/wp\/v2\/product\/2414","targetHints":{"allow":["GET"]}}],"collection":[{"href":"https:\/\/www.alfadu-amusement.com\/index.php?rest_route=\/wp\/v2\/product"}],"about":[{"href":"https:\/\/www.alfadu-amusement.com\/index.php?rest_route=\/wp\/v2\/types\/product"}],"wp:featuredmedia":[{"embeddable":true,"href":"https:\/\/www.alfadu-amusement.com\/index.php?rest_route=\/wp\/v2\/media\/1040"}],"wp:attachment":[{"href":"https:\/\/www.alfadu-amusement.com\/index.php?rest_route=%2Fwp%2Fv2%2Fmedia&parent=2414"}],"wp:term":[{"taxonomy":"product_brand","embeddable":true,"href":"https:\/\/www.alfadu-amusement.com\/index.php?rest_route=%2Fwp%2Fv2%2Fproduct_brand&post=2414"},{"taxonomy":"product_cat","embeddable":true,"href":"https:\/\/www.alfadu-amusement.com\/index.php?rest_route=%2Fwp%2Fv2%2Fproduct_cat&post=2414"},{"taxonomy":"product_tag","embeddable":true,"href":"https:\/\/www.alfadu-amusement.com\/index.php?rest_route=%2Fwp%2Fv2%2Fproduct_tag&post=2414"}],"curies":[{"name":"wp","href":"https:\/\/api.w.org\/{rel}","templated":true}]}}