{"id":2417,"date":"2025-10-08T15:42:12","date_gmt":"2025-10-08T15:42:12","guid":{"rendered":"https:\/\/www.alfadu-amusement.com\/?post_type=product&#038;p=2417"},"modified":"2025-10-08T15:42:12","modified_gmt":"2025-10-08T15:42:12","slug":"fenghuo-adulte-kart-ln-012","status":"publish","type":"product","link":"https:\/\/www.alfadu-amusement.com\/?product=fenghuo-adulte-kart-ln-012&lang=fr","title":{"rendered":"Fenghuo Adulte Kart LN-012"},"content":{"rendered":"<pre class=\"tw-data-text tw-text-large tw-ta\" dir=\"ltr\" tabindex=\"-1\" role=\"text\" data-placeholder=\"Traduction\" data-ved=\"2ahUKEwj7v5qA9ZSQAxWLSaQEHS0aHUQQ3ewLegQICxAV\" aria-label=\"Texte traduit\u00a0: Nom du produit : Kart pour adulte Fenghuo\r\nTension de charge : 110 V-220 V\r\nDimensions du produit : 1750 mm x 1300 mm x 780 mm\r\nPoids de l'appareil : 150 kg\r\nPuissance moteur : 60 V, 2000 W\r\nVitesse : 45-60 km\/h\r\nModes de d\u00e9marrage : Carte magn\u00e9tique, t\u00e9l\u00e9commande, pi\u00e8ce de monnaie, d\u00e9marrage par simple pression\r\nMode de gestion : Chronom\u00e9trage et comptage de tours\r\nAutonomie : 3-4 heures\r\nTexture du mat\u00e9riau : Fibre de verre haute r\u00e9sistance, m\u00e9tal\"><strong><span class=\"Y2IQFc\" lang=\"fr\">Nom du produit          <\/span><\/strong>: Fenghuo Adulte Kart<\/pre>\n<pre class=\"tw-data-text tw-text-large tw-ta\" dir=\"ltr\" tabindex=\"-1\" role=\"text\" data-placeholder=\"Traduction\" data-ved=\"2ahUKEwj7v5qA9ZSQAxWLSaQEHS0aHUQQ3ewLegQICxAV\" aria-label=\"Texte traduit\u00a0: Nom du produit : Kart pour adulte Fenghuo\r\nTension de charge : 110 V-220 V\r\nDimensions du produit : 1750 mm x 1300 mm x 780 mm\r\nPoids de l'appareil : 150 kg\r\nPuissance moteur : 60 V, 2000 W\r\nVitesse : 45-60 km\/h\r\nModes de d\u00e9marrage : Carte magn\u00e9tique, t\u00e9l\u00e9commande, pi\u00e8ce de monnaie, d\u00e9marrage par simple pression\r\nMode de gestion : Chronom\u00e9trage et comptage de tours\r\nAutonomie : 3-4 heures\r\nTexture du mat\u00e9riau : Fibre de verre haute r\u00e9sistance, m\u00e9tal\"><strong><span class=\"Y2IQFc\" lang=\"fr\">Tension de charge       <\/span>:<\/strong> 110V-220V<\/pre>\n<pre class=\"tw-data-text tw-text-large tw-ta\" dir=\"ltr\" tabindex=\"-1\" role=\"text\" data-placeholder=\"Traduction\" data-ved=\"2ahUKEwj7v5qA9ZSQAxWLSaQEHS0aHUQQ3ewLegQICxAV\" aria-label=\"Texte traduit\u00a0: Nom du produit : Kart pour adulte Fenghuo\r\nTension de charge : 110 V-220 V\r\nDimensions du produit : 1750 mm x 1300 mm x 780 mm\r\nPoids de l'appareil : 150 kg\r\nPuissance moteur : 60 V, 2000 W\r\nVitesse : 45-60 km\/h\r\nModes de d\u00e9marrage : Carte magn\u00e9tique, t\u00e9l\u00e9commande, pi\u00e8ce de monnaie, d\u00e9marrage par simple pression\r\nMode de gestion : Chronom\u00e9trage et comptage de tours\r\nAutonomie : 3-4 heures\r\nTexture du mat\u00e9riau : Fibre de verre haute r\u00e9sistance, m\u00e9tal\"><strong><span class=\"Y2IQFc\" lang=\"fr\">Dimensions du produit   <\/span>:<\/strong> 1750MM*1300MM*780MM<\/pre>\n<pre class=\"tw-data-text tw-text-large tw-ta\" dir=\"ltr\" tabindex=\"-1\" role=\"text\" data-placeholder=\"Traduction\" data-ved=\"2ahUKEwj7v5qA9ZSQAxWLSaQEHS0aHUQQ3ewLegQICxAV\" aria-label=\"Texte traduit\u00a0: Nom du produit : Kart pour adulte Fenghuo\r\nTension de charge : 110 V-220 V\r\nDimensions du produit : 1750 mm x 1300 mm x 780 mm\r\nPoids de l'appareil : 150 kg\r\nPuissance moteur : 60 V, 2000 W\r\nVitesse : 45-60 km\/h\r\nModes de d\u00e9marrage : Carte magn\u00e9tique, t\u00e9l\u00e9commande, pi\u00e8ce de monnaie, d\u00e9marrage par simple pression\r\nMode de gestion : Chronom\u00e9trage et comptage de tours\r\nAutonomie : 3-4 heures\r\nTexture du mat\u00e9riau : Fibre de verre haute r\u00e9sistance, m\u00e9tal\"><strong><span class=\"Y2IQFc\" lang=\"fr\">Poids de l'appareil     <\/span><\/strong>: 150kg<\/pre>\n<pre class=\"tw-data-text tw-text-large tw-ta\" dir=\"ltr\" tabindex=\"-1\" role=\"text\" data-placeholder=\"Traduction\" data-ved=\"2ahUKEwj7v5qA9ZSQAxWLSaQEHS0aHUQQ3ewLegQICxAV\" aria-label=\"Texte traduit\u00a0: Nom du produit : Kart pour adulte Fenghuo\r\nTension de charge : 110 V-220 V\r\nDimensions du produit : 1750 mm x 1300 mm x 780 mm\r\nPoids de l'appareil : 150 kg\r\nPuissance moteur : 60 V, 2000 W\r\nVitesse : 45-60 km\/h\r\nModes de d\u00e9marrage : Carte magn\u00e9tique, t\u00e9l\u00e9commande, pi\u00e8ce de monnaie, d\u00e9marrage par simple pression\r\nMode de gestion : Chronom\u00e9trage et comptage de tours\r\nAutonomie : 3-4 heures\r\nTexture du mat\u00e9riau : Fibre de verre haute r\u00e9sistance, m\u00e9tal\"><span class=\"Y2IQFc\" lang=\"fr\"><strong>Puissance moteur<\/strong>        :<\/span>60V 2000W<\/pre>\n<pre class=\"tw-data-text tw-text-large tw-ta\" dir=\"ltr\" tabindex=\"-1\" role=\"text\" data-placeholder=\"Traduction\" data-ved=\"2ahUKEwj7v5qA9ZSQAxWLSaQEHS0aHUQQ3ewLegQICxAV\" aria-label=\"Texte traduit\u00a0: Nom du produit : Kart pour adulte Fenghuo\r\nTension de charge : 110 V-220 V\r\nDimensions du produit : 1750 mm x 1300 mm x 780 mm\r\nPoids de l'appareil : 150 kg\r\nPuissance moteur : 60 V, 2000 W\r\nVitesse : 45-60 km\/h\r\nModes de d\u00e9marrage : Carte magn\u00e9tique, t\u00e9l\u00e9commande, pi\u00e8ce de monnaie, d\u00e9marrage par simple pression\r\nMode de gestion : Chronom\u00e9trage et comptage de tours\r\nAutonomie : 3-4 heures\r\nTexture du mat\u00e9riau : Fibre de verre haute r\u00e9sistance, m\u00e9tal\"><span class=\"Y2IQFc\" lang=\"fr\"><strong>Vitesse<\/strong>                 :<\/span>45-60 km\/h<\/pre>\n<pre class=\"tw-data-text tw-text-large tw-ta\" dir=\"ltr\" tabindex=\"-1\" role=\"text\" data-placeholder=\"Traduction\" data-ved=\"2ahUKEwj7v5qA9ZSQAxWLSaQEHS0aHUQQ3ewLegQICxAV\" aria-label=\"Texte traduit\u00a0: Nom du produit : Kart pour adulte Fenghuo\r\nTension de charge : 110 V-220 V\r\nDimensions du produit : 1750 mm x 1300 mm x 780 mm\r\nPoids de l'appareil : 150 kg\r\nPuissance moteur : 60 V, 2000 W\r\nVitesse : 45-60 km\/h\r\nModes de d\u00e9marrage : Carte magn\u00e9tique, t\u00e9l\u00e9commande, pi\u00e8ce de monnaie, d\u00e9marrage par simple pression\r\nMode de gestion : Chronom\u00e9trage et comptage de tours\r\nAutonomie : 3-4 heures\r\nTexture du mat\u00e9riau : Fibre de verre haute r\u00e9sistance, m\u00e9tal\"><strong><span class=\"Y2IQFc\" lang=\"fr\">Modes de d\u00e9marrage      <\/span><\/strong>:<span class=\"Y2IQFc\" lang=\"fr\"> Carte magn\u00e9tique, t\u00e9l\u00e9commande, pi\u00e8ce de monnaie, d\u00e9marrage par simple pression<\/span><\/pre>\n<pre class=\"tw-data-text tw-text-large tw-ta\" dir=\"ltr\" tabindex=\"-1\" role=\"text\" data-placeholder=\"Traduction\" data-ved=\"2ahUKEwj7v5qA9ZSQAxWLSaQEHS0aHUQQ3ewLegQICxAV\" aria-label=\"Texte traduit\u00a0: Nom du produit : Kart pour adulte Fenghuo\r\nTension de charge : 110 V-220 V\r\nDimensions du produit : 1750 mm x 1300 mm x 780 mm\r\nPoids de l'appareil : 150 kg\r\nPuissance moteur : 60 V, 2000 W\r\nVitesse : 45-60 km\/h\r\nModes de d\u00e9marrage : Carte magn\u00e9tique, t\u00e9l\u00e9commande, pi\u00e8ce de monnaie, d\u00e9marrage par simple pression\r\nMode de gestion : Chronom\u00e9trage et comptage de tours\r\nAutonomie : 3-4 heures\r\nTexture du mat\u00e9riau : Fibre de verre haute r\u00e9sistance, m\u00e9tal\"><span class=\"Y2IQFc\" lang=\"fr\"><strong>Mode de gestion<\/strong>         <\/span>: <span class=\"Y2IQFc\" lang=\"fr\">Chronom\u00e9trage et comptage de tours<\/span><\/pre>\n<pre class=\"tw-data-text tw-text-large tw-ta\" dir=\"ltr\" tabindex=\"-1\" role=\"text\" data-placeholder=\"Traduction\" data-ved=\"2ahUKEwj7v5qA9ZSQAxWLSaQEHS0aHUQQ3ewLegQICxAV\" aria-label=\"Texte traduit\u00a0: Nom du produit : Kart pour adulte Fenghuo\r\nTension de charge : 110 V-220 V\r\nDimensions du produit : 1750 mm x 1300 mm x 780 mm\r\nPoids de l'appareil : 150 kg\r\nPuissance moteur : 60 V, 2000 W\r\nVitesse : 45-60 km\/h\r\nModes de d\u00e9marrage : Carte magn\u00e9tique, t\u00e9l\u00e9commande, pi\u00e8ce de monnaie, d\u00e9marrage par simple pression\r\nMode de gestion : Chronom\u00e9trage et comptage de tours\r\nAutonomie : 3-4 heures\r\nTexture du mat\u00e9riau : Fibre de verre haute r\u00e9sistance, m\u00e9tal\"><span class=\"Y2IQFc\" lang=\"fr\"><strong>Autonomie <\/strong>              <\/span>: 3-4 heurs<\/pre>\n<pre class=\"tw-data-text tw-text-large tw-ta\" dir=\"ltr\" tabindex=\"-1\" role=\"text\" data-placeholder=\"Traduction\" data-ved=\"2ahUKEwj7v5qA9ZSQAxWLSaQEHS0aHUQQ3ewLegQICxAV\" aria-label=\"Texte traduit\u00a0: Nom du produit : Kart pour adulte Fenghuo\r\nTension de charge : 110 V-220 V\r\nDimensions du produit : 1750 mm x 1300 mm x 780 mm\r\nPoids de l'appareil : 150 kg\r\nPuissance moteur : 60 V, 2000 W\r\nVitesse : 45-60 km\/h\r\nModes de d\u00e9marrage : Carte magn\u00e9tique, t\u00e9l\u00e9commande, pi\u00e8ce de monnaie, d\u00e9marrage par simple pression\r\nMode de gestion : Chronom\u00e9trage et comptage de tours\r\nAutonomie : 3-4 heures\r\nTexture du mat\u00e9riau : Fibre de verre haute r\u00e9sistance, m\u00e9tal\"><span class=\"Y2IQFc\" lang=\"fr\"><strong>Texture du mat\u00e9riau<\/strong>     <\/span>: <span class=\"Y2IQFc\" lang=\"fr\">Fibre de verre haute r\u00e9sistance, m\u00e9tal<\/span><\/pre>\n","protected":false},"excerpt":{"rendered":"<p>Nom du produit : Fenghuo Adulte Kart Tension de charge : 110V-220V Dimensions du produit : 1750MM*1300MM*780MM Poids de l&rsquo;appareil : 150kg Puissance moteur :60V 2000W Vitesse :45-60 km\/h Modes de d\u00e9marrage : Carte magn\u00e9tique, t\u00e9l\u00e9commande, pi\u00e8ce de monnaie, d\u00e9marrage par simple pression Mode de gestion : Chronom\u00e9trage et comptage de tours Autonomie : 3-4&hellip;<\/p>\n","protected":false},"featured_media":1035,"template":"","meta":[],"product_brand":[],"product_cat":[194,113],"product_tag":[],"class_list":{"0":"post-2417","1":"product","2":"type-product","3":"status-publish","4":"has-post-thumbnail","6":"product_cat-voitures-de-karting-pour-adulte","7":"product_cat-maneges-pour-adultes","9":"first","10":"instock","11":"shipping-taxable","12":"product-type-simple"},"_links":{"self":[{"href":"https:\/\/www.alfadu-amusement.com\/index.php?rest_route=\/wp\/v2\/product\/2417","targetHints":{"allow":["GET"]}}],"collection":[{"href":"https:\/\/www.alfadu-amusement.com\/index.php?rest_route=\/wp\/v2\/product"}],"about":[{"href":"https:\/\/www.alfadu-amusement.com\/index.php?rest_route=\/wp\/v2\/types\/product"}],"wp:featuredmedia":[{"embeddable":true,"href":"https:\/\/www.alfadu-amusement.com\/index.php?rest_route=\/wp\/v2\/media\/1035"}],"wp:attachment":[{"href":"https:\/\/www.alfadu-amusement.com\/index.php?rest_route=%2Fwp%2Fv2%2Fmedia&parent=2417"}],"wp:term":[{"taxonomy":"product_brand","embeddable":true,"href":"https:\/\/www.alfadu-amusement.com\/index.php?rest_route=%2Fwp%2Fv2%2Fproduct_brand&post=2417"},{"taxonomy":"product_cat","embeddable":true,"href":"https:\/\/www.alfadu-amusement.com\/index.php?rest_route=%2Fwp%2Fv2%2Fproduct_cat&post=2417"},{"taxonomy":"product_tag","embeddable":true,"href":"https:\/\/www.alfadu-amusement.com\/index.php?rest_route=%2Fwp%2Fv2%2Fproduct_tag&post=2417"}],"curies":[{"name":"wp","href":"https:\/\/api.w.org\/{rel}","templated":true}]}}