{"id":2451,"date":"2025-10-08T16:14:22","date_gmt":"2025-10-08T16:14:22","guid":{"rendered":"https:\/\/www.alfadu-amusement.com\/?post_type=product&#038;p=2451"},"modified":"2025-10-08T16:14:22","modified_gmt":"2025-10-08T16:14:22","slug":"drop-tower-30-m-2","status":"publish","type":"product","link":"https:\/\/www.alfadu-amusement.com\/?product=drop-tower-30-m-2&lang=fr","title":{"rendered":"DROP TOWER 30 M"},"content":{"rendered":"<table>\n<tbody>\n<tr>\n<th>Hauteur Totale:<\/th>\n<td>30m<\/td>\n<\/tr>\n<tr>\n<th>Empreinte:<\/th>\n<td>10\u00d710m<\/td>\n<\/tr>\n<tr>\n<th>Vitesse de rotation maximale:<\/th>\n<td>8rpm<\/td>\n<\/tr>\n<tr>\n<th>Vitesse de mont\u00e9e maximale :<\/th>\n<td>1.8m\/s<\/td>\n<\/tr>\n<tr>\n<th>Vitesse de descente maximale :<\/th>\n<td>5m\/s<\/td>\n<\/tr>\n<tr>\n<th>Hauteur de fonctionnement maximale\u00a0:<\/th>\n<td>22.5m<\/td>\n<\/tr>\n<tr>\n<th>Exigence de taille du passager :<\/th>\n<td>1.2m to 1.9m<\/td>\n<\/tr>\n<tr>\n<th>Syst\u00e8me de retenue :<\/th>\n<td>Barre de s\u00e9curit\u00e9 r\u00e9glable + ceinture de s\u00e9curit\u00e9<\/td>\n<\/tr>\n<tr>\n<th>Capacit\u00e9 th\u00e9orique :<\/th>\n<td>240 riders\/heure<\/td>\n<\/tr>\n<tr>\n<th>Capacit\u00e9 d\u2019une cabine simple :<\/th>\n<td>16 passagers par cabine<\/td>\n<\/tr>\n<tr>\n<th>Dur\u00e9e du trajet\u00a0:<\/th>\n<td>150 seconds<\/td>\n<\/tr>\n<tr>\n<th><\/th>\n<td><\/td>\n<\/tr>\n<tr>\n<th>Puissance motrice\u00a0:<\/th>\n<td>82.5kW<\/td>\n<\/tr>\n<tr>\n<th>Puissance totale\u00a0:<\/th>\n<td>100kW<\/td>\n<\/tr>\n<\/tbody>\n<\/table>\n","protected":false},"excerpt":{"rendered":"<p>Hauteur Totale: 30m Empreinte: 10\u00d710m Vitesse de rotation maximale: 8rpm Vitesse de mont\u00e9e maximale : 1.8m\/s Vitesse de descente maximale : 5m\/s Hauteur de fonctionnement maximale\u00a0: 22.5m Exigence de taille du passager : 1.2m to 1.9m Syst\u00e8me de retenue : Barre de s\u00e9curit\u00e9 r\u00e9glable + ceinture de s\u00e9curit\u00e9 Capacit\u00e9 th\u00e9orique : 240 riders\/heure Capacit\u00e9 d\u2019une&hellip;<\/p>\n","protected":false},"featured_media":821,"template":"","meta":[],"product_brand":[],"product_cat":[196,113],"product_tag":[],"class_list":{"0":"post-2451","1":"product","2":"type-product","3":"status-publish","4":"has-post-thumbnail","6":"product_cat-tour-de-chute-libre","7":"product_cat-maneges-pour-adultes","9":"first","10":"instock","11":"shipping-taxable","12":"product-type-simple"},"_links":{"self":[{"href":"https:\/\/www.alfadu-amusement.com\/index.php?rest_route=\/wp\/v2\/product\/2451","targetHints":{"allow":["GET"]}}],"collection":[{"href":"https:\/\/www.alfadu-amusement.com\/index.php?rest_route=\/wp\/v2\/product"}],"about":[{"href":"https:\/\/www.alfadu-amusement.com\/index.php?rest_route=\/wp\/v2\/types\/product"}],"wp:featuredmedia":[{"embeddable":true,"href":"https:\/\/www.alfadu-amusement.com\/index.php?rest_route=\/wp\/v2\/media\/821"}],"wp:attachment":[{"href":"https:\/\/www.alfadu-amusement.com\/index.php?rest_route=%2Fwp%2Fv2%2Fmedia&parent=2451"}],"wp:term":[{"taxonomy":"product_brand","embeddable":true,"href":"https:\/\/www.alfadu-amusement.com\/index.php?rest_route=%2Fwp%2Fv2%2Fproduct_brand&post=2451"},{"taxonomy":"product_cat","embeddable":true,"href":"https:\/\/www.alfadu-amusement.com\/index.php?rest_route=%2Fwp%2Fv2%2Fproduct_cat&post=2451"},{"taxonomy":"product_tag","embeddable":true,"href":"https:\/\/www.alfadu-amusement.com\/index.php?rest_route=%2Fwp%2Fv2%2Fproduct_tag&post=2451"}],"curies":[{"name":"wp","href":"https:\/\/api.w.org\/{rel}","templated":true}]}}