{"id":2454,"date":"2025-10-08T16:44:44","date_gmt":"2025-10-08T16:44:44","guid":{"rendered":"https:\/\/www.alfadu-amusement.com\/?post_type=product&#038;p=2454"},"modified":"2025-10-08T16:44:44","modified_gmt":"2025-10-08T16:44:44","slug":"tour-de-chute-30-m-sans-fondation","status":"publish","type":"product","link":"https:\/\/www.alfadu-amusement.com\/?product=tour-de-chute-30-m-sans-fondation&lang=fr","title":{"rendered":"TOUR DE CHUTE 30 M SANS FONDATION"},"content":{"rendered":"<table>\n<tbody>\n<tr>\n<th>\n<pre id=\"tw-target-text\" class=\"tw-data-text tw-text-large tw-ta\" dir=\"ltr\" tabindex=\"-1\" role=\"text\" data-placeholder=\"Traduction\" data-ved=\"2ahUKEwj7v5qA9ZSQAxWLSaQEHS0aHUQQ3ewLegQICxAV\" aria-label=\"Texte traduit\u00a0: Hauteur totale\u00a0: 30\u00a0m\r\nEmprise au sol\u00a0: 10\u00a0\u00d7\u00a010\u00a0m\r\nVitesse de rotation maximale\u00a0: 8\u00a0tr\/min\r\nVitesse de mont\u00e9e maximale\u00a0: 1,8\u00a0m\/s\r\nVitesse de descente maximale\u00a0: 5\u00a0m\/s\r\nHauteur de fonctionnement maximale\u00a0: 22,5\u00a0m\r\nTaille requise pour les passagers\u00a0: 1,2\u00a0m \u00e0 1,9\u00a0m\r\nSyst\u00e8me de retenue\u00a0: Barre abdominale r\u00e9glable + ceinture de s\u00e9curit\u00e9\r\nCapacit\u00e9 th\u00e9orique\u00a0: 240\u00a0passagers\/heure\r\nCapacit\u00e9 par cabine\u00a0: 16\u00a0passagers par cabine\r\nDur\u00e9e du trajet\u00a0: 150\u00a0secondes\r\nPuissance motrice\u00a0: 82,5\u00a0kW\r\nPuissance totale\u00a0: 100\u00a0kW\"><span class=\"Y2IQFc\" lang=\"fr\">Hauteur totale <\/span>:<\/pre>\n<\/th>\n<td>30m<\/td>\n<\/tr>\n<tr>\n<th>\n<pre id=\"tw-target-text\" class=\"tw-data-text tw-text-large tw-ta\" dir=\"ltr\" tabindex=\"-1\" role=\"text\" data-placeholder=\"Traduction\" data-ved=\"2ahUKEwj7v5qA9ZSQAxWLSaQEHS0aHUQQ3ewLegQICxAV\" aria-label=\"Texte traduit\u00a0: Hauteur totale\u00a0: 30\u00a0m\r\nEmprise au sol\u00a0: 10\u00a0\u00d7\u00a010\u00a0m\r\nVitesse de rotation maximale\u00a0: 8\u00a0tr\/min\r\nVitesse de mont\u00e9e maximale\u00a0: 1,8\u00a0m\/s\r\nVitesse de descente maximale\u00a0: 5\u00a0m\/s\r\nHauteur de fonctionnement maximale\u00a0: 22,5\u00a0m\r\nTaille requise pour les passagers\u00a0: 1,2\u00a0m \u00e0 1,9\u00a0m\r\nSyst\u00e8me de retenue\u00a0: Barre abdominale r\u00e9glable + ceinture de s\u00e9curit\u00e9\r\nCapacit\u00e9 th\u00e9orique\u00a0: 240\u00a0passagers\/heure\r\nCapacit\u00e9 par cabine\u00a0: 16\u00a0passagers par cabine\r\nDur\u00e9e du trajet\u00a0: 150\u00a0secondes\r\nPuissance motrice\u00a0: 82,5\u00a0kW\r\nPuissance totale\u00a0: 100\u00a0kW\"><span class=\"Y2IQFc\" lang=\"fr\">Emprise au sol<\/span>:<\/pre>\n<\/th>\n<td>10\u00d710m<\/td>\n<\/tr>\n<tr>\n<th>\n<pre id=\"tw-target-text\" class=\"tw-data-text tw-text-large tw-ta\" dir=\"ltr\" tabindex=\"-1\" role=\"text\" data-placeholder=\"Traduction\" data-ved=\"2ahUKEwj7v5qA9ZSQAxWLSaQEHS0aHUQQ3ewLegQICxAV\" aria-label=\"Texte traduit\u00a0: Hauteur totale\u00a0: 30\u00a0m\r\nEmprise au sol\u00a0: 10\u00a0\u00d7\u00a010\u00a0m\r\nVitesse de rotation maximale\u00a0: 8\u00a0tr\/min\r\nVitesse de mont\u00e9e maximale\u00a0: 1,8\u00a0m\/s\r\nVitesse de descente maximale\u00a0: 5\u00a0m\/s\r\nHauteur de fonctionnement maximale\u00a0: 22,5\u00a0m\r\nTaille requise pour les passagers\u00a0: 1,2\u00a0m \u00e0 1,9\u00a0m\r\nSyst\u00e8me de retenue\u00a0: Barre abdominale r\u00e9glable + ceinture de s\u00e9curit\u00e9\r\nCapacit\u00e9 th\u00e9orique\u00a0: 240\u00a0passagers\/heure\r\nCapacit\u00e9 par cabine\u00a0: 16\u00a0passagers par cabine\r\nDur\u00e9e du trajet\u00a0: 150\u00a0secondes\r\nPuissance motrice\u00a0: 82,5\u00a0kW\r\nPuissance totale\u00a0: 100\u00a0kW\"><span class=\"Y2IQFc\" lang=\"fr\">Vitesse de rotation maximale<\/span>:<\/pre>\n<\/th>\n<td>8rpm<\/td>\n<\/tr>\n<tr>\n<th>\n<pre id=\"tw-target-text\" class=\"tw-data-text tw-text-large tw-ta\" dir=\"ltr\" tabindex=\"-1\" role=\"text\" data-placeholder=\"Traduction\" data-ved=\"2ahUKEwj7v5qA9ZSQAxWLSaQEHS0aHUQQ3ewLegQICxAV\" aria-label=\"Texte traduit\u00a0: Hauteur totale\u00a0: 30\u00a0m\r\nEmprise au sol\u00a0: 10\u00a0\u00d7\u00a010\u00a0m\r\nVitesse de rotation maximale\u00a0: 8\u00a0tr\/min\r\nVitesse de mont\u00e9e maximale\u00a0: 1,8\u00a0m\/s\r\nVitesse de descente maximale\u00a0: 5\u00a0m\/s\r\nHauteur de fonctionnement maximale\u00a0: 22,5\u00a0m\r\nTaille requise pour les passagers\u00a0: 1,2\u00a0m \u00e0 1,9\u00a0m\r\nSyst\u00e8me de retenue\u00a0: Barre abdominale r\u00e9glable + ceinture de s\u00e9curit\u00e9\r\nCapacit\u00e9 th\u00e9orique\u00a0: 240\u00a0passagers\/heure\r\nCapacit\u00e9 par cabine\u00a0: 16\u00a0passagers par cabine\r\nDur\u00e9e du trajet\u00a0: 150\u00a0secondes\r\nPuissance motrice\u00a0: 82,5\u00a0kW\r\nPuissance totale\u00a0: 100\u00a0kW\"><span class=\"Y2IQFc\" lang=\"fr\">Vitesse de mont\u00e9e maximale<\/span>:<\/pre>\n<\/th>\n<td>1.8m\/s<\/td>\n<\/tr>\n<tr>\n<th>\n<pre id=\"tw-target-text\" class=\"tw-data-text tw-text-large tw-ta\" dir=\"ltr\" tabindex=\"-1\" role=\"text\" data-placeholder=\"Traduction\" data-ved=\"2ahUKEwj7v5qA9ZSQAxWLSaQEHS0aHUQQ3ewLegQICxAV\" aria-label=\"Texte traduit\u00a0: Hauteur totale\u00a0: 30\u00a0m\r\nEmprise au sol\u00a0: 10\u00a0\u00d7\u00a010\u00a0m\r\nVitesse de rotation maximale\u00a0: 8\u00a0tr\/min\r\nVitesse de mont\u00e9e maximale\u00a0: 1,8\u00a0m\/s\r\nVitesse de descente maximale\u00a0: 5\u00a0m\/s\r\nHauteur de fonctionnement maximale\u00a0: 22,5\u00a0m\r\nTaille requise pour les passagers\u00a0: 1,2\u00a0m \u00e0 1,9\u00a0m\r\nSyst\u00e8me de retenue\u00a0: Barre abdominale r\u00e9glable + ceinture de s\u00e9curit\u00e9\r\nCapacit\u00e9 th\u00e9orique\u00a0: 240\u00a0passagers\/heure\r\nCapacit\u00e9 par cabine\u00a0: 16\u00a0passagers par cabine\r\nDur\u00e9e du trajet\u00a0: 150\u00a0secondes\r\nPuissance motrice\u00a0: 82,5\u00a0kW\r\nPuissance totale\u00a0: 100\u00a0kW\"><span class=\"Y2IQFc\" lang=\"fr\">Vitesse de descente maximale<\/span>:<\/pre>\n<\/th>\n<td>5m\/s<\/td>\n<\/tr>\n<tr>\n<th>\n<pre id=\"tw-target-text\" class=\"tw-data-text tw-text-large tw-ta\" dir=\"ltr\" tabindex=\"-1\" role=\"text\" data-placeholder=\"Traduction\" data-ved=\"2ahUKEwj7v5qA9ZSQAxWLSaQEHS0aHUQQ3ewLegQICxAV\" aria-label=\"Texte traduit\u00a0: Hauteur totale\u00a0: 30\u00a0m\r\nEmprise au sol\u00a0: 10\u00a0\u00d7\u00a010\u00a0m\r\nVitesse de rotation maximale\u00a0: 8\u00a0tr\/min\r\nVitesse de mont\u00e9e maximale\u00a0: 1,8\u00a0m\/s\r\nVitesse de descente maximale\u00a0: 5\u00a0m\/s\r\nHauteur de fonctionnement maximale\u00a0: 22,5\u00a0m\r\nTaille requise pour les passagers\u00a0: 1,2\u00a0m \u00e0 1,9\u00a0m\r\nSyst\u00e8me de retenue\u00a0: Barre abdominale r\u00e9glable + ceinture de s\u00e9curit\u00e9\r\nCapacit\u00e9 th\u00e9orique\u00a0: 240\u00a0passagers\/heure\r\nCapacit\u00e9 par cabine\u00a0: 16\u00a0passagers par cabine\r\nDur\u00e9e du trajet\u00a0: 150\u00a0secondes\r\nPuissance motrice\u00a0: 82,5\u00a0kW\r\nPuissance totale\u00a0: 100\u00a0kW\"><span class=\"Y2IQFc\" lang=\"fr\">Hauteur de fonctionnement maximale<\/span>:<\/pre>\n<\/th>\n<td>22.5m<\/td>\n<\/tr>\n<tr>\n<th>\n<pre id=\"tw-target-text\" class=\"tw-data-text tw-text-large tw-ta\" dir=\"ltr\" tabindex=\"-1\" role=\"text\" data-placeholder=\"Traduction\" data-ved=\"2ahUKEwj7v5qA9ZSQAxWLSaQEHS0aHUQQ3ewLegQICxAV\" aria-label=\"Texte traduit\u00a0: Hauteur totale\u00a0: 30\u00a0m\r\nEmprise au sol\u00a0: 10\u00a0\u00d7\u00a010\u00a0m\r\nVitesse de rotation maximale\u00a0: 8\u00a0tr\/min\r\nVitesse de mont\u00e9e maximale\u00a0: 1,8\u00a0m\/s\r\nVitesse de descente maximale\u00a0: 5\u00a0m\/s\r\nHauteur de fonctionnement maximale\u00a0: 22,5\u00a0m\r\nTaille requise pour les passagers\u00a0: 1,2\u00a0m \u00e0 1,9\u00a0m\r\nSyst\u00e8me de retenue\u00a0: Barre abdominale r\u00e9glable + ceinture de s\u00e9curit\u00e9\r\nCapacit\u00e9 th\u00e9orique\u00a0: 240\u00a0passagers\/heure\r\nCapacit\u00e9 par cabine\u00a0: 16\u00a0passagers par cabine\r\nDur\u00e9e du trajet\u00a0: 150\u00a0secondes\r\nPuissance motrice\u00a0: 82,5\u00a0kW\r\nPuissance totale\u00a0: 100\u00a0kW\"><span class=\"Y2IQFc\" lang=\"fr\">Taille requise pour les passagers<\/span>:<\/pre>\n<\/th>\n<td>1.2m to 1.9m<\/td>\n<\/tr>\n<tr>\n<th>\n<pre id=\"tw-target-text\" class=\"tw-data-text tw-text-large tw-ta\" dir=\"ltr\" tabindex=\"-1\" role=\"text\" data-placeholder=\"Traduction\" data-ved=\"2ahUKEwj7v5qA9ZSQAxWLSaQEHS0aHUQQ3ewLegQICxAV\" aria-label=\"Texte traduit\u00a0: Hauteur totale\u00a0: 30\u00a0m\r\nEmprise au sol\u00a0: 10\u00a0\u00d7\u00a010\u00a0m\r\nVitesse de rotation maximale\u00a0: 8\u00a0tr\/min\r\nVitesse de mont\u00e9e maximale\u00a0: 1,8\u00a0m\/s\r\nVitesse de descente maximale\u00a0: 5\u00a0m\/s\r\nHauteur de fonctionnement maximale\u00a0: 22,5\u00a0m\r\nTaille requise pour les passagers\u00a0: 1,2\u00a0m \u00e0 1,9\u00a0m\r\nSyst\u00e8me de retenue\u00a0: Barre abdominale r\u00e9glable + ceinture de s\u00e9curit\u00e9\r\nCapacit\u00e9 th\u00e9orique\u00a0: 240\u00a0passagers\/heure\r\nCapacit\u00e9 par cabine\u00a0: 16\u00a0passagers par cabine\r\nDur\u00e9e du trajet\u00a0: 150\u00a0secondes\r\nPuissance motrice\u00a0: 82,5\u00a0kW\r\nPuissance totale\u00a0: 100\u00a0kW\"><span class=\"Y2IQFc\" lang=\"fr\">Syst\u00e8me de retenue<\/span>:<\/pre>\n<\/th>\n<td>\n<pre id=\"tw-target-text\" class=\"tw-data-text tw-text-large tw-ta\" dir=\"ltr\" tabindex=\"-1\" role=\"text\" data-placeholder=\"Traduction\" data-ved=\"2ahUKEwj7v5qA9ZSQAxWLSaQEHS0aHUQQ3ewLegQICxAV\" aria-label=\"Texte traduit\u00a0: Hauteur totale\u00a0: 30\u00a0m\r\nEmprise au sol\u00a0: 10\u00a0\u00d7\u00a010\u00a0m\r\nVitesse de rotation maximale\u00a0: 8\u00a0tr\/min\r\nVitesse de mont\u00e9e maximale\u00a0: 1,8\u00a0m\/s\r\nVitesse de descente maximale\u00a0: 5\u00a0m\/s\r\nHauteur de fonctionnement maximale\u00a0: 22,5\u00a0m\r\nTaille requise pour les passagers\u00a0: 1,2\u00a0m \u00e0 1,9\u00a0m\r\nSyst\u00e8me de retenue\u00a0: Barre abdominale r\u00e9glable + ceinture de s\u00e9curit\u00e9\r\nCapacit\u00e9 th\u00e9orique\u00a0: 240\u00a0passagers\/heure\r\nCapacit\u00e9 par cabine\u00a0: 16\u00a0passagers par cabine\r\nDur\u00e9e du trajet\u00a0: 150\u00a0secondes\r\nPuissance motrice\u00a0: 82,5\u00a0kW\r\nPuissance totale\u00a0: 100\u00a0kW\"><span class=\"Y2IQFc\" lang=\"fr\">Barre abdominale r\u00e9glable + ceinture de s\u00e9curit\u00e9<\/span><\/pre>\n<\/td>\n<\/tr>\n<tr>\n<th>\n<pre id=\"tw-target-text\" class=\"tw-data-text tw-text-large tw-ta\" dir=\"ltr\" tabindex=\"-1\" role=\"text\" data-placeholder=\"Traduction\" data-ved=\"2ahUKEwj7v5qA9ZSQAxWLSaQEHS0aHUQQ3ewLegQICxAV\" aria-label=\"Texte traduit\u00a0: Hauteur totale\u00a0: 30\u00a0m\r\nEmprise au sol\u00a0: 10\u00a0\u00d7\u00a010\u00a0m\r\nVitesse de rotation maximale\u00a0: 8\u00a0tr\/min\r\nVitesse de mont\u00e9e maximale\u00a0: 1,8\u00a0m\/s\r\nVitesse de descente maximale\u00a0: 5\u00a0m\/s\r\nHauteur de fonctionnement maximale\u00a0: 22,5\u00a0m\r\nTaille requise pour les passagers\u00a0: 1,2\u00a0m \u00e0 1,9\u00a0m\r\nSyst\u00e8me de retenue\u00a0: Barre abdominale r\u00e9glable + ceinture de s\u00e9curit\u00e9\r\nCapacit\u00e9 th\u00e9orique\u00a0: 240\u00a0passagers\/heure\r\nCapacit\u00e9 par cabine\u00a0: 16\u00a0passagers par cabine\r\nDur\u00e9e du trajet\u00a0: 150\u00a0secondes\r\nPuissance motrice\u00a0: 82,5\u00a0kW\r\nPuissance totale\u00a0: 100\u00a0kW\"><span class=\"Y2IQFc\" lang=\"fr\">Capacit\u00e9 th\u00e9orique<\/span>:<\/pre>\n<\/th>\n<td>\n<pre id=\"tw-target-text\" class=\"tw-data-text tw-text-large tw-ta\" dir=\"ltr\" tabindex=\"-1\" role=\"text\" data-placeholder=\"Traduction\" data-ved=\"2ahUKEwj7v5qA9ZSQAxWLSaQEHS0aHUQQ3ewLegQICxAV\" aria-label=\"Texte traduit\u00a0: Hauteur totale\u00a0: 30\u00a0m\r\nEmprise au sol\u00a0: 10\u00a0\u00d7\u00a010\u00a0m\r\nVitesse de rotation maximale\u00a0: 8\u00a0tr\/min\r\nVitesse de mont\u00e9e maximale\u00a0: 1,8\u00a0m\/s\r\nVitesse de descente maximale\u00a0: 5\u00a0m\/s\r\nHauteur de fonctionnement maximale\u00a0: 22,5\u00a0m\r\nTaille requise pour les passagers\u00a0: 1,2\u00a0m \u00e0 1,9\u00a0m\r\nSyst\u00e8me de retenue\u00a0: Barre abdominale r\u00e9glable + ceinture de s\u00e9curit\u00e9\r\nCapacit\u00e9 th\u00e9orique\u00a0: 240\u00a0passagers\/heure\r\nCapacit\u00e9 par cabine\u00a0: 16\u00a0passagers par cabine\r\nDur\u00e9e du trajet\u00a0: 150\u00a0secondes\r\nPuissance motrice\u00a0: 82,5\u00a0kW\r\nPuissance totale\u00a0: 100\u00a0kW\"><span class=\"Y2IQFc\" lang=\"fr\">passagers\/heure<\/span><\/pre>\n<\/td>\n<\/tr>\n<tr>\n<th>\n<pre id=\"tw-target-text\" class=\"tw-data-text tw-text-large tw-ta\" dir=\"ltr\" tabindex=\"-1\" role=\"text\" data-placeholder=\"Traduction\" data-ved=\"2ahUKEwj7v5qA9ZSQAxWLSaQEHS0aHUQQ3ewLegQICxAV\" aria-label=\"Texte traduit\u00a0: Hauteur totale\u00a0: 30\u00a0m\r\nEmprise au sol\u00a0: 10\u00a0\u00d7\u00a010\u00a0m\r\nVitesse de rotation maximale\u00a0: 8\u00a0tr\/min\r\nVitesse de mont\u00e9e maximale\u00a0: 1,8\u00a0m\/s\r\nVitesse de descente maximale\u00a0: 5\u00a0m\/s\r\nHauteur de fonctionnement maximale\u00a0: 22,5\u00a0m\r\nTaille requise pour les passagers\u00a0: 1,2\u00a0m \u00e0 1,9\u00a0m\r\nSyst\u00e8me de retenue\u00a0: Barre abdominale r\u00e9glable + ceinture de s\u00e9curit\u00e9\r\nCapacit\u00e9 th\u00e9orique\u00a0: 240\u00a0passagers\/heure\r\nCapacit\u00e9 par cabine\u00a0: 16\u00a0passagers par cabine\r\nDur\u00e9e du trajet\u00a0: 150\u00a0secondes\r\nPuissance motrice\u00a0: 82,5\u00a0kW\r\nPuissance totale\u00a0: 100\u00a0kW\"><span class=\"Y2IQFc\" lang=\"fr\">Capacit\u00e9 par cabine <\/span>:<\/pre>\n<\/th>\n<td>\n<pre id=\"tw-target-text\" class=\"tw-data-text tw-text-large tw-ta\" dir=\"ltr\" tabindex=\"-1\" role=\"text\" data-placeholder=\"Traduction\" data-ved=\"2ahUKEwj7v5qA9ZSQAxWLSaQEHS0aHUQQ3ewLegQICxAV\" aria-label=\"Texte traduit\u00a0: Hauteur totale\u00a0: 30\u00a0m\r\nEmprise au sol\u00a0: 10\u00a0\u00d7\u00a010\u00a0m\r\nVitesse de rotation maximale\u00a0: 8\u00a0tr\/min\r\nVitesse de mont\u00e9e maximale\u00a0: 1,8\u00a0m\/s\r\nVitesse de descente maximale\u00a0: 5\u00a0m\/s\r\nHauteur de fonctionnement maximale\u00a0: 22,5\u00a0m\r\nTaille requise pour les passagers\u00a0: 1,2\u00a0m \u00e0 1,9\u00a0m\r\nSyst\u00e8me de retenue\u00a0: Barre abdominale r\u00e9glable + ceinture de s\u00e9curit\u00e9\r\nCapacit\u00e9 th\u00e9orique\u00a0: 240\u00a0passagers\/heure\r\nCapacit\u00e9 par cabine\u00a0: 16\u00a0passagers par cabine\r\nDur\u00e9e du trajet\u00a0: 150\u00a0secondes\r\nPuissance motrice\u00a0: 82,5\u00a0kW\r\nPuissance totale\u00a0: 100\u00a0kW\"><span class=\"Y2IQFc\" lang=\"fr\">16\u00a0passagers par cabine<\/span><\/pre>\n<\/td>\n<\/tr>\n<tr>\n<th>\n<pre id=\"tw-target-text\" class=\"tw-data-text tw-text-large tw-ta\" dir=\"ltr\" tabindex=\"-1\" role=\"text\" data-placeholder=\"Traduction\" data-ved=\"2ahUKEwj7v5qA9ZSQAxWLSaQEHS0aHUQQ3ewLegQICxAV\" aria-label=\"Texte traduit\u00a0: Hauteur totale\u00a0: 30\u00a0m\r\nEmprise au sol\u00a0: 10\u00a0\u00d7\u00a010\u00a0m\r\nVitesse de rotation maximale\u00a0: 8\u00a0tr\/min\r\nVitesse de mont\u00e9e maximale\u00a0: 1,8\u00a0m\/s\r\nVitesse de descente maximale\u00a0: 5\u00a0m\/s\r\nHauteur de fonctionnement maximale\u00a0: 22,5\u00a0m\r\nTaille requise pour les passagers\u00a0: 1,2\u00a0m \u00e0 1,9\u00a0m\r\nSyst\u00e8me de retenue\u00a0: Barre abdominale r\u00e9glable + ceinture de s\u00e9curit\u00e9\r\nCapacit\u00e9 th\u00e9orique\u00a0: 240\u00a0passagers\/heure\r\nCapacit\u00e9 par cabine\u00a0: 16\u00a0passagers par cabine\r\nDur\u00e9e du trajet\u00a0: 150\u00a0secondes\r\nPuissance motrice\u00a0: 82,5\u00a0kW\r\nPuissance totale\u00a0: 100\u00a0kW\"><span class=\"Y2IQFc\" lang=\"fr\">Dur\u00e9e du trajet <\/span>:<\/pre>\n<\/th>\n<td>150 secondes<\/td>\n<\/tr>\n<tr>\n<th>\n<pre id=\"tw-target-text\" class=\"tw-data-text tw-text-large tw-ta\" dir=\"ltr\" tabindex=\"-1\" role=\"text\" data-placeholder=\"Traduction\" data-ved=\"2ahUKEwj7v5qA9ZSQAxWLSaQEHS0aHUQQ3ewLegQICxAV\" aria-label=\"Texte traduit\u00a0: Hauteur totale\u00a0: 30\u00a0m\r\nEmprise au sol\u00a0: 10\u00a0\u00d7\u00a010\u00a0m\r\nVitesse de rotation maximale\u00a0: 8\u00a0tr\/min\r\nVitesse de mont\u00e9e maximale\u00a0: 1,8\u00a0m\/s\r\nVitesse de descente maximale\u00a0: 5\u00a0m\/s\r\nHauteur de fonctionnement maximale\u00a0: 22,5\u00a0m\r\nTaille requise pour les passagers\u00a0: 1,2\u00a0m \u00e0 1,9\u00a0m\r\nSyst\u00e8me de retenue\u00a0: Barre abdominale r\u00e9glable + ceinture de s\u00e9curit\u00e9\r\nCapacit\u00e9 th\u00e9orique\u00a0: 240\u00a0passagers\/heure\r\nCapacit\u00e9 par cabine\u00a0: 16\u00a0passagers par cabine\r\nDur\u00e9e du trajet\u00a0: 150\u00a0secondes\r\nPuissance motrice\u00a0: 82,5\u00a0kW\r\nPuissance totale\u00a0: 100\u00a0kW\"><span class=\"Y2IQFc\" lang=\"fr\">Puissance motrice<\/span>:<\/pre>\n<\/th>\n<td>82.5kW<\/td>\n<\/tr>\n<tr>\n<th>\n<pre id=\"tw-target-text\" class=\"tw-data-text tw-text-large tw-ta\" dir=\"ltr\" tabindex=\"-1\" role=\"text\" data-placeholder=\"Traduction\" data-ved=\"2ahUKEwj7v5qA9ZSQAxWLSaQEHS0aHUQQ3ewLegQICxAV\" aria-label=\"Texte traduit\u00a0: Hauteur totale\u00a0: 30\u00a0m\r\nEmprise au sol\u00a0: 10\u00a0\u00d7\u00a010\u00a0m\r\nVitesse de rotation maximale\u00a0: 8\u00a0tr\/min\r\nVitesse de mont\u00e9e maximale\u00a0: 1,8\u00a0m\/s\r\nVitesse de descente maximale\u00a0: 5\u00a0m\/s\r\nHauteur de fonctionnement maximale\u00a0: 22,5\u00a0m\r\nTaille requise pour les passagers\u00a0: 1,2\u00a0m \u00e0 1,9\u00a0m\r\nSyst\u00e8me de retenue\u00a0: Barre abdominale r\u00e9glable + ceinture de s\u00e9curit\u00e9\r\nCapacit\u00e9 th\u00e9orique\u00a0: 240\u00a0passagers\/heure\r\nCapacit\u00e9 par cabine\u00a0: 16\u00a0passagers par cabine\r\nDur\u00e9e du trajet\u00a0: 150\u00a0secondes\r\nPuissance motrice\u00a0: 82,5\u00a0kW\r\nPuissance totale\u00a0: 100\u00a0kW\"><span class=\"Y2IQFc\" lang=\"fr\">Puissance totale<\/span>:<\/pre>\n<\/th>\n<td>100kW<\/td>\n<\/tr>\n<\/tbody>\n<\/table>\n","protected":false},"excerpt":{"rendered":"<p>Hauteur totale : 30m Emprise au sol: 10\u00d710m Vitesse de rotation maximale: 8rpm Vitesse de mont\u00e9e maximale: 1.8m\/s Vitesse de descente maximale: 5m\/s Hauteur de fonctionnement maximale: 22.5m Taille requise pour les passagers: 1.2m to 1.9m Syst\u00e8me de retenue: Barre abdominale r\u00e9glable + ceinture de s\u00e9curit\u00e9 Capacit\u00e9 th\u00e9orique: passagers\/heure Capacit\u00e9 par cabine : 16\u00a0passagers par&hellip;<\/p>\n","protected":false},"featured_media":829,"template":"","meta":[],"product_brand":[],"product_cat":[196,113],"product_tag":[],"class_list":{"0":"post-2454","1":"product","2":"type-product","3":"status-publish","4":"has-post-thumbnail","6":"product_cat-tour-de-chute-libre","7":"product_cat-maneges-pour-adultes","9":"first","10":"instock","11":"shipping-taxable","12":"product-type-simple"},"_links":{"self":[{"href":"https:\/\/www.alfadu-amusement.com\/index.php?rest_route=\/wp\/v2\/product\/2454","targetHints":{"allow":["GET"]}}],"collection":[{"href":"https:\/\/www.alfadu-amusement.com\/index.php?rest_route=\/wp\/v2\/product"}],"about":[{"href":"https:\/\/www.alfadu-amusement.com\/index.php?rest_route=\/wp\/v2\/types\/product"}],"wp:featuredmedia":[{"embeddable":true,"href":"https:\/\/www.alfadu-amusement.com\/index.php?rest_route=\/wp\/v2\/media\/829"}],"wp:attachment":[{"href":"https:\/\/www.alfadu-amusement.com\/index.php?rest_route=%2Fwp%2Fv2%2Fmedia&parent=2454"}],"wp:term":[{"taxonomy":"product_brand","embeddable":true,"href":"https:\/\/www.alfadu-amusement.com\/index.php?rest_route=%2Fwp%2Fv2%2Fproduct_brand&post=2454"},{"taxonomy":"product_cat","embeddable":true,"href":"https:\/\/www.alfadu-amusement.com\/index.php?rest_route=%2Fwp%2Fv2%2Fproduct_cat&post=2454"},{"taxonomy":"product_tag","embeddable":true,"href":"https:\/\/www.alfadu-amusement.com\/index.php?rest_route=%2Fwp%2Fv2%2Fproduct_tag&post=2454"}],"curies":[{"name":"wp","href":"https:\/\/api.w.org\/{rel}","templated":true}]}}