{"id":2457,"date":"2025-10-08T16:51:28","date_gmt":"2025-10-08T16:51:28","guid":{"rendered":"https:\/\/www.alfadu-amusement.com\/?post_type=product&#038;p=2457"},"modified":"2025-10-08T16:51:28","modified_gmt":"2025-10-08T16:51:28","slug":"bateau-pirate-40-places-sans-fondation","status":"publish","type":"product","link":"https:\/\/www.alfadu-amusement.com\/?product=bateau-pirate-40-places-sans-fondation&lang=fr","title":{"rendered":"BATEAU PIRATE 40 PLACES  SANS FONDATION"},"content":{"rendered":"<table>\n<tbody>\n<tr>\n<th>\n<pre class=\"tw-data-text tw-text-large tw-ta\" dir=\"ltr\" tabindex=\"-1\" role=\"text\" data-placeholder=\"Traduction\" data-ved=\"2ahUKEwj7v5qA9ZSQAxWLSaQEHS0aHUQQ3ewLegQICxAV\" aria-label=\"Texte traduit\u00a0: Structure\u00a0: fondations fixes\r\nHauteur totale\u00a0: 14,2\u00a0m\r\nEmprise au sol\u00a0: 24\u00a0\u00d7\u00a010\u00a0m\r\nVitesse de rotation maximale\u00a0: 12,2\u00a0m\/s\r\nHauteur maximale atteinte\u00a0: 11,8\u00a0m\r\nTaille requise pour les passagers\u00a0: 1,2\u00a0m \u00e0 1,9\u00a0m\r\nSyst\u00e8me de retenue\u00a0: barre de s\u00e9curit\u00e9 r\u00e9glable + ceinture de s\u00e9curit\u00e9\r\nCapacit\u00e9 th\u00e9orique\u00a0: 600\u00a0passagers\/heure\r\nDur\u00e9e du trajet\u00a0: 100\u00a0secondes\r\nCapacit\u00e9 par cabine\u00a0: 40\u00a0passagers par cabine\r\nPuissance motrice\u00a0: 45\u00a0kW\r\nPuissance totale\u00a0: 52\u00a0kW\"><span class=\"Y2IQFc\" lang=\"fr\">Structure<\/span>:<\/pre>\n<\/th>\n<td>\n<pre id=\"tw-target-text\" class=\"tw-data-text tw-text-large tw-ta\" dir=\"ltr\" tabindex=\"-1\" role=\"text\" data-placeholder=\"Traduction\" data-ved=\"2ahUKEwj7v5qA9ZSQAxWLSaQEHS0aHUQQ3ewLegQICxAV\" aria-label=\"Texte traduit\u00a0: Structure\u00a0: fondations fixes\r\nHauteur totale\u00a0: 14,2\u00a0m\r\nEmprise au sol\u00a0: 24\u00a0\u00d7\u00a010\u00a0m\r\nVitesse de rotation maximale\u00a0: 12,2\u00a0m\/s\r\nHauteur maximale atteinte\u00a0: 11,8\u00a0m\r\nTaille requise pour les passagers\u00a0: 1,2\u00a0m \u00e0 1,9\u00a0m\r\nSyst\u00e8me de retenue\u00a0: barre de s\u00e9curit\u00e9 r\u00e9glable + ceinture de s\u00e9curit\u00e9\r\nCapacit\u00e9 th\u00e9orique\u00a0: 600\u00a0passagers\/heure\r\nDur\u00e9e du trajet\u00a0: 100\u00a0secondes\r\nCapacit\u00e9 par cabine\u00a0: 40\u00a0passagers par cabine\r\nPuissance motrice\u00a0: 45\u00a0kW\r\nPuissance totale\u00a0: 52\u00a0kW\"><span class=\"Y2IQFc\" lang=\"fr\">fondations fixes<\/span><\/pre>\n<\/td>\n<\/tr>\n<tr>\n<th>\n<pre id=\"tw-target-text\" class=\"tw-data-text tw-text-large tw-ta\" dir=\"ltr\" tabindex=\"-1\" role=\"text\" data-placeholder=\"Traduction\" data-ved=\"2ahUKEwj7v5qA9ZSQAxWLSaQEHS0aHUQQ3ewLegQICxAV\" aria-label=\"Texte traduit\u00a0: Structure\u00a0: fondations fixes\r\nHauteur totale\u00a0: 14,2\u00a0m\r\nEmprise au sol\u00a0: 24\u00a0\u00d7\u00a010\u00a0m\r\nVitesse de rotation maximale\u00a0: 12,2\u00a0m\/s\r\nHauteur maximale atteinte\u00a0: 11,8\u00a0m\r\nTaille requise pour les passagers\u00a0: 1,2\u00a0m \u00e0 1,9\u00a0m\r\nSyst\u00e8me de retenue\u00a0: barre de s\u00e9curit\u00e9 r\u00e9glable + ceinture de s\u00e9curit\u00e9\r\nCapacit\u00e9 th\u00e9orique\u00a0: 600\u00a0passagers\/heure\r\nDur\u00e9e du trajet\u00a0: 100\u00a0secondes\r\nCapacit\u00e9 par cabine\u00a0: 40\u00a0passagers par cabine\r\nPuissance motrice\u00a0: 45\u00a0kW\r\nPuissance totale\u00a0: 52\u00a0kW\"><span class=\"Y2IQFc\" lang=\"fr\">Hauteur totale<\/span>:<\/pre>\n<\/th>\n<td>14.2m<\/td>\n<\/tr>\n<tr>\n<th>\n<pre id=\"tw-target-text\" class=\"tw-data-text tw-text-large tw-ta\" dir=\"ltr\" tabindex=\"-1\" role=\"text\" data-placeholder=\"Traduction\" data-ved=\"2ahUKEwj7v5qA9ZSQAxWLSaQEHS0aHUQQ3ewLegQICxAV\" aria-label=\"Texte traduit\u00a0: Structure\u00a0: fondations fixes\r\nHauteur totale\u00a0: 14,2\u00a0m\r\nEmprise au sol\u00a0: 24\u00a0\u00d7\u00a010\u00a0m\r\nVitesse de rotation maximale\u00a0: 12,2\u00a0m\/s\r\nHauteur maximale atteinte\u00a0: 11,8\u00a0m\r\nTaille requise pour les passagers\u00a0: 1,2\u00a0m \u00e0 1,9\u00a0m\r\nSyst\u00e8me de retenue\u00a0: barre de s\u00e9curit\u00e9 r\u00e9glable + ceinture de s\u00e9curit\u00e9\r\nCapacit\u00e9 th\u00e9orique\u00a0: 600\u00a0passagers\/heure\r\nDur\u00e9e du trajet\u00a0: 100\u00a0secondes\r\nCapacit\u00e9 par cabine\u00a0: 40\u00a0passagers par cabine\r\nPuissance motrice\u00a0: 45\u00a0kW\r\nPuissance totale\u00a0: 52\u00a0kW\"><span class=\"Y2IQFc\" lang=\"fr\">Emprise au sol<\/span>:<\/pre>\n<\/th>\n<td>24\u00d710m<\/td>\n<\/tr>\n<tr>\n<th>\n<pre id=\"tw-target-text\" class=\"tw-data-text tw-text-large tw-ta\" dir=\"ltr\" tabindex=\"-1\" role=\"text\" data-placeholder=\"Traduction\" data-ved=\"2ahUKEwj7v5qA9ZSQAxWLSaQEHS0aHUQQ3ewLegQICxAV\" aria-label=\"Texte traduit\u00a0: Structure\u00a0: fondations fixes\r\nHauteur totale\u00a0: 14,2\u00a0m\r\nEmprise au sol\u00a0: 24\u00a0\u00d7\u00a010\u00a0m\r\nVitesse de rotation maximale\u00a0: 12,2\u00a0m\/s\r\nHauteur maximale atteinte\u00a0: 11,8\u00a0m\r\nTaille requise pour les passagers\u00a0: 1,2\u00a0m \u00e0 1,9\u00a0m\r\nSyst\u00e8me de retenue\u00a0: barre de s\u00e9curit\u00e9 r\u00e9glable + ceinture de s\u00e9curit\u00e9\r\nCapacit\u00e9 th\u00e9orique\u00a0: 600\u00a0passagers\/heure\r\nDur\u00e9e du trajet\u00a0: 100\u00a0secondes\r\nCapacit\u00e9 par cabine\u00a0: 40\u00a0passagers par cabine\r\nPuissance motrice\u00a0: 45\u00a0kW\r\nPuissance totale\u00a0: 52\u00a0kW\"><span class=\"Y2IQFc\" lang=\"fr\">Vitesse de rotation maximale<\/span>:<\/pre>\n<\/th>\n<td>12.2m\/s<\/td>\n<\/tr>\n<tr>\n<th>\n<pre id=\"tw-target-text\" class=\"tw-data-text tw-text-large tw-ta\" dir=\"ltr\" tabindex=\"-1\" role=\"text\" data-placeholder=\"Traduction\" data-ved=\"2ahUKEwj7v5qA9ZSQAxWLSaQEHS0aHUQQ3ewLegQICxAV\" aria-label=\"Texte traduit\u00a0: Structure\u00a0: fondations fixes\r\nHauteur totale\u00a0: 14,2\u00a0m\r\nEmprise au sol\u00a0: 24\u00a0\u00d7\u00a010\u00a0m\r\nVitesse de rotation maximale\u00a0: 12,2\u00a0m\/s\r\nHauteur maximale atteinte\u00a0: 11,8\u00a0m\r\nTaille requise pour les passagers\u00a0: 1,2\u00a0m \u00e0 1,9\u00a0m\r\nSyst\u00e8me de retenue\u00a0: barre de s\u00e9curit\u00e9 r\u00e9glable + ceinture de s\u00e9curit\u00e9\r\nCapacit\u00e9 th\u00e9orique\u00a0: 600\u00a0passagers\/heure\r\nDur\u00e9e du trajet\u00a0: 100\u00a0secondes\r\nCapacit\u00e9 par cabine\u00a0: 40\u00a0passagers par cabine\r\nPuissance motrice\u00a0: 45\u00a0kW\r\nPuissance totale\u00a0: 52\u00a0kW\"><span class=\"Y2IQFc\" lang=\"fr\">Hauteur maximale atteinte<\/span>:<\/pre>\n<\/th>\n<td>11.8m<\/td>\n<\/tr>\n<tr>\n<th>\n<pre id=\"tw-target-text\" class=\"tw-data-text tw-text-large tw-ta\" dir=\"ltr\" tabindex=\"-1\" role=\"text\" data-placeholder=\"Traduction\" data-ved=\"2ahUKEwj7v5qA9ZSQAxWLSaQEHS0aHUQQ3ewLegQICxAV\" aria-label=\"Texte traduit\u00a0: Structure\u00a0: fondations fixes\r\nHauteur totale\u00a0: 14,2\u00a0m\r\nEmprise au sol\u00a0: 24\u00a0\u00d7\u00a010\u00a0m\r\nVitesse de rotation maximale\u00a0: 12,2\u00a0m\/s\r\nHauteur maximale atteinte\u00a0: 11,8\u00a0m\r\nTaille requise pour les passagers\u00a0: 1,2\u00a0m \u00e0 1,9\u00a0m\r\nSyst\u00e8me de retenue\u00a0: barre de s\u00e9curit\u00e9 r\u00e9glable + ceinture de s\u00e9curit\u00e9\r\nCapacit\u00e9 th\u00e9orique\u00a0: 600\u00a0passagers\/heure\r\nDur\u00e9e du trajet\u00a0: 100\u00a0secondes\r\nCapacit\u00e9 par cabine\u00a0: 40\u00a0passagers par cabine\r\nPuissance motrice\u00a0: 45\u00a0kW\r\nPuissance totale\u00a0: 52\u00a0kW\"><span class=\"Y2IQFc\" lang=\"fr\">Taille requise pour les passagers<\/span>:<\/pre>\n<\/th>\n<td>1.2m to 1.9m<\/td>\n<\/tr>\n<tr>\n<th>\n<pre id=\"tw-target-text\" class=\"tw-data-text tw-text-large tw-ta\" dir=\"ltr\" tabindex=\"-1\" role=\"text\" data-placeholder=\"Traduction\" data-ved=\"2ahUKEwj7v5qA9ZSQAxWLSaQEHS0aHUQQ3ewLegQICxAV\" aria-label=\"Texte traduit\u00a0: Structure\u00a0: fondations fixes\r\nHauteur totale\u00a0: 14,2\u00a0m\r\nEmprise au sol\u00a0: 24\u00a0\u00d7\u00a010\u00a0m\r\nVitesse de rotation maximale\u00a0: 12,2\u00a0m\/s\r\nHauteur maximale atteinte\u00a0: 11,8\u00a0m\r\nTaille requise pour les passagers\u00a0: 1,2\u00a0m \u00e0 1,9\u00a0m\r\nSyst\u00e8me de retenue\u00a0: barre de s\u00e9curit\u00e9 r\u00e9glable + ceinture de s\u00e9curit\u00e9\r\nCapacit\u00e9 th\u00e9orique\u00a0: 600\u00a0passagers\/heure\r\nDur\u00e9e du trajet\u00a0: 100\u00a0secondes\r\nCapacit\u00e9 par cabine\u00a0: 40\u00a0passagers par cabine\r\nPuissance motrice\u00a0: 45\u00a0kW\r\nPuissance totale\u00a0: 52\u00a0kW\"><span class=\"Y2IQFc\" lang=\"fr\">Syst\u00e8me de retenue<\/span>:<\/pre>\n<\/th>\n<td>\n<pre id=\"tw-target-text\" class=\"tw-data-text tw-text-large tw-ta\" dir=\"ltr\" tabindex=\"-1\" role=\"text\" data-placeholder=\"Traduction\" data-ved=\"2ahUKEwj7v5qA9ZSQAxWLSaQEHS0aHUQQ3ewLegQICxAV\" aria-label=\"Texte traduit\u00a0: Structure\u00a0: fondations fixes\r\nHauteur totale\u00a0: 14,2\u00a0m\r\nEmprise au sol\u00a0: 24\u00a0\u00d7\u00a010\u00a0m\r\nVitesse de rotation maximale\u00a0: 12,2\u00a0m\/s\r\nHauteur maximale atteinte\u00a0: 11,8\u00a0m\r\nTaille requise pour les passagers\u00a0: 1,2\u00a0m \u00e0 1,9\u00a0m\r\nSyst\u00e8me de retenue\u00a0: barre de s\u00e9curit\u00e9 r\u00e9glable + ceinture de s\u00e9curit\u00e9\r\nCapacit\u00e9 th\u00e9orique\u00a0: 600\u00a0passagers\/heure\r\nDur\u00e9e du trajet\u00a0: 100\u00a0secondes\r\nCapacit\u00e9 par cabine\u00a0: 40\u00a0passagers par cabine\r\nPuissance motrice\u00a0: 45\u00a0kW\r\nPuissance totale\u00a0: 52\u00a0kW\"><span class=\"Y2IQFc\" lang=\"fr\">barre de s\u00e9curit\u00e9 r\u00e9glable + ceinture de s\u00e9curit\u00e9<\/span><\/pre>\n<\/td>\n<\/tr>\n<tr>\n<th>\n<pre id=\"tw-target-text\" class=\"tw-data-text tw-text-large tw-ta\" dir=\"ltr\" tabindex=\"-1\" role=\"text\" data-placeholder=\"Traduction\" data-ved=\"2ahUKEwj7v5qA9ZSQAxWLSaQEHS0aHUQQ3ewLegQICxAV\" aria-label=\"Texte traduit\u00a0: Structure\u00a0: fondations fixes\r\nHauteur totale\u00a0: 14,2\u00a0m\r\nEmprise au sol\u00a0: 24\u00a0\u00d7\u00a010\u00a0m\r\nVitesse de rotation maximale\u00a0: 12,2\u00a0m\/s\r\nHauteur maximale atteinte\u00a0: 11,8\u00a0m\r\nTaille requise pour les passagers\u00a0: 1,2\u00a0m \u00e0 1,9\u00a0m\r\nSyst\u00e8me de retenue\u00a0: barre de s\u00e9curit\u00e9 r\u00e9glable + ceinture de s\u00e9curit\u00e9\r\nCapacit\u00e9 th\u00e9orique\u00a0: 600\u00a0passagers\/heure\r\nDur\u00e9e du trajet\u00a0: 100\u00a0secondes\r\nCapacit\u00e9 par cabine\u00a0: 40\u00a0passagers par cabine\r\nPuissance motrice\u00a0: 45\u00a0kW\r\nPuissance totale\u00a0: 52\u00a0kW\"><span class=\"Y2IQFc\" lang=\"fr\">Capacit\u00e9 th\u00e9orique<\/span>:<\/pre>\n<\/th>\n<td>\n<pre id=\"tw-target-text\" class=\"tw-data-text tw-text-large tw-ta\" dir=\"ltr\" tabindex=\"-1\" role=\"text\" data-placeholder=\"Traduction\" data-ved=\"2ahUKEwj7v5qA9ZSQAxWLSaQEHS0aHUQQ3ewLegQICxAV\" aria-label=\"Texte traduit\u00a0: Structure\u00a0: fondations fixes\r\nHauteur totale\u00a0: 14,2\u00a0m\r\nEmprise au sol\u00a0: 24\u00a0\u00d7\u00a010\u00a0m\r\nVitesse de rotation maximale\u00a0: 12,2\u00a0m\/s\r\nHauteur maximale atteinte\u00a0: 11,8\u00a0m\r\nTaille requise pour les passagers\u00a0: 1,2\u00a0m \u00e0 1,9\u00a0m\r\nSyst\u00e8me de retenue\u00a0: barre de s\u00e9curit\u00e9 r\u00e9glable + ceinture de s\u00e9curit\u00e9\r\nCapacit\u00e9 th\u00e9orique\u00a0: 600\u00a0passagers\/heure\r\nDur\u00e9e du trajet\u00a0: 100\u00a0secondes\r\nCapacit\u00e9 par cabine\u00a0: 40\u00a0passagers par cabine\r\nPuissance motrice\u00a0: 45\u00a0kW\r\nPuissance totale\u00a0: 52\u00a0kW\"><span class=\"Y2IQFc\" lang=\"fr\">600\u00a0passagers\/heure<\/span><\/pre>\n<\/td>\n<\/tr>\n<tr>\n<th>\n<pre id=\"tw-target-text\" class=\"tw-data-text tw-text-large tw-ta\" dir=\"ltr\" tabindex=\"-1\" role=\"text\" data-placeholder=\"Traduction\" data-ved=\"2ahUKEwj7v5qA9ZSQAxWLSaQEHS0aHUQQ3ewLegQICxAV\" aria-label=\"Texte traduit\u00a0: Structure\u00a0: fondations fixes\r\nHauteur totale\u00a0: 14,2\u00a0m\r\nEmprise au sol\u00a0: 24\u00a0\u00d7\u00a010\u00a0m\r\nVitesse de rotation maximale\u00a0: 12,2\u00a0m\/s\r\nHauteur maximale atteinte\u00a0: 11,8\u00a0m\r\nTaille requise pour les passagers\u00a0: 1,2\u00a0m \u00e0 1,9\u00a0m\r\nSyst\u00e8me de retenue\u00a0: barre de s\u00e9curit\u00e9 r\u00e9glable + ceinture de s\u00e9curit\u00e9\r\nCapacit\u00e9 th\u00e9orique\u00a0: 600\u00a0passagers\/heure\r\nDur\u00e9e du trajet\u00a0: 100\u00a0secondes\r\nCapacit\u00e9 par cabine\u00a0: 40\u00a0passagers par cabine\r\nPuissance motrice\u00a0: 45\u00a0kW\r\nPuissance totale\u00a0: 52\u00a0kW\"><span class=\"Y2IQFc\" lang=\"fr\">Dur\u00e9e du trajet<\/span>:<\/pre>\n<\/th>\n<td>100 secondes<\/td>\n<\/tr>\n<tr>\n<th>\n<pre id=\"tw-target-text\" class=\"tw-data-text tw-text-large tw-ta\" dir=\"ltr\" tabindex=\"-1\" role=\"text\" data-placeholder=\"Traduction\" data-ved=\"2ahUKEwj7v5qA9ZSQAxWLSaQEHS0aHUQQ3ewLegQICxAV\" aria-label=\"Texte traduit\u00a0: Structure\u00a0: fondations fixes\r\nHauteur totale\u00a0: 14,2\u00a0m\r\nEmprise au sol\u00a0: 24\u00a0\u00d7\u00a010\u00a0m\r\nVitesse de rotation maximale\u00a0: 12,2\u00a0m\/s\r\nHauteur maximale atteinte\u00a0: 11,8\u00a0m\r\nTaille requise pour les passagers\u00a0: 1,2\u00a0m \u00e0 1,9\u00a0m\r\nSyst\u00e8me de retenue\u00a0: barre de s\u00e9curit\u00e9 r\u00e9glable + ceinture de s\u00e9curit\u00e9\r\nCapacit\u00e9 th\u00e9orique\u00a0: 600\u00a0passagers\/heure\r\nDur\u00e9e du trajet\u00a0: 100\u00a0secondes\r\nCapacit\u00e9 par cabine\u00a0: 40\u00a0passagers par cabine\r\nPuissance motrice\u00a0: 45\u00a0kW\r\nPuissance totale\u00a0: 52\u00a0kW\"><span class=\"Y2IQFc\" lang=\"fr\">Capacit\u00e9 par cabine<\/span>:<\/pre>\n<\/th>\n<td>\n<pre id=\"tw-target-text\" class=\"tw-data-text tw-text-large tw-ta\" dir=\"ltr\" tabindex=\"-1\" role=\"text\" data-placeholder=\"Traduction\" data-ved=\"2ahUKEwj7v5qA9ZSQAxWLSaQEHS0aHUQQ3ewLegQICxAV\" aria-label=\"Texte traduit\u00a0: Structure\u00a0: fondations fixes\r\nHauteur totale\u00a0: 14,2\u00a0m\r\nEmprise au sol\u00a0: 24\u00a0\u00d7\u00a010\u00a0m\r\nVitesse de rotation maximale\u00a0: 12,2\u00a0m\/s\r\nHauteur maximale atteinte\u00a0: 11,8\u00a0m\r\nTaille requise pour les passagers\u00a0: 1,2\u00a0m \u00e0 1,9\u00a0m\r\nSyst\u00e8me de retenue\u00a0: barre de s\u00e9curit\u00e9 r\u00e9glable + ceinture de s\u00e9curit\u00e9\r\nCapacit\u00e9 th\u00e9orique\u00a0: 600\u00a0passagers\/heure\r\nDur\u00e9e du trajet\u00a0: 100\u00a0secondes\r\nCapacit\u00e9 par cabine\u00a0: 40\u00a0passagers par cabine\r\nPuissance motrice\u00a0: 45\u00a0kW\r\nPuissance totale\u00a0: 52\u00a0kW\"><span class=\"Y2IQFc\" lang=\"fr\">40\u00a0passagers par cabine<\/span><\/pre>\n<\/td>\n<\/tr>\n<tr>\n<th>\n<pre id=\"tw-target-text\" class=\"tw-data-text tw-text-large tw-ta\" dir=\"ltr\" tabindex=\"-1\" role=\"text\" data-placeholder=\"Traduction\" data-ved=\"2ahUKEwj7v5qA9ZSQAxWLSaQEHS0aHUQQ3ewLegQICxAV\" aria-label=\"Texte traduit\u00a0: Structure\u00a0: fondations fixes\r\nHauteur totale\u00a0: 14,2\u00a0m\r\nEmprise au sol\u00a0: 24\u00a0\u00d7\u00a010\u00a0m\r\nVitesse de rotation maximale\u00a0: 12,2\u00a0m\/s\r\nHauteur maximale atteinte\u00a0: 11,8\u00a0m\r\nTaille requise pour les passagers\u00a0: 1,2\u00a0m \u00e0 1,9\u00a0m\r\nSyst\u00e8me de retenue\u00a0: barre de s\u00e9curit\u00e9 r\u00e9glable + ceinture de s\u00e9curit\u00e9\r\nCapacit\u00e9 th\u00e9orique\u00a0: 600\u00a0passagers\/heure\r\nDur\u00e9e du trajet\u00a0: 100\u00a0secondes\r\nCapacit\u00e9 par cabine\u00a0: 40\u00a0passagers par cabine\r\nPuissance motrice\u00a0: 45\u00a0kW\r\nPuissance totale\u00a0: 52\u00a0kW\"><span class=\"Y2IQFc\" lang=\"fr\">Puissance motrice<\/span>:<\/pre>\n<\/th>\n<td>45kW<\/td>\n<\/tr>\n<tr>\n<th>\n<pre id=\"tw-target-text\" class=\"tw-data-text tw-text-large tw-ta\" dir=\"ltr\" tabindex=\"-1\" role=\"text\" data-placeholder=\"Traduction\" data-ved=\"2ahUKEwj7v5qA9ZSQAxWLSaQEHS0aHUQQ3ewLegQICxAV\" aria-label=\"Texte traduit\u00a0: Structure\u00a0: fondations fixes\r\nHauteur totale\u00a0: 14,2\u00a0m\r\nEmprise au sol\u00a0: 24\u00a0\u00d7\u00a010\u00a0m\r\nVitesse de rotation maximale\u00a0: 12,2\u00a0m\/s\r\nHauteur maximale atteinte\u00a0: 11,8\u00a0m\r\nTaille requise pour les passagers\u00a0: 1,2\u00a0m \u00e0 1,9\u00a0m\r\nSyst\u00e8me de retenue\u00a0: barre de s\u00e9curit\u00e9 r\u00e9glable + ceinture de s\u00e9curit\u00e9\r\nCapacit\u00e9 th\u00e9orique\u00a0: 600\u00a0passagers\/heure\r\nDur\u00e9e du trajet\u00a0: 100\u00a0secondes\r\nCapacit\u00e9 par cabine\u00a0: 40\u00a0passagers par cabine\r\nPuissance motrice\u00a0: 45\u00a0kW\r\nPuissance totale\u00a0: 52\u00a0kW\"><span class=\"Y2IQFc\" lang=\"fr\">Puissance totale<\/span>:<\/pre>\n<\/th>\n<td>52kW<\/td>\n<\/tr>\n<\/tbody>\n<\/table>\n","protected":false},"excerpt":{"rendered":"<p>Structure: fondations fixes Hauteur totale: 14.2m Emprise au sol: 24\u00d710m Vitesse de rotation maximale: 12.2m\/s Hauteur maximale atteinte: 11.8m Taille requise pour les passagers: 1.2m to 1.9m Syst\u00e8me de retenue: barre de s\u00e9curit\u00e9 r\u00e9glable + ceinture de s\u00e9curit\u00e9 Capacit\u00e9 th\u00e9orique: 600\u00a0passagers\/heure Dur\u00e9e du trajet: 100 secondes Capacit\u00e9 par cabine: 40\u00a0passagers par cabine Puissance motrice: 45kW&hellip;<\/p>\n","protected":false},"featured_media":810,"template":"","meta":[],"product_brand":[],"product_cat":[198,113],"product_tag":[],"class_list":{"0":"post-2457","1":"product","2":"type-product","3":"status-publish","4":"has-post-thumbnail","6":"product_cat-bateau-pirate","7":"product_cat-maneges-pour-adultes","9":"first","10":"instock","11":"shipping-taxable","12":"product-type-simple"},"_links":{"self":[{"href":"https:\/\/www.alfadu-amusement.com\/index.php?rest_route=\/wp\/v2\/product\/2457","targetHints":{"allow":["GET"]}}],"collection":[{"href":"https:\/\/www.alfadu-amusement.com\/index.php?rest_route=\/wp\/v2\/product"}],"about":[{"href":"https:\/\/www.alfadu-amusement.com\/index.php?rest_route=\/wp\/v2\/types\/product"}],"wp:featuredmedia":[{"embeddable":true,"href":"https:\/\/www.alfadu-amusement.com\/index.php?rest_route=\/wp\/v2\/media\/810"}],"wp:attachment":[{"href":"https:\/\/www.alfadu-amusement.com\/index.php?rest_route=%2Fwp%2Fv2%2Fmedia&parent=2457"}],"wp:term":[{"taxonomy":"product_brand","embeddable":true,"href":"https:\/\/www.alfadu-amusement.com\/index.php?rest_route=%2Fwp%2Fv2%2Fproduct_brand&post=2457"},{"taxonomy":"product_cat","embeddable":true,"href":"https:\/\/www.alfadu-amusement.com\/index.php?rest_route=%2Fwp%2Fv2%2Fproduct_cat&post=2457"},{"taxonomy":"product_tag","embeddable":true,"href":"https:\/\/www.alfadu-amusement.com\/index.php?rest_route=%2Fwp%2Fv2%2Fproduct_tag&post=2457"}],"curies":[{"name":"wp","href":"https:\/\/api.w.org\/{rel}","templated":true}]}}