{"id":2475,"date":"2025-10-09T08:46:00","date_gmt":"2025-10-09T08:46:00","guid":{"rendered":"https:\/\/www.alfadu-amusement.com\/?post_type=product&#038;p=2475"},"modified":"2025-10-09T08:46:00","modified_gmt":"2025-10-09T08:46:00","slug":"train-ocean","status":"publish","type":"product","link":"https:\/\/www.alfadu-amusement.com\/?product=train-ocean&lang=fr","title":{"rendered":"Train OC\u00c9AN"},"content":{"rendered":"<table border=\"0\" width=\"100%\" cellspacing=\"0\" cellpadding=\"0\">\n<tbody>\n<tr>\n<td>Style<\/td>\n<td>Mer<\/td>\n<\/tr>\n<tr>\n<td>Transport<\/td>\n<td>3<\/td>\n<\/tr>\n<tr>\n<td>Personne<\/td>\n<td>12<\/td>\n<\/tr>\n<tr>\n<td>Vitesse<\/td>\n<td>5km\/h<\/td>\n<\/tr>\n<\/tbody>\n<\/table>\n","protected":false},"excerpt":{"rendered":"<div id=\"index_1\" class=\"boxtit padtop\">\n<p>Description<\/p>\n<p>D\u00e9couvrez le charmant petit train sur le th\u00e8me de l&rsquo;oc\u00e9an dans notre centre commercial. Cette attraction innovante, au design fluide et compact, garantit une accessibilit\u00e9 optimale dans tout le centre commercial. Son fonctionnement \u00e0 piles est \u00e9cologique et silencieux, offrant un voyage fluide et s\u00e9curis\u00e9 pour petits et grands. Cette exp\u00e9rience immersive, avec son d\u00e9cor marin vibrant, ses \u00e9l\u00e9ments \u00e9ducatifs et ses zones interactives, la rend \u00e0 la fois divertissante et instructive. Id\u00e9ale pour les sorties en famille, cette attraction promet des moments inoubliables, tout en faisant du shopping\u00a0!<\/p>\n<\/div>\n","protected":false},"featured_media":2164,"template":"","meta":[],"product_brand":[],"product_cat":[240,250],"product_tag":[],"class_list":{"0":"post-2475","1":"product","2":"type-product","3":"status-publish","4":"has-post-thumbnail","6":"product_cat-manege-familial","7":"product_cat-train-touristique","9":"first","10":"instock","11":"shipping-taxable","12":"product-type-simple"},"_links":{"self":[{"href":"https:\/\/www.alfadu-amusement.com\/index.php?rest_route=\/wp\/v2\/product\/2475","targetHints":{"allow":["GET"]}}],"collection":[{"href":"https:\/\/www.alfadu-amusement.com\/index.php?rest_route=\/wp\/v2\/product"}],"about":[{"href":"https:\/\/www.alfadu-amusement.com\/index.php?rest_route=\/wp\/v2\/types\/product"}],"wp:featuredmedia":[{"embeddable":true,"href":"https:\/\/www.alfadu-amusement.com\/index.php?rest_route=\/wp\/v2\/media\/2164"}],"wp:attachment":[{"href":"https:\/\/www.alfadu-amusement.com\/index.php?rest_route=%2Fwp%2Fv2%2Fmedia&parent=2475"}],"wp:term":[{"taxonomy":"product_brand","embeddable":true,"href":"https:\/\/www.alfadu-amusement.com\/index.php?rest_route=%2Fwp%2Fv2%2Fproduct_brand&post=2475"},{"taxonomy":"product_cat","embeddable":true,"href":"https:\/\/www.alfadu-amusement.com\/index.php?rest_route=%2Fwp%2Fv2%2Fproduct_cat&post=2475"},{"taxonomy":"product_tag","embeddable":true,"href":"https:\/\/www.alfadu-amusement.com\/index.php?rest_route=%2Fwp%2Fv2%2Fproduct_tag&post=2475"}],"curies":[{"name":"wp","href":"https:\/\/api.w.org\/{rel}","templated":true}]}}