{"id":2478,"date":"2025-10-09T08:53:13","date_gmt":"2025-10-09T08:53:13","guid":{"rendered":"https:\/\/www.alfadu-amusement.com\/?post_type=product&#038;p=2478"},"modified":"2025-12-14T23:48:38","modified_gmt":"2025-12-14T23:48:38","slug":"bibi-train-touristique","status":"publish","type":"product","link":"https:\/\/www.alfadu-amusement.com\/?product=bibi-train-touristique&lang=fr","title":{"rendered":"BIBI Train Touristique"},"content":{"rendered":"<table border=\"1\">\n<tbody>\n<tr>\n<td><\/td>\n<td><strong>Param\u00e8tres<\/strong><\/td>\n<td><\/td>\n<td><strong>Param\u00e8tres<\/strong><\/td>\n<\/tr>\n<tr>\n<td><strong>Dimension\u00a0<\/strong><\/td>\n<td>L2700*W1050*H1880mm<\/td>\n<td><strong>vitesse maximale\u00a0<\/strong><\/td>\n<td>7km\/h<\/td>\n<\/tr>\n<tr>\n<td><strong>Dimension vagon<\/strong><\/td>\n<td>L1800*W1050*H1880mm<\/td>\n<td><strong>chargeur<\/strong><\/td>\n<td>automatique<\/p>\n<p>intelligente<\/td>\n<\/tr>\n<tr>\n<td><strong>longueur<\/strong><\/td>\n<td>L10140mm<\/td>\n<td><strong>Autonomie\u00a0<\/strong><\/td>\n<td>10-12h<\/td>\n<\/tr>\n<tr>\n<td><strong>Puissance\u00a0<\/strong><\/td>\n<td>3 kw<\/td>\n<td><strong>Temps de recharge<\/strong><\/td>\n<td>8-10h<\/td>\n<\/tr>\n<tr>\n<td><strong>Batterie<\/strong><\/td>\n<td>48v, 150A*4pcs<\/td>\n<td><strong>Rayon minimum<\/strong><\/td>\n<td>3.5m<\/td>\n<\/tr>\n<tr>\n<td><strong>Roue<\/strong><\/td>\n<td>4.00-8 (Vacuum Tire)<\/td>\n<td><strong>Capacit\u00e9<\/strong><\/p>\n<p>&nbsp;<\/td>\n<td>16 players<\/td>\n<\/tr>\n<\/tbody>\n<\/table>\n<p>&nbsp;<\/p>\n","protected":false},"excerpt":{"rendered":"<div id=\"index_1\" class=\"boxtit padtop\">\n<p><strong>Description<\/strong><br \/>\nLe Train Clown est un petit train \u00e9lectrique amusant et color\u00e9, sp\u00e9cialement con\u00e7u pour le divertissement des enfants. Avec son design ludique inspir\u00e9 des clowns, ses couleurs vives et son style cartoon, il est largement utilis\u00e9 dans les aires de jeux pour enfants, les parcs d&rsquo;attractions, les centres commerciaux et les \u00e9v\u00e9nements festifs.<\/p>\n<p>Ce train fonctionne sans rails et est \u00e9quip\u00e9 de pneus en caoutchouc pour une fluidit\u00e9 de d\u00e9placement sur diff\u00e9rentes surfaces. Il offre une grande mobilit\u00e9, une installation facile et un fonctionnement s\u00fbr, ce qui le rend id\u00e9al pour les installations temporaires ou permanentes dans les espaces familiaux. Avec de la musique et des effets lumineux LED en option, il cr\u00e9e une ambiance joyeuse qui ravira les jeunes passagers comme leurs parents.<\/p>\n<p><strong>Principales caract\u00e9ristiques\u00a0:<\/strong><br \/>\nDesign mignon : L&rsquo;apparence de clown de dessin anim\u00e9 pla\u00eet aux enfants<br \/>\nMobilit\u00e9 sans rails : Fonctionne sur toute surface plane, sans rails<br \/>\nSi\u00e8ges confortables : Int\u00e9rieur moelleux, vitesse r\u00e9glable, poign\u00e9es de s\u00e9curit\u00e9<br \/>\nFacilit\u00e9 d&rsquo;utilisation : D\u00e9marrage par simple bouton, t\u00e9l\u00e9commande<br \/>\nS\u00e9curit\u00e9 et stabilit\u00e9 : Syst\u00e8me basse vitesse, frein d&rsquo;urgence, ch\u00e2ssis r\u00e9sistant aux chocs<\/p>\n<p><strong>Applications\u00a0:<\/strong><br \/>\n&#8211; Aires de jeux et centres d&rsquo;activit\u00e9s int\u00e9rieurs<br \/>\n&#8211; Esplanades et espaces familiaux de centres commerciaux<br \/>\n&#8211; \u00c9v\u00e9nements saisonniers ou d\u00e9fil\u00e9s dans les parcs d&rsquo;attractions<br \/>\n&#8211; F\u00eates et activit\u00e9s scolaires<br \/>\n&#8211; No\u00ebl, Journ\u00e9e des enfants et autres \u00e9v\u00e9nements sp\u00e9ciaux<\/p>\n<\/div>\n","protected":false},"featured_media":1998,"template":"","meta":[],"product_brand":[],"product_cat":[240,250],"product_tag":[],"class_list":{"0":"post-2478","1":"product","2":"type-product","3":"status-publish","4":"has-post-thumbnail","6":"product_cat-manege-familial","7":"product_cat-train-touristique","9":"first","10":"instock","11":"shipping-taxable","12":"product-type-simple"},"_links":{"self":[{"href":"https:\/\/www.alfadu-amusement.com\/index.php?rest_route=\/wp\/v2\/product\/2478","targetHints":{"allow":["GET"]}}],"collection":[{"href":"https:\/\/www.alfadu-amusement.com\/index.php?rest_route=\/wp\/v2\/product"}],"about":[{"href":"https:\/\/www.alfadu-amusement.com\/index.php?rest_route=\/wp\/v2\/types\/product"}],"wp:featuredmedia":[{"embeddable":true,"href":"https:\/\/www.alfadu-amusement.com\/index.php?rest_route=\/wp\/v2\/media\/1998"}],"wp:attachment":[{"href":"https:\/\/www.alfadu-amusement.com\/index.php?rest_route=%2Fwp%2Fv2%2Fmedia&parent=2478"}],"wp:term":[{"taxonomy":"product_brand","embeddable":true,"href":"https:\/\/www.alfadu-amusement.com\/index.php?rest_route=%2Fwp%2Fv2%2Fproduct_brand&post=2478"},{"taxonomy":"product_cat","embeddable":true,"href":"https:\/\/www.alfadu-amusement.com\/index.php?rest_route=%2Fwp%2Fv2%2Fproduct_cat&post=2478"},{"taxonomy":"product_tag","embeddable":true,"href":"https:\/\/www.alfadu-amusement.com\/index.php?rest_route=%2Fwp%2Fv2%2Fproduct_tag&post=2478"}],"curies":[{"name":"wp","href":"https:\/\/api.w.org\/{rel}","templated":true}]}}