{"id":2484,"date":"2025-10-09T09:29:58","date_gmt":"2025-10-09T09:29:58","guid":{"rendered":"https:\/\/www.alfadu-amusement.com\/?post_type=product&#038;p=2484"},"modified":"2025-10-09T09:29:58","modified_gmt":"2025-10-09T09:29:58","slug":"bus-touristique","status":"publish","type":"product","link":"https:\/\/www.alfadu-amusement.com\/?product=bus-touristique&lang=fr","title":{"rendered":"Bus touristique"},"content":{"rendered":"<table border=\"0\" cellspacing=\"0\" cellpadding=\"0\">\n<tbody>\n<tr>\n<td>Dimensions<\/td>\n<td>3060mm*1710mm*5390mm<\/td>\n<\/tr>\n<tr>\n<td>Capacit\u00e9<\/td>\n<td>17personnes<\/td>\n<\/tr>\n<tr>\n<td>Rayon de braquage<\/td>\n<td>27.5m<\/td>\n<\/tr>\n<tr>\n<td>Puissance<\/td>\n<td>70KW<\/td>\n<\/tr>\n<tr>\n<td>Vitesse de conduite<\/td>\n<td>\u226425km\/h<\/td>\n<\/tr>\n<tr>\n<td>Empattement<\/td>\n<td>roue avant 1250 mm, roue arri\u00e8re 1215 mm<\/td>\n<\/tr>\n<tr>\n<td>Syst\u00e8me de freinage<\/td>\n<td>frein \u00e0 tambour aux quatre roues + assistance au freinage \u00e0 main<\/td>\n<\/tr>\n<tr>\n<td>Distance de freinage<\/td>\n<td>\u22646.5m<\/td>\n<\/tr>\n<\/tbody>\n<\/table>\n","protected":false},"excerpt":{"rendered":"<div id=\"index_1\" class=\"boxtit padtop\">\n<p><strong>Description<\/strong><br \/>\nCe minibus touristique pouvant accueillir 17 personnes est un v\u00e9hicule de transport sp\u00e9cialis\u00e9, con\u00e7u pour les sites touristiques, les centres de vill\u00e9giature, les zones urbaines \u00e0 faible circulation et les rues commer\u00e7antes. Il est dot\u00e9 d&rsquo;une structure \u00e0 deux \u00e9tages avec un pont sup\u00e9rieur ouvert offrant aux passagers une vue panoramique \u00e0 360 degr\u00e9s, am\u00e9liorant ainsi consid\u00e9rablement l&rsquo;exp\u00e9rience de voyage. Le pont inf\u00e9rieur, ferm\u00e9 et climatis\u00e9, est adapt\u00e9 \u00e0 une utilisation par tous les temps.<\/p>\n<p>Ce v\u00e9hicule affiche un style r\u00e9tro et moderne, avec des options de peinture personnalisables, telles que des monuments, des personnages de dessins anim\u00e9s ou des visuels promotionnels. Il allie fonctionnalit\u00e9 et attrait visuel, ce qui en fait un choix id\u00e9al pour les navettes vers les sites touristiques, les visites touristiques urbaines et les promotions commerciales.<\/p>\n<p>Le pont sup\u00e9rieur dispose de 10 si\u00e8ges avec garde-corps r\u00e9sistants au vent. La hauteur des garde-corps est conforme aux normes de s\u00e9curit\u00e9, permettant aux passagers de se tenir debout ou de s&rsquo;adosser en toute s\u00e9curit\u00e9 tout en profitant de la vue. Le pont inf\u00e9rieur dispose de 7 si\u00e8ges confortables et rembourr\u00e9s avec ceintures de s\u00e9curit\u00e9, offrant un espace g\u00e9n\u00e9reux, id\u00e9al pour les familles et les personnes \u00e2g\u00e9es. L&rsquo;escalier, situ\u00e9 au milieu de la cabine, est en pente douce et dot\u00e9 de rampes pour un acc\u00e8s facile.<\/p>\n<p>Le syst\u00e8me d&rsquo;alimentation utilise un moteur \u00e9lectrique silencieux ou un moteur thermique \u00e9cologique, garantissant un fonctionnement fluide et silencieux, conforme aux exigences environnementales des zones panoramiques. La version \u00e9lectrique est compatible avec la recharge rapide et offre une autonomie de 80 \u00e0 100 kilom\u00e8tres, suffisante pour une journ\u00e9e compl\u00e8te d&rsquo;utilisation.<\/p>\n<\/div>\n<div>\n<div><\/div>\n<div>\n<p>\u00a0 \u00a0 \u00a0Le v\u00e9hicule comprend un si\u00e8ge conducteur d\u00e9di\u00e9 offrant une excellente visibilit\u00e9 et une utilisation ais\u00e9e, compatible avec une transmission manuelle ou automatique. Conforme aux normes de s\u00e9curit\u00e9 nationales pour les v\u00e9hicules de tourisme tout-terrain, il est \u00e9quip\u00e9 de freins assist\u00e9s, d&rsquo;une cam\u00e9ra de recul, d&rsquo;une sortie de secours et d&rsquo;un extincteur.<\/p>\n<p>Le ch\u00e2ssis est construit avec une structure en acier renforc\u00e9 et la suspension est parfaitement r\u00e9gl\u00e9e pour affronter les terrains accident\u00e9s, typiques des paysages pittoresques. La conduite est stable et confortable. Tous les mat\u00e9riaux sont trait\u00e9s contre la rouille et la corrosion pour une longue dur\u00e9e de vie.<\/p>\n<p>Nous proposons des options de personnalisation, incluant le design ext\u00e9rieur, les am\u00e9liorations int\u00e9rieures et des syst\u00e8mes d&rsquo;audioguide en option. Le v\u00e9hicule peut \u00eatre personnalis\u00e9 pour s&rsquo;adapter aux caract\u00e9ristiques de votre itin\u00e9raire, contribuant ainsi \u00e0 cr\u00e9er une exp\u00e9rience touristique unique qui renforce la notori\u00e9t\u00e9 de votre marque et la satisfaction des visiteurs.<\/p>\n<p><strong>Principaux avantages<\/strong><br \/>\nLe pont sup\u00e9rieur ouvert offre une vue d\u00e9gag\u00e9e et optimise l&rsquo;exp\u00e9rience touristique.<br \/>\nL&rsquo;am\u00e9nagement \u00e0 deux \u00e9tages offre une capacit\u00e9 d&rsquo;accueil optimale et une utilisation optimale de l&rsquo;espace.<br \/>\nMoteur \u00e9cologique et silencieux, adapt\u00e9 aux environnements pittoresques et calmes.<br \/>\n\u00c9quipements de s\u00e9curit\u00e9 complets conformes aux normes d&rsquo;exploitation des v\u00e9hicules de tourisme.<br \/>\nApparence personnalisable pour renforcer l&rsquo;identit\u00e9 de votre marque et son attrait visuel.<\/p>\n<\/div>\n<\/div>\n","protected":false},"featured_media":1989,"template":"","meta":[],"product_brand":[],"product_cat":[240,250],"product_tag":[],"class_list":{"0":"post-2484","1":"product","2":"type-product","3":"status-publish","4":"has-post-thumbnail","6":"product_cat-manege-familial","7":"product_cat-train-touristique","9":"first","10":"instock","11":"shipping-taxable","12":"product-type-simple"},"_links":{"self":[{"href":"https:\/\/www.alfadu-amusement.com\/index.php?rest_route=\/wp\/v2\/product\/2484","targetHints":{"allow":["GET"]}}],"collection":[{"href":"https:\/\/www.alfadu-amusement.com\/index.php?rest_route=\/wp\/v2\/product"}],"about":[{"href":"https:\/\/www.alfadu-amusement.com\/index.php?rest_route=\/wp\/v2\/types\/product"}],"wp:featuredmedia":[{"embeddable":true,"href":"https:\/\/www.alfadu-amusement.com\/index.php?rest_route=\/wp\/v2\/media\/1989"}],"wp:attachment":[{"href":"https:\/\/www.alfadu-amusement.com\/index.php?rest_route=%2Fwp%2Fv2%2Fmedia&parent=2484"}],"wp:term":[{"taxonomy":"product_brand","embeddable":true,"href":"https:\/\/www.alfadu-amusement.com\/index.php?rest_route=%2Fwp%2Fv2%2Fproduct_brand&post=2484"},{"taxonomy":"product_cat","embeddable":true,"href":"https:\/\/www.alfadu-amusement.com\/index.php?rest_route=%2Fwp%2Fv2%2Fproduct_cat&post=2484"},{"taxonomy":"product_tag","embeddable":true,"href":"https:\/\/www.alfadu-amusement.com\/index.php?rest_route=%2Fwp%2Fv2%2Fproduct_tag&post=2484"}],"curies":[{"name":"wp","href":"https:\/\/api.w.org\/{rel}","templated":true}]}}