{"id":2487,"date":"2025-10-09T09:36:21","date_gmt":"2025-10-09T09:36:21","guid":{"rendered":"https:\/\/www.alfadu-amusement.com\/?post_type=product&#038;p=2487"},"modified":"2025-10-09T09:36:21","modified_gmt":"2025-10-09T09:36:21","slug":"mini-train-touristique","status":"publish","type":"product","link":"https:\/\/www.alfadu-amusement.com\/?product=mini-train-touristique&lang=fr","title":{"rendered":"Mini train touristique"},"content":{"rendered":"<table border=\"0\" width=\"100%\" cellspacing=\"0\" cellpadding=\"0\">\n<tbody>\n<tr>\n<td>\n<pre id=\"tw-target-text\" class=\"tw-data-text tw-text-large tw-ta\" dir=\"ltr\" tabindex=\"-1\" role=\"text\" data-placeholder=\"Traduction\" data-ved=\"2ahUKEwi60NO25paQAxUCVKQEHdT1KpQQ3ewLegQIBRAV\" aria-label=\"Texte traduit\u00a0: Voitures\u00a0: 4 wagons\r\nCapacit\u00e9\u00a0: 18 passagers\r\n\u00c2ge recommand\u00e9\u00a0: 3 \u00e0 12\u00a0ans\r\nSyst\u00e8me d\u2019alimentation\u00a0: moteur et contr\u00f4leur\r\nTension de la batterie\u00a0: 48\u00a0V\/72\u00a0V\r\nTemps de charge\u00a0: 6 \u00e0 10\u00a0heures\r\nVitesse maximale\u00a0: \u2264\u00a05\u00a0km\/h\r\nRayon de braquage\u00a0: \u2265\u00a03\u00a0m\"><span class=\"Y2IQFc\" lang=\"fr\">Voitures<\/span><\/pre>\n<\/td>\n<td>\n<pre id=\"tw-target-text\" class=\"tw-data-text tw-text-large tw-ta\" dir=\"ltr\" tabindex=\"-1\" role=\"text\" data-placeholder=\"Traduction\" data-ved=\"2ahUKEwi60NO25paQAxUCVKQEHdT1KpQQ3ewLegQIBRAV\" aria-label=\"Texte traduit\u00a0: Voitures\u00a0: 4 wagons\r\nCapacit\u00e9\u00a0: 18 passagers\r\n\u00c2ge recommand\u00e9\u00a0: 3 \u00e0 12\u00a0ans\r\nSyst\u00e8me d\u2019alimentation\u00a0: moteur et contr\u00f4leur\r\nTension de la batterie\u00a0: 48\u00a0V\/72\u00a0V\r\nTemps de charge\u00a0: 6 \u00e0 10\u00a0heures\r\nVitesse maximale\u00a0: \u2264\u00a05\u00a0km\/h\r\nRayon de braquage\u00a0: \u2265\u00a03\u00a0m\"><span class=\"Y2IQFc\" lang=\"fr\">4 wagons<\/span><\/pre>\n<\/td>\n<\/tr>\n<tr>\n<td>Capacit\u00e9<\/td>\n<td>18 passagers<\/td>\n<\/tr>\n<tr>\n<td>\n<pre id=\"tw-target-text\" class=\"tw-data-text tw-text-large tw-ta\" dir=\"ltr\" tabindex=\"-1\" role=\"text\" data-placeholder=\"Traduction\" data-ved=\"2ahUKEwi60NO25paQAxUCVKQEHdT1KpQQ3ewLegQIBRAV\" aria-label=\"Texte traduit\u00a0: Voitures\u00a0: 4 wagons\r\nCapacit\u00e9\u00a0: 18 passagers\r\n\u00c2ge recommand\u00e9\u00a0: 3 \u00e0 12\u00a0ans\r\nSyst\u00e8me d\u2019alimentation\u00a0: moteur et contr\u00f4leur\r\nTension de la batterie\u00a0: 48\u00a0V\/72\u00a0V\r\nTemps de charge\u00a0: 6 \u00e0 10\u00a0heures\r\nVitesse maximale\u00a0: \u2264\u00a05\u00a0km\/h\r\nRayon de braquage\u00a0: \u2265\u00a03\u00a0m\"><span class=\"Y2IQFc\" lang=\"fr\">\u00c2ge recommand\u00e9<\/span><\/pre>\n<\/td>\n<td>3\u201312 Ans<\/td>\n<\/tr>\n<tr>\n<td>\n<pre id=\"tw-target-text\" class=\"tw-data-text tw-text-large tw-ta\" dir=\"ltr\" tabindex=\"-1\" role=\"text\" data-placeholder=\"Traduction\" data-ved=\"2ahUKEwi60NO25paQAxUCVKQEHdT1KpQQ3ewLegQIBRAV\" aria-label=\"Texte traduit\u00a0: Voitures\u00a0: 4 wagons\r\nCapacit\u00e9\u00a0: 18 passagers\r\n\u00c2ge recommand\u00e9\u00a0: 3 \u00e0 12\u00a0ans\r\nSyst\u00e8me d\u2019alimentation\u00a0: moteur et contr\u00f4leur\r\nTension de la batterie\u00a0: 48\u00a0V\/72\u00a0V\r\nTemps de charge\u00a0: 6 \u00e0 10\u00a0heures\r\nVitesse maximale\u00a0: \u2264\u00a05\u00a0km\/h\r\nRayon de braquage\u00a0: \u2265\u00a03\u00a0m\"><span class=\"Y2IQFc\" lang=\"fr\">Syst\u00e8me d\u2019alimentation<\/span><\/pre>\n<\/td>\n<td>\n<pre id=\"tw-target-text\" class=\"tw-data-text tw-text-large tw-ta\" dir=\"ltr\" tabindex=\"-1\" role=\"text\" data-placeholder=\"Traduction\" data-ved=\"2ahUKEwi60NO25paQAxUCVKQEHdT1KpQQ3ewLegQIBRAV\" aria-label=\"Texte traduit\u00a0: Voitures\u00a0: 4 wagons\r\nCapacit\u00e9\u00a0: 18 passagers\r\n\u00c2ge recommand\u00e9\u00a0: 3 \u00e0 12\u00a0ans\r\nSyst\u00e8me d\u2019alimentation\u00a0: moteur et contr\u00f4leur\r\nTension de la batterie\u00a0: 48\u00a0V\/72\u00a0V\r\nTemps de charge\u00a0: 6 \u00e0 10\u00a0heures\r\nVitesse maximale\u00a0: \u2264\u00a05\u00a0km\/h\r\nRayon de braquage\u00a0: \u2265\u00a03\u00a0m\"><span class=\"Y2IQFc\" lang=\"fr\">moteur et contr\u00f4leur<\/span><\/pre>\n<\/td>\n<\/tr>\n<tr>\n<td>\n<pre id=\"tw-target-text\" class=\"tw-data-text tw-text-large tw-ta\" dir=\"ltr\" tabindex=\"-1\" role=\"text\" data-placeholder=\"Traduction\" data-ved=\"2ahUKEwi60NO25paQAxUCVKQEHdT1KpQQ3ewLegQIBRAV\" aria-label=\"Texte traduit\u00a0: Voitures\u00a0: 4 wagons\r\nCapacit\u00e9\u00a0: 18 passagers\r\n\u00c2ge recommand\u00e9\u00a0: 3 \u00e0 12\u00a0ans\r\nSyst\u00e8me d\u2019alimentation\u00a0: moteur et contr\u00f4leur\r\nTension de la batterie\u00a0: 48\u00a0V\/72\u00a0V\r\nTemps de charge\u00a0: 6 \u00e0 10\u00a0heures\r\nVitesse maximale\u00a0: \u2264\u00a05\u00a0km\/h\r\nRayon de braquage\u00a0: \u2265\u00a03\u00a0m\"><span class=\"Y2IQFc\" lang=\"fr\">Tension de la batterie<\/span><\/pre>\n<\/td>\n<td>48V\/72V<\/td>\n<\/tr>\n<tr>\n<td>\n<pre id=\"tw-target-text\" class=\"tw-data-text tw-text-large tw-ta\" dir=\"ltr\" tabindex=\"-1\" role=\"text\" data-placeholder=\"Traduction\" data-ved=\"2ahUKEwi60NO25paQAxUCVKQEHdT1KpQQ3ewLegQIBRAV\" aria-label=\"Texte traduit\u00a0: Voitures\u00a0: 4 wagons\r\nCapacit\u00e9\u00a0: 18 passagers\r\n\u00c2ge recommand\u00e9\u00a0: 3 \u00e0 12\u00a0ans\r\nSyst\u00e8me d\u2019alimentation\u00a0: moteur et contr\u00f4leur\r\nTension de la batterie\u00a0: 48\u00a0V\/72\u00a0V\r\nTemps de charge\u00a0: 6 \u00e0 10\u00a0heures\r\nVitesse maximale\u00a0: \u2264\u00a05\u00a0km\/h\r\nRayon de braquage\u00a0: \u2265\u00a03\u00a0m\"><span class=\"Y2IQFc\" lang=\"fr\">Temps de charge<\/span><\/pre>\n<\/td>\n<td>6\u201310 heures<\/td>\n<\/tr>\n<tr>\n<td>\n<pre id=\"tw-target-text\" class=\"tw-data-text tw-text-large tw-ta\" dir=\"ltr\" tabindex=\"-1\" role=\"text\" data-placeholder=\"Traduction\" data-ved=\"2ahUKEwi60NO25paQAxUCVKQEHdT1KpQQ3ewLegQIBRAV\" aria-label=\"Texte traduit\u00a0: Voitures\u00a0: 4 wagons\r\nCapacit\u00e9\u00a0: 18 passagers\r\n\u00c2ge recommand\u00e9\u00a0: 3 \u00e0 12\u00a0ans\r\nSyst\u00e8me d\u2019alimentation\u00a0: moteur et contr\u00f4leur\r\nTension de la batterie\u00a0: 48\u00a0V\/72\u00a0V\r\nTemps de charge\u00a0: 6 \u00e0 10\u00a0heures\r\nVitesse maximale\u00a0: \u2264\u00a05\u00a0km\/h\r\nRayon de braquage\u00a0: \u2265\u00a03\u00a0m\"><span class=\"Y2IQFc\" lang=\"fr\">Vitesse maximale<\/span><\/pre>\n<\/td>\n<td>\u22645 km\/h<\/td>\n<\/tr>\n<tr>\n<td>\n<pre id=\"tw-target-text\" class=\"tw-data-text tw-text-large tw-ta\" dir=\"ltr\" tabindex=\"-1\" role=\"text\" data-placeholder=\"Traduction\" data-ved=\"2ahUKEwi60NO25paQAxUCVKQEHdT1KpQQ3ewLegQIBRAV\" aria-label=\"Texte traduit\u00a0: Voitures\u00a0: 4 wagons\r\nCapacit\u00e9\u00a0: 18 passagers\r\n\u00c2ge recommand\u00e9\u00a0: 3 \u00e0 12\u00a0ans\r\nSyst\u00e8me d\u2019alimentation\u00a0: moteur et contr\u00f4leur\r\nTension de la batterie\u00a0: 48\u00a0V\/72\u00a0V\r\nTemps de charge\u00a0: 6 \u00e0 10\u00a0heures\r\nVitesse maximale\u00a0: \u2264\u00a05\u00a0km\/h\r\nRayon de braquage\u00a0: \u2265\u00a03\u00a0m\"><span class=\"Y2IQFc\" lang=\"fr\">Rayon de braquage<\/span><\/pre>\n<\/td>\n<td>\u22653m<\/td>\n<\/tr>\n<\/tbody>\n<\/table>\n","protected":false},"excerpt":{"rendered":"<div id=\"index_1\" class=\"boxtit padtop\">\n<p><strong>Description<\/strong><br \/>\nLe Mini Train Sans Rails pour Enfants est un train \u00e9lectrique sp\u00e9cialement con\u00e7u pour les enfants de 3 \u00e0 12 ans, largement utilis\u00e9 dans les aires de jeux, les centres commerciaux, les sites touristiques, les r\u00e9sidences et les \u00e9v\u00e9nements festifs. Aliment\u00e9 par une \u00e9lectricit\u00e9 \u00e9cologique, il ne n\u00e9cessite aucune installation de rails et peut circuler librement sur des surfaces planes et pav\u00e9es, offrant une grande flexibilit\u00e9, un fonctionnement fluide et un faible niveau sonore.<\/p>\n<p>Ce train pr\u00e9sente un design mignon et vivant, avec des th\u00e8mes r\u00e9currents tels que des animaux de dessins anim\u00e9s, des ch\u00e2teaux de contes de f\u00e9es ou des aventures en for\u00eat, tous personnalisables. Il comprend g\u00e9n\u00e9ralement 2 \u00e0 4 wagons, chacun \u00e9quip\u00e9 de si\u00e8ges de s\u00e9curit\u00e9 et de rampes. La cabine du conducteur est \u00e9quip\u00e9e d&rsquo;un panneau de commande permettant le pilotage par le personnel ou le mode patrouille automatique. Associ\u00e9 \u00e0 une musique entra\u00eenante et \u00e0 un \u00e9clairage LED, il cr\u00e9e une atmosph\u00e8re chaleureuse et joyeuse.<\/p>\n<\/div>\n<div>\n<div><\/div>\n<div>\n<p>\u00a0 \u00a0 \u00a0Les enfants s&rsquo;amusent \u00e0 parcourir le site et d\u00e9couvrent le plaisir d&rsquo;\u00eatre un \u00ab petit passager \u00bb tout en d\u00e9veloppant leur perception spatiale et leurs interactions sociales, ce qui en fait une attraction interactive appr\u00e9ci\u00e9e des familles.<\/p>\n<p>Sans rails et flexible : Fonctionne sur des surfaces planes et dures (b\u00e9ton, carrelage, asphalte) sans installation de rails, ce qui s&rsquo;adapte \u00e0 divers sites.<br \/>\nS\u00fbr et fiable\u00a0: \u00c9quip\u00e9 de ceintures de s\u00e9curit\u00e9, d&rsquo;une conception anti-pincement, d&rsquo;un arr\u00eat d&rsquo;urgence et d&rsquo;une protection \u00e0 basse vitesse.<br \/>\nFacile \u00e0 utiliser\u00a0: D\u00e9marrage par un seul bouton, prise en charge de la conduite manuelle ou du fonctionnement automatique en boucle chronom\u00e9tr\u00e9e.<br \/>\nVisuellement attrayant\u00a0: Couleurs vives et design de style dessin anim\u00e9, avec musique et lumi\u00e8res LED, attirent instantan\u00e9ment l&rsquo;attention.<br \/>\nUtilisation polyvalente\u00a0: Peut servir de v\u00e9hicule de promenade, de navette, de visite de marque ou de v\u00e9hicule de d\u00e9fil\u00e9 festif.<br \/>\nFaible entretien\u00a0: Structure simple, entretien quotidien facile, longue dur\u00e9e de vie.<\/p>\n<\/div>\n<div id=\"metinfo_additional\"><\/div>\n<\/div>\n<div id=\"index_2\" class=\"boxtit\">\n<h6><\/h6>\n<p>&nbsp;<\/p>\n<\/div>\n","protected":false},"featured_media":1986,"template":"","meta":[],"product_brand":[],"product_cat":[240,250],"product_tag":[],"class_list":{"0":"post-2487","1":"product","2":"type-product","3":"status-publish","4":"has-post-thumbnail","6":"product_cat-manege-familial","7":"product_cat-train-touristique","9":"first","10":"instock","11":"shipping-taxable","12":"product-type-simple"},"_links":{"self":[{"href":"https:\/\/www.alfadu-amusement.com\/index.php?rest_route=\/wp\/v2\/product\/2487","targetHints":{"allow":["GET"]}}],"collection":[{"href":"https:\/\/www.alfadu-amusement.com\/index.php?rest_route=\/wp\/v2\/product"}],"about":[{"href":"https:\/\/www.alfadu-amusement.com\/index.php?rest_route=\/wp\/v2\/types\/product"}],"wp:featuredmedia":[{"embeddable":true,"href":"https:\/\/www.alfadu-amusement.com\/index.php?rest_route=\/wp\/v2\/media\/1986"}],"wp:attachment":[{"href":"https:\/\/www.alfadu-amusement.com\/index.php?rest_route=%2Fwp%2Fv2%2Fmedia&parent=2487"}],"wp:term":[{"taxonomy":"product_brand","embeddable":true,"href":"https:\/\/www.alfadu-amusement.com\/index.php?rest_route=%2Fwp%2Fv2%2Fproduct_brand&post=2487"},{"taxonomy":"product_cat","embeddable":true,"href":"https:\/\/www.alfadu-amusement.com\/index.php?rest_route=%2Fwp%2Fv2%2Fproduct_cat&post=2487"},{"taxonomy":"product_tag","embeddable":true,"href":"https:\/\/www.alfadu-amusement.com\/index.php?rest_route=%2Fwp%2Fv2%2Fproduct_tag&post=2487"}],"curies":[{"name":"wp","href":"https:\/\/api.w.org\/{rel}","templated":true}]}}