{"id":2490,"date":"2025-10-09T09:38:22","date_gmt":"2025-10-09T09:38:22","guid":{"rendered":"https:\/\/www.alfadu-amusement.com\/?post_type=product&#038;p=2490"},"modified":"2025-10-09T09:38:22","modified_gmt":"2025-10-09T09:38:22","slug":"crown-carriage-one-drag-three","status":"publish","type":"product","link":"https:\/\/www.alfadu-amusement.com\/?product=crown-carriage-one-drag-three&lang=fr","title":{"rendered":"Crown carriage (One drag three)"},"content":{"rendered":"<p>Capacit\u00e9 :18<br \/>\nDimensions :\u00a0L10.8*W1.68*H2.73<\/p>\n<p>Puissance :\u00a0 3 0 0 0 W<\/p>\n<p>Battery\u00a0 :\u00a048 V 1 0 0A<\/p>\n","protected":false},"excerpt":{"rendered":"<div id=\"index_1\" class=\"boxtit padtop\">\n<h6><\/h6>\n<p><strong>Description<\/strong><\/p>\n<p>Les trois wagons color\u00e9s sont reli\u00e9s entre eux et circulent sur les voies lorsque les passagers sont d\u00e9j\u00e0 l\u00e0, sous les lumi\u00e8res et la musique si appr\u00e9ci\u00e9es du public.<\/p>\n<\/div>\n<div id=\"index_2\" class=\"boxtit\">\n<h6><\/h6>\n<\/div>\n","protected":false},"featured_media":1978,"template":"","meta":[],"product_brand":[],"product_cat":[240,250],"product_tag":[],"class_list":{"0":"post-2490","1":"product","2":"type-product","3":"status-publish","4":"has-post-thumbnail","6":"product_cat-manege-familial","7":"product_cat-train-touristique","9":"first","10":"instock","11":"shipping-taxable","12":"product-type-simple"},"_links":{"self":[{"href":"https:\/\/www.alfadu-amusement.com\/index.php?rest_route=\/wp\/v2\/product\/2490","targetHints":{"allow":["GET"]}}],"collection":[{"href":"https:\/\/www.alfadu-amusement.com\/index.php?rest_route=\/wp\/v2\/product"}],"about":[{"href":"https:\/\/www.alfadu-amusement.com\/index.php?rest_route=\/wp\/v2\/types\/product"}],"wp:featuredmedia":[{"embeddable":true,"href":"https:\/\/www.alfadu-amusement.com\/index.php?rest_route=\/wp\/v2\/media\/1978"}],"wp:attachment":[{"href":"https:\/\/www.alfadu-amusement.com\/index.php?rest_route=%2Fwp%2Fv2%2Fmedia&parent=2490"}],"wp:term":[{"taxonomy":"product_brand","embeddable":true,"href":"https:\/\/www.alfadu-amusement.com\/index.php?rest_route=%2Fwp%2Fv2%2Fproduct_brand&post=2490"},{"taxonomy":"product_cat","embeddable":true,"href":"https:\/\/www.alfadu-amusement.com\/index.php?rest_route=%2Fwp%2Fv2%2Fproduct_cat&post=2490"},{"taxonomy":"product_tag","embeddable":true,"href":"https:\/\/www.alfadu-amusement.com\/index.php?rest_route=%2Fwp%2Fv2%2Fproduct_tag&post=2490"}],"curies":[{"name":"wp","href":"https:\/\/api.w.org\/{rel}","templated":true}]}}