{"id":2496,"date":"2025-10-09T10:11:33","date_gmt":"2025-10-09T10:11:33","guid":{"rendered":"https:\/\/www.alfadu-amusement.com\/?post_type=product&#038;p=2496"},"modified":"2025-10-09T10:11:33","modified_gmt":"2025-10-09T10:11:33","slug":"train-a-chenilles","status":"publish","type":"product","link":"https:\/\/www.alfadu-amusement.com\/?product=train-a-chenilles&lang=fr","title":{"rendered":"Train \u00e0 chenilles"},"content":{"rendered":"<table border=\"0\" width=\"100%\" cellspacing=\"0\" cellpadding=\"0\">\n<tbody>\n<tr>\n<td>Cabin No.<\/td>\n<td>6<\/td>\n<\/tr>\n<tr>\n<td>Capacit\u00e9<\/td>\n<td>6<\/td>\n<\/tr>\n<tr>\n<td>Superficie<\/td>\n<td>16*8m<\/td>\n<\/tr>\n<tr>\n<td>Hauteur<\/td>\n<td>1.7m<\/td>\n<\/tr>\n<tr>\n<td>Puissance<\/td>\n<td>13KW<\/td>\n<\/tr>\n<tr>\n<td>Poids<\/td>\n<td>4T<\/td>\n<\/tr>\n<tr>\n<td>Voltage<\/td>\n<td>380V<\/td>\n<\/tr>\n<\/tbody>\n<\/table>\n","protected":false},"excerpt":{"rendered":"<div id=\"index_1\" class=\"boxtit padtop\">\n<p><strong>Description<\/strong><\/p>\n<p>Le Train des Poussins est une attraction ludique et divertissante, d\u00e9cor\u00e9e avec des couleurs vives sur le th\u00e8me des Poussins. Il offre une exp\u00e9rience ludique et conviviale o\u00f9 les passagers parcourent des sc\u00e8nes retra\u00e7ant les diff\u00e9rentes histoires des Poussins. Parfait pour tous les \u00e2ges, il allie divertissement et message ultime de foi et d&rsquo;inspiration.<\/p>\n<\/div>\n","protected":false},"featured_media":2177,"template":"","meta":[],"product_brand":[],"product_cat":[240,246],"product_tag":[],"class_list":{"0":"post-2496","1":"product","2":"type-product","3":"status-publish","4":"has-post-thumbnail","6":"product_cat-manege-familial","7":"product_cat-montagnes-russes","9":"first","10":"instock","11":"shipping-taxable","12":"product-type-simple"},"_links":{"self":[{"href":"https:\/\/www.alfadu-amusement.com\/index.php?rest_route=\/wp\/v2\/product\/2496","targetHints":{"allow":["GET"]}}],"collection":[{"href":"https:\/\/www.alfadu-amusement.com\/index.php?rest_route=\/wp\/v2\/product"}],"about":[{"href":"https:\/\/www.alfadu-amusement.com\/index.php?rest_route=\/wp\/v2\/types\/product"}],"wp:featuredmedia":[{"embeddable":true,"href":"https:\/\/www.alfadu-amusement.com\/index.php?rest_route=\/wp\/v2\/media\/2177"}],"wp:attachment":[{"href":"https:\/\/www.alfadu-amusement.com\/index.php?rest_route=%2Fwp%2Fv2%2Fmedia&parent=2496"}],"wp:term":[{"taxonomy":"product_brand","embeddable":true,"href":"https:\/\/www.alfadu-amusement.com\/index.php?rest_route=%2Fwp%2Fv2%2Fproduct_brand&post=2496"},{"taxonomy":"product_cat","embeddable":true,"href":"https:\/\/www.alfadu-amusement.com\/index.php?rest_route=%2Fwp%2Fv2%2Fproduct_cat&post=2496"},{"taxonomy":"product_tag","embeddable":true,"href":"https:\/\/www.alfadu-amusement.com\/index.php?rest_route=%2Fwp%2Fv2%2Fproduct_tag&post=2496"}],"curies":[{"name":"wp","href":"https:\/\/api.w.org\/{rel}","templated":true}]}}