{"id":2499,"date":"2025-10-09T10:14:45","date_gmt":"2025-10-09T10:14:45","guid":{"rendered":"https:\/\/www.alfadu-amusement.com\/?post_type=product&#038;p=2499"},"modified":"2025-12-09T23:07:56","modified_gmt":"2025-12-09T23:07:56","slug":"train-de-piste-de-fruits","status":"publish","type":"product","link":"https:\/\/www.alfadu-amusement.com\/?product=train-de-piste-de-fruits&lang=fr","title":{"rendered":"Train de piste de fruits"},"content":{"rendered":"<p>&nbsp;<\/p>\n<table border=\"0\" width=\"100%\" cellspacing=\"0\" cellpadding=\"0\">\n<tbody>\n<tr>\n<td>Model Num\u00e9ro<\/td>\n<td>D7<\/td>\n<\/tr>\n<tr>\n<td>Superficies<\/td>\n<td>10*14m<\/td>\n<\/tr>\n<tr>\n<td>Hauteur sup\u00e9rieure du rail<\/td>\n<td>1m<\/td>\n<\/tr>\n<tr>\n<td>Puissance<\/td>\n<td>5KW<\/td>\n<\/tr>\n<tr>\n<td>Vitesse<\/td>\n<td>17km\/h<\/td>\n<\/tr>\n<tr>\n<td>Capacit\u00e9<\/td>\n<td>12 personnes<\/td>\n<\/tr>\n<tr>\n<td>Mat\u00e9riaux<\/td>\n<td>Fiberglass,stainless steel<\/td>\n<\/tr>\n<tr>\n<td>Certificat<\/td>\n<td>ISO9001, BV,TUV,SONCAP,CE<\/td>\n<\/tr>\n<tr>\n<td>Garantie<\/td>\n<td>12 Mois<\/td>\n<\/tr>\n<tr>\n<td>Utilisation<\/td>\n<td>Parc \u00e0 th\u00e8me, Parc d&rsquo;attractions, Aire de jeux<\/td>\n<\/tr>\n<\/tbody>\n<\/table>\n<p><iframe title=\"Fruit Track Train Mini Roller Coaster\" width=\"563\" height=\"1000\" src=\"https:\/\/www.youtube.com\/embed\/LyyojwY54AE?feature=oembed\" frameborder=\"0\" allow=\"accelerometer; autoplay; clipboard-write; encrypted-media; gyroscope; picture-in-picture; web-share\" referrerpolicy=\"strict-origin-when-cross-origin\" allowfullscreen><\/iframe><\/p>\n<p>&nbsp;<\/p>\n","protected":false},"excerpt":{"rendered":"<p>&nbsp; Model Num\u00e9ro D7 Superficies 10*14m Hauteur sup\u00e9rieure du rail 1m Puissance 5KW Vitesse 17km\/h Capacit\u00e9 12 personnes Mat\u00e9riaux Fiberglass,stainless steel Certificat ISO9001, BV,TUV,SONCAP,CE Garantie 12 Mois Utilisation Parc \u00e0 th\u00e8me, Parc d&rsquo;attractions, Aire de jeux &nbsp;<\/p>\n","protected":false},"featured_media":2173,"template":"","meta":[],"product_brand":[],"product_cat":[240,246],"product_tag":[],"class_list":{"0":"post-2499","1":"product","2":"type-product","3":"status-publish","4":"has-post-thumbnail","6":"product_cat-manege-familial","7":"product_cat-montagnes-russes","9":"first","10":"instock","11":"shipping-taxable","12":"product-type-simple"},"_links":{"self":[{"href":"https:\/\/www.alfadu-amusement.com\/index.php?rest_route=\/wp\/v2\/product\/2499","targetHints":{"allow":["GET"]}}],"collection":[{"href":"https:\/\/www.alfadu-amusement.com\/index.php?rest_route=\/wp\/v2\/product"}],"about":[{"href":"https:\/\/www.alfadu-amusement.com\/index.php?rest_route=\/wp\/v2\/types\/product"}],"wp:featuredmedia":[{"embeddable":true,"href":"https:\/\/www.alfadu-amusement.com\/index.php?rest_route=\/wp\/v2\/media\/2173"}],"wp:attachment":[{"href":"https:\/\/www.alfadu-amusement.com\/index.php?rest_route=%2Fwp%2Fv2%2Fmedia&parent=2499"}],"wp:term":[{"taxonomy":"product_brand","embeddable":true,"href":"https:\/\/www.alfadu-amusement.com\/index.php?rest_route=%2Fwp%2Fv2%2Fproduct_brand&post=2499"},{"taxonomy":"product_cat","embeddable":true,"href":"https:\/\/www.alfadu-amusement.com\/index.php?rest_route=%2Fwp%2Fv2%2Fproduct_cat&post=2499"},{"taxonomy":"product_tag","embeddable":true,"href":"https:\/\/www.alfadu-amusement.com\/index.php?rest_route=%2Fwp%2Fv2%2Fproduct_tag&post=2499"}],"curies":[{"name":"wp","href":"https:\/\/api.w.org\/{rel}","templated":true}]}}