{"id":2508,"date":"2025-10-09T10:40:42","date_gmt":"2025-10-09T10:40:42","guid":{"rendered":"https:\/\/www.alfadu-amusement.com\/?post_type=product&#038;p=2508"},"modified":"2025-10-09T10:40:43","modified_gmt":"2025-10-09T10:40:43","slug":"65m-grande-roue-panoramique","status":"publish","type":"product","link":"https:\/\/www.alfadu-amusement.com\/?product=65m-grande-roue-panoramique&lang=fr","title":{"rendered":"65m grande roue Panoramique"},"content":{"rendered":"<table border=\"0\" width=\"100%\" cellspacing=\"0\" cellpadding=\"0\">\n<tbody>\n<tr>\n<td>Model Num\u00e9ro<\/td>\n<td>E6<\/td>\n<\/tr>\n<tr>\n<td>Article<\/td>\n<td>Man\u00e8ge d&rsquo;attractions grande roue<\/td>\n<\/tr>\n<tr>\n<td>Hauteur<\/td>\n<td>65m<\/td>\n<\/tr>\n<tr>\n<td>Puissance<\/td>\n<td>35KW<\/td>\n<\/tr>\n<tr>\n<td>Voltage<\/td>\n<td>380V<\/td>\n<\/tr>\n<tr>\n<td>Cabine No.<\/td>\n<td>36<\/td>\n<\/tr>\n<tr>\n<td>Capacit\u00e9<\/td>\n<td>144 personnes<\/td>\n<\/tr>\n<tr>\n<td>Utilisation<\/td>\n<td>environ 8 ans<\/td>\n<\/tr>\n<tr>\n<td>Certificat<\/td>\n<td>ISO9001, BV, TUV, CE etc.<\/td>\n<\/tr>\n<tr>\n<td>Garantie<\/td>\n<td>1 An<\/td>\n<\/tr>\n<\/tbody>\n<\/table>\n","protected":false},"excerpt":{"rendered":"<p>Model Num\u00e9ro E6 Article Man\u00e8ge d&rsquo;attractions grande roue Hauteur 65m Puissance 35KW Voltage 380V Cabine No. 36 Capacit\u00e9 144 personnes Utilisation environ 8 ans Certificat ISO9001, BV, TUV, CE etc. Garantie 1 An<\/p>\n","protected":false},"featured_media":2016,"template":"","meta":[],"product_brand":[],"product_cat":[244,240],"product_tag":[],"class_list":{"0":"post-2508","1":"product","2":"type-product","3":"status-publish","4":"has-post-thumbnail","6":"product_cat-grande-roue-panoramique","7":"product_cat-manege-familial","9":"first","10":"instock","11":"shipping-taxable","12":"product-type-simple"},"_links":{"self":[{"href":"https:\/\/www.alfadu-amusement.com\/index.php?rest_route=\/wp\/v2\/product\/2508","targetHints":{"allow":["GET"]}}],"collection":[{"href":"https:\/\/www.alfadu-amusement.com\/index.php?rest_route=\/wp\/v2\/product"}],"about":[{"href":"https:\/\/www.alfadu-amusement.com\/index.php?rest_route=\/wp\/v2\/types\/product"}],"wp:featuredmedia":[{"embeddable":true,"href":"https:\/\/www.alfadu-amusement.com\/index.php?rest_route=\/wp\/v2\/media\/2016"}],"wp:attachment":[{"href":"https:\/\/www.alfadu-amusement.com\/index.php?rest_route=%2Fwp%2Fv2%2Fmedia&parent=2508"}],"wp:term":[{"taxonomy":"product_brand","embeddable":true,"href":"https:\/\/www.alfadu-amusement.com\/index.php?rest_route=%2Fwp%2Fv2%2Fproduct_brand&post=2508"},{"taxonomy":"product_cat","embeddable":true,"href":"https:\/\/www.alfadu-amusement.com\/index.php?rest_route=%2Fwp%2Fv2%2Fproduct_cat&post=2508"},{"taxonomy":"product_tag","embeddable":true,"href":"https:\/\/www.alfadu-amusement.com\/index.php?rest_route=%2Fwp%2Fv2%2Fproduct_tag&post=2508"}],"curies":[{"name":"wp","href":"https:\/\/api.w.org\/{rel}","templated":true}]}}