{"id":2517,"date":"2025-10-09T11:07:58","date_gmt":"2025-10-09T11:07:58","guid":{"rendered":"https:\/\/www.alfadu-amusement.com\/?post_type=product&#038;p=2517"},"modified":"2025-10-09T11:07:58","modified_gmt":"2025-10-09T11:07:58","slug":"carrousel-16-places","status":"publish","type":"product","link":"https:\/\/www.alfadu-amusement.com\/?product=carrousel-16-places&lang=fr","title":{"rendered":"Carrousel 16 places"},"content":{"rendered":"<p>&nbsp;<\/p>\n<table border=\"0\" width=\"100%\" cellspacing=\"0\" cellpadding=\"0\">\n<tbody>\n<tr>\n<td>Tension d&rsquo;entr\u00e9e<\/td>\n<td>AC380V220V-50HZ<\/td>\n<\/tr>\n<tr>\n<td>Puissance Totale<\/td>\n<td>3KW transmission sur le moteur de d\u00e9c\u00e9l\u00e9ration<\/td>\n<\/tr>\n<tr>\n<td>Surface au sol<\/td>\n<td>\u03a6 7M (y compris la cl\u00f4ture)<\/td>\n<\/tr>\n<tr>\n<td>Diam\u00e8tre de rotation<\/td>\n<td>\u00a0\u03a6 5.5M<\/td>\n<\/tr>\n<tr>\n<td>Hauteur de\u00a0 l&rsquo;\u00e9quipement<\/td>\n<td>6.9M<\/td>\n<\/tr>\n<tr>\n<td>Hauteur d&rsquo;ondulation de la cabine<\/td>\n<td>\u2264 1.1M<\/td>\n<\/tr>\n<tr>\n<td>Vitesse de fonctionnement<\/td>\n<td>\u2264 0.6M\/s<\/td>\n<\/tr>\n<tr>\n<td>Poids total de la machine<\/td>\n<td>\u00a04.5T<\/td>\n<\/tr>\n<tr>\n<td>Capacit\u00e9<\/td>\n<td>16 personne<\/td>\n<\/tr>\n<\/tbody>\n<\/table>\n","protected":false},"excerpt":{"rendered":"<p>&nbsp; Tension d&rsquo;entr\u00e9e AC380V220V-50HZ Puissance Totale 3KW transmission sur le moteur de d\u00e9c\u00e9l\u00e9ration Surface au sol \u03a6 7M (y compris la cl\u00f4ture) Diam\u00e8tre de rotation \u00a0\u03a6 5.5M Hauteur de\u00a0 l&rsquo;\u00e9quipement 6.9M Hauteur d&rsquo;ondulation de la cabine \u2264 1.1M Vitesse de fonctionnement \u2264 0.6M\/s Poids total de la machine \u00a04.5T Capacit\u00e9 16 personne<\/p>\n","protected":false},"featured_media":2129,"template":"","meta":[],"product_brand":[],"product_cat":[242,240],"product_tag":[],"class_list":{"0":"post-2517","1":"product","2":"type-product","3":"status-publish","4":"has-post-thumbnail","6":"product_cat-carrousels","7":"product_cat-manege-familial","9":"first","10":"instock","11":"shipping-taxable","12":"product-type-simple"},"_links":{"self":[{"href":"https:\/\/www.alfadu-amusement.com\/index.php?rest_route=\/wp\/v2\/product\/2517","targetHints":{"allow":["GET"]}}],"collection":[{"href":"https:\/\/www.alfadu-amusement.com\/index.php?rest_route=\/wp\/v2\/product"}],"about":[{"href":"https:\/\/www.alfadu-amusement.com\/index.php?rest_route=\/wp\/v2\/types\/product"}],"wp:featuredmedia":[{"embeddable":true,"href":"https:\/\/www.alfadu-amusement.com\/index.php?rest_route=\/wp\/v2\/media\/2129"}],"wp:attachment":[{"href":"https:\/\/www.alfadu-amusement.com\/index.php?rest_route=%2Fwp%2Fv2%2Fmedia&parent=2517"}],"wp:term":[{"taxonomy":"product_brand","embeddable":true,"href":"https:\/\/www.alfadu-amusement.com\/index.php?rest_route=%2Fwp%2Fv2%2Fproduct_brand&post=2517"},{"taxonomy":"product_cat","embeddable":true,"href":"https:\/\/www.alfadu-amusement.com\/index.php?rest_route=%2Fwp%2Fv2%2Fproduct_cat&post=2517"},{"taxonomy":"product_tag","embeddable":true,"href":"https:\/\/www.alfadu-amusement.com\/index.php?rest_route=%2Fwp%2Fv2%2Fproduct_tag&post=2517"}],"curies":[{"name":"wp","href":"https:\/\/api.w.org\/{rel}","templated":true}]}}