{"id":2543,"date":"2025-10-09T14:50:56","date_gmt":"2025-10-09T14:50:56","guid":{"rendered":"https:\/\/www.alfadu-amusement.com\/?post_type=product&#038;p=2543"},"modified":"2025-10-14T08:31:48","modified_gmt":"2025-10-14T08:31:48","slug":"train-a-voie-deau-2","status":"publish","type":"product","link":"https:\/\/www.alfadu-amusement.com\/?product=train-a-voie-deau-2&lang=fr","title":{"rendered":"Train \u00e0 voie d&rsquo;eau"},"content":{"rendered":"<table border=\"0\" cellspacing=\"0\" cellpadding=\"0\">\n<tbody>\n<tr>\n<td>\n<pre id=\"tw-target-text\" class=\"tw-data-text tw-text-large tw-ta\" dir=\"ltr\" tabindex=\"-1\" role=\"text\" data-placeholder=\"Traduction\" data-ved=\"2ahUKEwiDm_S9oqOQAxVtUqQEHWegNdoQ3ewLegQICxAV\" aria-label=\"Texte traduit\u00a0: Tension\u00a0: 380\u00a0V\r\nPuissance maximale\u00a0: 20\u00a0kW\r\nCapacit\u00e9\u00a0: 10\u00a0personnes (enfants inclus)\r\nHauteur maximale de l\u2019\u00e9quipement\u00a0: 3,5\u00a0m\r\nSurface au sol\u00a0: environ 20\u00a0m x 10\u00a0m\r\nPoids total\u00a0: 35\u00a0tonnes (poids de l\u2019eau inclus)\r\nVitesse\u00a0: 3 \u00e0 3,5\u00a0minutes\/tour\r\nHauteur de fonctionnement\u00a0: 1,85\u00a0m\"><span class=\"Y2IQFc\" lang=\"fr\">Tension\u00a0<\/span><\/pre>\n<\/td>\n<td>380V<\/td>\n<\/tr>\n<tr>\n<td>\n<pre id=\"tw-target-text\" class=\"tw-data-text tw-text-large tw-ta\" dir=\"ltr\" tabindex=\"-1\" role=\"text\" data-placeholder=\"Traduction\" data-ved=\"2ahUKEwiDm_S9oqOQAxVtUqQEHWegNdoQ3ewLegQICxAV\" aria-label=\"Texte traduit\u00a0: Tension\u00a0: 380\u00a0V\r\nPuissance maximale\u00a0: 20\u00a0kW\r\nCapacit\u00e9\u00a0: 10\u00a0personnes (enfants inclus)\r\nHauteur maximale de l\u2019\u00e9quipement\u00a0: 3,5\u00a0m\r\nSurface au sol\u00a0: environ 20\u00a0m x 10\u00a0m\r\nPoids total\u00a0: 35\u00a0tonnes (poids de l\u2019eau inclus)\r\nVitesse\u00a0: 3 \u00e0 3,5\u00a0minutes\/tour\r\nHauteur de fonctionnement\u00a0: 1,85\u00a0m\"><span class=\"Y2IQFc\" lang=\"fr\">Puissance maximale<\/span><\/pre>\n<\/td>\n<td>20KW<\/td>\n<\/tr>\n<tr>\n<td>\n<pre id=\"tw-target-text\" class=\"tw-data-text tw-text-large tw-ta\" dir=\"ltr\" tabindex=\"-1\" role=\"text\" data-placeholder=\"Traduction\" data-ved=\"2ahUKEwiDm_S9oqOQAxVtUqQEHWegNdoQ3ewLegQICxAV\" aria-label=\"Texte traduit\u00a0: Tension\u00a0: 380\u00a0V\r\nPuissance maximale\u00a0: 20\u00a0kW\r\nCapacit\u00e9\u00a0: 10\u00a0personnes (enfants inclus)\r\nHauteur maximale de l\u2019\u00e9quipement\u00a0: 3,5\u00a0m\r\nSurface au sol\u00a0: environ 20\u00a0m x 10\u00a0m\r\nPoids total\u00a0: 35\u00a0tonnes (poids de l\u2019eau inclus)\r\nVitesse\u00a0: 3 \u00e0 3,5\u00a0minutes\/tour\r\nHauteur de fonctionnement\u00a0: 1,85\u00a0m\"><span class=\"Y2IQFc\" lang=\"fr\">Capacit\u00e9<\/span><\/pre>\n<\/td>\n<td>\n<p id=\"tw-target-text\" class=\"tw-data-text tw-text-large tw-ta\" dir=\"ltr\" tabindex=\"-1\" role=\"text\" data-placeholder=\"Traduction\" data-ved=\"2ahUKEwiDm_S9oqOQAxVtUqQEHWegNdoQ3ewLegQICxAV\" aria-label=\"Texte traduit\u00a0: Tension\u00a0: 380\u00a0V\nPuissance maximale\u00a0: 20\u00a0kW\nCapacit\u00e9\u00a0: 10\u00a0personnes (enfants inclus)\nHauteur maximale de l\u2019\u00e9quipement\u00a0: 3,5\u00a0m\nSurface au sol\u00a0: environ 20\u00a0m x 10\u00a0m\nPoids total\u00a0: 35\u00a0tonnes (poids de l\u2019eau inclus)\nVitesse\u00a0: 3 \u00e0 3,5\u00a0minutes\/tour\nHauteur de fonctionnement\u00a0: 1,85\u00a0m\"><span class=\"Y2IQFc\" lang=\"fr\">10\u00a0personnes (enfants inclus)<\/span><\/p>\n<\/td>\n<\/tr>\n<tr>\n<td>\n<pre id=\"tw-target-text\" class=\"tw-data-text tw-text-large tw-ta\" dir=\"ltr\" tabindex=\"-1\" role=\"text\" data-placeholder=\"Traduction\" data-ved=\"2ahUKEwiDm_S9oqOQAxVtUqQEHWegNdoQ3ewLegQICxAV\" aria-label=\"Texte traduit\u00a0: Tension\u00a0: 380\u00a0V\r\nPuissance maximale\u00a0: 20\u00a0kW\r\nCapacit\u00e9\u00a0: 10\u00a0personnes (enfants inclus)\r\nHauteur maximale de l\u2019\u00e9quipement\u00a0: 3,5\u00a0m\r\nSurface au sol\u00a0: environ 20\u00a0m x 10\u00a0m\r\nPoids total\u00a0: 35\u00a0tonnes (poids de l\u2019eau inclus)\r\nVitesse\u00a0: 3 \u00e0 3,5\u00a0minutes\/tour\r\nHauteur de fonctionnement\u00a0: 1,85\u00a0m\"><span class=\"Y2IQFc\" lang=\"fr\">Hauteur maximale de l\u2019\u00e9quipement\u00a0<\/span><\/pre>\n<\/td>\n<td>3.5M<\/td>\n<\/tr>\n<tr>\n<td>\n<pre id=\"tw-target-text\" class=\"tw-data-text tw-text-large tw-ta\" dir=\"ltr\" tabindex=\"-1\" role=\"text\" data-placeholder=\"Traduction\" data-ved=\"2ahUKEwiDm_S9oqOQAxVtUqQEHWegNdoQ3ewLegQICxAV\" aria-label=\"Texte traduit\u00a0: Tension\u00a0: 380\u00a0V\r\nPuissance maximale\u00a0: 20\u00a0kW\r\nCapacit\u00e9\u00a0: 10\u00a0personnes (enfants inclus)\r\nHauteur maximale de l\u2019\u00e9quipement\u00a0: 3,5\u00a0m\r\nSurface au sol\u00a0: environ 20\u00a0m x 10\u00a0m\r\nPoids total\u00a0: 35\u00a0tonnes (poids de l\u2019eau inclus)\r\nVitesse\u00a0: 3 \u00e0 3,5\u00a0minutes\/tour\r\nHauteur de fonctionnement\u00a0: 1,85\u00a0m\"><span class=\"Y2IQFc\" lang=\"fr\">Surface au sol<\/span><\/pre>\n<\/td>\n<td>\n<p id=\"tw-target-text\" class=\"tw-data-text tw-text-large tw-ta\" dir=\"ltr\" tabindex=\"-1\" role=\"text\" data-placeholder=\"Traduction\" data-ved=\"2ahUKEwiDm_S9oqOQAxVtUqQEHWegNdoQ3ewLegQICxAV\" aria-label=\"Texte traduit\u00a0: Tension\u00a0: 380\u00a0V\nPuissance maximale\u00a0: 20\u00a0kW\nCapacit\u00e9\u00a0: 10\u00a0personnes (enfants inclus)\nHauteur maximale de l\u2019\u00e9quipement\u00a0: 3,5\u00a0m\nSurface au sol\u00a0: environ 20\u00a0m x 10\u00a0m\nPoids total\u00a0: 35\u00a0tonnes (poids de l\u2019eau inclus)\nVitesse\u00a0: 3 \u00e0 3,5\u00a0minutes\/tour\nHauteur de fonctionnement\u00a0: 1,85\u00a0m\"><span class=\"Y2IQFc\" lang=\"fr\">environ 20\u00a0m x 10\u00a0m<\/span><\/p>\n<\/td>\n<\/tr>\n<tr>\n<td>\n<pre id=\"tw-target-text\" class=\"tw-data-text tw-text-large tw-ta\" dir=\"ltr\" tabindex=\"-1\" role=\"text\" data-placeholder=\"Traduction\" data-ved=\"2ahUKEwiDm_S9oqOQAxVtUqQEHWegNdoQ3ewLegQICxAV\" aria-label=\"Texte traduit\u00a0: Tension\u00a0: 380\u00a0V\r\nPuissance maximale\u00a0: 20\u00a0kW\r\nCapacit\u00e9\u00a0: 10\u00a0personnes (enfants inclus)\r\nHauteur maximale de l\u2019\u00e9quipement\u00a0: 3,5\u00a0m\r\nSurface au sol\u00a0: environ 20\u00a0m x 10\u00a0m\r\nPoids total\u00a0: 35\u00a0tonnes (poids de l\u2019eau inclus)\r\nVitesse\u00a0: 3 \u00e0 3,5\u00a0minutes\/tour\r\nHauteur de fonctionnement\u00a0: 1,85\u00a0m\"><span class=\"Y2IQFc\" lang=\"fr\">Poids total<\/span><\/pre>\n<\/td>\n<td>\n<p id=\"tw-target-text\" class=\"tw-data-text tw-text-large tw-ta\" dir=\"ltr\" tabindex=\"-1\" role=\"text\" data-placeholder=\"Traduction\" data-ved=\"2ahUKEwiDm_S9oqOQAxVtUqQEHWegNdoQ3ewLegQICxAV\" aria-label=\"Texte traduit\u00a0: Tension\u00a0: 380\u00a0V\nPuissance maximale\u00a0: 20\u00a0kW\nCapacit\u00e9\u00a0: 10\u00a0personnes (enfants inclus)\nHauteur maximale de l\u2019\u00e9quipement\u00a0: 3,5\u00a0m\nSurface au sol\u00a0: environ 20\u00a0m x 10\u00a0m\nPoids total\u00a0: 35\u00a0tonnes (poids de l\u2019eau inclus)\nVitesse\u00a0: 3 \u00e0 3,5\u00a0minutes\/tour\nHauteur de fonctionnement\u00a0: 1,85\u00a0m\"><span class=\"Y2IQFc\" lang=\"fr\">35\u00a0tonnes (poids de l\u2019eau inclus)<\/span><\/p>\n<\/td>\n<\/tr>\n<tr>\n<td>\n<pre id=\"tw-target-text\" class=\"tw-data-text tw-text-large tw-ta\" dir=\"ltr\" tabindex=\"-1\" role=\"text\" data-placeholder=\"Traduction\" data-ved=\"2ahUKEwiDm_S9oqOQAxVtUqQEHWegNdoQ3ewLegQICxAV\" aria-label=\"Texte traduit\u00a0: Tension\u00a0: 380\u00a0V\r\nPuissance maximale\u00a0: 20\u00a0kW\r\nCapacit\u00e9\u00a0: 10\u00a0personnes (enfants inclus)\r\nHauteur maximale de l\u2019\u00e9quipement\u00a0: 3,5\u00a0m\r\nSurface au sol\u00a0: environ 20\u00a0m x 10\u00a0m\r\nPoids total\u00a0: 35\u00a0tonnes (poids de l\u2019eau inclus)\r\nVitesse\u00a0: 3 \u00e0 3,5\u00a0minutes\/tour\r\nHauteur de fonctionnement\u00a0: 1,85\u00a0m\"><span class=\"Y2IQFc\" lang=\"fr\">Vitesse\u00a0<\/span><\/pre>\n<\/td>\n<td>3-3.5 minutes\/lap<\/td>\n<\/tr>\n<tr>\n<td>\n<pre id=\"tw-target-text\" class=\"tw-data-text tw-text-large tw-ta\" dir=\"ltr\" tabindex=\"-1\" role=\"text\" data-placeholder=\"Traduction\" data-ved=\"2ahUKEwiDm_S9oqOQAxVtUqQEHWegNdoQ3ewLegQICxAV\" aria-label=\"Texte traduit\u00a0: Tension\u00a0: 380\u00a0V\r\nPuissance maximale\u00a0: 20\u00a0kW\r\nCapacit\u00e9\u00a0: 10\u00a0personnes (enfants inclus)\r\nHauteur maximale de l\u2019\u00e9quipement\u00a0: 3,5\u00a0m\r\nSurface au sol\u00a0: environ 20\u00a0m x 10\u00a0m\r\nPoids total\u00a0: 35\u00a0tonnes (poids de l\u2019eau inclus)\r\nVitesse\u00a0: 3 \u00e0 3,5\u00a0minutes\/tour\r\nHauteur de fonctionnement\u00a0: 1,85\u00a0m\"><span class=\"Y2IQFc\" lang=\"fr\">Hauteur de fonctionnement<\/span><\/pre>\n<\/td>\n<td>1.85M<\/td>\n<\/tr>\n<\/tbody>\n<\/table>\n","protected":false},"excerpt":{"rendered":"<div id=\"index_1\" class=\"boxtit padtop\">\n<p><strong>Description<\/strong><\/p>\n<p>Le train aquatique est un dispositif de divertissement innovant con\u00e7u sp\u00e9cialement pour les familles et les enfants en qu\u00eate de sensations fortes et de plaisir. Il allie parfaitement le plaisir du train traditionnel \u00e0 la fra\u00eecheur de l&rsquo;eau. Ce type d&rsquo;installation est g\u00e9n\u00e9ralement install\u00e9 dans les parcs aquatiques et les complexes h\u00f4teliers, offrant aux visiteurs des exp\u00e9riences de divertissement \u00e0 la fois palpitantes et uniques.<\/p>\n<\/div>\n","protected":false},"featured_media":2185,"template":"","meta":[],"product_brand":[],"product_cat":[240,248,279],"product_tag":[],"class_list":{"0":"post-2543","1":"product","2":"type-product","3":"status-publish","4":"has-post-thumbnail","6":"product_cat-manege-familial","7":"product_cat-manege-tournant","8":"product_cat-train-en-fr","10":"first","11":"instock","12":"shipping-taxable","13":"product-type-simple"},"_links":{"self":[{"href":"https:\/\/www.alfadu-amusement.com\/index.php?rest_route=\/wp\/v2\/product\/2543","targetHints":{"allow":["GET"]}}],"collection":[{"href":"https:\/\/www.alfadu-amusement.com\/index.php?rest_route=\/wp\/v2\/product"}],"about":[{"href":"https:\/\/www.alfadu-amusement.com\/index.php?rest_route=\/wp\/v2\/types\/product"}],"wp:featuredmedia":[{"embeddable":true,"href":"https:\/\/www.alfadu-amusement.com\/index.php?rest_route=\/wp\/v2\/media\/2185"}],"wp:attachment":[{"href":"https:\/\/www.alfadu-amusement.com\/index.php?rest_route=%2Fwp%2Fv2%2Fmedia&parent=2543"}],"wp:term":[{"taxonomy":"product_brand","embeddable":true,"href":"https:\/\/www.alfadu-amusement.com\/index.php?rest_route=%2Fwp%2Fv2%2Fproduct_brand&post=2543"},{"taxonomy":"product_cat","embeddable":true,"href":"https:\/\/www.alfadu-amusement.com\/index.php?rest_route=%2Fwp%2Fv2%2Fproduct_cat&post=2543"},{"taxonomy":"product_tag","embeddable":true,"href":"https:\/\/www.alfadu-amusement.com\/index.php?rest_route=%2Fwp%2Fv2%2Fproduct_tag&post=2543"}],"curies":[{"name":"wp","href":"https:\/\/api.w.org\/{rel}","templated":true}]}}