{"id":2547,"date":"2025-10-09T11:38:54","date_gmt":"2025-10-09T11:38:54","guid":{"rendered":"https:\/\/www.alfadu-amusement.com\/?post_type=product&#038;p=2547"},"modified":"2025-10-09T11:38:54","modified_gmt":"2025-10-09T11:38:54","slug":"tigres-volants","status":"publish","type":"product","link":"https:\/\/www.alfadu-amusement.com\/?product=tigres-volants&lang=fr","title":{"rendered":"Tigres volants"},"content":{"rendered":"<table border=\"0\" width=\"100%\" cellspacing=\"0\" cellpadding=\"0\">\n<tbody>\n<tr>\n<td>Model Num\u00e9ro<\/td>\n<td>D4<\/td>\n<\/tr>\n<tr>\n<td>Superficie<\/td>\n<td>22*32m<\/td>\n<\/tr>\n<tr>\n<td>Longueur de la piste<\/td>\n<td>130m<\/td>\n<\/tr>\n<tr>\n<td>Puissance<\/td>\n<td>15KW<\/td>\n<\/tr>\n<tr>\n<td>Cabine No.<\/td>\n<td>7<\/td>\n<\/tr>\n<tr>\n<td>Capacit\u00e9<\/td>\n<td>20personnes<\/td>\n<\/tr>\n<tr>\n<td>Materiaux<\/td>\n<td>Fiberglass,stainless steel<\/td>\n<\/tr>\n<tr>\n<td>Certificat<\/td>\n<td>ISO9001, BV,TUV,SONCAP,CE<\/td>\n<\/tr>\n<tr>\n<td>Garantie<\/td>\n<td>12 Mois<\/td>\n<\/tr>\n<tr>\n<td>Utilisation<\/td>\n<td>Parc \u00e0 th\u00e8me, Parc d&rsquo;attractions, Aire de jeux<\/td>\n<\/tr>\n<\/tbody>\n<\/table>\n","protected":false},"excerpt":{"rendered":"<div id=\"index_1\" class=\"boxtit padtop\"><strong>Description<\/strong><\/div>\n<div>\n<p>La cabine suspendue sur la piste en forme de piste circulaire, la piste circulaire est soutenue par deux poutres principales, le syst\u00e8me d&rsquo;entra\u00eenement dans la piste, la cabine a une forme unique et est appr\u00e9ci\u00e9e des jeunes .<\/p>\n<\/div>\n","protected":false},"featured_media":2169,"template":"","meta":[],"product_brand":[],"product_cat":[240,248],"product_tag":[],"class_list":{"0":"post-2547","1":"product","2":"type-product","3":"status-publish","4":"has-post-thumbnail","6":"product_cat-manege-familial","7":"product_cat-manege-tournant","9":"first","10":"instock","11":"shipping-taxable","12":"product-type-simple"},"_links":{"self":[{"href":"https:\/\/www.alfadu-amusement.com\/index.php?rest_route=\/wp\/v2\/product\/2547","targetHints":{"allow":["GET"]}}],"collection":[{"href":"https:\/\/www.alfadu-amusement.com\/index.php?rest_route=\/wp\/v2\/product"}],"about":[{"href":"https:\/\/www.alfadu-amusement.com\/index.php?rest_route=\/wp\/v2\/types\/product"}],"wp:featuredmedia":[{"embeddable":true,"href":"https:\/\/www.alfadu-amusement.com\/index.php?rest_route=\/wp\/v2\/media\/2169"}],"wp:attachment":[{"href":"https:\/\/www.alfadu-amusement.com\/index.php?rest_route=%2Fwp%2Fv2%2Fmedia&parent=2547"}],"wp:term":[{"taxonomy":"product_brand","embeddable":true,"href":"https:\/\/www.alfadu-amusement.com\/index.php?rest_route=%2Fwp%2Fv2%2Fproduct_brand&post=2547"},{"taxonomy":"product_cat","embeddable":true,"href":"https:\/\/www.alfadu-amusement.com\/index.php?rest_route=%2Fwp%2Fv2%2Fproduct_cat&post=2547"},{"taxonomy":"product_tag","embeddable":true,"href":"https:\/\/www.alfadu-amusement.com\/index.php?rest_route=%2Fwp%2Fv2%2Fproduct_tag&post=2547"}],"curies":[{"name":"wp","href":"https:\/\/api.w.org\/{rel}","templated":true}]}}