{"id":2550,"date":"2025-10-09T13:52:31","date_gmt":"2025-10-09T13:52:31","guid":{"rendered":"https:\/\/www.alfadu-amusement.com\/?post_type=product&#038;p=2550"},"modified":"2025-10-09T13:52:31","modified_gmt":"2025-10-09T13:52:31","slug":"trampoline-1-p-2","status":"publish","type":"product","link":"https:\/\/www.alfadu-amusement.com\/?product=trampoline-1-p-2&lang=fr","title":{"rendered":"Trampoline 1 P"},"content":{"rendered":"<table border=\"0\" width=\"100%\" cellspacing=\"0\" cellpadding=\"0\">\n<tbody>\n<tr>\n<td>Capacit\u00e9<\/td>\n<td>1 personne<\/td>\n<\/tr>\n<tr>\n<td>Superficie<\/td>\n<td>2*2m<\/td>\n<\/tr>\n<tr>\n<td>Hauteur<\/td>\n<td>4m<\/td>\n<\/tr>\n<tr>\n<td>Tension<\/td>\n<td>220V<\/td>\n<\/tr>\n<tr>\n<td>Fonction<\/td>\n<td>Lumi\u00e8res color\u00e9es, musique<\/td>\n<\/tr>\n<\/tbody>\n<\/table>\n","protected":false},"excerpt":{"rendered":"<p>Capacit\u00e9 1 personne Superficie 2*2m Hauteur 4m Tension 220V Fonction Lumi\u00e8res color\u00e9es, musique<\/p>\n","protected":false},"featured_media":2100,"template":"","meta":[],"product_brand":[],"product_cat":[240,248],"product_tag":[],"class_list":{"0":"post-2550","1":"product","2":"type-product","3":"status-publish","4":"has-post-thumbnail","6":"product_cat-manege-familial","7":"product_cat-manege-tournant","9":"first","10":"instock","11":"shipping-taxable","12":"product-type-simple"},"_links":{"self":[{"href":"https:\/\/www.alfadu-amusement.com\/index.php?rest_route=\/wp\/v2\/product\/2550","targetHints":{"allow":["GET"]}}],"collection":[{"href":"https:\/\/www.alfadu-amusement.com\/index.php?rest_route=\/wp\/v2\/product"}],"about":[{"href":"https:\/\/www.alfadu-amusement.com\/index.php?rest_route=\/wp\/v2\/types\/product"}],"wp:featuredmedia":[{"embeddable":true,"href":"https:\/\/www.alfadu-amusement.com\/index.php?rest_route=\/wp\/v2\/media\/2100"}],"wp:attachment":[{"href":"https:\/\/www.alfadu-amusement.com\/index.php?rest_route=%2Fwp%2Fv2%2Fmedia&parent=2550"}],"wp:term":[{"taxonomy":"product_brand","embeddable":true,"href":"https:\/\/www.alfadu-amusement.com\/index.php?rest_route=%2Fwp%2Fv2%2Fproduct_brand&post=2550"},{"taxonomy":"product_cat","embeddable":true,"href":"https:\/\/www.alfadu-amusement.com\/index.php?rest_route=%2Fwp%2Fv2%2Fproduct_cat&post=2550"},{"taxonomy":"product_tag","embeddable":true,"href":"https:\/\/www.alfadu-amusement.com\/index.php?rest_route=%2Fwp%2Fv2%2Fproduct_tag&post=2550"}],"curies":[{"name":"wp","href":"https:\/\/api.w.org\/{rel}","templated":true}]}}