{"id":2556,"date":"2025-10-09T13:58:30","date_gmt":"2025-10-09T13:58:30","guid":{"rendered":"https:\/\/www.alfadu-amusement.com\/?post_type=product&#038;p=2556"},"modified":"2025-10-11T17:49:29","modified_gmt":"2025-10-11T17:49:29","slug":"tapis-volant","status":"publish","type":"product","link":"https:\/\/www.alfadu-amusement.com\/?product=tapis-volant&lang=fr","title":{"rendered":"Tapis volant"},"content":{"rendered":"<table border=\"0\" width=\"100%\" cellspacing=\"0\" cellpadding=\"0\">\n<tbody>\n<tr>\n<td>Superficie<\/td>\n<td>Diam\u00e8tre de 9 m\u00e8tres<\/td>\n<\/tr>\n<tr>\n<td>Equipe<\/td>\n<td>12 personnes<\/td>\n<\/tr>\n<tr>\n<td>Tension<\/td>\n<td>380V<\/td>\n<\/tr>\n<tr>\n<td>Cabine<\/td>\n<td>6<\/td>\n<\/tr>\n<tr>\n<td>Puissance<\/td>\n<td>15KW<\/td>\n<\/tr>\n<tr>\n<td>Hauteur<\/td>\n<td>4.5 m\u00e8tres<\/td>\n<\/tr>\n<\/tbody>\n<\/table>\n","protected":false},"excerpt":{"rendered":"<div id=\"index_1\" class=\"boxtit padtop\">\n<p>Description<\/p>\n<p>Le tapis volant pour enfants est un dispositif ludique sp\u00e9cialement con\u00e7u pour les enfants, offrant une exp\u00e9rience de vol s\u00fbre et agr\u00e9able. Il imite g\u00e9n\u00e9ralement le concept d&rsquo;un tapis volant magique, leur donnant l&rsquo;impression de se trouver dans un monde imaginaire.<\/p>\n<\/div>\n","protected":false},"featured_media":2088,"template":"","meta":[],"product_brand":[],"product_cat":[240,294,248,306],"product_tag":[],"class_list":{"0":"post-2556","1":"product","2":"type-product","3":"status-publish","4":"has-post-thumbnail","6":"product_cat-manege-familial","7":"product_cat-manege-pour-enfants","8":"product_cat-manege-tournant","9":"product_cat-maneges-de-rotation-pour-enfants","11":"first","12":"instock","13":"shipping-taxable","14":"product-type-simple"},"_links":{"self":[{"href":"https:\/\/www.alfadu-amusement.com\/index.php?rest_route=\/wp\/v2\/product\/2556","targetHints":{"allow":["GET"]}}],"collection":[{"href":"https:\/\/www.alfadu-amusement.com\/index.php?rest_route=\/wp\/v2\/product"}],"about":[{"href":"https:\/\/www.alfadu-amusement.com\/index.php?rest_route=\/wp\/v2\/types\/product"}],"wp:featuredmedia":[{"embeddable":true,"href":"https:\/\/www.alfadu-amusement.com\/index.php?rest_route=\/wp\/v2\/media\/2088"}],"wp:attachment":[{"href":"https:\/\/www.alfadu-amusement.com\/index.php?rest_route=%2Fwp%2Fv2%2Fmedia&parent=2556"}],"wp:term":[{"taxonomy":"product_brand","embeddable":true,"href":"https:\/\/www.alfadu-amusement.com\/index.php?rest_route=%2Fwp%2Fv2%2Fproduct_brand&post=2556"},{"taxonomy":"product_cat","embeddable":true,"href":"https:\/\/www.alfadu-amusement.com\/index.php?rest_route=%2Fwp%2Fv2%2Fproduct_cat&post=2556"},{"taxonomy":"product_tag","embeddable":true,"href":"https:\/\/www.alfadu-amusement.com\/index.php?rest_route=%2Fwp%2Fv2%2Fproduct_tag&post=2556"}],"curies":[{"name":"wp","href":"https:\/\/api.w.org\/{rel}","templated":true}]}}