{"id":2562,"date":"2025-10-09T14:04:18","date_gmt":"2025-10-09T14:04:18","guid":{"rendered":"https:\/\/www.alfadu-amusement.com\/?post_type=product&#038;p=2562"},"modified":"2025-10-09T14:04:18","modified_gmt":"2025-10-09T14:04:18","slug":"aventure-en-foret-%e2%85%b1","status":"publish","type":"product","link":"https:\/\/www.alfadu-amusement.com\/?product=aventure-en-foret-%E2%85%B1&lang=fr","title":{"rendered":"Aventure en for\u00eat \u2161"},"content":{"rendered":"<table border=\"0\" width=\"100%\" cellspacing=\"0\" cellpadding=\"0\">\n<tbody>\n<tr>\n<td>Passagers<\/td>\n<td>16 personnes<\/td>\n<\/tr>\n<tr>\n<td>Diam\u00e8tre<\/td>\n<td>9m<\/td>\n<\/tr>\n<tr>\n<td>Hauteur<\/td>\n<td>4.2m<\/td>\n<\/tr>\n<tr>\n<td>Hauteur courante<\/td>\n<td>1.9m<\/td>\n<\/tr>\n<tr>\n<td>Vitesse<\/td>\n<td>1.9m\/s<\/td>\n<\/tr>\n<tr>\n<td>Puissance<\/td>\n<td>8KW<\/td>\n<\/tr>\n<tr>\n<td>Tension<\/td>\n<td>380V<\/td>\n<\/tr>\n<tr>\n<td>Certificat<\/td>\n<td>ISO9001,France BV(Bureau Veritas),CE<\/td>\n<\/tr>\n<tr>\n<td>Installation<\/td>\n<td>Fourniture de vid\u00e9os d&rsquo;installation et de dessins de fondation<\/td>\n<\/tr>\n<\/tbody>\n<\/table>\n","protected":false},"excerpt":{"rendered":"<div id=\"index_1\" class=\"boxtit padtop\">\n<p><strong>Description<\/strong><\/p>\n<p>Forest Adventure II cible principalement les enfants de 5 \u00e0 14 ans. La premi\u00e8re g\u00e9n\u00e9ration est peut-\u00eatre trop excitante pour eux, mais certains produits conventionnels ne r\u00e9pondent pas aux besoins des enfants de la nouvelle g\u00e9n\u00e9ration. Ils ont \u00e9galement l&rsquo;esprit d&rsquo;aventure, mais beaucoup d&rsquo;entre eux sont de grandes attractions, toujours limit\u00e9es par l&rsquo;\u00e2ge. La deuxi\u00e8me g\u00e9n\u00e9ration est donc le produit le plus innovant pour eux. L&rsquo;inversion \u00e0 360\u00b0 a \u00e9t\u00e9 supprim\u00e9e, mais les accoudoirs peuvent \u00eatre relev\u00e9s et abaiss\u00e9s, et le si\u00e8ge pivote. Tout en conservant une exp\u00e9rience originale et stimulante, ce produit garantit \u00e9galement la s\u00e9curit\u00e9. Il existe enfin un produit stimulant pour eux, au-del\u00e0 d&rsquo;un simple cheval ou d&rsquo;une auto-tamponneuse. Notre nouvelle aventure en for\u00eat vous offrira une exp\u00e9rience totalement in\u00e9dite.<\/p>\n<\/div>\n","protected":false},"featured_media":2077,"template":"","meta":[],"product_brand":[],"product_cat":[240,248],"product_tag":[],"class_list":{"0":"post-2562","1":"product","2":"type-product","3":"status-publish","4":"has-post-thumbnail","6":"product_cat-manege-familial","7":"product_cat-manege-tournant","9":"first","10":"instock","11":"shipping-taxable","12":"product-type-simple"},"_links":{"self":[{"href":"https:\/\/www.alfadu-amusement.com\/index.php?rest_route=\/wp\/v2\/product\/2562","targetHints":{"allow":["GET"]}}],"collection":[{"href":"https:\/\/www.alfadu-amusement.com\/index.php?rest_route=\/wp\/v2\/product"}],"about":[{"href":"https:\/\/www.alfadu-amusement.com\/index.php?rest_route=\/wp\/v2\/types\/product"}],"wp:featuredmedia":[{"embeddable":true,"href":"https:\/\/www.alfadu-amusement.com\/index.php?rest_route=\/wp\/v2\/media\/2077"}],"wp:attachment":[{"href":"https:\/\/www.alfadu-amusement.com\/index.php?rest_route=%2Fwp%2Fv2%2Fmedia&parent=2562"}],"wp:term":[{"taxonomy":"product_brand","embeddable":true,"href":"https:\/\/www.alfadu-amusement.com\/index.php?rest_route=%2Fwp%2Fv2%2Fproduct_brand&post=2562"},{"taxonomy":"product_cat","embeddable":true,"href":"https:\/\/www.alfadu-amusement.com\/index.php?rest_route=%2Fwp%2Fv2%2Fproduct_cat&post=2562"},{"taxonomy":"product_tag","embeddable":true,"href":"https:\/\/www.alfadu-amusement.com\/index.php?rest_route=%2Fwp%2Fv2%2Fproduct_tag&post=2562"}],"curies":[{"name":"wp","href":"https:\/\/api.w.org\/{rel}","templated":true}]}}