{"id":2603,"date":"2025-10-11T17:43:05","date_gmt":"2025-10-11T17:43:05","guid":{"rendered":"https:\/\/www.alfadu-amusement.com\/?post_type=product&#038;p=2603"},"modified":"2025-10-11T17:43:05","modified_gmt":"2025-10-11T17:43:05","slug":"kart-electrique-pour-enfants-ln-009","status":"publish","type":"product","link":"https:\/\/www.alfadu-amusement.com\/?product=kart-electrique-pour-enfants-ln-009&lang=fr","title":{"rendered":"Kart \u00e9lectrique pour enfants LN-009"},"content":{"rendered":"<p style=\"padding-left: 40px;\"><strong>Nom du Produit <\/strong>\u00a0: TG-001<br \/>\n<strong>Tension de charge<\/strong> : 110V-220V<br \/>\n<strong>Dimensions<\/strong>\u00a0:1580MM*1050MM*900MM<br \/>\n<strong>Poids<\/strong>\u00a0: 80kg<br \/>\n<strong>Puissance du Moteur <\/strong>: 24V 500W<br \/>\n<b>Classe de vitesse :<\/b>7-35 km\/h<br \/>\n<strong>Mode de d\u00e9marrage<\/strong> : Carte magn\u00e9tique, t\u00e9l\u00e9commande, pi\u00e8ce de monnaie, d\u00e9marrage \u00e0 une cl\u00e9<br \/>\n<strong>Mode de gestion<\/strong> : Timing and circle counting 5-6<br \/>\n<strong>Endurance<\/strong> : 5-6 heures<br \/>\n<strong>texture du mat\u00e9riau<\/strong> : Fibre de verre et m\u00e9tal \u00e0 haute r\u00e9sistance<\/p>\n","protected":false},"excerpt":{"rendered":"<p>Nom du Produit \u00a0: TG-001 Tension de charge : 110V-220V Dimensions\u00a0:1580MM*1050MM*900MM Poids\u00a0: 80kg Puissance du Moteur : 24V 500W Classe de vitesse :7-35 km\/h Mode de d\u00e9marrage : Carte magn\u00e9tique, t\u00e9l\u00e9commande, pi\u00e8ce de monnaie, d\u00e9marrage \u00e0 une cl\u00e9 Mode de gestion : Timing and circle counting 5-6 Endurance : 5-6 heures texture du mat\u00e9riau :&hellip;<\/p>\n","protected":false},"featured_media":1029,"template":"","meta":[],"product_brand":[],"product_cat":[294,298],"product_tag":[],"class_list":{"0":"post-2603","1":"product","2":"type-product","3":"status-publish","4":"has-post-thumbnail","6":"product_cat-manege-pour-enfants","7":"product_cat-voitures-de-karting-pour-enfant","9":"first","10":"instock","11":"shipping-taxable","12":"product-type-simple"},"_links":{"self":[{"href":"https:\/\/www.alfadu-amusement.com\/index.php?rest_route=\/wp\/v2\/product\/2603","targetHints":{"allow":["GET"]}}],"collection":[{"href":"https:\/\/www.alfadu-amusement.com\/index.php?rest_route=\/wp\/v2\/product"}],"about":[{"href":"https:\/\/www.alfadu-amusement.com\/index.php?rest_route=\/wp\/v2\/types\/product"}],"wp:featuredmedia":[{"embeddable":true,"href":"https:\/\/www.alfadu-amusement.com\/index.php?rest_route=\/wp\/v2\/media\/1029"}],"wp:attachment":[{"href":"https:\/\/www.alfadu-amusement.com\/index.php?rest_route=%2Fwp%2Fv2%2Fmedia&parent=2603"}],"wp:term":[{"taxonomy":"product_brand","embeddable":true,"href":"https:\/\/www.alfadu-amusement.com\/index.php?rest_route=%2Fwp%2Fv2%2Fproduct_brand&post=2603"},{"taxonomy":"product_cat","embeddable":true,"href":"https:\/\/www.alfadu-amusement.com\/index.php?rest_route=%2Fwp%2Fv2%2Fproduct_cat&post=2603"},{"taxonomy":"product_tag","embeddable":true,"href":"https:\/\/www.alfadu-amusement.com\/index.php?rest_route=%2Fwp%2Fv2%2Fproduct_tag&post=2603"}],"curies":[{"name":"wp","href":"https:\/\/api.w.org\/{rel}","templated":true}]}}