{"id":2606,"date":"2025-10-11T17:46:30","date_gmt":"2025-10-11T17:46:30","guid":{"rendered":"https:\/\/www.alfadu-amusement.com\/?post_type=product&#038;p=2606"},"modified":"2025-10-11T17:46:31","modified_gmt":"2025-10-11T17:46:31","slug":"grenouille-sautant-mq-f3","status":"publish","type":"product","link":"https:\/\/www.alfadu-amusement.com\/?product=grenouille-sautant-mq-f3&lang=fr","title":{"rendered":"Grenouille sautant MQ-F3"},"content":{"rendered":"<table border=\"0\" width=\"100%\" cellspacing=\"0\" cellpadding=\"0\">\n<tbody>\n<tr>\n<td>Model num\u00e9ro<\/td>\n<td>F3<\/td>\n<\/tr>\n<tr>\n<td>Garantie<\/td>\n<td>1 An<\/td>\n<\/tr>\n<tr>\n<td>Mat\u00e9riaux<\/td>\n<td>FRP(Fiberglass Reinforce Plastic)<\/td>\n<\/tr>\n<tr>\n<td>Hauteur<\/td>\n<td>6.5m<\/td>\n<\/tr>\n<tr>\n<td>Superficie<\/td>\n<td>6*6m<\/td>\n<\/tr>\n<tr>\n<td>Puissance<\/td>\n<td>8KW<\/td>\n<\/tr>\n<tr>\n<td>Capacit\u00e9<\/td>\n<td>6<\/td>\n<\/tr>\n<tr>\n<td>Certificat<\/td>\n<td>ISO, BV, TUV<\/td>\n<\/tr>\n<\/tbody>\n<\/table>\n","protected":false},"excerpt":{"rendered":"<div id=\"index_1\" class=\"boxtit padtop\">\n<p>Description<\/p>\n<p>La machine \u00e0 sauter en forme de grenouille est un \u00e9quipement de divertissement \u00e0 vitesse croissante et descente progressive. Elle est \u00e9quip\u00e9e de six si\u00e8ges. Apr\u00e8s que l&rsquo;op\u00e9rateur attend que les passagers soient assis, les ceintures et les barres de s\u00e9curit\u00e9 sont boucl\u00e9es et les passagers montent \u00e0 une certaine hauteur. Ils auront l&rsquo;impression de sauter sur le dos d&rsquo;une grosse grenouille, un jeu tr\u00e8s appr\u00e9ci\u00e9 des petits comme des grands.<\/p>\n<\/div>\n<div>\n<div id=\"metinfo_additional\"><\/div>\n<\/div>\n<div id=\"index_2\" class=\"boxtit\">\n<h6><\/h6>\n<p>&nbsp;<\/p>\n<\/div>\n","protected":false},"featured_media":2073,"template":"","meta":[],"product_brand":[],"product_cat":[294,296],"product_tag":[],"class_list":{"0":"post-2606","1":"product","2":"type-product","3":"status-publish","4":"has-post-thumbnail","6":"product_cat-manege-pour-enfants","7":"product_cat-mini-tour-de-chute-libre","9":"first","10":"instock","11":"shipping-taxable","12":"product-type-simple"},"_links":{"self":[{"href":"https:\/\/www.alfadu-amusement.com\/index.php?rest_route=\/wp\/v2\/product\/2606","targetHints":{"allow":["GET"]}}],"collection":[{"href":"https:\/\/www.alfadu-amusement.com\/index.php?rest_route=\/wp\/v2\/product"}],"about":[{"href":"https:\/\/www.alfadu-amusement.com\/index.php?rest_route=\/wp\/v2\/types\/product"}],"wp:featuredmedia":[{"embeddable":true,"href":"https:\/\/www.alfadu-amusement.com\/index.php?rest_route=\/wp\/v2\/media\/2073"}],"wp:attachment":[{"href":"https:\/\/www.alfadu-amusement.com\/index.php?rest_route=%2Fwp%2Fv2%2Fmedia&parent=2606"}],"wp:term":[{"taxonomy":"product_brand","embeddable":true,"href":"https:\/\/www.alfadu-amusement.com\/index.php?rest_route=%2Fwp%2Fv2%2Fproduct_brand&post=2606"},{"taxonomy":"product_cat","embeddable":true,"href":"https:\/\/www.alfadu-amusement.com\/index.php?rest_route=%2Fwp%2Fv2%2Fproduct_cat&post=2606"},{"taxonomy":"product_tag","embeddable":true,"href":"https:\/\/www.alfadu-amusement.com\/index.php?rest_route=%2Fwp%2Fv2%2Fproduct_tag&post=2606"}],"curies":[{"name":"wp","href":"https:\/\/api.w.org\/{rel}","templated":true}]}}