{"id":2609,"date":"2025-10-11T18:01:13","date_gmt":"2025-10-11T18:01:13","guid":{"rendered":"https:\/\/www.alfadu-amusement.com\/?post_type=product&#038;p=2609"},"modified":"2025-10-11T18:01:13","modified_gmt":"2025-10-11T18:01:13","slug":"mini-bateau-pirate","status":"publish","type":"product","link":"https:\/\/www.alfadu-amusement.com\/?product=mini-bateau-pirate&lang=fr","title":{"rendered":"Mini bateau pirate"},"content":{"rendered":"<table border=\"1\">\n<tbody>\n<tr>\n<td><\/td>\n<td><strong>Parameter<\/strong><\/td>\n<\/tr>\n<tr>\n<td>Tension<\/td>\n<td>3-phase 5-wire AC380 V 50 HZ<\/td>\n<\/tr>\n<tr>\n<td>Puissance<\/td>\n<td>3 kW<\/td>\n<\/tr>\n<tr>\n<td>Superficie<\/td>\n<td>5.8 x 3.4m (include the steeps)<\/td>\n<\/tr>\n<tr>\n<td>Hauteur<\/td>\n<td>\u00a03.7 m<\/td>\n<\/tr>\n<tr>\n<td>Angle d&rsquo;oscillation<\/td>\n<td>\u226450\u00b0<\/td>\n<\/tr>\n<tr>\n<td>Rayon de braquage<\/td>\n<td>\u00a02.75 m<\/td>\n<\/tr>\n<tr>\n<td>Hauteur de fonctionnement<\/td>\n<td>1.9 m<\/td>\n<\/tr>\n<tr>\n<td>Vitesse de fonctionnement<\/td>\n<td>\u00a0\u22642m\/s<\/td>\n<\/tr>\n<tr>\n<td>Poids<\/td>\n<td>\u00a02000 kg<\/td>\n<\/tr>\n<tr>\n<td>Passagers<\/td>\n<td>\u00a012 personnes<\/td>\n<\/tr>\n<tr>\n<td>Capacit\u00e9 portante au sol\u00a0:<\/td>\n<td>\u2265300kgf\/\u33a1<\/td>\n<\/tr>\n<\/tbody>\n<\/table>\n","protected":false},"excerpt":{"rendered":"<p><strong>Description :<\/strong><\/p>\n<p>le Mini bateau pirate est un mini-bateau pirate sur le th\u00e8me de la neige, con\u00e7u pour les enfants. Sa carrosserie en fibre de verre \u00e9clatante, fabriqu\u00e9e par un fournisseur de qualit\u00e9 Disneyland, est prot\u00e9g\u00e9e par une peinture automobile triple couche et des ampoules LED \u00e9tanches pour une luminosit\u00e9 durable. Inspir\u00e9 des l\u00e9gendes classiques de l&rsquo;Arctique, ce man\u00e8ge met en sc\u00e8ne un brise-glace de style viking partant \u00e0 la recherche du mythique saphir flocon de neige. Un ajout id\u00e9al aux aires de jeux int\u00e9rieures, aux parcs familiaux et aux zones th\u00e9matiques, offrant une qualit\u00e9 fiable et une narration immersive.<\/p>\n","protected":false},"featured_media":1134,"template":"","meta":[],"product_brand":[],"product_cat":[294,304],"product_tag":[],"class_list":{"0":"post-2609","1":"product","2":"type-product","3":"status-publish","4":"has-post-thumbnail","6":"product_cat-manege-pour-enfants","7":"product_cat-mini-bateau-pirate","9":"first","10":"instock","11":"shipping-taxable","12":"product-type-simple"},"_links":{"self":[{"href":"https:\/\/www.alfadu-amusement.com\/index.php?rest_route=\/wp\/v2\/product\/2609","targetHints":{"allow":["GET"]}}],"collection":[{"href":"https:\/\/www.alfadu-amusement.com\/index.php?rest_route=\/wp\/v2\/product"}],"about":[{"href":"https:\/\/www.alfadu-amusement.com\/index.php?rest_route=\/wp\/v2\/types\/product"}],"wp:featuredmedia":[{"embeddable":true,"href":"https:\/\/www.alfadu-amusement.com\/index.php?rest_route=\/wp\/v2\/media\/1134"}],"wp:attachment":[{"href":"https:\/\/www.alfadu-amusement.com\/index.php?rest_route=%2Fwp%2Fv2%2Fmedia&parent=2609"}],"wp:term":[{"taxonomy":"product_brand","embeddable":true,"href":"https:\/\/www.alfadu-amusement.com\/index.php?rest_route=%2Fwp%2Fv2%2Fproduct_brand&post=2609"},{"taxonomy":"product_cat","embeddable":true,"href":"https:\/\/www.alfadu-amusement.com\/index.php?rest_route=%2Fwp%2Fv2%2Fproduct_cat&post=2609"},{"taxonomy":"product_tag","embeddable":true,"href":"https:\/\/www.alfadu-amusement.com\/index.php?rest_route=%2Fwp%2Fv2%2Fproduct_tag&post=2609"}],"curies":[{"name":"wp","href":"https:\/\/api.w.org\/{rel}","templated":true}]}}