{"id":2651,"date":"2025-10-12T08:50:18","date_gmt":"2025-10-12T08:50:18","guid":{"rendered":"https:\/\/www.alfadu-amusement.com\/?post_type=product&#038;p=2651"},"modified":"2025-10-12T08:50:18","modified_gmt":"2025-10-12T08:50:18","slug":"distributeur-automatique-de-frites-fc-100","status":"publish","type":"product","link":"https:\/\/www.alfadu-amusement.com\/?product=distributeur-automatique-de-frites-fc-100&lang=fr","title":{"rendered":"Distributeur automatique de frites FC-100"},"content":{"rendered":"<div id=\"cell-H2a4ak28Jk\" class=\"__element __cell col col-xl-7\" data-wow-duration=\"1000ms\">\n<div id=\"cell-H2a4ak28Jk-inner\" class=\"__cell-inner\">\n<div id=\"text-W8r01cbsA5\" class=\"__text--sm __element __text\" data-wow-duration=\"1000ms\">\n<div class=\"table-responsive\">\n<table border=\"1\">\n<tbody>\n<tr>\n<td>\n<pre id=\"tw-target-text\" class=\"tw-data-text tw-text-large tw-ta\" dir=\"ltr\" tabindex=\"-1\" role=\"text\" data-placeholder=\"Traduction\" data-ved=\"2ahUKEwjZmI78m56QAxXuzQIHHUdPDKkQ3ewLegQICxAV\" aria-label=\"Texte traduit\u00a0: Mat\u00e9riau : acier inoxydable 304\r\nConnexion r\u00e9seau : module 4G \/ Wi-Fi \/ Ethernet\r\nDimensions du produit : H 2150 mm \u00d7 L 1150 mm \u00d7 P 820 mm\r\nR\u00e9frig\u00e9ration : 0 \u00b0C \u00e0 -18 \u00b0C\r\n\u00c9cran : LCD tactile capacitif ultra haute d\u00e9finition\r\nTaille de l'\u00e9cran : 15,6 pouces (personnalisable jusqu'\u00e0 21,5 pouces)\r\nTension nominale : 110 V \/ 220 V, 50 Hz \/ 60 Hz\r\nConsommation en veille : 350 W\r\nConsommation en fonctionnement : 4800 W\r\nCapacit\u00e9 de stockage des chips : jusqu'\u00e0 20 kg ; chaque chips p\u00e8se entre 80 et 100 g ; capacit\u00e9 de 100 tasses\r\nSyst\u00e8mes de paiement : WeChat Pay, Alipay, carte, esp\u00e8ces, pi\u00e8ces (en option)\r\nPo\u00eale : 1 unit\u00e9 ; puissance : 2100 W \/ 220 V\"><span class=\"Y2IQFc\" lang=\"fr\">Mat\u00e9riau <\/span><\/pre>\n<\/td>\n<td>304 stainless steel<\/td>\n<\/tr>\n<tr>\n<td>\n<pre id=\"tw-target-text\" class=\"tw-data-text tw-text-large tw-ta\" dir=\"ltr\" tabindex=\"-1\" role=\"text\" data-placeholder=\"Traduction\" data-ved=\"2ahUKEwjZmI78m56QAxXuzQIHHUdPDKkQ3ewLegQICxAV\" aria-label=\"Texte traduit\u00a0: Mat\u00e9riau : acier inoxydable 304\r\nConnexion r\u00e9seau : module 4G \/ Wi-Fi \/ Ethernet\r\nDimensions du produit : H 2150 mm \u00d7 L 1150 mm \u00d7 P 820 mm\r\nR\u00e9frig\u00e9ration : 0 \u00b0C \u00e0 -18 \u00b0C\r\n\u00c9cran : LCD tactile capacitif ultra haute d\u00e9finition\r\nTaille de l'\u00e9cran : 15,6 pouces (personnalisable jusqu'\u00e0 21,5 pouces)\r\nTension nominale : 110 V \/ 220 V, 50 Hz \/ 60 Hz\r\nConsommation en veille : 350 W\r\nConsommation en fonctionnement : 4800 W\r\nCapacit\u00e9 de stockage des chips : jusqu'\u00e0 20 kg ; chaque chips p\u00e8se entre 80 et 100 g ; capacit\u00e9 de 100 tasses\r\nSyst\u00e8mes de paiement : WeChat Pay, Alipay, carte, esp\u00e8ces, pi\u00e8ces (en option)\r\nPo\u00eale : 1 unit\u00e9 ; puissance : 2100 W \/ 220 V\"><span class=\"Y2IQFc\" lang=\"fr\">Connexion r\u00e9seau <\/span><\/pre>\n<\/td>\n<td>4G module \/ Wi-Fi \/ Ethernet<\/td>\n<\/tr>\n<tr>\n<td>\n<pre id=\"tw-target-text\" class=\"tw-data-text tw-text-large tw-ta\" dir=\"ltr\" tabindex=\"-1\" role=\"text\" data-placeholder=\"Traduction\" data-ved=\"2ahUKEwjZmI78m56QAxXuzQIHHUdPDKkQ3ewLegQICxAV\" aria-label=\"Texte traduit\u00a0: Mat\u00e9riau : acier inoxydable 304\r\nConnexion r\u00e9seau : module 4G \/ Wi-Fi \/ Ethernet\r\nDimensions du produit : H 2150 mm \u00d7 L 1150 mm \u00d7 P 820 mm\r\nR\u00e9frig\u00e9ration : 0 \u00b0C \u00e0 -18 \u00b0C\r\n\u00c9cran : LCD tactile capacitif ultra haute d\u00e9finition\r\nTaille de l'\u00e9cran : 15,6 pouces (personnalisable jusqu'\u00e0 21,5 pouces)\r\nTension nominale : 110 V \/ 220 V, 50 Hz \/ 60 Hz\r\nConsommation en veille : 350 W\r\nConsommation en fonctionnement : 4800 W\r\nCapacit\u00e9 de stockage des chips : jusqu'\u00e0 20 kg ; chaque chips p\u00e8se entre 80 et 100 g ; capacit\u00e9 de 100 tasses\r\nSyst\u00e8mes de paiement : WeChat Pay, Alipay, carte, esp\u00e8ces, pi\u00e8ces (en option)\r\nPo\u00eale : 1 unit\u00e9 ; puissance : 2100 W \/ 220 V\"><span class=\"Y2IQFc\" lang=\"fr\">Dimensions du produit<\/span><\/pre>\n<\/td>\n<td>H 2150 mm \u00d7 W 1150 mm \u00d7 D 820 mm<\/td>\n<\/tr>\n<tr>\n<td>\n<pre id=\"tw-target-text\" class=\"tw-data-text tw-text-large tw-ta\" dir=\"ltr\" tabindex=\"-1\" role=\"text\" data-placeholder=\"Traduction\" data-ved=\"2ahUKEwjZmI78m56QAxXuzQIHHUdPDKkQ3ewLegQICxAV\" aria-label=\"Texte traduit\u00a0: Mat\u00e9riau : acier inoxydable 304\r\nConnexion r\u00e9seau : module 4G \/ Wi-Fi \/ Ethernet\r\nDimensions du produit : H 2150 mm \u00d7 L 1150 mm \u00d7 P 820 mm\r\nR\u00e9frig\u00e9ration : 0 \u00b0C \u00e0 -18 \u00b0C\r\n\u00c9cran : LCD tactile capacitif ultra haute d\u00e9finition\r\nTaille de l'\u00e9cran : 15,6 pouces (personnalisable jusqu'\u00e0 21,5 pouces)\r\nTension nominale : 110 V \/ 220 V, 50 Hz \/ 60 Hz\r\nConsommation en veille : 350 W\r\nConsommation en fonctionnement : 4800 W\r\nCapacit\u00e9 de stockage des chips : jusqu'\u00e0 20 kg ; chaque chips p\u00e8se entre 80 et 100 g ; capacit\u00e9 de 100 tasses\r\nSyst\u00e8mes de paiement : WeChat Pay, Alipay, carte, esp\u00e8ces, pi\u00e8ces (en option)\r\nPo\u00eale : 1 unit\u00e9 ; puissance : 2100 W \/ 220 V\"><span class=\"Y2IQFc\" lang=\"fr\">R\u00e9frig\u00e9ration<\/span><\/pre>\n<\/td>\n<td>0 \u00b0C to -18 \u00b0C<\/td>\n<\/tr>\n<tr>\n<td>\n<pre id=\"tw-target-text\" class=\"tw-data-text tw-text-large tw-ta\" dir=\"ltr\" tabindex=\"-1\" role=\"text\" data-placeholder=\"Traduction\" data-ved=\"2ahUKEwjZmI78m56QAxXuzQIHHUdPDKkQ3ewLegQICxAV\" aria-label=\"Texte traduit\u00a0: Mat\u00e9riau : acier inoxydable 304\r\nConnexion r\u00e9seau : module 4G \/ Wi-Fi \/ Ethernet\r\nDimensions du produit : H 2150 mm \u00d7 L 1150 mm \u00d7 P 820 mm\r\nR\u00e9frig\u00e9ration : 0 \u00b0C \u00e0 -18 \u00b0C\r\n\u00c9cran : LCD tactile capacitif ultra haute d\u00e9finition\r\nTaille de l'\u00e9cran : 15,6 pouces (personnalisable jusqu'\u00e0 21,5 pouces)\r\nTension nominale : 110 V \/ 220 V, 50 Hz \/ 60 Hz\r\nConsommation en veille : 350 W\r\nConsommation en fonctionnement : 4800 W\r\nCapacit\u00e9 de stockage des chips : jusqu'\u00e0 20 kg ; chaque chips p\u00e8se entre 80 et 100 g ; capacit\u00e9 de 100 tasses\r\nSyst\u00e8mes de paiement : WeChat Pay, Alipay, carte, esp\u00e8ces, pi\u00e8ces (en option)\r\nPo\u00eale : 1 unit\u00e9 ; puissance : 2100 W \/ 220 V\"><span class=\"Y2IQFc\" lang=\"fr\">\u00c9cran <\/span><\/pre>\n<\/td>\n<td>Ultra-high-definition capacitive touch LCD<\/td>\n<\/tr>\n<tr>\n<td>\n<pre id=\"tw-target-text\" class=\"tw-data-text tw-text-large tw-ta\" dir=\"ltr\" tabindex=\"-1\" role=\"text\" data-placeholder=\"Traduction\" data-ved=\"2ahUKEwjZmI78m56QAxXuzQIHHUdPDKkQ3ewLegQICxAV\" aria-label=\"Texte traduit\u00a0: Mat\u00e9riau : acier inoxydable 304\r\nConnexion r\u00e9seau : module 4G \/ Wi-Fi \/ Ethernet\r\nDimensions du produit : H 2150 mm \u00d7 L 1150 mm \u00d7 P 820 mm\r\nR\u00e9frig\u00e9ration : 0 \u00b0C \u00e0 -18 \u00b0C\r\n\u00c9cran : LCD tactile capacitif ultra haute d\u00e9finition\r\nTaille de l'\u00e9cran : 15,6 pouces (personnalisable jusqu'\u00e0 21,5 pouces)\r\nTension nominale : 110 V \/ 220 V, 50 Hz \/ 60 Hz\r\nConsommation en veille : 350 W\r\nConsommation en fonctionnement : 4800 W\r\nCapacit\u00e9 de stockage des chips : jusqu'\u00e0 20 kg ; chaque chips p\u00e8se entre 80 et 100 g ; capacit\u00e9 de 100 tasses\r\nSyst\u00e8mes de paiement : WeChat Pay, Alipay, carte, esp\u00e8ces, pi\u00e8ces (en option)\r\nPo\u00eale : 1 unit\u00e9 ; puissance : 2100 W \/ 220 V\"><span class=\"Y2IQFc\" lang=\"fr\">Taille de l'\u00e9cran<\/span><\/pre>\n<\/td>\n<td>\n<p id=\"tw-target-text\" class=\"tw-data-text tw-text-large tw-ta\" dir=\"ltr\" tabindex=\"-1\" role=\"text\" data-placeholder=\"Traduction\" data-ved=\"2ahUKEwjZmI78m56QAxXuzQIHHUdPDKkQ3ewLegQICxAV\" aria-label=\"Texte traduit\u00a0: Mat\u00e9riau : acier inoxydable 304\nConnexion r\u00e9seau : module 4G \/ Wi-Fi \/ Ethernet\nDimensions du produit : H 2150 mm \u00d7 L 1150 mm \u00d7 P 820 mm\nR\u00e9frig\u00e9ration : 0 \u00b0C \u00e0 -18 \u00b0C\n\u00c9cran : LCD tactile capacitif ultra haute d\u00e9finition\nTaille de l'\u00e9cran : 15,6 pouces (personnalisable jusqu'\u00e0 21,5 pouces)\nTension nominale : 110 V \/ 220 V, 50 Hz \/ 60 Hz\nConsommation en veille : 350 W\nConsommation en fonctionnement : 4800 W\nCapacit\u00e9 de stockage des chips : jusqu'\u00e0 20 kg ; chaque chips p\u00e8se entre 80 et 100 g ; capacit\u00e9 de 100 tasses\nSyst\u00e8mes de paiement : WeChat Pay, Alipay, carte, esp\u00e8ces, pi\u00e8ces (en option)\nPo\u00eale : 1 unit\u00e9 ; puissance : 2100 W \/ 220 V\"><span class=\"Y2IQFc\" lang=\"fr\"> 15,6 pouces (personnalisable jusqu&rsquo;\u00e0 21,5 pouces)<\/span><\/p>\n<\/td>\n<\/tr>\n<tr>\n<td>\n<pre id=\"tw-target-text\" class=\"tw-data-text tw-text-large tw-ta\" dir=\"ltr\" tabindex=\"-1\" role=\"text\" data-placeholder=\"Traduction\" data-ved=\"2ahUKEwjZmI78m56QAxXuzQIHHUdPDKkQ3ewLegQICxAV\" aria-label=\"Texte traduit\u00a0: Mat\u00e9riau : acier inoxydable 304\r\nConnexion r\u00e9seau : module 4G \/ Wi-Fi \/ Ethernet\r\nDimensions du produit : H 2150 mm \u00d7 L 1150 mm \u00d7 P 820 mm\r\nR\u00e9frig\u00e9ration : 0 \u00b0C \u00e0 -18 \u00b0C\r\n\u00c9cran : LCD tactile capacitif ultra haute d\u00e9finition\r\nTaille de l'\u00e9cran : 15,6 pouces (personnalisable jusqu'\u00e0 21,5 pouces)\r\nTension nominale : 110 V \/ 220 V, 50 Hz \/ 60 Hz\r\nConsommation en veille : 350 W\r\nConsommation en fonctionnement : 4800 W\r\nCapacit\u00e9 de stockage des chips : jusqu'\u00e0 20 kg ; chaque chips p\u00e8se entre 80 et 100 g ; capacit\u00e9 de 100 tasses\r\nSyst\u00e8mes de paiement : WeChat Pay, Alipay, carte, esp\u00e8ces, pi\u00e8ces (en option)\r\nPo\u00eale : 1 unit\u00e9 ; puissance : 2100 W \/ 220 V\"><span class=\"Y2IQFc\" lang=\"fr\">Tension nominale<\/span><\/pre>\n<\/td>\n<td>110V \/ 220V, 50Hz \/ 60Hz<\/td>\n<\/tr>\n<tr>\n<td>\n<pre id=\"tw-target-text\" class=\"tw-data-text tw-text-large tw-ta\" dir=\"ltr\" tabindex=\"-1\" role=\"text\" data-placeholder=\"Traduction\" data-ved=\"2ahUKEwjZmI78m56QAxXuzQIHHUdPDKkQ3ewLegQICxAV\" aria-label=\"Texte traduit\u00a0: Mat\u00e9riau : acier inoxydable 304\r\nConnexion r\u00e9seau : module 4G \/ Wi-Fi \/ Ethernet\r\nDimensions du produit : H 2150 mm \u00d7 L 1150 mm \u00d7 P 820 mm\r\nR\u00e9frig\u00e9ration : 0 \u00b0C \u00e0 -18 \u00b0C\r\n\u00c9cran : LCD tactile capacitif ultra haute d\u00e9finition\r\nTaille de l'\u00e9cran : 15,6 pouces (personnalisable jusqu'\u00e0 21,5 pouces)\r\nTension nominale : 110 V \/ 220 V, 50 Hz \/ 60 Hz\r\nConsommation en veille : 350 W\r\nConsommation en fonctionnement : 4800 W\r\nCapacit\u00e9 de stockage des chips : jusqu'\u00e0 20 kg ; chaque chips p\u00e8se entre 80 et 100 g ; capacit\u00e9 de 100 tasses\r\nSyst\u00e8mes de paiement : WeChat Pay, Alipay, carte, esp\u00e8ces, pi\u00e8ces (en option)\r\nPo\u00eale : 1 unit\u00e9 ; puissance : 2100 W \/ 220 V\"><span class=\"Y2IQFc\" lang=\"fr\">Consommation en veille <\/span><\/pre>\n<\/td>\n<td>350W<\/td>\n<\/tr>\n<tr>\n<td>\n<pre id=\"tw-target-text\" class=\"tw-data-text tw-text-large tw-ta\" dir=\"ltr\" tabindex=\"-1\" role=\"text\" data-placeholder=\"Traduction\" data-ved=\"2ahUKEwjZmI78m56QAxXuzQIHHUdPDKkQ3ewLegQICxAV\" aria-label=\"Texte traduit\u00a0: Mat\u00e9riau : acier inoxydable 304\r\nConnexion r\u00e9seau : module 4G \/ Wi-Fi \/ Ethernet\r\nDimensions du produit : H 2150 mm \u00d7 L 1150 mm \u00d7 P 820 mm\r\nR\u00e9frig\u00e9ration : 0 \u00b0C \u00e0 -18 \u00b0C\r\n\u00c9cran : LCD tactile capacitif ultra haute d\u00e9finition\r\nTaille de l'\u00e9cran : 15,6 pouces (personnalisable jusqu'\u00e0 21,5 pouces)\r\nTension nominale : 110 V \/ 220 V, 50 Hz \/ 60 Hz\r\nConsommation en veille : 350 W\r\nConsommation en fonctionnement : 4800 W\r\nCapacit\u00e9 de stockage des chips : jusqu'\u00e0 20 kg ; chaque chips p\u00e8se entre 80 et 100 g ; capacit\u00e9 de 100 tasses\r\nSyst\u00e8mes de paiement : WeChat Pay, Alipay, carte, esp\u00e8ces, pi\u00e8ces (en option)\r\nPo\u00eale : 1 unit\u00e9 ; puissance : 2100 W \/ 220 V\"><span class=\"Y2IQFc\" lang=\"fr\">Consommation en fonctionnement<\/span><\/pre>\n<\/td>\n<td>4800W<\/td>\n<\/tr>\n<tr>\n<td>\n<pre id=\"tw-target-text\" class=\"tw-data-text tw-text-large tw-ta\" dir=\"ltr\" tabindex=\"-1\" role=\"text\" data-placeholder=\"Traduction\" data-ved=\"2ahUKEwjZmI78m56QAxXuzQIHHUdPDKkQ3ewLegQICxAV\" aria-label=\"Texte traduit\u00a0: Mat\u00e9riau : acier inoxydable 304\r\nConnexion r\u00e9seau : module 4G \/ Wi-Fi \/ Ethernet\r\nDimensions du produit : H 2150 mm \u00d7 L 1150 mm \u00d7 P 820 mm\r\nR\u00e9frig\u00e9ration : 0 \u00b0C \u00e0 -18 \u00b0C\r\n\u00c9cran : LCD tactile capacitif ultra haute d\u00e9finition\r\nTaille de l'\u00e9cran : 15,6 pouces (personnalisable jusqu'\u00e0 21,5 pouces)\r\nTension nominale : 110 V \/ 220 V, 50 Hz \/ 60 Hz\r\nConsommation en veille : 350 W\r\nConsommation en fonctionnement : 4800 W\r\nCapacit\u00e9 de stockage des chips : jusqu'\u00e0 20 kg ; chaque chips p\u00e8se entre 80 et 100 g ; capacit\u00e9 de 100 tasses\r\nSyst\u00e8mes de paiement : WeChat Pay, Alipay, carte, esp\u00e8ces, pi\u00e8ces (en option)\r\nPo\u00eale : 1 unit\u00e9 ; puissance : 2100 W \/ 220 V\"><span class=\"Y2IQFc\" lang=\"fr\">Capacit\u00e9 de stockage des chips<\/span><\/pre>\n<\/td>\n<td>\n<p id=\"tw-target-text\" class=\"tw-data-text tw-text-large tw-ta\" dir=\"ltr\" tabindex=\"-1\" role=\"text\" data-placeholder=\"Traduction\" data-ved=\"2ahUKEwjZmI78m56QAxXuzQIHHUdPDKkQ3ewLegQICxAV\" aria-label=\"Texte traduit\u00a0: Mat\u00e9riau : acier inoxydable 304\nConnexion r\u00e9seau : module 4G \/ Wi-Fi \/ Ethernet\nDimensions du produit : H 2150 mm \u00d7 L 1150 mm \u00d7 P 820 mm\nR\u00e9frig\u00e9ration : 0 \u00b0C \u00e0 -18 \u00b0C\n\u00c9cran : LCD tactile capacitif ultra haute d\u00e9finition\nTaille de l'\u00e9cran : 15,6 pouces (personnalisable jusqu'\u00e0 21,5 pouces)\nTension nominale : 110 V \/ 220 V, 50 Hz \/ 60 Hz\nConsommation en veille : 350 W\nConsommation en fonctionnement : 4800 W\nCapacit\u00e9 de stockage des chips : jusqu'\u00e0 20 kg ; chaque chips p\u00e8se entre 80 et 100 g ; capacit\u00e9 de 100 tasses\nSyst\u00e8mes de paiement : WeChat Pay, Alipay, carte, esp\u00e8ces, pi\u00e8ces (en option)\nPo\u00eale : 1 unit\u00e9 ; puissance : 2100 W \/ 220 V\"><span class=\"Y2IQFc\" lang=\"fr\">jusqu&rsquo;\u00e0 20 kg ; chaque chips p\u00e8se entre 80 et 100 g ; capacit\u00e9 de 100 tasses<\/span><\/p>\n<\/td>\n<\/tr>\n<tr>\n<td>\n<pre id=\"tw-target-text\" class=\"tw-data-text tw-text-large tw-ta\" dir=\"ltr\" tabindex=\"-1\" role=\"text\" data-placeholder=\"Traduction\" data-ved=\"2ahUKEwjZmI78m56QAxXuzQIHHUdPDKkQ3ewLegQICxAV\" aria-label=\"Texte traduit\u00a0: Mat\u00e9riau : acier inoxydable 304\r\nConnexion r\u00e9seau : module 4G \/ Wi-Fi \/ Ethernet\r\nDimensions du produit : H 2150 mm \u00d7 L 1150 mm \u00d7 P 820 mm\r\nR\u00e9frig\u00e9ration : 0 \u00b0C \u00e0 -18 \u00b0C\r\n\u00c9cran : LCD tactile capacitif ultra haute d\u00e9finition\r\nTaille de l'\u00e9cran : 15,6 pouces (personnalisable jusqu'\u00e0 21,5 pouces)\r\nTension nominale : 110 V \/ 220 V, 50 Hz \/ 60 Hz\r\nConsommation en veille : 350 W\r\nConsommation en fonctionnement : 4800 W\r\nCapacit\u00e9 de stockage des chips : jusqu'\u00e0 20 kg ; chaque chips p\u00e8se entre 80 et 100 g ; capacit\u00e9 de 100 tasses\r\nSyst\u00e8mes de paiement : WeChat Pay, Alipay, carte, esp\u00e8ces, pi\u00e8ces (en option)\r\nPo\u00eale : 1 unit\u00e9 ; puissance : 2100 W \/ 220 V\"><span class=\"Y2IQFc\" lang=\"fr\">Syst\u00e8mes de paiement<\/span><\/pre>\n<\/td>\n<td>\n<p id=\"tw-target-text\" class=\"tw-data-text tw-text-large tw-ta\" dir=\"ltr\" tabindex=\"-1\" role=\"text\" data-placeholder=\"Traduction\" data-ved=\"2ahUKEwjZmI78m56QAxXuzQIHHUdPDKkQ3ewLegQICxAV\" aria-label=\"Texte traduit\u00a0: Mat\u00e9riau : acier inoxydable 304\nConnexion r\u00e9seau : module 4G \/ Wi-Fi \/ Ethernet\nDimensions du produit : H 2150 mm \u00d7 L 1150 mm \u00d7 P 820 mm\nR\u00e9frig\u00e9ration : 0 \u00b0C \u00e0 -18 \u00b0C\n\u00c9cran : LCD tactile capacitif ultra haute d\u00e9finition\nTaille de l'\u00e9cran : 15,6 pouces (personnalisable jusqu'\u00e0 21,5 pouces)\nTension nominale : 110 V \/ 220 V, 50 Hz \/ 60 Hz\nConsommation en veille : 350 W\nConsommation en fonctionnement : 4800 W\nCapacit\u00e9 de stockage des chips : jusqu'\u00e0 20 kg ; chaque chips p\u00e8se entre 80 et 100 g ; capacit\u00e9 de 100 tasses\nSyst\u00e8mes de paiement : WeChat Pay, Alipay, carte, esp\u00e8ces, pi\u00e8ces (en option)\nPo\u00eale : 1 unit\u00e9 ; puissance : 2100 W \/ 220 V\"><span class=\"Y2IQFc\" lang=\"fr\">WeChat Pay, Alipay, carte, esp\u00e8ces, pi\u00e8ces (en option)<\/span><\/p>\n<\/td>\n<\/tr>\n<tr>\n<td>\n<pre id=\"tw-target-text\" class=\"tw-data-text tw-text-large tw-ta\" dir=\"ltr\" tabindex=\"-1\" role=\"text\" data-placeholder=\"Traduction\" data-ved=\"2ahUKEwjZmI78m56QAxXuzQIHHUdPDKkQ3ewLegQICxAV\" aria-label=\"Texte traduit\u00a0: Mat\u00e9riau : acier inoxydable 304\r\nConnexion r\u00e9seau : module 4G \/ Wi-Fi \/ Ethernet\r\nDimensions du produit : H 2150 mm \u00d7 L 1150 mm \u00d7 P 820 mm\r\nR\u00e9frig\u00e9ration : 0 \u00b0C \u00e0 -18 \u00b0C\r\n\u00c9cran : LCD tactile capacitif ultra haute d\u00e9finition\r\nTaille de l'\u00e9cran : 15,6 pouces (personnalisable jusqu'\u00e0 21,5 pouces)\r\nTension nominale : 110 V \/ 220 V, 50 Hz \/ 60 Hz\r\nConsommation en veille : 350 W\r\nConsommation en fonctionnement : 4800 W\r\nCapacit\u00e9 de stockage des chips : jusqu'\u00e0 20 kg ; chaque chips p\u00e8se entre 80 et 100 g ; capacit\u00e9 de 100 tasses\r\nSyst\u00e8mes de paiement : WeChat Pay, Alipay, carte, esp\u00e8ces, pi\u00e8ces (en option)\r\nPo\u00eale : 1 unit\u00e9 ; puissance : 2100 W \/ 220 V\"><span class=\"Y2IQFc\" lang=\"fr\">Po\u00eale<\/span><\/pre>\n<\/td>\n<td>\n<p id=\"tw-target-text\" class=\"tw-data-text tw-text-large tw-ta\" dir=\"ltr\" tabindex=\"-1\" role=\"text\" data-placeholder=\"Traduction\" data-ved=\"2ahUKEwjZmI78m56QAxXuzQIHHUdPDKkQ3ewLegQICxAV\" aria-label=\"Texte traduit\u00a0: Mat\u00e9riau : acier inoxydable 304\nConnexion r\u00e9seau : module 4G \/ Wi-Fi \/ Ethernet\nDimensions du produit : H 2150 mm \u00d7 L 1150 mm \u00d7 P 820 mm\nR\u00e9frig\u00e9ration : 0 \u00b0C \u00e0 -18 \u00b0C\n\u00c9cran : LCD tactile capacitif ultra haute d\u00e9finition\nTaille de l'\u00e9cran : 15,6 pouces (personnalisable jusqu'\u00e0 21,5 pouces)\nTension nominale : 110 V \/ 220 V, 50 Hz \/ 60 Hz\nConsommation en veille : 350 W\nConsommation en fonctionnement : 4800 W\nCapacit\u00e9 de stockage des chips : jusqu'\u00e0 20 kg ; chaque chips p\u00e8se entre 80 et 100 g ; capacit\u00e9 de 100 tasses\nSyst\u00e8mes de paiement : WeChat Pay, Alipay, carte, esp\u00e8ces, pi\u00e8ces (en option)\nPo\u00eale : 1 unit\u00e9 ; puissance : 2100 W \/ 220 V\"><span class=\"Y2IQFc\" lang=\"fr\">1 unit\u00e9 ; puissance : 2100 W \/ 220 V<\/span><\/p>\n<\/td>\n<\/tr>\n<\/tbody>\n<\/table>\n<\/div>\n<\/div>\n<\/div>\n<\/div>\n<div id=\"cell-1ENMWp24kt\" class=\"__element __cell col col-xl-5\" data-wow-duration=\"1000ms\">\n<div id=\"cell-1ENMWp24kt-inner\" class=\"__cell-inner\">\n<div id=\"image-QrX33fDrtj\" class=\"__element __image __image--5 __image--none\" data-wow-duration=\"1000ms\">\n<div class=\"__image-inner\"><\/div>\n<\/div>\n<\/div>\n<\/div>\n","protected":false},"excerpt":{"rendered":"<p>Distributeur automatique de frites \u00e0 vendre \u2014 Distributeur automatique de frites FC-100\u00a0: friteuse-distributrice rapide, fiable et compacte pour centres commerciaux, bureaux et kiosques. Solution cl\u00e9 en main\u00a0; contactez NewFuns pour conna\u00eetre les prix, les caract\u00e9ristiques et une d\u00e9monstration du distributeur.<\/p>\n","protected":false},"featured_media":1727,"template":"","meta":[],"product_brand":[],"product_cat":[361,363],"product_tag":[],"class_list":{"0":"post-2651","1":"product","2":"type-product","3":"status-publish","4":"has-post-thumbnail","6":"product_cat-machine-a-pop-et-distributeur-automatique","7":"product_cat-popcorn-et-barbe-a-papa","9":"first","10":"instock","11":"shipping-taxable","12":"product-type-simple"},"_links":{"self":[{"href":"https:\/\/www.alfadu-amusement.com\/index.php?rest_route=\/wp\/v2\/product\/2651","targetHints":{"allow":["GET"]}}],"collection":[{"href":"https:\/\/www.alfadu-amusement.com\/index.php?rest_route=\/wp\/v2\/product"}],"about":[{"href":"https:\/\/www.alfadu-amusement.com\/index.php?rest_route=\/wp\/v2\/types\/product"}],"wp:featuredmedia":[{"embeddable":true,"href":"https:\/\/www.alfadu-amusement.com\/index.php?rest_route=\/wp\/v2\/media\/1727"}],"wp:attachment":[{"href":"https:\/\/www.alfadu-amusement.com\/index.php?rest_route=%2Fwp%2Fv2%2Fmedia&parent=2651"}],"wp:term":[{"taxonomy":"product_brand","embeddable":true,"href":"https:\/\/www.alfadu-amusement.com\/index.php?rest_route=%2Fwp%2Fv2%2Fproduct_brand&post=2651"},{"taxonomy":"product_cat","embeddable":true,"href":"https:\/\/www.alfadu-amusement.com\/index.php?rest_route=%2Fwp%2Fv2%2Fproduct_cat&post=2651"},{"taxonomy":"product_tag","embeddable":true,"href":"https:\/\/www.alfadu-amusement.com\/index.php?rest_route=%2Fwp%2Fv2%2Fproduct_tag&post=2651"}],"curies":[{"name":"wp","href":"https:\/\/api.w.org\/{rel}","templated":true}]}}