{"id":2654,"date":"2025-10-12T08:56:45","date_gmt":"2025-10-12T08:56:45","guid":{"rendered":"https:\/\/www.alfadu-amusement.com\/?post_type=product&#038;p=2654"},"modified":"2025-10-12T08:56:45","modified_gmt":"2025-10-12T08:56:45","slug":"distributeur-automatique-de-smoothies-ns-320","status":"publish","type":"product","link":"https:\/\/www.alfadu-amusement.com\/?product=distributeur-automatique-de-smoothies-ns-320&lang=fr","title":{"rendered":"Distributeur automatique de smoothies NS-320"},"content":{"rendered":"<table border=\"1\">\n<tbody>\n<tr>\n<td>\n<pre id=\"tw-target-text\" class=\"tw-data-text tw-text-large tw-ta\" dir=\"ltr\" tabindex=\"-1\" role=\"text\" data-placeholder=\"Traduction\" data-ved=\"2ahUKEwjZmI78m56QAxXuzQIHHUdPDKkQ3ewLegQICxAV\" aria-label=\"Texte traduit\u00a0: Dimensions de l'\u00e9quipement\u00a0: 82\u00a0cm (L) x 93\u00a0cm (P) x 171\u00a0cm (H) + Hauteur sup\u00e9rieure\u00a0: 35\u00a0cm\r\nOptions\u00a0: 5\u00a0ingr\u00e9dients principaux + 3\u00a0types de confitures + 3\u00a0types de garnitures\r\nPuissance\u00a0: environ 400\u00a0\u2013\u00a02\u00a0500\u00a0W\r\n\u00c9cran\u00a0: \u00e9cran tactile haute sensibilit\u00e9 de 21,5\u00a0pouces\r\nPaiement personnalis\u00e9\u00a0: billets, pi\u00e8ces, cartes magn\u00e9tiques, cartes de membre et cartes \u00e0 puce\r\nModes de paiement\u00a0: lecture de codes QR + paiement personnalis\u00e9 par pi\u00e8ces\/billets\"><span class=\"Y2IQFc\" lang=\"fr\">Dimensions de l'\u00e9quipement<\/span><\/pre>\n<\/td>\n<td>82cm (W) x 93cm (D) x 171cm (H) + Top 35cm<\/td>\n<\/tr>\n<tr>\n<td>\n<pre id=\"tw-target-text\" class=\"tw-data-text tw-text-large tw-ta\" dir=\"ltr\" tabindex=\"-1\" role=\"text\" data-placeholder=\"Traduction\" data-ved=\"2ahUKEwjZmI78m56QAxXuzQIHHUdPDKkQ3ewLegQICxAV\" aria-label=\"Texte traduit\u00a0: Dimensions de l'\u00e9quipement\u00a0: 82\u00a0cm (L) x 93\u00a0cm (P) x 171\u00a0cm (H) + Hauteur sup\u00e9rieure\u00a0: 35\u00a0cm\r\nOptions\u00a0: 5\u00a0ingr\u00e9dients principaux + 3\u00a0types de confitures + 3\u00a0types de garnitures\r\nPuissance\u00a0: environ 400\u00a0\u2013\u00a02\u00a0500\u00a0W\r\n\u00c9cran\u00a0: \u00e9cran tactile haute sensibilit\u00e9 de 21,5\u00a0pouces\r\nPaiement personnalis\u00e9\u00a0: billets, pi\u00e8ces, cartes magn\u00e9tiques, cartes de membre et cartes \u00e0 puce\r\nModes de paiement\u00a0: lecture de codes QR + paiement personnalis\u00e9 par pi\u00e8ces\/billets\"><span class=\"Y2IQFc\" lang=\"fr\">Options<\/span><\/pre>\n<\/td>\n<td>\n<p id=\"tw-target-text\" class=\"tw-data-text tw-text-large tw-ta\" dir=\"ltr\" tabindex=\"-1\" role=\"text\" data-placeholder=\"Traduction\" data-ved=\"2ahUKEwjZmI78m56QAxXuzQIHHUdPDKkQ3ewLegQICxAV\" aria-label=\"Texte traduit\u00a0: Dimensions de l'\u00e9quipement\u00a0: 82\u00a0cm (L) x 93\u00a0cm (P) x 171\u00a0cm (H) + Hauteur sup\u00e9rieure\u00a0: 35\u00a0cm\nOptions\u00a0: 5\u00a0ingr\u00e9dients principaux + 3\u00a0types de confitures + 3\u00a0types de garnitures\nPuissance\u00a0: environ 400\u00a0\u2013\u00a02\u00a0500\u00a0W\n\u00c9cran\u00a0: \u00e9cran tactile haute sensibilit\u00e9 de 21,5\u00a0pouces\nPaiement personnalis\u00e9\u00a0: billets, pi\u00e8ces, cartes magn\u00e9tiques, cartes de membre et cartes \u00e0 puce\nModes de paiement\u00a0: lecture de codes QR + paiement personnalis\u00e9 par pi\u00e8ces\/billets\"><span class=\"Y2IQFc\" lang=\"fr\">5\u00a0ingr\u00e9dients principaux + 3\u00a0types de confitures + 3\u00a0types de garnitures<\/span><\/p>\n<\/td>\n<\/tr>\n<tr>\n<td><strong>Puissance<\/strong><\/td>\n<td>\n<p id=\"tw-target-text\" class=\"tw-data-text tw-text-large tw-ta\" dir=\"ltr\" tabindex=\"-1\" role=\"text\" data-placeholder=\"Traduction\" data-ved=\"2ahUKEwjZmI78m56QAxXuzQIHHUdPDKkQ3ewLegQICxAV\" aria-label=\"Texte traduit\u00a0: Dimensions de l'\u00e9quipement\u00a0: 82\u00a0cm (L) x 93\u00a0cm (P) x 171\u00a0cm (H) + Hauteur sup\u00e9rieure\u00a0: 35\u00a0cm\nOptions\u00a0: 5\u00a0ingr\u00e9dients principaux + 3\u00a0types de confitures + 3\u00a0types de garnitures\nPuissance\u00a0: environ 400\u00a0\u2013\u00a02\u00a0500\u00a0W\n\u00c9cran\u00a0: \u00e9cran tactile haute sensibilit\u00e9 de 21,5\u00a0pouces\nPaiement personnalis\u00e9\u00a0: billets, pi\u00e8ces, cartes magn\u00e9tiques, cartes de membre et cartes \u00e0 puce\nModes de paiement\u00a0: lecture de codes QR + paiement personnalis\u00e9 par pi\u00e8ces\/billets\"><span class=\"Y2IQFc\" lang=\"fr\"> environ 400\u00a0\u2013\u00a02\u00a0500\u00a0W<\/span><\/p>\n<\/td>\n<\/tr>\n<tr>\n<td>\n<pre id=\"tw-target-text\" class=\"tw-data-text tw-text-large tw-ta\" dir=\"ltr\" tabindex=\"-1\" role=\"text\" data-placeholder=\"Traduction\" data-ved=\"2ahUKEwjZmI78m56QAxXuzQIHHUdPDKkQ3ewLegQICxAV\" aria-label=\"Texte traduit\u00a0: Dimensions de l'\u00e9quipement\u00a0: 82\u00a0cm (L) x 93\u00a0cm (P) x 171\u00a0cm (H) + Hauteur sup\u00e9rieure\u00a0: 35\u00a0cm\r\nOptions\u00a0: 5\u00a0ingr\u00e9dients principaux + 3\u00a0types de confitures + 3\u00a0types de garnitures\r\nPuissance\u00a0: environ 400\u00a0\u2013\u00a02\u00a0500\u00a0W\r\n\u00c9cran\u00a0: \u00e9cran tactile haute sensibilit\u00e9 de 21,5\u00a0pouces\r\nPaiement personnalis\u00e9\u00a0: billets, pi\u00e8ces, cartes magn\u00e9tiques, cartes de membre et cartes \u00e0 puce\r\nModes de paiement\u00a0: lecture de codes QR + paiement personnalis\u00e9 par pi\u00e8ces\/billets\"><span class=\"Y2IQFc\" lang=\"fr\">\u00c9cran<\/span><\/pre>\n<\/td>\n<td>\n<p id=\"tw-target-text\" class=\"tw-data-text tw-text-large tw-ta\" dir=\"ltr\" tabindex=\"-1\" role=\"text\" data-placeholder=\"Traduction\" data-ved=\"2ahUKEwjZmI78m56QAxXuzQIHHUdPDKkQ3ewLegQICxAV\" aria-label=\"Texte traduit\u00a0: Dimensions de l'\u00e9quipement\u00a0: 82\u00a0cm (L) x 93\u00a0cm (P) x 171\u00a0cm (H) + Hauteur sup\u00e9rieure\u00a0: 35\u00a0cm\nOptions\u00a0: 5\u00a0ingr\u00e9dients principaux + 3\u00a0types de confitures + 3\u00a0types de garnitures\nPuissance\u00a0: environ 400\u00a0\u2013\u00a02\u00a0500\u00a0W\n\u00c9cran\u00a0: \u00e9cran tactile haute sensibilit\u00e9 de 21,5\u00a0pouces\nPaiement personnalis\u00e9\u00a0: billets, pi\u00e8ces, cartes magn\u00e9tiques, cartes de membre et cartes \u00e0 puce\nModes de paiement\u00a0: lecture de codes QR + paiement personnalis\u00e9 par pi\u00e8ces\/billets\"><span class=\"Y2IQFc\" lang=\"fr\">\u00e9cran tactile haute sensibilit\u00e9 de 21,5\u00a0pouces<\/span><\/p>\n<\/td>\n<\/tr>\n<tr>\n<td>\n<pre id=\"tw-target-text\" class=\"tw-data-text tw-text-large tw-ta\" dir=\"ltr\" tabindex=\"-1\" role=\"text\" data-placeholder=\"Traduction\" data-ved=\"2ahUKEwjZmI78m56QAxXuzQIHHUdPDKkQ3ewLegQICxAV\" aria-label=\"Texte traduit\u00a0: Dimensions de l'\u00e9quipement\u00a0: 82\u00a0cm (L) x 93\u00a0cm (P) x 171\u00a0cm (H) + Hauteur sup\u00e9rieure\u00a0: 35\u00a0cm\r\nOptions\u00a0: 5\u00a0ingr\u00e9dients principaux + 3\u00a0types de confitures + 3\u00a0types de garnitures\r\nPuissance\u00a0: environ 400\u00a0\u2013\u00a02\u00a0500\u00a0W\r\n\u00c9cran\u00a0: \u00e9cran tactile haute sensibilit\u00e9 de 21,5\u00a0pouces\r\nPaiement personnalis\u00e9\u00a0: billets, pi\u00e8ces, cartes magn\u00e9tiques, cartes de membre et cartes \u00e0 puce\r\nModes de paiement\u00a0: lecture de codes QR + paiement personnalis\u00e9 par pi\u00e8ces\/billets\"><span class=\"Y2IQFc\" lang=\"fr\">Paiement personnalis\u00e9<\/span><\/pre>\n<\/td>\n<td>\n<p id=\"tw-target-text\" class=\"tw-data-text tw-text-large tw-ta\" dir=\"ltr\" tabindex=\"-1\" role=\"text\" data-placeholder=\"Traduction\" data-ved=\"2ahUKEwjZmI78m56QAxXuzQIHHUdPDKkQ3ewLegQICxAV\" aria-label=\"Texte traduit\u00a0: Dimensions de l'\u00e9quipement\u00a0: 82\u00a0cm (L) x 93\u00a0cm (P) x 171\u00a0cm (H) + Hauteur sup\u00e9rieure\u00a0: 35\u00a0cm\nOptions\u00a0: 5\u00a0ingr\u00e9dients principaux + 3\u00a0types de confitures + 3\u00a0types de garnitures\nPuissance\u00a0: environ 400\u00a0\u2013\u00a02\u00a0500\u00a0W\n\u00c9cran\u00a0: \u00e9cran tactile haute sensibilit\u00e9 de 21,5\u00a0pouces\nPaiement personnalis\u00e9\u00a0: billets, pi\u00e8ces, cartes magn\u00e9tiques, cartes de membre et cartes \u00e0 puce\nModes de paiement\u00a0: lecture de codes QR + paiement personnalis\u00e9 par pi\u00e8ces\/billets\"><span class=\"Y2IQFc\" lang=\"fr\"> billets, pi\u00e8ces, cartes magn\u00e9tiques, cartes de membre et cartes \u00e0 puce<\/span><\/p>\n<\/td>\n<\/tr>\n<tr>\n<td>\n<pre id=\"tw-target-text\" class=\"tw-data-text tw-text-large tw-ta\" dir=\"ltr\" tabindex=\"-1\" role=\"text\" data-placeholder=\"Traduction\" data-ved=\"2ahUKEwjZmI78m56QAxXuzQIHHUdPDKkQ3ewLegQICxAV\" aria-label=\"Texte traduit\u00a0: Dimensions de l'\u00e9quipement\u00a0: 82\u00a0cm (L) x 93\u00a0cm (P) x 171\u00a0cm (H) + Hauteur sup\u00e9rieure\u00a0: 35\u00a0cm\r\nOptions\u00a0: 5\u00a0ingr\u00e9dients principaux + 3\u00a0types de confitures + 3\u00a0types de garnitures\r\nPuissance\u00a0: environ 400\u00a0\u2013\u00a02\u00a0500\u00a0W\r\n\u00c9cran\u00a0: \u00e9cran tactile haute sensibilit\u00e9 de 21,5\u00a0pouces\r\nPaiement personnalis\u00e9\u00a0: billets, pi\u00e8ces, cartes magn\u00e9tiques, cartes de membre et cartes \u00e0 puce\r\nModes de paiement\u00a0: lecture de codes QR + paiement personnalis\u00e9 par pi\u00e8ces\/billets\"><span class=\"Y2IQFc\" lang=\"fr\">Modes de paiement<\/span><\/pre>\n<\/td>\n<td>\n<p id=\"tw-target-text\" class=\"tw-data-text tw-text-large tw-ta\" dir=\"ltr\" tabindex=\"-1\" role=\"text\" data-placeholder=\"Traduction\" data-ved=\"2ahUKEwjZmI78m56QAxXuzQIHHUdPDKkQ3ewLegQICxAV\" aria-label=\"Texte traduit\u00a0: Dimensions de l'\u00e9quipement\u00a0: 82\u00a0cm (L) x 93\u00a0cm (P) x 171\u00a0cm (H) + Hauteur sup\u00e9rieure\u00a0: 35\u00a0cm\nOptions\u00a0: 5\u00a0ingr\u00e9dients principaux + 3\u00a0types de confitures + 3\u00a0types de garnitures\nPuissance\u00a0: environ 400\u00a0\u2013\u00a02\u00a0500\u00a0W\n\u00c9cran\u00a0: \u00e9cran tactile haute sensibilit\u00e9 de 21,5\u00a0pouces\nPaiement personnalis\u00e9\u00a0: billets, pi\u00e8ces, cartes magn\u00e9tiques, cartes de membre et cartes \u00e0 puce\nModes de paiement\u00a0: lecture de codes QR + paiement personnalis\u00e9 par pi\u00e8ces\/billets\"><span class=\"Y2IQFc\" lang=\"fr\">lecture de codes QR + paiement personnalis\u00e9 par pi\u00e8ces\/billets<\/span><\/p>\n<\/td>\n<\/tr>\n<\/tbody>\n<\/table>\n","protected":false},"excerpt":{"rendered":"<p>Distributeur automatique de smoothies NS-320\u00a0: distributeur automatique de smoothies fiable et rapide \u00e0 vendre. Compact, programmable, conforme aux normes HACCP et \u00e9conome en \u00e9nergie, avec \u00e9cran tactile et paiement sans esp\u00e8ces. Boostez vos revenus et fid\u00e9lisez vos clients\u00a0: contactez ALFADU pour obtenir un devis.<\/p>\n","protected":false},"featured_media":1721,"template":"","meta":[],"product_brand":[],"product_cat":[361,363],"product_tag":[],"class_list":{"0":"post-2654","1":"product","2":"type-product","3":"status-publish","4":"has-post-thumbnail","6":"product_cat-machine-a-pop-et-distributeur-automatique","7":"product_cat-popcorn-et-barbe-a-papa","9":"first","10":"instock","11":"shipping-taxable","12":"product-type-simple"},"_links":{"self":[{"href":"https:\/\/www.alfadu-amusement.com\/index.php?rest_route=\/wp\/v2\/product\/2654","targetHints":{"allow":["GET"]}}],"collection":[{"href":"https:\/\/www.alfadu-amusement.com\/index.php?rest_route=\/wp\/v2\/product"}],"about":[{"href":"https:\/\/www.alfadu-amusement.com\/index.php?rest_route=\/wp\/v2\/types\/product"}],"wp:featuredmedia":[{"embeddable":true,"href":"https:\/\/www.alfadu-amusement.com\/index.php?rest_route=\/wp\/v2\/media\/1721"}],"wp:attachment":[{"href":"https:\/\/www.alfadu-amusement.com\/index.php?rest_route=%2Fwp%2Fv2%2Fmedia&parent=2654"}],"wp:term":[{"taxonomy":"product_brand","embeddable":true,"href":"https:\/\/www.alfadu-amusement.com\/index.php?rest_route=%2Fwp%2Fv2%2Fproduct_brand&post=2654"},{"taxonomy":"product_cat","embeddable":true,"href":"https:\/\/www.alfadu-amusement.com\/index.php?rest_route=%2Fwp%2Fv2%2Fproduct_cat&post=2654"},{"taxonomy":"product_tag","embeddable":true,"href":"https:\/\/www.alfadu-amusement.com\/index.php?rest_route=%2Fwp%2Fv2%2Fproduct_tag&post=2654"}],"curies":[{"name":"wp","href":"https:\/\/api.w.org\/{rel}","templated":true}]}}