{"id":2663,"date":"2025-10-12T09:30:45","date_gmt":"2025-10-12T09:30:45","guid":{"rendered":"https:\/\/www.alfadu-amusement.com\/?post_type=product&#038;p=2663"},"modified":"2025-10-12T09:30:45","modified_gmt":"2025-10-12T09:30:45","slug":"distributeur-automatique-de-glaces-entierement-automatique-nf-318","status":"publish","type":"product","link":"https:\/\/www.alfadu-amusement.com\/?product=distributeur-automatique-de-glaces-entierement-automatique-nf-318&lang=fr","title":{"rendered":"Distributeur automatique de glaces enti\u00e8rement automatique NF-318"},"content":{"rendered":"<blockquote>\n<table border=\"1\">\n<tbody>\n<tr>\n<td>\n<pre id=\"tw-target-text\" class=\"tw-data-text tw-text-large tw-ta\" dir=\"ltr\" tabindex=\"-1\" role=\"text\" data-placeholder=\"Traduction\" data-ved=\"2ahUKEwjZmI78m56QAxXuzQIHHUdPDKkQ3ewLegQICxAV\" aria-label=\"Texte traduit\u00a0: Dimensions\r\n960 x 850 x 2160 mm\r\nCapacit\u00e9\r\nEnviron 90 tasses\r\n\r\nTension nominale\r\nCA 220 V-240 V, 50 Hz\r\n\u00c9cran\r\n21,5 pouces\r\n\r\nTransport routier\r\nSortie mono-t\u00eate, exp\u00e9dition rotative\r\nTemp\u00e9rature\r\n4 \u00b0C + 10 \u00b0C\r\n\r\nPuissance nominale\r\n\r\nEnviron 400-2500 W\r\nGo\u00fbt\r\n1 type de lait en suspension + 3 types de confiture + 3 types de petits ingr\u00e9dients\"><span class=\"Y2IQFc\" lang=\"fr\">Dimensions<\/span><\/pre>\n<\/td>\n<td>\n<div>960*850*2160mm<\/div>\n<\/td>\n<td>\n<pre>Capacit\u00e9<\/pre>\n<\/td>\n<td>\n<p id=\"tw-target-text\" class=\"tw-data-text tw-text-large tw-ta\" dir=\"ltr\" tabindex=\"-1\" role=\"text\" data-placeholder=\"Traduction\" data-ved=\"2ahUKEwjZmI78m56QAxXuzQIHHUdPDKkQ3ewLegQICxAV\" aria-label=\"Texte traduit\u00a0: Dimensions\n960 x 850 x 2160 mm\nCapacit\u00e9\nEnviron 90 tasses\n\nTension nominale\nCA 220 V-240 V, 50 Hz\n\u00c9cran\n21,5 pouces\n\nTransport routier\nSortie mono-t\u00eate, exp\u00e9dition rotative\nTemp\u00e9rature\n4 \u00b0C + 10 \u00b0C\n\nPuissance nominale\n\nEnviron 400-2500 W\nGo\u00fbt\n1 type de lait en suspension + 3 types de confiture + 3 types de petits ingr\u00e9dients\"><span class=\"Y2IQFc\" lang=\"fr\">Environ 90 tasses<\/span><\/p>\n<\/td>\n<\/tr>\n<tr>\n<td>\n<pre id=\"tw-target-text\" class=\"tw-data-text tw-text-large tw-ta\" dir=\"ltr\" tabindex=\"-1\" role=\"text\" data-placeholder=\"Traduction\" data-ved=\"2ahUKEwjZmI78m56QAxXuzQIHHUdPDKkQ3ewLegQICxAV\" aria-label=\"Texte traduit\u00a0: Dimensions\r\n960 x 850 x 2160 mm\r\nCapacit\u00e9\r\nEnviron 90 tasses\r\n\r\nTension nominale\r\nCA 220 V-240 V, 50 Hz\r\n\u00c9cran\r\n21,5 pouces\r\n\r\nTransport routier\r\nSortie mono-t\u00eate, exp\u00e9dition rotative\r\nTemp\u00e9rature\r\n4 \u00b0C + 10 \u00b0C\r\n\r\nPuissance nominale\r\n\r\nEnviron 400-2500 W\r\nGo\u00fbt\r\n1 type de lait en suspension + 3 types de confiture + 3 types de petits ingr\u00e9dients\"><span class=\"Y2IQFc\" lang=\"fr\">Tension nominale<\/span><\/pre>\n<\/td>\n<td>\n<div>AC220V-240V.50HZ<\/div>\n<\/td>\n<td>\n<pre id=\"tw-target-text\" class=\"tw-data-text tw-text-large tw-ta\" dir=\"ltr\" tabindex=\"-1\" role=\"text\" data-placeholder=\"Traduction\" data-ved=\"2ahUKEwjZmI78m56QAxXuzQIHHUdPDKkQ3ewLegQICxAV\" aria-label=\"Texte traduit\u00a0: Dimensions\r\n960 x 850 x 2160 mm\r\nCapacit\u00e9\r\nEnviron 90 tasses\r\n\r\nTension nominale\r\nCA 220 V-240 V, 50 Hz\r\n\u00c9cran\r\n21,5 pouces\r\n\r\nTransport routier\r\nSortie mono-t\u00eate, exp\u00e9dition rotative\r\nTemp\u00e9rature\r\n4 \u00b0C + 10 \u00b0C\r\n\r\nPuissance nominale\r\n\r\nEnviron 400-2500 W\r\nGo\u00fbt\r\n1 type de lait en suspension + 3 types de confiture + 3 types de petits ingr\u00e9dients\"><span class=\"Y2IQFc\" lang=\"fr\">\u00c9cran<\/span><\/pre>\n<\/td>\n<td>\n<p id=\"tw-target-text\" class=\"tw-data-text tw-text-large tw-ta\" dir=\"ltr\" tabindex=\"-1\" role=\"text\" data-placeholder=\"Traduction\" data-ved=\"2ahUKEwjZmI78m56QAxXuzQIHHUdPDKkQ3ewLegQICxAV\" aria-label=\"Texte traduit\u00a0: Dimensions\n960 x 850 x 2160 mm\nCapacit\u00e9\nEnviron 90 tasses\n\nTension nominale\nCA 220 V-240 V, 50 Hz\n\u00c9cran\n21,5 pouces\n\nTransport routier\nSortie mono-t\u00eate, exp\u00e9dition rotative\nTemp\u00e9rature\n4 \u00b0C + 10 \u00b0C\n\nPuissance nominale\n\nEnviron 400-2500 W\nGo\u00fbt\n1 type de lait en suspension + 3 types de confiture + 3 types de petits ingr\u00e9dients\"><span class=\"Y2IQFc\" lang=\"fr\">21,5 pouces<\/span><\/p>\n<\/td>\n<\/tr>\n<tr>\n<td>\n<pre id=\"tw-target-text\" class=\"tw-data-text tw-text-large tw-ta\" dir=\"ltr\" tabindex=\"-1\" role=\"text\" data-placeholder=\"Traduction\" data-ved=\"2ahUKEwjZmI78m56QAxXuzQIHHUdPDKkQ3ewLegQICxAV\" aria-label=\"Texte traduit\u00a0: Dimensions\r\n960 x 850 x 2160 mm\r\nCapacit\u00e9\r\nEnviron 90 tasses\r\n\r\nTension nominale\r\nCA 220 V-240 V, 50 Hz\r\n\u00c9cran\r\n21,5 pouces\r\n\r\nTransport routier\r\nSortie mono-t\u00eate, exp\u00e9dition rotative\r\nTemp\u00e9rature\r\n4 \u00b0C + 10 \u00b0C\r\n\r\nPuissance nominale\r\n\r\nEnviron 400-2500 W\r\nGo\u00fbt\r\n1 type de lait en suspension + 3 types de confiture + 3 types de petits ingr\u00e9dients\"><span class=\"Y2IQFc\" lang=\"fr\">Transport routier<\/span><\/pre>\n<\/td>\n<td>\n<p id=\"tw-target-text\" class=\"tw-data-text tw-text-large tw-ta\" dir=\"ltr\" tabindex=\"-1\" role=\"text\" data-placeholder=\"Traduction\" data-ved=\"2ahUKEwjZmI78m56QAxXuzQIHHUdPDKkQ3ewLegQICxAV\" aria-label=\"Texte traduit\u00a0: Dimensions\n960 x 850 x 2160 mm\nCapacit\u00e9\nEnviron 90 tasses\n\nTension nominale\nCA 220 V-240 V, 50 Hz\n\u00c9cran\n21,5 pouces\n\nTransport routier\nSortie mono-t\u00eate, exp\u00e9dition rotative\nTemp\u00e9rature\n4 \u00b0C + 10 \u00b0C\n\nPuissance nominale\n\nEnviron 400-2500 W\nGo\u00fbt\n1 type de lait en suspension + 3 types de confiture + 3 types de petits ingr\u00e9dients\"><span class=\"Y2IQFc\" lang=\"fr\">Sortie mono-t\u00eate, exp\u00e9dition rotative<\/span><\/p>\n<\/td>\n<td>\n<pre>Temp\u00e9rature<\/pre>\n<\/td>\n<td>\n<div>4C + 10\u00b0<\/div>\n<\/td>\n<\/tr>\n<tr>\n<td>\n<pre id=\"tw-target-text\" class=\"tw-data-text tw-text-large tw-ta\" dir=\"ltr\" tabindex=\"-1\" role=\"text\" data-placeholder=\"Traduction\" data-ved=\"2ahUKEwjZmI78m56QAxXuzQIHHUdPDKkQ3ewLegQICxAV\" aria-label=\"Texte traduit\u00a0: Dimensions\r\n960 x 850 x 2160 mm\r\nCapacit\u00e9\r\nEnviron 90 tasses\r\n\r\nTension nominale\r\nCA 220 V-240 V, 50 Hz\r\n\u00c9cran\r\n21,5 pouces\r\n\r\nTransport routier\r\nSortie mono-t\u00eate, exp\u00e9dition rotative\r\nTemp\u00e9rature\r\n4 \u00b0C + 10 \u00b0C\r\n\r\nPuissance nominale\r\n\r\nEnviron 400-2500 W\r\nGo\u00fbt\r\n1 type de lait en suspension + 3 types de confiture + 3 types de petits ingr\u00e9dients\"><span class=\"Y2IQFc\" lang=\"fr\">Puissance nominale<\/span><\/pre>\n<\/td>\n<td>\n<p id=\"tw-target-text\" class=\"tw-data-text tw-text-large tw-ta\" dir=\"ltr\" tabindex=\"-1\" role=\"text\" data-placeholder=\"Traduction\" data-ved=\"2ahUKEwjZmI78m56QAxXuzQIHHUdPDKkQ3ewLegQICxAV\" aria-label=\"Texte traduit\u00a0: Dimensions\n960 x 850 x 2160 mm\nCapacit\u00e9\nEnviron 90 tasses\n\nTension nominale\nCA 220 V-240 V, 50 Hz\n\u00c9cran\n21,5 pouces\n\nTransport routier\nSortie mono-t\u00eate, exp\u00e9dition rotative\nTemp\u00e9rature\n4 \u00b0C + 10 \u00b0C\n\nPuissance nominale\n\nEnviron 400-2500 W\nGo\u00fbt\n1 type de lait en suspension + 3 types de confiture + 3 types de petits ingr\u00e9dients\"><span class=\"Y2IQFc\" lang=\"fr\">Environ 400-2500 W<br \/>\n<\/span><\/p>\n<\/td>\n<td>\n<pre id=\"tw-target-text\" class=\"tw-data-text tw-text-large tw-ta\" dir=\"ltr\" tabindex=\"-1\" role=\"text\" data-placeholder=\"Traduction\" data-ved=\"2ahUKEwjZmI78m56QAxXuzQIHHUdPDKkQ3ewLegQICxAV\" aria-label=\"Texte traduit\u00a0: Dimensions\r\n960 x 850 x 2160 mm\r\nCapacit\u00e9\r\nEnviron 90 tasses\r\n\r\nTension nominale\r\nCA 220 V-240 V, 50 Hz\r\n\u00c9cran\r\n21,5 pouces\r\n\r\nTransport routier\r\nSortie mono-t\u00eate, exp\u00e9dition rotative\r\nTemp\u00e9rature\r\n4 \u00b0C + 10 \u00b0C\r\n\r\nPuissance nominale\r\n\r\nEnviron 400-2500 W\r\nGo\u00fbt\r\n1 type de lait en suspension + 3 types de confiture + 3 types de petits ingr\u00e9dients\"><span class=\"Y2IQFc\" lang=\"fr\">Go\u00fbt<\/span><\/pre>\n<\/td>\n<td>\n<p id=\"tw-target-text\" class=\"tw-data-text tw-text-large tw-ta\" dir=\"ltr\" tabindex=\"-1\" role=\"text\" data-placeholder=\"Traduction\" data-ved=\"2ahUKEwjZmI78m56QAxXuzQIHHUdPDKkQ3ewLegQICxAV\" aria-label=\"Texte traduit\u00a0: Dimensions\n960 x 850 x 2160 mm\nCapacit\u00e9\nEnviron 90 tasses\n\nTension nominale\nCA 220 V-240 V, 50 Hz\n\u00c9cran\n21,5 pouces\n\nTransport routier\nSortie mono-t\u00eate, exp\u00e9dition rotative\nTemp\u00e9rature\n4 \u00b0C + 10 \u00b0C\n\nPuissance nominale\n\nEnviron 400-2500 W\nGo\u00fbt\n1 type de lait en suspension + 3 types de confiture + 3 types de petits ingr\u00e9dients\"><span class=\"Y2IQFc\" lang=\"fr\">1 type de lait en suspension + 3 types de confiture + 3 types de petits ingr\u00e9dients<\/span><\/p>\n<\/td>\n<\/tr>\n<tr>\n<td colspan=\"4\">\u00c9tant donn\u00e9 que la version de l&rsquo;appareil est continuellement mise \u00e0 jour, les param\u00e8tres de donn\u00e9es d\u00e9pendent de l&rsquo;appareil r\u00e9el.<\/td>\n<\/tr>\n<\/tbody>\n<\/table>\n<\/blockquote>\n","protected":false},"excerpt":{"rendered":"<p>D\u00e9couvrez le distributeur automatique de glaces NF-318, la solution id\u00e9ale pour une livraison pratique et savoureuse de glaces. Ce distributeur automatique sophistiqu\u00e9 assure une distribution rapide et facile d&rsquo;une vari\u00e9t\u00e9 de parfums, pour une exp\u00e9rience client agr\u00e9able et est id\u00e9al pour les zones \u00e0 forte fr\u00e9quentation. Boostez rapidement votre activit\u00e9 gr\u00e2ce \u00e0 ce distributeur performant.<\/p>\n","protected":false},"featured_media":1696,"template":"","meta":[],"product_brand":[],"product_cat":[361,363],"product_tag":[],"class_list":{"0":"post-2663","1":"product","2":"type-product","3":"status-publish","4":"has-post-thumbnail","6":"product_cat-machine-a-pop-et-distributeur-automatique","7":"product_cat-popcorn-et-barbe-a-papa","9":"first","10":"instock","11":"shipping-taxable","12":"product-type-simple"},"_links":{"self":[{"href":"https:\/\/www.alfadu-amusement.com\/index.php?rest_route=\/wp\/v2\/product\/2663","targetHints":{"allow":["GET"]}}],"collection":[{"href":"https:\/\/www.alfadu-amusement.com\/index.php?rest_route=\/wp\/v2\/product"}],"about":[{"href":"https:\/\/www.alfadu-amusement.com\/index.php?rest_route=\/wp\/v2\/types\/product"}],"wp:featuredmedia":[{"embeddable":true,"href":"https:\/\/www.alfadu-amusement.com\/index.php?rest_route=\/wp\/v2\/media\/1696"}],"wp:attachment":[{"href":"https:\/\/www.alfadu-amusement.com\/index.php?rest_route=%2Fwp%2Fv2%2Fmedia&parent=2663"}],"wp:term":[{"taxonomy":"product_brand","embeddable":true,"href":"https:\/\/www.alfadu-amusement.com\/index.php?rest_route=%2Fwp%2Fv2%2Fproduct_brand&post=2663"},{"taxonomy":"product_cat","embeddable":true,"href":"https:\/\/www.alfadu-amusement.com\/index.php?rest_route=%2Fwp%2Fv2%2Fproduct_cat&post=2663"},{"taxonomy":"product_tag","embeddable":true,"href":"https:\/\/www.alfadu-amusement.com\/index.php?rest_route=%2Fwp%2Fv2%2Fproduct_tag&post=2663"}],"curies":[{"name":"wp","href":"https:\/\/api.w.org\/{rel}","templated":true}]}}