{"id":2675,"date":"2025-10-12T10:24:47","date_gmt":"2025-10-12T10:24:47","guid":{"rendered":"https:\/\/www.alfadu-amusement.com\/?post_type=product&#038;p=2675"},"modified":"2025-10-12T10:24:47","modified_gmt":"2025-10-12T10:24:47","slug":"distributeur-automatique-de-glaces-automatique-nf-320","status":"publish","type":"product","link":"https:\/\/www.alfadu-amusement.com\/?product=distributeur-automatique-de-glaces-automatique-nf-320&lang=fr","title":{"rendered":"Distributeur automatique de glaces automatique NF-320"},"content":{"rendered":"<table border=\"1\">\n<tbody>\n<tr>\n<td>\n<pre id=\"tw-target-text\" class=\"tw-data-text tw-text-large tw-ta\" dir=\"ltr\" tabindex=\"-1\" role=\"text\" data-placeholder=\"Traduction\" data-ved=\"2ahUKEwjZmI78m56QAxXuzQIHHUdPDKkQ3ewLegQICxAV\" aria-label=\"Texte traduit\u00a0: Dimensions\r\n800 x 1269 x 1800 mm (sans caisson lumineux)\r\nGestion de l'arri\u00e8re-plan\r\nArri\u00e8re-plan de l'\u00e9cran + plateforme de services cloud mobiles\r\n\r\nPoids de la machine\r\nEnviron 240 kg\r\n\u00c9cran\r\n22 pouces, 1920 x 1080 pixels\r\n\r\nTension nominale\r\nCA 220 V 50 Hz\r\nConfiguration r\u00e9seau requise\r\nPrise en charge des cartes Wi-Fi et 4G IoT\r\n\r\nPuissance nominale\r\n\r\n3000 W\r\n\u00c9cran tactile\r\n\u00c9cran tactile capacitif 22 pouces\r\n\r\nMode de paiement\r\nBillets\/pi\u00e8ces\/cartes magn\u00e9tiques\/paiement par code de scan\/Prise en charge des versions internationales (code de scan APF)\r\n\r\nLa version de l'appareil \u00e9tant constamment mise \u00e0 jour, les param\u00e8tres de donn\u00e9es d\u00e9pendent de l'appareil r\u00e9el.\"><span class=\"Y2IQFc\" lang=\"fr\">Dimensions<\/span><\/pre>\n<\/td>\n<td>\n<p id=\"tw-target-text\" class=\"tw-data-text tw-text-large tw-ta\" dir=\"ltr\" tabindex=\"-1\" role=\"text\" data-placeholder=\"Traduction\" data-ved=\"2ahUKEwjZmI78m56QAxXuzQIHHUdPDKkQ3ewLegQICxAV\" aria-label=\"Texte traduit\u00a0: Dimensions\n800 x 1269 x 1800 mm (sans caisson lumineux)\nGestion de l'arri\u00e8re-plan\nArri\u00e8re-plan de l'\u00e9cran + plateforme de services cloud mobiles\n\nPoids de la machine\nEnviron 240 kg\n\u00c9cran\n22 pouces, 1920 x 1080 pixels\n\nTension nominale\nCA 220 V 50 Hz\nConfiguration r\u00e9seau requise\nPrise en charge des cartes Wi-Fi et 4G IoT\n\nPuissance nominale\n\n3000 W\n\u00c9cran tactile\n\u00c9cran tactile capacitif 22 pouces\n\nMode de paiement\nBillets\/pi\u00e8ces\/cartes magn\u00e9tiques\/paiement par code de scan\/Prise en charge des versions internationales (code de scan APF)\n\nLa version de l'appareil \u00e9tant constamment mise \u00e0 jour, les param\u00e8tres de donn\u00e9es d\u00e9pendent de l'appareil r\u00e9el.\"><span class=\"Y2IQFc\" lang=\"fr\">800 x 1269 x 1800 mm (sans caisson lumineux)<\/span><\/p>\n<\/td>\n<td>\n<pre class=\"tw-data-text tw-text-large tw-ta\" dir=\"ltr\" tabindex=\"-1\" role=\"text\" data-placeholder=\"Traduction\" data-ved=\"2ahUKEwjZmI78m56QAxXuzQIHHUdPDKkQ3ewLegQICxAV\" aria-label=\"Texte traduit\u00a0: Dimensions\r\n800 x 1269 x 1800 mm (sans caisson lumineux)\r\nGestion de l'arri\u00e8re-plan\r\nArri\u00e8re-plan de l'\u00e9cran + plateforme de services cloud mobiles\r\n\r\nPoids de la machine\r\nEnviron 240 kg\r\n\u00c9cran\r\n22 pouces, 1920 x 1080 pixels\r\n\r\nTension nominale\r\nCA 220 V 50 Hz\r\nConfiguration r\u00e9seau requise\r\nPrise en charge des cartes Wi-Fi et 4G IoT\r\n\r\nPuissance nominale\r\n\r\n3000 W\r\n\u00c9cran tactile\r\n\u00c9cran tactile capacitif 22 pouces\r\n\r\nMode de paiement\r\nBillets\/pi\u00e8ces\/cartes magn\u00e9tiques\/paiement par code de scan\/Prise en charge des versions internationales (code de scan APF)\r\n\r\nLa version de l'appareil \u00e9tant constamment mise \u00e0 jour, les param\u00e8tres de donn\u00e9es d\u00e9pendent de l'appareil r\u00e9el.\"><span class=\"Y2IQFc\" lang=\"fr\">Gestion de l'arri\u00e8re-plan<\/span><\/pre>\n<\/td>\n<td>\n<p id=\"tw-target-text\" class=\"tw-data-text tw-text-large tw-ta\" dir=\"ltr\" tabindex=\"-1\" role=\"text\" data-placeholder=\"Traduction\" data-ved=\"2ahUKEwjZmI78m56QAxXuzQIHHUdPDKkQ3ewLegQICxAV\" aria-label=\"Texte traduit\u00a0: Dimensions\n800 x 1269 x 1800 mm (sans caisson lumineux)\nGestion de l'arri\u00e8re-plan\nArri\u00e8re-plan de l'\u00e9cran + plateforme de services cloud mobiles\n\nPoids de la machine\nEnviron 240 kg\n\u00c9cran\n22 pouces, 1920 x 1080 pixels\n\nTension nominale\nCA 220 V 50 Hz\nConfiguration r\u00e9seau requise\nPrise en charge des cartes Wi-Fi et 4G IoT\n\nPuissance nominale\n\n3000 W\n\u00c9cran tactile\n\u00c9cran tactile capacitif 22 pouces\n\nMode de paiement\nBillets\/pi\u00e8ces\/cartes magn\u00e9tiques\/paiement par code de scan\/Prise en charge des versions internationales (code de scan APF)\n\nLa version de l'appareil \u00e9tant constamment mise \u00e0 jour, les param\u00e8tres de donn\u00e9es d\u00e9pendent de l'appareil r\u00e9el.\"><span class=\"Y2IQFc\" lang=\"fr\">Arri\u00e8re-plan de l&rsquo;\u00e9cran + plateforme de services cloud mobiles<\/span><\/p>\n<\/td>\n<\/tr>\n<tr>\n<td>\n<pre id=\"tw-target-text\" class=\"tw-data-text tw-text-large tw-ta\" dir=\"ltr\" tabindex=\"-1\" role=\"text\" data-placeholder=\"Traduction\" data-ved=\"2ahUKEwjZmI78m56QAxXuzQIHHUdPDKkQ3ewLegQICxAV\" aria-label=\"Texte traduit\u00a0: Dimensions\r\n800 x 1269 x 1800 mm (sans caisson lumineux)\r\nGestion de l'arri\u00e8re-plan\r\nArri\u00e8re-plan de l'\u00e9cran + plateforme de services cloud mobiles\r\n\r\nPoids de la machine\r\nEnviron 240 kg\r\n\u00c9cran\r\n22 pouces, 1920 x 1080 pixels\r\n\r\nTension nominale\r\nCA 220 V 50 Hz\r\nConfiguration r\u00e9seau requise\r\nPrise en charge des cartes Wi-Fi et 4G IoT\r\n\r\nPuissance nominale\r\n\r\n3000 W\r\n\u00c9cran tactile\r\n\u00c9cran tactile capacitif 22 pouces\r\n\r\nMode de paiement\r\nBillets\/pi\u00e8ces\/cartes magn\u00e9tiques\/paiement par code de scan\/Prise en charge des versions internationales (code de scan APF)\r\n\r\nLa version de l'appareil \u00e9tant constamment mise \u00e0 jour, les param\u00e8tres de donn\u00e9es d\u00e9pendent de l'appareil r\u00e9el.\"><span class=\"Y2IQFc\" lang=\"fr\">Poids de la machine<\/span><\/pre>\n<\/td>\n<td>\n<p id=\"tw-target-text\" class=\"tw-data-text tw-text-large tw-ta\" dir=\"ltr\" tabindex=\"-1\" role=\"text\" data-placeholder=\"Traduction\" data-ved=\"2ahUKEwjZmI78m56QAxXuzQIHHUdPDKkQ3ewLegQICxAV\" aria-label=\"Texte traduit\u00a0: Dimensions\n800 x 1269 x 1800 mm (sans caisson lumineux)\nGestion de l'arri\u00e8re-plan\nArri\u00e8re-plan de l'\u00e9cran + plateforme de services cloud mobiles\n\nPoids de la machine\nEnviron 240 kg\n\u00c9cran\n22 pouces, 1920 x 1080 pixels\n\nTension nominale\nCA 220 V 50 Hz\nConfiguration r\u00e9seau requise\nPrise en charge des cartes Wi-Fi et 4G IoT\n\nPuissance nominale\n\n3000 W\n\u00c9cran tactile\n\u00c9cran tactile capacitif 22 pouces\n\nMode de paiement\nBillets\/pi\u00e8ces\/cartes magn\u00e9tiques\/paiement par code de scan\/Prise en charge des versions internationales (code de scan APF)\n\nLa version de l'appareil \u00e9tant constamment mise \u00e0 jour, les param\u00e8tres de donn\u00e9es d\u00e9pendent de l'appareil r\u00e9el.\"><span class=\"Y2IQFc\" lang=\"fr\">Environ 240 kg\u00a0<\/span><\/p>\n<\/td>\n<td>\n<pre id=\"tw-target-text\" class=\"tw-data-text tw-text-large tw-ta\" dir=\"ltr\" tabindex=\"-1\" role=\"text\" data-placeholder=\"Traduction\" data-ved=\"2ahUKEwjZmI78m56QAxXuzQIHHUdPDKkQ3ewLegQICxAV\" aria-label=\"Texte traduit\u00a0: Dimensions\r\n800 x 1269 x 1800 mm (sans caisson lumineux)\r\nGestion de l'arri\u00e8re-plan\r\nArri\u00e8re-plan de l'\u00e9cran + plateforme de services cloud mobiles\r\n\r\nPoids de la machine\r\nEnviron 240 kg\r\n\u00c9cran\r\n22 pouces, 1920 x 1080 pixels\r\n\r\nTension nominale\r\nCA 220 V 50 Hz\r\nConfiguration r\u00e9seau requise\r\nPrise en charge des cartes Wi-Fi et 4G IoT\r\n\r\nPuissance nominale\r\n\r\n3000 W\r\n\u00c9cran tactile\r\n\u00c9cran tactile capacitif 22 pouces\r\n\r\nMode de paiement\r\nBillets\/pi\u00e8ces\/cartes magn\u00e9tiques\/paiement par code de scan\/Prise en charge des versions internationales (code de scan APF)\r\n\r\nLa version de l'appareil \u00e9tant constamment mise \u00e0 jour, les param\u00e8tres de donn\u00e9es d\u00e9pendent de l'appareil r\u00e9el.\"><span class=\"Y2IQFc\" lang=\"fr\">\u00c9cran<\/span><\/pre>\n<\/td>\n<td>\n<p id=\"tw-target-text\" class=\"tw-data-text tw-text-large tw-ta\" dir=\"ltr\" tabindex=\"-1\" role=\"text\" data-placeholder=\"Traduction\" data-ved=\"2ahUKEwjZmI78m56QAxXuzQIHHUdPDKkQ3ewLegQICxAV\" aria-label=\"Texte traduit\u00a0: Dimensions\n800 x 1269 x 1800 mm (sans caisson lumineux)\nGestion de l'arri\u00e8re-plan\nArri\u00e8re-plan de l'\u00e9cran + plateforme de services cloud mobiles\n\nPoids de la machine\nEnviron 240 kg\n\u00c9cran\n22 pouces, 1920 x 1080 pixels\n\nTension nominale\nCA 220 V 50 Hz\nConfiguration r\u00e9seau requise\nPrise en charge des cartes Wi-Fi et 4G IoT\n\nPuissance nominale\n\n3000 W\n\u00c9cran tactile\n\u00c9cran tactile capacitif 22 pouces\n\nMode de paiement\nBillets\/pi\u00e8ces\/cartes magn\u00e9tiques\/paiement par code de scan\/Prise en charge des versions internationales (code de scan APF)\n\nLa version de l'appareil \u00e9tant constamment mise \u00e0 jour, les param\u00e8tres de donn\u00e9es d\u00e9pendent de l'appareil r\u00e9el.\"><span class=\"Y2IQFc\" lang=\"fr\">22 pouces, 1920 x 1080 pixels <\/span><\/p>\n<\/td>\n<\/tr>\n<tr>\n<td>\n<pre id=\"tw-target-text\" class=\"tw-data-text tw-text-large tw-ta\" dir=\"ltr\" tabindex=\"-1\" role=\"text\" data-placeholder=\"Traduction\" data-ved=\"2ahUKEwjZmI78m56QAxXuzQIHHUdPDKkQ3ewLegQICxAV\" aria-label=\"Texte traduit\u00a0: Dimensions\r\n800 x 1269 x 1800 mm (sans caisson lumineux)\r\nGestion de l'arri\u00e8re-plan\r\nArri\u00e8re-plan de l'\u00e9cran + plateforme de services cloud mobiles\r\n\r\nPoids de la machine\r\nEnviron 240 kg\r\n\u00c9cran\r\n22 pouces, 1920 x 1080 pixels\r\n\r\nTension nominale\r\nCA 220 V 50 Hz\r\nConfiguration r\u00e9seau requise\r\nPrise en charge des cartes Wi-Fi et 4G IoT\r\n\r\nPuissance nominale\r\n\r\n3000 W\r\n\u00c9cran tactile\r\n\u00c9cran tactile capacitif 22 pouces\r\n\r\nMode de paiement\r\nBillets\/pi\u00e8ces\/cartes magn\u00e9tiques\/paiement par code de scan\/Prise en charge des versions internationales (code de scan APF)\r\n\r\nLa version de l'appareil \u00e9tant constamment mise \u00e0 jour, les param\u00e8tres de donn\u00e9es d\u00e9pendent de l'appareil r\u00e9el.\"><span class=\"Y2IQFc\" lang=\"fr\">Tension nominale<\/span><\/pre>\n<\/td>\n<td>\n<div>AC220V 50HZ<\/div>\n<\/td>\n<td>\n<pre id=\"tw-target-text\" class=\"tw-data-text tw-text-large tw-ta\" dir=\"ltr\" tabindex=\"-1\" role=\"text\" data-placeholder=\"Traduction\" data-ved=\"2ahUKEwjZmI78m56QAxXuzQIHHUdPDKkQ3ewLegQICxAV\" aria-label=\"Texte traduit\u00a0: Dimensions\r\n800 x 1269 x 1800 mm (sans caisson lumineux)\r\nGestion de l'arri\u00e8re-plan\r\nArri\u00e8re-plan de l'\u00e9cran + plateforme de services cloud mobiles\r\n\r\nPoids de la machine\r\nEnviron 240 kg\r\n\u00c9cran\r\n22 pouces, 1920 x 1080 pixels\r\n\r\nTension nominale\r\nCA 220 V 50 Hz\r\nConfiguration r\u00e9seau requise\r\nPrise en charge des cartes Wi-Fi et 4G IoT\r\n\r\nPuissance nominale\r\n\r\n3000 W\r\n\u00c9cran tactile\r\n\u00c9cran tactile capacitif 22 pouces\r\n\r\nMode de paiement\r\nBillets\/pi\u00e8ces\/cartes magn\u00e9tiques\/paiement par code de scan\/Prise en charge des versions internationales (code de scan APF)\r\n\r\nLa version de l'appareil \u00e9tant constamment mise \u00e0 jour, les param\u00e8tres de donn\u00e9es d\u00e9pendent de l'appareil r\u00e9el.\"><span class=\"Y2IQFc\" lang=\"fr\">Configuration r\u00e9seau requise<\/span><\/pre>\n<\/td>\n<td>\n<p id=\"tw-target-text\" class=\"tw-data-text tw-text-large tw-ta\" dir=\"ltr\" tabindex=\"-1\" role=\"text\" data-placeholder=\"Traduction\" data-ved=\"2ahUKEwjZmI78m56QAxXuzQIHHUdPDKkQ3ewLegQICxAV\" aria-label=\"Texte traduit\u00a0: Dimensions\n800 x 1269 x 1800 mm (sans caisson lumineux)\nGestion de l'arri\u00e8re-plan\nArri\u00e8re-plan de l'\u00e9cran + plateforme de services cloud mobiles\n\nPoids de la machine\nEnviron 240 kg\n\u00c9cran\n22 pouces, 1920 x 1080 pixels\n\nTension nominale\nCA 220 V 50 Hz\nConfiguration r\u00e9seau requise\nPrise en charge des cartes Wi-Fi et 4G IoT\n\nPuissance nominale\n\n3000 W\n\u00c9cran tactile\n\u00c9cran tactile capacitif 22 pouces\n\nMode de paiement\nBillets\/pi\u00e8ces\/cartes magn\u00e9tiques\/paiement par code de scan\/Prise en charge des versions internationales (code de scan APF)\n\nLa version de l'appareil \u00e9tant constamment mise \u00e0 jour, les param\u00e8tres de donn\u00e9es d\u00e9pendent de l'appareil r\u00e9el.\"><span class=\"Y2IQFc\" lang=\"fr\">Prise en charge des cartes Wi-Fi et 4G IoT<\/span><\/p>\n<\/td>\n<\/tr>\n<tr>\n<td>\n<pre id=\"tw-target-text\" class=\"tw-data-text tw-text-large tw-ta\" dir=\"ltr\" tabindex=\"-1\" role=\"text\" data-placeholder=\"Traduction\" data-ved=\"2ahUKEwjZmI78m56QAxXuzQIHHUdPDKkQ3ewLegQICxAV\" aria-label=\"Texte traduit\u00a0: Dimensions\r\n800 x 1269 x 1800 mm (sans caisson lumineux)\r\nGestion de l'arri\u00e8re-plan\r\nArri\u00e8re-plan de l'\u00e9cran + plateforme de services cloud mobiles\r\n\r\nPoids de la machine\r\nEnviron 240 kg\r\n\u00c9cran\r\n22 pouces, 1920 x 1080 pixels\r\n\r\nTension nominale\r\nCA 220 V 50 Hz\r\nConfiguration r\u00e9seau requise\r\nPrise en charge des cartes Wi-Fi et 4G IoT\r\n\r\nPuissance nominale\r\n\r\n3000 W\r\n\u00c9cran tactile\r\n\u00c9cran tactile capacitif 22 pouces\r\n\r\nMode de paiement\r\nBillets\/pi\u00e8ces\/cartes magn\u00e9tiques\/paiement par code de scan\/Prise en charge des versions internationales (code de scan APF)\r\n\r\nLa version de l'appareil \u00e9tant constamment mise \u00e0 jour, les param\u00e8tres de donn\u00e9es d\u00e9pendent de l'appareil r\u00e9el.\"><span class=\"Y2IQFc\" lang=\"fr\">Puissance nominale<\/span><\/pre>\n<\/td>\n<td>\n<div>3000W<\/div>\n<\/td>\n<td>\n<pre id=\"tw-target-text\" class=\"tw-data-text tw-text-large tw-ta\" dir=\"ltr\" tabindex=\"-1\" role=\"text\" data-placeholder=\"Traduction\" data-ved=\"2ahUKEwjZmI78m56QAxXuzQIHHUdPDKkQ3ewLegQICxAV\" aria-label=\"Texte traduit\u00a0: Dimensions\r\n800 x 1269 x 1800 mm (sans caisson lumineux)\r\nGestion de l'arri\u00e8re-plan\r\nArri\u00e8re-plan de l'\u00e9cran + plateforme de services cloud mobiles\r\n\r\nPoids de la machine\r\nEnviron 240 kg\r\n\u00c9cran\r\n22 pouces, 1920 x 1080 pixels\r\n\r\nTension nominale\r\nCA 220 V 50 Hz\r\nConfiguration r\u00e9seau requise\r\nPrise en charge des cartes Wi-Fi et 4G IoT\r\n\r\nPuissance nominale\r\n\r\n3000 W\r\n\u00c9cran tactile\r\n\u00c9cran tactile capacitif 22 pouces\r\n\r\nMode de paiement\r\nBillets\/pi\u00e8ces\/cartes magn\u00e9tiques\/paiement par code de scan\/Prise en charge des versions internationales (code de scan APF)\r\n\r\nLa version de l'appareil \u00e9tant constamment mise \u00e0 jour, les param\u00e8tres de donn\u00e9es d\u00e9pendent de l'appareil r\u00e9el.\"><span class=\"Y2IQFc\" lang=\"fr\">\u00c9cran tactile<\/span><\/pre>\n<\/td>\n<td>\n<p id=\"tw-target-text\" class=\"tw-data-text tw-text-large tw-ta\" dir=\"ltr\" tabindex=\"-1\" role=\"text\" data-placeholder=\"Traduction\" data-ved=\"2ahUKEwjZmI78m56QAxXuzQIHHUdPDKkQ3ewLegQICxAV\" aria-label=\"Texte traduit\u00a0: Dimensions\n800 x 1269 x 1800 mm (sans caisson lumineux)\nGestion de l'arri\u00e8re-plan\nArri\u00e8re-plan de l'\u00e9cran + plateforme de services cloud mobiles\n\nPoids de la machine\nEnviron 240 kg\n\u00c9cran\n22 pouces, 1920 x 1080 pixels\n\nTension nominale\nCA 220 V 50 Hz\nConfiguration r\u00e9seau requise\nPrise en charge des cartes Wi-Fi et 4G IoT\n\nPuissance nominale\n\n3000 W\n\u00c9cran tactile\n\u00c9cran tactile capacitif 22 pouces\n\nMode de paiement\nBillets\/pi\u00e8ces\/cartes magn\u00e9tiques\/paiement par code de scan\/Prise en charge des versions internationales (code de scan APF)\n\nLa version de l'appareil \u00e9tant constamment mise \u00e0 jour, les param\u00e8tres de donn\u00e9es d\u00e9pendent de l'appareil r\u00e9el.\"><span class=\"Y2IQFc\" lang=\"fr\">\u00c9cran tactile capacitif 22 pouces<\/span><\/p>\n<\/td>\n<\/tr>\n<tr>\n<td>\n<pre id=\"tw-target-text\" class=\"tw-data-text tw-text-large tw-ta\" dir=\"ltr\" tabindex=\"-1\" role=\"text\" data-placeholder=\"Traduction\" data-ved=\"2ahUKEwjZmI78m56QAxXuzQIHHUdPDKkQ3ewLegQICxAV\" aria-label=\"Texte traduit\u00a0: Dimensions\r\n800 x 1269 x 1800 mm (sans caisson lumineux)\r\nGestion de l'arri\u00e8re-plan\r\nArri\u00e8re-plan de l'\u00e9cran + plateforme de services cloud mobiles\r\n\r\nPoids de la machine\r\nEnviron 240 kg\r\n\u00c9cran\r\n22 pouces, 1920 x 1080 pixels\r\n\r\nTension nominale\r\nCA 220 V 50 Hz\r\nConfiguration r\u00e9seau requise\r\nPrise en charge des cartes Wi-Fi et 4G IoT\r\n\r\nPuissance nominale\r\n\r\n3000 W\r\n\u00c9cran tactile\r\n\u00c9cran tactile capacitif 22 pouces\r\n\r\nMode de paiement\r\nBillets\/pi\u00e8ces\/cartes magn\u00e9tiques\/paiement par code de scan\/Prise en charge des versions internationales (code de scan APF)\r\n\r\nLa version de l'appareil \u00e9tant constamment mise \u00e0 jour, les param\u00e8tres de donn\u00e9es d\u00e9pendent de l'appareil r\u00e9el.\"><span class=\"Y2IQFc\" lang=\"fr\">Mode de paiement<\/span><\/pre>\n<\/td>\n<td colspan=\"3\">\n<p id=\"tw-target-text\" class=\"tw-data-text tw-text-large tw-ta\" dir=\"ltr\" tabindex=\"-1\" role=\"text\" data-placeholder=\"Traduction\" data-ved=\"2ahUKEwjZmI78m56QAxXuzQIHHUdPDKkQ3ewLegQICxAV\" aria-label=\"Texte traduit\u00a0: Dimensions\n800 x 1269 x 1800 mm (sans caisson lumineux)\nGestion de l'arri\u00e8re-plan\nArri\u00e8re-plan de l'\u00e9cran + plateforme de services cloud mobiles\n\nPoids de la machine\nEnviron 240 kg\n\u00c9cran\n22 pouces, 1920 x 1080 pixels\n\nTension nominale\nCA 220 V 50 Hz\nConfiguration r\u00e9seau requise\nPrise en charge des cartes Wi-Fi et 4G IoT\n\nPuissance nominale\n\n3000 W\n\u00c9cran tactile\n\u00c9cran tactile capacitif 22 pouces\n\nMode de paiement\nBillets\/pi\u00e8ces\/cartes magn\u00e9tiques\/paiement par code de scan\/Prise en charge des versions internationales (code de scan APF)\n\nLa version de l'appareil \u00e9tant constamment mise \u00e0 jour, les param\u00e8tres de donn\u00e9es d\u00e9pendent de l'appareil r\u00e9el.\"><span class=\"Y2IQFc\" lang=\"fr\">Billets\/pi\u00e8ces\/cartes magn\u00e9tiques\/paiement par code de scan\/Prise en charge des versions internationales (code de scan APF)<\/span><\/p>\n<\/td>\n<\/tr>\n<tr>\n<td colspan=\"4\">\n<p id=\"tw-target-text\" class=\"tw-data-text tw-text-large tw-ta\" dir=\"ltr\" tabindex=\"-1\" role=\"text\" data-placeholder=\"Traduction\" data-ved=\"2ahUKEwjZmI78m56QAxXuzQIHHUdPDKkQ3ewLegQICxAV\" aria-label=\"Texte traduit\u00a0: Dimensions\n800 x 1269 x 1800 mm (sans caisson lumineux)\nGestion de l'arri\u00e8re-plan\nArri\u00e8re-plan de l'\u00e9cran + plateforme de services cloud mobiles\n\nPoids de la machine\nEnviron 240 kg\n\u00c9cran\n22 pouces, 1920 x 1080 pixels\n\nTension nominale\nCA 220 V 50 Hz\nConfiguration r\u00e9seau requise\nPrise en charge des cartes Wi-Fi et 4G IoT\n\nPuissance nominale\n\n3000 W\n\u00c9cran tactile\n\u00c9cran tactile capacitif 22 pouces\n\nMode de paiement\nBillets\/pi\u00e8ces\/cartes magn\u00e9tiques\/paiement par code de scan\/Prise en charge des versions internationales (code de scan APF)\n\nLa version de l'appareil \u00e9tant constamment mise \u00e0 jour, les param\u00e8tres de donn\u00e9es d\u00e9pendent de l'appareil r\u00e9el.\"><span class=\"Y2IQFc\" lang=\"fr\">La version de l&rsquo;appareil \u00e9tant constamment mise \u00e0 jour, les param\u00e8tres de donn\u00e9es d\u00e9pendent de l&rsquo;appareil r\u00e9el<\/span><\/p>\n<\/td>\n<\/tr>\n<\/tbody>\n<\/table>\n","protected":false},"excerpt":{"rendered":"<p>D\u00e9couvrez le distributeur automatique de glaces NF-320, la solution id\u00e9ale pour une livraison pratique et savoureuse de glaces. Ce distributeur automatique sophistiqu\u00e9 assure une distribution rapide et facile d&rsquo;une vari\u00e9t\u00e9 de parfums, pour une exp\u00e9rience client agr\u00e9able et est id\u00e9al pour les zones \u00e0 forte fr\u00e9quentation. Boostez rapidement votre activit\u00e9 gr\u00e2ce \u00e0 ce distributeur performant.<\/p>\n","protected":false},"featured_media":1701,"template":"","meta":[],"product_brand":[],"product_cat":[361,363],"product_tag":[],"class_list":{"0":"post-2675","1":"product","2":"type-product","3":"status-publish","4":"has-post-thumbnail","6":"product_cat-machine-a-pop-et-distributeur-automatique","7":"product_cat-popcorn-et-barbe-a-papa","9":"first","10":"instock","11":"shipping-taxable","12":"product-type-simple"},"_links":{"self":[{"href":"https:\/\/www.alfadu-amusement.com\/index.php?rest_route=\/wp\/v2\/product\/2675","targetHints":{"allow":["GET"]}}],"collection":[{"href":"https:\/\/www.alfadu-amusement.com\/index.php?rest_route=\/wp\/v2\/product"}],"about":[{"href":"https:\/\/www.alfadu-amusement.com\/index.php?rest_route=\/wp\/v2\/types\/product"}],"wp:featuredmedia":[{"embeddable":true,"href":"https:\/\/www.alfadu-amusement.com\/index.php?rest_route=\/wp\/v2\/media\/1701"}],"wp:attachment":[{"href":"https:\/\/www.alfadu-amusement.com\/index.php?rest_route=%2Fwp%2Fv2%2Fmedia&parent=2675"}],"wp:term":[{"taxonomy":"product_brand","embeddable":true,"href":"https:\/\/www.alfadu-amusement.com\/index.php?rest_route=%2Fwp%2Fv2%2Fproduct_brand&post=2675"},{"taxonomy":"product_cat","embeddable":true,"href":"https:\/\/www.alfadu-amusement.com\/index.php?rest_route=%2Fwp%2Fv2%2Fproduct_cat&post=2675"},{"taxonomy":"product_tag","embeddable":true,"href":"https:\/\/www.alfadu-amusement.com\/index.php?rest_route=%2Fwp%2Fv2%2Fproduct_tag&post=2675"}],"curies":[{"name":"wp","href":"https:\/\/api.w.org\/{rel}","templated":true}]}}