{"id":2692,"date":"2025-10-12T10:56:14","date_gmt":"2025-10-12T10:56:14","guid":{"rendered":"https:\/\/www.alfadu-amusement.com\/?post_type=product&#038;p=2692"},"modified":"2025-10-12T10:56:14","modified_gmt":"2025-10-12T10:56:14","slug":"distributeur-automatique-de-glaces-nf-328","status":"publish","type":"product","link":"https:\/\/www.alfadu-amusement.com\/?product=distributeur-automatique-de-glaces-nf-328&lang=fr","title":{"rendered":"Distributeur automatique de glaces NF-328"},"content":{"rendered":"<table border=\"1\">\n<tbody>\n<tr>\n<td>\n<pre id=\"tw-target-text\" class=\"tw-data-text tw-text-large tw-ta\" dir=\"ltr\" tabindex=\"-1\" role=\"text\" data-placeholder=\"Traduction\" data-ved=\"2ahUKEwjZmI78m56QAxXuzQIHHUdPDKkQ3ewLegQICxAV\" aria-label=\"Texte traduit\u00a0: D\u00e9gustation de 2 types de lait en poudre, 3 types de confiture et 3 types de petits ingr\u00e9dients\r\nCapacit\u00e9\u00a0: environ 200 tasses\r\nTension nominale\u00a0: 220\u00a0V-240\u00a0V CA, 50\u00a0Hz\r\nFret routier\u00a0: lait en poudre bicolore, enti\u00e8rement automatique\r\n\u00c9cran\u00a0: 22\u00a0pouces\r\nTemp\u00e9rature\u00a0: 4\u00a0\u00b0C + 10\u00a0\u00b0C (r\u00e9glable)\r\nPuissance\u00a0: 400-2500\u00a0W\r\nDimensions\u00a0: 1250\u00a0mm x 900\u00a0mm x 1720\u00a0mm\r\nLa version de l'appareil \u00e9tant constamment mise \u00e0 jour, les param\u00e8tres de donn\u00e9es d\u00e9pendent de l'appareil r\u00e9el.\"><span class=\"Y2IQFc\" lang=\"fr\">D\u00e9gustation<\/span><\/pre>\n<\/td>\n<td>\n<p id=\"tw-target-text\" class=\"tw-data-text tw-text-large tw-ta\" dir=\"ltr\" tabindex=\"-1\" role=\"text\" data-placeholder=\"Traduction\" data-ved=\"2ahUKEwjZmI78m56QAxXuzQIHHUdPDKkQ3ewLegQICxAV\" aria-label=\"Texte traduit\u00a0: D\u00e9gustation de 2 types de lait en poudre, 3 types de confiture et 3 types de petits ingr\u00e9dients\nCapacit\u00e9\u00a0: environ 200 tasses\nTension nominale\u00a0: 220\u00a0V-240\u00a0V CA, 50\u00a0Hz\nFret routier\u00a0: lait en poudre bicolore, enti\u00e8rement automatique\n\u00c9cran\u00a0: 22\u00a0pouces\nTemp\u00e9rature\u00a0: 4\u00a0\u00b0C + 10\u00a0\u00b0C (r\u00e9glable)\nPuissance\u00a0: 400-2500\u00a0W\nDimensions\u00a0: 1250\u00a0mm x 900\u00a0mm x 1720\u00a0mm\nLa version de l'appareil \u00e9tant constamment mise \u00e0 jour, les param\u00e8tres de donn\u00e9es d\u00e9pendent de l'appareil r\u00e9el.\"><span class=\"Y2IQFc\" lang=\"fr\"> 2 types de lait en poudre, 3 types de confiture et 3 types de petits ingr\u00e9dients<\/span><\/p>\n<\/td>\n<\/tr>\n<tr>\n<td>\n<pre id=\"tw-target-text\" class=\"tw-data-text tw-text-large tw-ta\" dir=\"ltr\" tabindex=\"-1\" role=\"text\" data-placeholder=\"Traduction\" data-ved=\"2ahUKEwjZmI78m56QAxXuzQIHHUdPDKkQ3ewLegQICxAV\" aria-label=\"Texte traduit\u00a0: D\u00e9gustation de 2 types de lait en poudre, 3 types de confiture et 3 types de petits ingr\u00e9dients\r\nCapacit\u00e9\u00a0: environ 200 tasses\r\nTension nominale\u00a0: 220\u00a0V-240\u00a0V CA, 50\u00a0Hz\r\nFret routier\u00a0: lait en poudre bicolore, enti\u00e8rement automatique\r\n\u00c9cran\u00a0: 22\u00a0pouces\r\nTemp\u00e9rature\u00a0: 4\u00a0\u00b0C + 10\u00a0\u00b0C (r\u00e9glable)\r\nPuissance\u00a0: 400-2500\u00a0W\r\nDimensions\u00a0: 1250\u00a0mm x 900\u00a0mm x 1720\u00a0mm\r\nLa version de l'appareil \u00e9tant constamment mise \u00e0 jour, les param\u00e8tres de donn\u00e9es d\u00e9pendent de l'appareil r\u00e9el.\"><span class=\"Y2IQFc\" lang=\"fr\">Capacit\u00e9<\/span><\/pre>\n<\/td>\n<td>\n<p id=\"tw-target-text\" class=\"tw-data-text tw-text-large tw-ta\" dir=\"ltr\" tabindex=\"-1\" role=\"text\" data-placeholder=\"Traduction\" data-ved=\"2ahUKEwjZmI78m56QAxXuzQIHHUdPDKkQ3ewLegQICxAV\" aria-label=\"Texte traduit\u00a0: D\u00e9gustation de 2 types de lait en poudre, 3 types de confiture et 3 types de petits ingr\u00e9dients\nCapacit\u00e9\u00a0: environ 200 tasses\nTension nominale\u00a0: 220\u00a0V-240\u00a0V CA, 50\u00a0Hz\nFret routier\u00a0: lait en poudre bicolore, enti\u00e8rement automatique\n\u00c9cran\u00a0: 22\u00a0pouces\nTemp\u00e9rature\u00a0: 4\u00a0\u00b0C + 10\u00a0\u00b0C (r\u00e9glable)\nPuissance\u00a0: 400-2500\u00a0W\nDimensions\u00a0: 1250\u00a0mm x 900\u00a0mm x 1720\u00a0mm\nLa version de l'appareil \u00e9tant constamment mise \u00e0 jour, les param\u00e8tres de donn\u00e9es d\u00e9pendent de l'appareil r\u00e9el.\"><span class=\"Y2IQFc\" lang=\"fr\">environ 200 tasses<\/span><\/p>\n<\/td>\n<\/tr>\n<tr>\n<td>\n<pre id=\"tw-target-text\" class=\"tw-data-text tw-text-large tw-ta\" dir=\"ltr\" tabindex=\"-1\" role=\"text\" data-placeholder=\"Traduction\" data-ved=\"2ahUKEwjZmI78m56QAxXuzQIHHUdPDKkQ3ewLegQICxAV\" aria-label=\"Texte traduit\u00a0: D\u00e9gustation de 2 types de lait en poudre, 3 types de confiture et 3 types de petits ingr\u00e9dients\r\nCapacit\u00e9\u00a0: environ 200 tasses\r\nTension nominale\u00a0: 220\u00a0V-240\u00a0V CA, 50\u00a0Hz\r\nFret routier\u00a0: lait en poudre bicolore, enti\u00e8rement automatique\r\n\u00c9cran\u00a0: 22\u00a0pouces\r\nTemp\u00e9rature\u00a0: 4\u00a0\u00b0C + 10\u00a0\u00b0C (r\u00e9glable)\r\nPuissance\u00a0: 400-2500\u00a0W\r\nDimensions\u00a0: 1250\u00a0mm x 900\u00a0mm x 1720\u00a0mm\r\nLa version de l'appareil \u00e9tant constamment mise \u00e0 jour, les param\u00e8tres de donn\u00e9es d\u00e9pendent de l'appareil r\u00e9el.\"><span class=\"Y2IQFc\" lang=\"fr\">Tension nominale<\/span><\/pre>\n<\/td>\n<td>AC220V-240V. 50Hz<\/td>\n<\/tr>\n<tr>\n<td>\n<p id=\"tw-target-text\" class=\"tw-data-text tw-text-large tw-ta\" dir=\"ltr\" tabindex=\"-1\" role=\"text\" data-placeholder=\"Traduction\" data-ved=\"2ahUKEwjZmI78m56QAxXuzQIHHUdPDKkQ3ewLegQICxAV\" aria-label=\"Texte traduit\u00a0: D\u00e9gustation de 2 types de lait en poudre, 3 types de confiture et 3 types de petits ingr\u00e9dients\nCapacit\u00e9\u00a0: environ 200 tasses\nTension nominale\u00a0: 220\u00a0V-240\u00a0V CA, 50\u00a0Hz\nFret routier\u00a0: lait en poudre bicolore, enti\u00e8rement automatique\n\u00c9cran\u00a0: 22\u00a0pouces\nTemp\u00e9rature\u00a0: 4\u00a0\u00b0C + 10\u00a0\u00b0C (r\u00e9glable)\nPuissance\u00a0: 400-2500\u00a0W\nDimensions\u00a0: 1250\u00a0mm x 900\u00a0mm x 1720\u00a0mm\nLa version de l'appareil \u00e9tant constamment mise \u00e0 jour, les param\u00e8tres de donn\u00e9es d\u00e9pendent de l'appareil r\u00e9el.\"><span class=\"Y2IQFc\" lang=\"fr\">Fret routier\u00a0<\/span><\/p>\n<\/td>\n<td>\n<p id=\"tw-target-text\" class=\"tw-data-text tw-text-large tw-ta\" dir=\"ltr\" tabindex=\"-1\" role=\"text\" data-placeholder=\"Traduction\" data-ved=\"2ahUKEwjZmI78m56QAxXuzQIHHUdPDKkQ3ewLegQICxAV\" aria-label=\"Texte traduit\u00a0: D\u00e9gustation de 2 types de lait en poudre, 3 types de confiture et 3 types de petits ingr\u00e9dients\nCapacit\u00e9\u00a0: environ 200 tasses\nTension nominale\u00a0: 220\u00a0V-240\u00a0V CA, 50\u00a0Hz\nFret routier\u00a0: lait en poudre bicolore, enti\u00e8rement automatique\n\u00c9cran\u00a0: 22\u00a0pouces\nTemp\u00e9rature\u00a0: 4\u00a0\u00b0C + 10\u00a0\u00b0C (r\u00e9glable)\nPuissance\u00a0: 400-2500\u00a0W\nDimensions\u00a0: 1250\u00a0mm x 900\u00a0mm x 1720\u00a0mm\nLa version de l'appareil \u00e9tant constamment mise \u00e0 jour, les param\u00e8tres de donn\u00e9es d\u00e9pendent de l'appareil r\u00e9el.\"><span class=\"Y2IQFc\" lang=\"fr\">lait en poudre bicolore, enti\u00e8rement automatique<\/span><\/p>\n<\/td>\n<\/tr>\n<tr>\n<td>\n<pre id=\"tw-target-text\" class=\"tw-data-text tw-text-large tw-ta\" dir=\"ltr\" tabindex=\"-1\" role=\"text\" data-placeholder=\"Traduction\" data-ved=\"2ahUKEwjZmI78m56QAxXuzQIHHUdPDKkQ3ewLegQICxAV\" aria-label=\"Texte traduit\u00a0: D\u00e9gustation de 2 types de lait en poudre, 3 types de confiture et 3 types de petits ingr\u00e9dients\r\nCapacit\u00e9\u00a0: environ 200 tasses\r\nTension nominale\u00a0: 220\u00a0V-240\u00a0V CA, 50\u00a0Hz\r\nFret routier\u00a0: lait en poudre bicolore, enti\u00e8rement automatique\r\n\u00c9cran\u00a0: 22\u00a0pouces\r\nTemp\u00e9rature\u00a0: 4\u00a0\u00b0C + 10\u00a0\u00b0C (r\u00e9glable)\r\nPuissance\u00a0: 400-2500\u00a0W\r\nDimensions\u00a0: 1250\u00a0mm x 900\u00a0mm x 1720\u00a0mm\r\nLa version de l'appareil \u00e9tant constamment mise \u00e0 jour, les param\u00e8tres de donn\u00e9es d\u00e9pendent de l'appareil r\u00e9el.\"><span class=\"Y2IQFc\" lang=\"fr\">\u00c9cran\u00a0<\/span><\/pre>\n<\/td>\n<td>\n<p id=\"tw-target-text\" class=\"tw-data-text tw-text-large tw-ta\" dir=\"ltr\" tabindex=\"-1\" role=\"text\" data-placeholder=\"Traduction\" data-ved=\"2ahUKEwjZmI78m56QAxXuzQIHHUdPDKkQ3ewLegQICxAV\" aria-label=\"Texte traduit\u00a0: D\u00e9gustation de 2 types de lait en poudre, 3 types de confiture et 3 types de petits ingr\u00e9dients\nCapacit\u00e9\u00a0: environ 200 tasses\nTension nominale\u00a0: 220\u00a0V-240\u00a0V CA, 50\u00a0Hz\nFret routier\u00a0: lait en poudre bicolore, enti\u00e8rement automatique\n\u00c9cran\u00a0: 22\u00a0pouces\nTemp\u00e9rature\u00a0: 4\u00a0\u00b0C + 10\u00a0\u00b0C (r\u00e9glable)\nPuissance\u00a0: 400-2500\u00a0W\nDimensions\u00a0: 1250\u00a0mm x 900\u00a0mm x 1720\u00a0mm\nLa version de l'appareil \u00e9tant constamment mise \u00e0 jour, les param\u00e8tres de donn\u00e9es d\u00e9pendent de l'appareil r\u00e9el.\"><span class=\"Y2IQFc\" lang=\"fr\">22\u00a0pouces<\/span><\/p>\n<\/td>\n<\/tr>\n<tr>\n<td>\n<pre id=\"tw-target-text\" class=\"tw-data-text tw-text-large tw-ta\" dir=\"ltr\" tabindex=\"-1\" role=\"text\" data-placeholder=\"Traduction\" data-ved=\"2ahUKEwjZmI78m56QAxXuzQIHHUdPDKkQ3ewLegQICxAV\" aria-label=\"Texte traduit\u00a0: D\u00e9gustation de 2 types de lait en poudre, 3 types de confiture et 3 types de petits ingr\u00e9dients\r\nCapacit\u00e9\u00a0: environ 200 tasses\r\nTension nominale\u00a0: 220\u00a0V-240\u00a0V CA, 50\u00a0Hz\r\nFret routier\u00a0: lait en poudre bicolore, enti\u00e8rement automatique\r\n\u00c9cran\u00a0: 22\u00a0pouces\r\nTemp\u00e9rature\u00a0: 4\u00a0\u00b0C + 10\u00a0\u00b0C (r\u00e9glable)\r\nPuissance\u00a0: 400-2500\u00a0W\r\nDimensions\u00a0: 1250\u00a0mm x 900\u00a0mm x 1720\u00a0mm\r\nLa version de l'appareil \u00e9tant constamment mise \u00e0 jour, les param\u00e8tres de donn\u00e9es d\u00e9pendent de l'appareil r\u00e9el.\"><span class=\"Y2IQFc\" lang=\"fr\">Temp\u00e9rature\u00a0<\/span><\/pre>\n<\/td>\n<td>4C+10\u00b0 (Ajustable)<\/td>\n<\/tr>\n<tr>\n<td>\n<pre id=\"tw-target-text\" class=\"tw-data-text tw-text-large tw-ta\" dir=\"ltr\" tabindex=\"-1\" role=\"text\" data-placeholder=\"Traduction\" data-ved=\"2ahUKEwjZmI78m56QAxXuzQIHHUdPDKkQ3ewLegQICxAV\" aria-label=\"Texte traduit\u00a0: D\u00e9gustation de 2 types de lait en poudre, 3 types de confiture et 3 types de petits ingr\u00e9dients\r\nCapacit\u00e9\u00a0: environ 200 tasses\r\nTension nominale\u00a0: 220\u00a0V-240\u00a0V CA, 50\u00a0Hz\r\nFret routier\u00a0: lait en poudre bicolore, enti\u00e8rement automatique\r\n\u00c9cran\u00a0: 22\u00a0pouces\r\nTemp\u00e9rature\u00a0: 4\u00a0\u00b0C + 10\u00a0\u00b0C (r\u00e9glable)\r\nPuissance\u00a0: 400-2500\u00a0W\r\nDimensions\u00a0: 1250\u00a0mm x 900\u00a0mm x 1720\u00a0mm\r\nLa version de l'appareil \u00e9tant constamment mise \u00e0 jour, les param\u00e8tres de donn\u00e9es d\u00e9pendent de l'appareil r\u00e9el.\"><span class=\"Y2IQFc\" lang=\"fr\">Puissance<\/span><\/pre>\n<\/td>\n<td>400-2500W<\/td>\n<\/tr>\n<tr>\n<td>\n<pre id=\"tw-target-text\" class=\"tw-data-text tw-text-large tw-ta\" dir=\"ltr\" tabindex=\"-1\" role=\"text\" data-placeholder=\"Traduction\" data-ved=\"2ahUKEwjZmI78m56QAxXuzQIHHUdPDKkQ3ewLegQICxAV\" aria-label=\"Texte traduit\u00a0: D\u00e9gustation de 2 types de lait en poudre, 3 types de confiture et 3 types de petits ingr\u00e9dients\r\nCapacit\u00e9\u00a0: environ 200 tasses\r\nTension nominale\u00a0: 220\u00a0V-240\u00a0V CA, 50\u00a0Hz\r\nFret routier\u00a0: lait en poudre bicolore, enti\u00e8rement automatique\r\n\u00c9cran\u00a0: 22\u00a0pouces\r\nTemp\u00e9rature\u00a0: 4\u00a0\u00b0C + 10\u00a0\u00b0C (r\u00e9glable)\r\nPuissance\u00a0: 400-2500\u00a0W\r\nDimensions\u00a0: 1250\u00a0mm x 900\u00a0mm x 1720\u00a0mm\r\nLa version de l'appareil \u00e9tant constamment mise \u00e0 jour, les param\u00e8tres de donn\u00e9es d\u00e9pendent de l'appareil r\u00e9el.\"><span class=\"Y2IQFc\" lang=\"fr\">Dimensions<\/span><\/pre>\n<\/td>\n<td>1250mm*900mm*1720mm<\/td>\n<\/tr>\n<tr>\n<td colspan=\"2\">\n<p id=\"tw-target-text\" class=\"tw-data-text tw-text-large tw-ta\" dir=\"ltr\" tabindex=\"-1\" role=\"text\" data-placeholder=\"Traduction\" data-ved=\"2ahUKEwjZmI78m56QAxXuzQIHHUdPDKkQ3ewLegQICxAV\" aria-label=\"Texte traduit\u00a0: D\u00e9gustation de 2 types de lait en poudre, 3 types de confiture et 3 types de petits ingr\u00e9dients\nCapacit\u00e9\u00a0: environ 200 tasses\nTension nominale\u00a0: 220\u00a0V-240\u00a0V CA, 50\u00a0Hz\nFret routier\u00a0: lait en poudre bicolore, enti\u00e8rement automatique\n\u00c9cran\u00a0: 22\u00a0pouces\nTemp\u00e9rature\u00a0: 4\u00a0\u00b0C + 10\u00a0\u00b0C (r\u00e9glable)\nPuissance\u00a0: 400-2500\u00a0W\nDimensions\u00a0: 1250\u00a0mm x 900\u00a0mm x 1720\u00a0mm\nLa version de l'appareil \u00e9tant constamment mise \u00e0 jour, les param\u00e8tres de donn\u00e9es d\u00e9pendent de l'appareil r\u00e9el.\"><span class=\"Y2IQFc\" lang=\"fr\">La version de l&rsquo;appareil \u00e9tant constamment mise \u00e0 jour, les param\u00e8tres de donn\u00e9es d\u00e9pendent de l&rsquo;appareil r\u00e9el.<\/span><\/p>\n<\/td>\n<\/tr>\n<\/tbody>\n<\/table>\n","protected":false},"excerpt":{"rendered":"<p>Distributeur automatique de glaces NF-328 \u2014 un distributeur automatique fiable et compact offrant une distribution rapide et hygi\u00e9nique, des menus personnalisables et le paiement sans esp\u00e8ces. Id\u00e9al pour booster votre chiffre d&rsquo;affaires.<\/p>\n","protected":false},"featured_media":1690,"template":"","meta":[],"product_brand":[],"product_cat":[361,363],"product_tag":[],"class_list":{"0":"post-2692","1":"product","2":"type-product","3":"status-publish","4":"has-post-thumbnail","6":"product_cat-machine-a-pop-et-distributeur-automatique","7":"product_cat-popcorn-et-barbe-a-papa","9":"first","10":"instock","11":"shipping-taxable","12":"product-type-simple"},"_links":{"self":[{"href":"https:\/\/www.alfadu-amusement.com\/index.php?rest_route=\/wp\/v2\/product\/2692","targetHints":{"allow":["GET"]}}],"collection":[{"href":"https:\/\/www.alfadu-amusement.com\/index.php?rest_route=\/wp\/v2\/product"}],"about":[{"href":"https:\/\/www.alfadu-amusement.com\/index.php?rest_route=\/wp\/v2\/types\/product"}],"wp:featuredmedia":[{"embeddable":true,"href":"https:\/\/www.alfadu-amusement.com\/index.php?rest_route=\/wp\/v2\/media\/1690"}],"wp:attachment":[{"href":"https:\/\/www.alfadu-amusement.com\/index.php?rest_route=%2Fwp%2Fv2%2Fmedia&parent=2692"}],"wp:term":[{"taxonomy":"product_brand","embeddable":true,"href":"https:\/\/www.alfadu-amusement.com\/index.php?rest_route=%2Fwp%2Fv2%2Fproduct_brand&post=2692"},{"taxonomy":"product_cat","embeddable":true,"href":"https:\/\/www.alfadu-amusement.com\/index.php?rest_route=%2Fwp%2Fv2%2Fproduct_cat&post=2692"},{"taxonomy":"product_tag","embeddable":true,"href":"https:\/\/www.alfadu-amusement.com\/index.php?rest_route=%2Fwp%2Fv2%2Fproduct_tag&post=2692"}],"curies":[{"name":"wp","href":"https:\/\/api.w.org\/{rel}","templated":true}]}}