{"id":2713,"date":"2025-10-12T17:27:52","date_gmt":"2025-10-12T17:27:52","guid":{"rendered":"https:\/\/www.alfadu-amusement.com\/?post_type=product&#038;p=2713"},"modified":"2025-10-12T17:28:20","modified_gmt":"2025-10-12T17:28:20","slug":"ultraman-theme-softplay-park-2","status":"publish","type":"product","link":"https:\/\/www.alfadu-amusement.com\/?product=ultraman-theme-softplay-park-2&lang=fr","title":{"rendered":"Parc de jeux \u00e0 th\u00e8me Ultraman"},"content":{"rendered":"<pre id=\"tw-target-text\" class=\"tw-data-text tw-text-large tw-ta\" dir=\"ltr\" tabindex=\"-1\" role=\"text\" data-placeholder=\"Traduction\" data-ved=\"2ahUKEwjlmf26jZ-QAxXE-wIHHcPTKVkQ3ewLegQICxAV\" aria-label=\"Texte traduit\u00a0: Num\u00e9ro de mod\u00e8le\u00a0: DM-S-002 Certification\u00a0: CE Quantit\u00e9 minimum de commande\u00a0: 10\u00a0m\u00b2 Prix\u00a0: 140\u00a0$-240\u00a0$\/m\u00b2 Conditionnement\u00a0: papier bulle, carton et sac en nylon D\u00e9lai de livraison\u00a0: 30 \u00e0 45\u00a0jours\"><\/pre>\n<table class=\"jtable909\" width=\"\">\n<tbody>\n<tr>\n<td width=\"\">\n<pre id=\"tw-target-text\" class=\"tw-data-text tw-text-large tw-ta\" dir=\"ltr\" tabindex=\"-1\" role=\"text\" data-placeholder=\"Traduction\" data-ved=\"2ahUKEwjlmf26jZ-QAxXE-wIHHcPTKVkQ3ewLegQICxAV\" aria-label=\"Texte traduit\u00a0: Num\u00e9ro de mod\u00e8le\u00a0: DM-S-002 Certification\u00a0: CE Quantit\u00e9 minimum de commande\u00a0: 10\u00a0m\u00b2 Prix\u00a0: 140\u00a0$-240\u00a0$\/m\u00b2 Conditionnement\u00a0: papier bulle, carton et sac en nylon D\u00e9lai de livraison\u00a0: 30 \u00e0 45\u00a0jours\"><span class=\"Y2IQFc\" lang=\"fr\">Num\u00e9ro de mod\u00e8le<\/span><\/pre>\n<\/td>\n<td width=\"\">DM-S-002<\/td>\n<\/tr>\n<tr>\n<td width=\"\">\n<pre id=\"tw-target-text\" class=\"tw-data-text tw-text-large tw-ta\" dir=\"ltr\" tabindex=\"-1\" role=\"text\" data-placeholder=\"Traduction\" data-ved=\"2ahUKEwjlmf26jZ-QAxXE-wIHHcPTKVkQ3ewLegQICxAV\" aria-label=\"Texte traduit\u00a0: Num\u00e9ro de mod\u00e8le\u00a0: DM-S-002 Certification\u00a0: CE Quantit\u00e9 minimum de commande\u00a0: 10\u00a0m\u00b2 Prix\u00a0: 140\u00a0$-240\u00a0$\/m\u00b2 Conditionnement\u00a0: papier bulle, carton et sac en nylon D\u00e9lai de livraison\u00a0: 30 \u00e0 45\u00a0jours\"><span class=\"Y2IQFc\" lang=\"fr\">Certification\u00a0<\/span><\/pre>\n<\/td>\n<td width=\"\">CE<\/td>\n<\/tr>\n<tr>\n<td width=\"\">\n<pre id=\"tw-target-text\" class=\"tw-data-text tw-text-large tw-ta\" dir=\"ltr\" tabindex=\"-1\" role=\"text\" data-placeholder=\"Traduction\" data-ved=\"2ahUKEwjlmf26jZ-QAxXE-wIHHcPTKVkQ3ewLegQICxAV\" aria-label=\"Texte traduit\u00a0: Num\u00e9ro de mod\u00e8le\u00a0: DM-S-002 Certification\u00a0: CE Quantit\u00e9 minimum de commande\u00a0: 10\u00a0m\u00b2 Prix\u00a0: 140\u00a0$-240\u00a0$\/m\u00b2 Conditionnement\u00a0: papier bulle, carton et sac en nylon D\u00e9lai de livraison\u00a0: 30 \u00e0 45\u00a0jours\"><span class=\"Y2IQFc\" lang=\"fr\">Quantit\u00e9 minimum de commande<\/span><\/pre>\n<\/td>\n<td width=\"\">\n<p id=\"tw-target-text\" class=\"tw-data-text tw-text-large tw-ta\" dir=\"ltr\" tabindex=\"-1\" role=\"text\" data-placeholder=\"Traduction\" data-ved=\"2ahUKEwjlmf26jZ-QAxXE-wIHHcPTKVkQ3ewLegQICxAV\" aria-label=\"Texte traduit\u00a0: Num\u00e9ro de mod\u00e8le\u00a0: DM-S-002 Certification\u00a0: CE Quantit\u00e9 minimum de commande\u00a0: 10\u00a0m\u00b2 Prix\u00a0: 140\u00a0$-240\u00a0$\/m\u00b2 Conditionnement\u00a0: papier bulle, carton et sac en nylon D\u00e9lai de livraison\u00a0: 30 \u00e0 45\u00a0jours\"><span class=\"Y2IQFc\" lang=\"fr\">10\u00a0m\u00b2<\/span><\/p>\n<\/td>\n<\/tr>\n<tr>\n<td width=\"\">\n<pre id=\"tw-target-text\" class=\"tw-data-text tw-text-large tw-ta\" dir=\"ltr\" tabindex=\"-1\" role=\"text\" data-placeholder=\"Traduction\" data-ved=\"2ahUKEwjlmf26jZ-QAxXE-wIHHcPTKVkQ3ewLegQICxAV\" aria-label=\"Texte traduit\u00a0: Num\u00e9ro de mod\u00e8le\u00a0: DM-S-002 Certification\u00a0: CE Quantit\u00e9 minimum de commande\u00a0: 10\u00a0m\u00b2 Prix\u00a0: 140\u00a0$-240\u00a0$\/m\u00b2 Conditionnement\u00a0: papier bulle, carton et sac en nylon D\u00e9lai de livraison\u00a0: 30 \u00e0 45\u00a0jours\"><span class=\"Y2IQFc\" lang=\"fr\">Prix\u00a0<\/span><\/pre>\n<\/td>\n<td width=\"\">\n<p id=\"tw-target-text\" class=\"tw-data-text tw-text-large tw-ta\" dir=\"ltr\" tabindex=\"-1\" role=\"text\" data-placeholder=\"Traduction\" data-ved=\"2ahUKEwjlmf26jZ-QAxXE-wIHHcPTKVkQ3ewLegQICxAV\" aria-label=\"Texte traduit\u00a0: Num\u00e9ro de mod\u00e8le\u00a0: DM-S-002 Certification\u00a0: CE Quantit\u00e9 minimum de commande\u00a0: 10\u00a0m\u00b2 Prix\u00a0: 140\u00a0$-240\u00a0$\/m\u00b2 Conditionnement\u00a0: papier bulle, carton et sac en nylon D\u00e9lai de livraison\u00a0: 30 \u00e0 45\u00a0jours\"><span class=\"Y2IQFc\" lang=\"fr\">140\u00a0$-240\u00a0$\/m\u00b2<\/span><\/p>\n<\/td>\n<\/tr>\n<tr>\n<td width=\"\">\n<pre id=\"tw-target-text\" class=\"tw-data-text tw-text-large tw-ta\" dir=\"ltr\" tabindex=\"-1\" role=\"text\" data-placeholder=\"Traduction\" data-ved=\"2ahUKEwjlmf26jZ-QAxXE-wIHHcPTKVkQ3ewLegQICxAV\" aria-label=\"Texte traduit\u00a0: Num\u00e9ro de mod\u00e8le\u00a0: DM-S-002 Certification\u00a0: CE Quantit\u00e9 minimum de commande\u00a0: 10\u00a0m\u00b2 Prix\u00a0: 140\u00a0$-240\u00a0$\/m\u00b2 Conditionnement\u00a0: papier bulle, carton et sac en nylon D\u00e9lai de livraison\u00a0: 30 \u00e0 45\u00a0jours\"><span class=\"Y2IQFc\" lang=\"fr\">Conditionnement<\/span><\/pre>\n<\/td>\n<td width=\"\">\n<p id=\"tw-target-text\" class=\"tw-data-text tw-text-large tw-ta\" dir=\"ltr\" tabindex=\"-1\" role=\"text\" data-placeholder=\"Traduction\" data-ved=\"2ahUKEwjlmf26jZ-QAxXE-wIHHcPTKVkQ3ewLegQICxAV\" aria-label=\"Texte traduit\u00a0: Num\u00e9ro de mod\u00e8le\u00a0: DM-S-002 Certification\u00a0: CE Quantit\u00e9 minimum de commande\u00a0: 10\u00a0m\u00b2 Prix\u00a0: 140\u00a0$-240\u00a0$\/m\u00b2 Conditionnement\u00a0: papier bulle, carton et sac en nylon D\u00e9lai de livraison\u00a0: 30 \u00e0 45\u00a0jours\"><span class=\"Y2IQFc\" lang=\"fr\">papier bulle, carton et sac en nylon<\/span><\/p>\n<\/td>\n<\/tr>\n<tr>\n<td width=\"\">\n<pre id=\"tw-target-text\" class=\"tw-data-text tw-text-large tw-ta\" dir=\"ltr\" tabindex=\"-1\" role=\"text\" data-placeholder=\"Traduction\" data-ved=\"2ahUKEwjlmf26jZ-QAxXE-wIHHcPTKVkQ3ewLegQICxAV\" aria-label=\"Texte traduit\u00a0: Num\u00e9ro de mod\u00e8le\u00a0: DM-S-002 Certification\u00a0: CE Quantit\u00e9 minimum de commande\u00a0: 10\u00a0m\u00b2 Prix\u00a0: 140\u00a0$-240\u00a0$\/m\u00b2 Conditionnement\u00a0: papier bulle, carton et sac en nylon D\u00e9lai de livraison\u00a0: 30 \u00e0 45\u00a0jours\"><span class=\"Y2IQFc\" lang=\"fr\">D\u00e9lai de livraison\u00a0<\/span><\/pre>\n<\/td>\n<td width=\"\">\n<p id=\"tw-target-text\" class=\"tw-data-text tw-text-large tw-ta\" dir=\"ltr\" tabindex=\"-1\" role=\"text\" data-placeholder=\"Traduction\" data-ved=\"2ahUKEwjlmf26jZ-QAxXE-wIHHcPTKVkQ3ewLegQICxAV\" aria-label=\"Texte traduit\u00a0: Num\u00e9ro de mod\u00e8le\u00a0: DM-S-002 Certification\u00a0: CE Quantit\u00e9 minimum de commande\u00a0: 10\u00a0m\u00b2 Prix\u00a0: 140\u00a0$-240\u00a0$\/m\u00b2 Conditionnement\u00a0: papier bulle, carton et sac en nylon D\u00e9lai de livraison\u00a0: 30 \u00e0 45\u00a0jours\"><span class=\"Y2IQFc\" lang=\"fr\">30 \u00e0 45\u00a0jours<\/span><\/p>\n<\/td>\n<\/tr>\n<\/tbody>\n<\/table>\n","protected":false},"excerpt":{"rendered":"<div id=\"gd1\" class=\"pro-scroll\">\n<div class=\"pro-overview\">\n<p><strong>Taille\u00a0:<\/strong><\/p>\n<p>Personnalisable<\/p>\n<p><strong>Capacit\u00e9\u00a0:<\/strong><\/p>\n<p>20 \u00e0 50\u00a0m\u00b2 pour environ 15 \u00e0 30\u00a0enfants,<\/p>\n<p>50 \u00e0 100\u00a0m\u00b2 pour environ 25 \u00e0 50\u00a0enfants,<\/p>\n<p>100 \u00e0 200\u00a0m\u00b2 pour environ 40 \u00e0 80\u00a0enfants,<\/p>\n<p>Plus de 200\u00a0m\u00b2 pour environ 80 \u00e0 200\u00a0enfants.<\/p>\n<p><strong>Description\u00a0:<\/strong><\/p>\n<p>L\u2019aire de jeux int\u00e9rieure ALFADU est un espace de divertissement innovant pour enfants, alliant divertissement, activit\u00e9 physique et d\u00e9veloppement intellectuel. Elle est compos\u00e9e de divers \u00e9l\u00e9ments color\u00e9s et uniques, tels que des toboggans, des structures d\u2019escalade, des piscines \u00e0 balles et des trampolines, visant \u00e0 stimuler l\u2019imagination et la cr\u00e9ativit\u00e9 des enfants. L\u2019aire de jeux int\u00e9rieure Domerry convient aux parcs d\u2019attractions, aux jardins d\u2019enfants et autres lieux, offrant un espace d\u2019activit\u00e9 s\u00fbr et ludique pour les enfants, contribuant ainsi \u00e0 leur d\u00e9veloppement global.<\/p>\n<p>&nbsp;<\/p>\n<p><strong>Applications\u00a0:<\/strong><\/p>\n<p>Parc d&rsquo;attractions, parc de trampolines, parc sportif, parc d&rsquo;aventure, caf\u00e9t\u00e9ria pour enfants, centre commercial, h\u00f4tel de vill\u00e9giature, h\u00f4pital pour enfants, a\u00e9roport, aire de jeux ext\u00e9rieure publique, lieu de vill\u00e9giature, camping, parc urbain, r\u00e9sidentiel, aire de jeux \u00e9ducative, jardin d&rsquo;enfants, garderie, centre de formation, espace enfants \u00e0 domicile, jardin, maison de jeux, commercial, public, \u00e9ducatif, maison, \u00e9cole.<\/p>\n<p><strong>Sp\u00e9cifications\u00a0:<\/strong><\/p>\n<p>Personnalisation. Pour les aires de jeux int\u00e9rieures, la structure de chaque pi\u00e8ce est diff\u00e9rente. Nous devons donc adapter les produits \u00e0 l&rsquo;am\u00e9nagement int\u00e9rieur. Les photos sont pr\u00e9sent\u00e9es \u00e0 titre indicatif. Pour nous contacter, veuillez joindre un plan d&rsquo;\u00e9tage ou un dessin CAO.<\/p>\n<p><strong>Avantage concurrentiel\u00a0:<\/strong><\/p>\n<p>Technologie raffin\u00e9e\u00a0: Gr\u00e2ce \u00e0 une technologie d&rsquo;impression de haute qualit\u00e9 et \u00e0 une peinture import\u00e9e, les produits de d\u00e9coration DOMERRY sont \u00e9clatants et dynamiques, avec des couleurs vives et durables, am\u00e9liorant consid\u00e9rablement l&rsquo;effet d\u00e9coratif global du site et garantissant une longue dur\u00e9e de vie.<\/p>\n<p>S\u00e9curit\u00e9\u00a0: Nos toboggans en fibre de verre sont sans espace entre eux. Les enfants ne risquent pas de se coincer les doigts en glissant.<\/p>\n<p>Un travail soign\u00e9 : m\u00eame design, produits diff\u00e9rents : quel merveilleux produit r\u00e9el qui repr\u00e9sente au mieux notre design.<\/p>\n<\/div>\n<\/div>\n","protected":false},"featured_media":1791,"template":"","meta":[],"product_brand":[],"product_cat":[381],"product_tag":[],"class_list":{"0":"post-2713","1":"product","2":"type-product","3":"status-publish","4":"has-post-thumbnail","6":"product_cat-aire-de-jeux-et-trampolines","8":"first","9":"instock","10":"shipping-taxable","11":"product-type-simple"},"_links":{"self":[{"href":"https:\/\/www.alfadu-amusement.com\/index.php?rest_route=\/wp\/v2\/product\/2713","targetHints":{"allow":["GET"]}}],"collection":[{"href":"https:\/\/www.alfadu-amusement.com\/index.php?rest_route=\/wp\/v2\/product"}],"about":[{"href":"https:\/\/www.alfadu-amusement.com\/index.php?rest_route=\/wp\/v2\/types\/product"}],"wp:featuredmedia":[{"embeddable":true,"href":"https:\/\/www.alfadu-amusement.com\/index.php?rest_route=\/wp\/v2\/media\/1791"}],"wp:attachment":[{"href":"https:\/\/www.alfadu-amusement.com\/index.php?rest_route=%2Fwp%2Fv2%2Fmedia&parent=2713"}],"wp:term":[{"taxonomy":"product_brand","embeddable":true,"href":"https:\/\/www.alfadu-amusement.com\/index.php?rest_route=%2Fwp%2Fv2%2Fproduct_brand&post=2713"},{"taxonomy":"product_cat","embeddable":true,"href":"https:\/\/www.alfadu-amusement.com\/index.php?rest_route=%2Fwp%2Fv2%2Fproduct_cat&post=2713"},{"taxonomy":"product_tag","embeddable":true,"href":"https:\/\/www.alfadu-amusement.com\/index.php?rest_route=%2Fwp%2Fv2%2Fproduct_tag&post=2713"}],"curies":[{"name":"wp","href":"https:\/\/api.w.org\/{rel}","templated":true}]}}