{"id":2775,"date":"2025-10-13T09:13:12","date_gmt":"2025-10-13T09:13:12","guid":{"rendered":"https:\/\/www.alfadu-amusement.com\/?post_type=product&#038;p=2775"},"modified":"2025-10-13T09:13:12","modified_gmt":"2025-10-13T09:13:12","slug":"vr-simulateur-de-super-agents","status":"publish","type":"product","link":"https:\/\/www.alfadu-amusement.com\/?product=vr-simulateur-de-super-agents&lang=fr","title":{"rendered":"VR Simulateur de super-agents"},"content":{"rendered":"<table class=\"pp-table\">\n<tbody>\n<tr class=\"pp-table-row\">\n<td class=\"pp-table-cell pp-table-cell-key\">\n<pre><span class=\"pp-table-cell-content\"><span class=\"pp-table-cell-text\">Nom du Produit\u00a0<\/span><\/span><\/pre>\n<\/td>\n<td class=\"pp-table-cell pp-table-cell-value\">\n<p id=\"tw-target-text\" class=\"tw-data-text tw-text-large tw-ta\" dir=\"ltr\" tabindex=\"-1\" role=\"text\" data-placeholder=\"Traduction\" data-ved=\"2ahUKEwipnouk6KCQAxWlQ6QEHRMqGPMQ3ewLegQICxAV\" aria-label=\"Texte traduit\u00a0: Nom du produit\u00a0: VR Super Agent\nDimensions\u00a0: L 168 x l 290 x H 231 cm\nPoids\u00a0: 450 kg\nTension\u00a0: 220 V\nPuissance\u00a0: 1 kW\nNombre de jeux\u00a0: 1\nDur\u00e9e de jeu\u00a0: 3 \u00e0 5 min\nJoueur\u00a0: 2\"><span class=\"Y2IQFc\" lang=\"fr\">VR Super Agent<\/span><\/p>\n<\/td>\n<\/tr>\n<tr class=\"pp-table-row\">\n<td class=\"pp-table-cell pp-table-cell-key\">\n<pre id=\"tw-target-text\" class=\"tw-data-text tw-text-large tw-ta\" dir=\"ltr\" tabindex=\"-1\" role=\"text\" data-placeholder=\"Traduction\" data-ved=\"2ahUKEwipnouk6KCQAxWlQ6QEHRMqGPMQ3ewLegQICxAV\" aria-label=\"Texte traduit\u00a0: Nom du produit\u00a0: VR Super Agent\r\nDimensions\u00a0: L 168 x l 290 x H 231 cm\r\nPoids\u00a0: 450 kg\r\nTension\u00a0: 220 V\r\nPuissance\u00a0: 1 kW\r\nNombre de jeux\u00a0: 1\r\nDur\u00e9e de jeu\u00a0: 3 \u00e0 5 min\r\nJoueur\u00a0: 2\"><span class=\"Y2IQFc\" lang=\"fr\">Dimensions<\/span><\/pre>\n<\/td>\n<td class=\"pp-table-cell pp-table-cell-value\"><span class=\"pp-table-cell-content\"><span class=\"pp-table-cell-text\">L168*W290*H231cm <\/span><\/span><\/td>\n<\/tr>\n<tr class=\"pp-table-row\">\n<td class=\"pp-table-cell pp-table-cell-key\">\n<pre id=\"tw-target-text\" class=\"tw-data-text tw-text-large tw-ta\" dir=\"ltr\" tabindex=\"-1\" role=\"text\" data-placeholder=\"Traduction\" data-ved=\"2ahUKEwipnouk6KCQAxWlQ6QEHRMqGPMQ3ewLegQICxAV\" aria-label=\"Texte traduit\u00a0: Nom du produit\u00a0: VR Super Agent\r\nDimensions\u00a0: L 168 x l 290 x H 231 cm\r\nPoids\u00a0: 450 kg\r\nTension\u00a0: 220 V\r\nPuissance\u00a0: 1 kW\r\nNombre de jeux\u00a0: 1\r\nDur\u00e9e de jeu\u00a0: 3 \u00e0 5 min\r\nJoueur\u00a0: 2\"><span class=\"Y2IQFc\" lang=\"fr\">Poids<\/span><\/pre>\n<\/td>\n<td class=\"pp-table-cell pp-table-cell-value\"><span class=\"pp-table-cell-content\"><span class=\"pp-table-cell-text\">450kg <\/span><\/span><\/td>\n<\/tr>\n<tr class=\"pp-table-row\">\n<td class=\"pp-table-cell pp-table-cell-key\">\n<pre id=\"tw-target-text\" class=\"tw-data-text tw-text-large tw-ta\" dir=\"ltr\" tabindex=\"-1\" role=\"text\" data-placeholder=\"Traduction\" data-ved=\"2ahUKEwipnouk6KCQAxWlQ6QEHRMqGPMQ3ewLegQICxAV\" aria-label=\"Texte traduit\u00a0: Nom du produit\u00a0: VR Super Agent\r\nDimensions\u00a0: L 168 x l 290 x H 231 cm\r\nPoids\u00a0: 450 kg\r\nTension\u00a0: 220 V\r\nPuissance\u00a0: 1 kW\r\nNombre de jeux\u00a0: 1\r\nDur\u00e9e de jeu\u00a0: 3 \u00e0 5 min\r\nJoueur\u00a0: 2\"><span class=\"Y2IQFc\" lang=\"fr\">Tension\u00a0<\/span><\/pre>\n<\/td>\n<td class=\"pp-table-cell pp-table-cell-value\"><span class=\"pp-table-cell-content\"><span class=\"pp-table-cell-text\">220V <\/span><\/span><\/td>\n<\/tr>\n<tr class=\"pp-table-row\">\n<td class=\"pp-table-cell pp-table-cell-key\">\n<pre id=\"tw-target-text\" class=\"tw-data-text tw-text-large tw-ta\" dir=\"ltr\" tabindex=\"-1\" role=\"text\" data-placeholder=\"Traduction\" data-ved=\"2ahUKEwipnouk6KCQAxWlQ6QEHRMqGPMQ3ewLegQICxAV\" aria-label=\"Texte traduit\u00a0: Nom du produit\u00a0: VR Super Agent\r\nDimensions\u00a0: L 168 x l 290 x H 231 cm\r\nPoids\u00a0: 450 kg\r\nTension\u00a0: 220 V\r\nPuissance\u00a0: 1 kW\r\nNombre de jeux\u00a0: 1\r\nDur\u00e9e de jeu\u00a0: 3 \u00e0 5 min\r\nJoueur\u00a0: 2\"><span class=\"Y2IQFc\" lang=\"fr\">Puissance<\/span><\/pre>\n<\/td>\n<td class=\"pp-table-cell pp-table-cell-value\"><span class=\"pp-table-cell-content\"><span class=\"pp-table-cell-text\">1KW <\/span><\/span><\/td>\n<\/tr>\n<tr class=\"pp-table-row\">\n<td class=\"pp-table-cell pp-table-cell-key\">\n<pre id=\"tw-target-text\" class=\"tw-data-text tw-text-large tw-ta\" dir=\"ltr\" tabindex=\"-1\" role=\"text\" data-placeholder=\"Traduction\" data-ved=\"2ahUKEwipnouk6KCQAxWlQ6QEHRMqGPMQ3ewLegQICxAV\" aria-label=\"Texte traduit\u00a0: Nom du produit\u00a0: VR Super Agent\r\nDimensions\u00a0: L 168 x l 290 x H 231 cm\r\nPoids\u00a0: 450 kg\r\nTension\u00a0: 220 V\r\nPuissance\u00a0: 1 kW\r\nNombre de jeux\u00a0: 1\r\nDur\u00e9e de jeu\u00a0: 3 \u00e0 5 min\r\nJoueur\u00a0: 2\"><span class=\"Y2IQFc\" lang=\"fr\">Nombre de jeux<\/span><\/pre>\n<\/td>\n<td class=\"pp-table-cell pp-table-cell-value\"><span class=\"pp-table-cell-content\"><span class=\"pp-table-cell-text\">1pcs <\/span><\/span><\/td>\n<\/tr>\n<tr class=\"pp-table-row\">\n<td class=\"pp-table-cell pp-table-cell-key\">\n<pre id=\"tw-target-text\" class=\"tw-data-text tw-text-large tw-ta\" dir=\"ltr\" tabindex=\"-1\" role=\"text\" data-placeholder=\"Traduction\" data-ved=\"2ahUKEwipnouk6KCQAxWlQ6QEHRMqGPMQ3ewLegQICxAV\" aria-label=\"Texte traduit\u00a0: Nom du produit\u00a0: VR Super Agent\r\nDimensions\u00a0: L 168 x l 290 x H 231 cm\r\nPoids\u00a0: 450 kg\r\nTension\u00a0: 220 V\r\nPuissance\u00a0: 1 kW\r\nNombre de jeux\u00a0: 1\r\nDur\u00e9e de jeu\u00a0: 3 \u00e0 5 min\r\nJoueur\u00a0: 2\"><span class=\"Y2IQFc\" lang=\"fr\">Dur\u00e9e de jeu\u00a0<\/span><\/pre>\n<\/td>\n<td class=\"pp-table-cell pp-table-cell-value\"><span class=\"pp-table-cell-content\"><span class=\"pp-table-cell-text\">3-5 mins <\/span><\/span><\/td>\n<\/tr>\n<tr class=\"pp-table-row\">\n<td class=\"pp-table-cell pp-table-cell-key\">\n<pre id=\"tw-target-text\" class=\"tw-data-text tw-text-large tw-ta\" dir=\"ltr\" tabindex=\"-1\" role=\"text\" data-placeholder=\"Traduction\" data-ved=\"2ahUKEwipnouk6KCQAxWlQ6QEHRMqGPMQ3ewLegQICxAV\" aria-label=\"Texte traduit\u00a0: Nom du produit\u00a0: VR Super Agent\r\nDimensions\u00a0: L 168 x l 290 x H 231 cm\r\nPoids\u00a0: 450 kg\r\nTension\u00a0: 220 V\r\nPuissance\u00a0: 1 kW\r\nNombre de jeux\u00a0: 1\r\nDur\u00e9e de jeu\u00a0: 3 \u00e0 5 min\r\nJoueur\u00a0: 2\"><span class=\"Y2IQFc\" lang=\"fr\">Joueurs<\/span><\/pre>\n<\/td>\n<td class=\"pp-table-cell pp-table-cell-value\"><span class=\"pp-table-cell-content\"><span class=\"pp-table-cell-text\">2 Joueurs<\/span><\/span><\/td>\n<\/tr>\n<\/tbody>\n<\/table>\n<p><iframe title=\"VR Super Agent\" width=\"1140\" height=\"641\" src=\"https:\/\/www.youtube.com\/embed\/4NPFsiOpY8Y?feature=oembed\" frameborder=\"0\" allow=\"accelerometer; autoplay; clipboard-write; encrypted-media; gyroscope; picture-in-picture; web-share\" referrerpolicy=\"strict-origin-when-cross-origin\" allowfullscreen><\/iframe><\/p>\n<p>&nbsp;<\/p>\n","protected":false},"excerpt":{"rendered":"<div class=\"elementor-element elementor-element-dd6d36f elementor-widget elementor-widget-heading\" data-id=\"dd6d36f\" data-element_type=\"widget\" data-widget_type=\"heading.default\">\n<p><strong>Plateforme de combat VR Super Agent<\/strong><\/p>\n<p>Un jeu de tir QET compatible avec les modes solo et multijoueur VR en ligne, avec des sc\u00e8nes et niveaux r\u00e9alistes et palpitants pour une exp\u00e9rience sanglante. Le mini-espace de 2,6 m\u00b2 peut accueillir deux personnes, et le fonctionnement mobile est plus flexible. Un clic permet de doubler les revenus des projets VR.<\/p>\n<\/div>\n","protected":false},"featured_media":1618,"template":"","meta":[],"product_brand":[],"product_cat":[401],"product_tag":[],"class_list":{"0":"post-2775","1":"product","2":"type-product","3":"status-publish","4":"has-post-thumbnail","6":"product_cat-vr-cinema-et-jeux","8":"first","9":"instock","10":"shipping-taxable","11":"product-type-simple"},"_links":{"self":[{"href":"https:\/\/www.alfadu-amusement.com\/index.php?rest_route=\/wp\/v2\/product\/2775","targetHints":{"allow":["GET"]}}],"collection":[{"href":"https:\/\/www.alfadu-amusement.com\/index.php?rest_route=\/wp\/v2\/product"}],"about":[{"href":"https:\/\/www.alfadu-amusement.com\/index.php?rest_route=\/wp\/v2\/types\/product"}],"wp:featuredmedia":[{"embeddable":true,"href":"https:\/\/www.alfadu-amusement.com\/index.php?rest_route=\/wp\/v2\/media\/1618"}],"wp:attachment":[{"href":"https:\/\/www.alfadu-amusement.com\/index.php?rest_route=%2Fwp%2Fv2%2Fmedia&parent=2775"}],"wp:term":[{"taxonomy":"product_brand","embeddable":true,"href":"https:\/\/www.alfadu-amusement.com\/index.php?rest_route=%2Fwp%2Fv2%2Fproduct_brand&post=2775"},{"taxonomy":"product_cat","embeddable":true,"href":"https:\/\/www.alfadu-amusement.com\/index.php?rest_route=%2Fwp%2Fv2%2Fproduct_cat&post=2775"},{"taxonomy":"product_tag","embeddable":true,"href":"https:\/\/www.alfadu-amusement.com\/index.php?rest_route=%2Fwp%2Fv2%2Fproduct_tag&post=2775"}],"curies":[{"name":"wp","href":"https:\/\/api.w.org\/{rel}","templated":true}]}}