{"id":2778,"date":"2025-10-13T09:25:48","date_gmt":"2025-10-13T09:25:48","guid":{"rendered":"https:\/\/www.alfadu-amusement.com\/?post_type=product&#038;p=2778"},"modified":"2025-10-13T09:25:48","modified_gmt":"2025-10-13T09:25:48","slug":"vr-simulateur-de-course-pour-enfants","status":"publish","type":"product","link":"https:\/\/www.alfadu-amusement.com\/?product=vr-simulateur-de-course-pour-enfants&lang=fr","title":{"rendered":"VR Simulateur de course pour enfants"},"content":{"rendered":"<table class=\"pp-table\">\n<tbody>\n<tr class=\"pp-table-row\">\n<td class=\"pp-table-cell pp-table-cell-key\">\n<pre id=\"tw-target-text\" class=\"tw-data-text tw-text-large tw-ta\" dir=\"ltr\" tabindex=\"-1\" role=\"text\" data-placeholder=\"Traduction\" data-ved=\"2ahUKEwipnouk6KCQAxWlQ6QEHRMqGPMQ3ewLegQICxAV\" aria-label=\"Texte traduit\u00a0: Nom du produit\u00a0: VR Kids Racing\r\nDimensions\u00a0: L\u00a0200\u00a0x\u00a0l\u00a0120\u00a0x\u00a0H\u00a0180\u00a0cm\r\nPoids\u00a0: 250\u00a0kg\r\nTension\u00a0: 220\u00a0V\r\nPuissance\u00a0: 1,5\u00a0kW\r\nNombre de jeux\u00a0: 3\r\nDur\u00e9e de jeu\u00a0: 3 \u00e0 5\u00a0minutes\r\nNombre de joueurs\u00a0: 1\"><span class=\"Y2IQFc\" lang=\"fr\">Nom du produit<\/span><\/pre>\n<\/td>\n<td class=\"pp-table-cell pp-table-cell-value\"><span class=\"pp-table-cell-content\"><span class=\"pp-table-cell-text\">VR Kids Racing <\/span><\/span><\/td>\n<\/tr>\n<tr class=\"pp-table-row\">\n<td class=\"pp-table-cell pp-table-cell-key\">\n<pre id=\"tw-target-text\" class=\"tw-data-text tw-text-large tw-ta\" dir=\"ltr\" tabindex=\"-1\" role=\"text\" data-placeholder=\"Traduction\" data-ved=\"2ahUKEwipnouk6KCQAxWlQ6QEHRMqGPMQ3ewLegQICxAV\" aria-label=\"Texte traduit\u00a0: Nom du produit\u00a0: VR Kids Racing\r\nDimensions\u00a0: L\u00a0200\u00a0x\u00a0l\u00a0120\u00a0x\u00a0H\u00a0180\u00a0cm\r\nPoids\u00a0: 250\u00a0kg\r\nTension\u00a0: 220\u00a0V\r\nPuissance\u00a0: 1,5\u00a0kW\r\nNombre de jeux\u00a0: 3\r\nDur\u00e9e de jeu\u00a0: 3 \u00e0 5\u00a0minutes\r\nNombre de joueurs\u00a0: 1\"><span class=\"Y2IQFc\" lang=\"fr\">Dimensions\u00a0<\/span><\/pre>\n<\/td>\n<td class=\"pp-table-cell pp-table-cell-value\"><span class=\"pp-table-cell-content\"><span class=\"pp-table-cell-text\">L200*W120*H180cm <\/span><\/span><\/td>\n<\/tr>\n<tr class=\"pp-table-row\">\n<td class=\"pp-table-cell pp-table-cell-key\">\n<pre id=\"tw-target-text\" class=\"tw-data-text tw-text-large tw-ta\" dir=\"ltr\" tabindex=\"-1\" role=\"text\" data-placeholder=\"Traduction\" data-ved=\"2ahUKEwipnouk6KCQAxWlQ6QEHRMqGPMQ3ewLegQICxAV\" aria-label=\"Texte traduit\u00a0: Nom du produit\u00a0: VR Kids Racing\r\nDimensions\u00a0: L\u00a0200\u00a0x\u00a0l\u00a0120\u00a0x\u00a0H\u00a0180\u00a0cm\r\nPoids\u00a0: 250\u00a0kg\r\nTension\u00a0: 220\u00a0V\r\nPuissance\u00a0: 1,5\u00a0kW\r\nNombre de jeux\u00a0: 3\r\nDur\u00e9e de jeu\u00a0: 3 \u00e0 5\u00a0minutes\r\nNombre de joueurs\u00a0: 1\"><span class=\"Y2IQFc\" lang=\"fr\">Poids\u00a0<\/span><\/pre>\n<\/td>\n<td class=\"pp-table-cell pp-table-cell-value\"><span class=\"pp-table-cell-content\"><span class=\"pp-table-cell-text\">250kg <\/span><\/span><\/td>\n<\/tr>\n<tr class=\"pp-table-row\">\n<td class=\"pp-table-cell pp-table-cell-key\">\n<pre id=\"tw-target-text\" class=\"tw-data-text tw-text-large tw-ta\" dir=\"ltr\" tabindex=\"-1\" role=\"text\" data-placeholder=\"Traduction\" data-ved=\"2ahUKEwipnouk6KCQAxWlQ6QEHRMqGPMQ3ewLegQICxAV\" aria-label=\"Texte traduit\u00a0: Nom du produit\u00a0: VR Kids Racing\r\nDimensions\u00a0: L\u00a0200\u00a0x\u00a0l\u00a0120\u00a0x\u00a0H\u00a0180\u00a0cm\r\nPoids\u00a0: 250\u00a0kg\r\nTension\u00a0: 220\u00a0V\r\nPuissance\u00a0: 1,5\u00a0kW\r\nNombre de jeux\u00a0: 3\r\nDur\u00e9e de jeu\u00a0: 3 \u00e0 5\u00a0minutes\r\nNombre de joueurs\u00a0: 1\"><span class=\"Y2IQFc\" lang=\"fr\">Tension\u00a0<\/span><\/pre>\n<\/td>\n<td class=\"pp-table-cell pp-table-cell-value\"><span class=\"pp-table-cell-content\"><span class=\"pp-table-cell-text\">220V <\/span><\/span><\/td>\n<\/tr>\n<tr class=\"pp-table-row\">\n<td class=\"pp-table-cell pp-table-cell-key\">\n<pre id=\"tw-target-text\" class=\"tw-data-text tw-text-large tw-ta\" dir=\"ltr\" tabindex=\"-1\" role=\"text\" data-placeholder=\"Traduction\" data-ved=\"2ahUKEwipnouk6KCQAxWlQ6QEHRMqGPMQ3ewLegQICxAV\" aria-label=\"Texte traduit\u00a0: Nom du produit\u00a0: VR Kids Racing\r\nDimensions\u00a0: L\u00a0200\u00a0x\u00a0l\u00a0120\u00a0x\u00a0H\u00a0180\u00a0cm\r\nPoids\u00a0: 250\u00a0kg\r\nTension\u00a0: 220\u00a0V\r\nPuissance\u00a0: 1,5\u00a0kW\r\nNombre de jeux\u00a0: 3\r\nDur\u00e9e de jeu\u00a0: 3 \u00e0 5\u00a0minutes\r\nNombre de joueurs\u00a0: 1\"><span class=\"Y2IQFc\" lang=\"fr\">Puissance<\/span><\/pre>\n<\/td>\n<td class=\"pp-table-cell pp-table-cell-value\"><span class=\"pp-table-cell-content\"><span class=\"pp-table-cell-text\">1.5KW <\/span><\/span><\/td>\n<\/tr>\n<tr class=\"pp-table-row\">\n<td class=\"pp-table-cell pp-table-cell-key\">\n<pre id=\"tw-target-text\" class=\"tw-data-text tw-text-large tw-ta\" dir=\"ltr\" tabindex=\"-1\" role=\"text\" data-placeholder=\"Traduction\" data-ved=\"2ahUKEwipnouk6KCQAxWlQ6QEHRMqGPMQ3ewLegQICxAV\" aria-label=\"Texte traduit\u00a0: Nom du produit\u00a0: VR Kids Racing\r\nDimensions\u00a0: L\u00a0200\u00a0x\u00a0l\u00a0120\u00a0x\u00a0H\u00a0180\u00a0cm\r\nPoids\u00a0: 250\u00a0kg\r\nTension\u00a0: 220\u00a0V\r\nPuissance\u00a0: 1,5\u00a0kW\r\nNombre de jeux\u00a0: 3\r\nDur\u00e9e de jeu\u00a0: 3 \u00e0 5\u00a0minutes\r\nNombre de joueurs\u00a0: 1\"><span class=\"Y2IQFc\" lang=\"fr\">Nombre de jeux<\/span><\/pre>\n<\/td>\n<td class=\"pp-table-cell pp-table-cell-value\"><span class=\"pp-table-cell-content\"><span class=\"pp-table-cell-text\">3pcs <\/span><\/span><\/td>\n<\/tr>\n<tr class=\"pp-table-row\">\n<td class=\"pp-table-cell pp-table-cell-key\">\n<pre id=\"tw-target-text\" class=\"tw-data-text tw-text-large tw-ta\" dir=\"ltr\" tabindex=\"-1\" role=\"text\" data-placeholder=\"Traduction\" data-ved=\"2ahUKEwipnouk6KCQAxWlQ6QEHRMqGPMQ3ewLegQICxAV\" aria-label=\"Texte traduit\u00a0: Nom du produit\u00a0: VR Kids Racing\r\nDimensions\u00a0: L\u00a0200\u00a0x\u00a0l\u00a0120\u00a0x\u00a0H\u00a0180\u00a0cm\r\nPoids\u00a0: 250\u00a0kg\r\nTension\u00a0: 220\u00a0V\r\nPuissance\u00a0: 1,5\u00a0kW\r\nNombre de jeux\u00a0: 3\r\nDur\u00e9e de jeu\u00a0: 3 \u00e0 5\u00a0minutes\r\nNombre de joueurs\u00a0: 1\"><span class=\"Y2IQFc\" lang=\"fr\">Dur\u00e9e de jeu<\/span><\/pre>\n<\/td>\n<td class=\"pp-table-cell pp-table-cell-value\"><span class=\"pp-table-cell-content\"><span class=\"pp-table-cell-text\">3-5 mins <\/span><\/span><\/td>\n<\/tr>\n<tr class=\"pp-table-row\">\n<td class=\"pp-table-cell pp-table-cell-key\">\n<pre id=\"tw-target-text\" class=\"tw-data-text tw-text-large tw-ta\" dir=\"ltr\" tabindex=\"-1\" role=\"text\" data-placeholder=\"Traduction\" data-ved=\"2ahUKEwipnouk6KCQAxWlQ6QEHRMqGPMQ3ewLegQICxAV\" aria-label=\"Texte traduit\u00a0: Nom du produit\u00a0: VR Kids Racing\r\nDimensions\u00a0: L\u00a0200\u00a0x\u00a0l\u00a0120\u00a0x\u00a0H\u00a0180\u00a0cm\r\nPoids\u00a0: 250\u00a0kg\r\nTension\u00a0: 220\u00a0V\r\nPuissance\u00a0: 1,5\u00a0kW\r\nNombre de jeux\u00a0: 3\r\nDur\u00e9e de jeu\u00a0: 3 \u00e0 5\u00a0minutes\r\nNombre de joueurs\u00a0: 1\"><span class=\"Y2IQFc\" lang=\"fr\">Nombre de joueurs<\/span><\/pre>\n<\/td>\n<td class=\"pp-table-cell pp-table-cell-value\"><span class=\"pp-table-cell-content\"><span class=\"pp-table-cell-text\">1 Joueur<\/span><\/span><\/td>\n<\/tr>\n<\/tbody>\n<\/table>\n","protected":false},"excerpt":{"rendered":"<div class=\"elementor-element elementor-element-dd6d36f elementor-widget elementor-widget-heading\" data-id=\"dd6d36f\" data-element_type=\"widget\" data-widget_type=\"heading.default\">\n<p><strong>Jeu de karting en ligne VR pour enfants<\/strong><\/p>\n<p>Sur une surface de 2 m\u00b2, il est adapt\u00e9 aux aires de jeux VR int\u00e9rieures, aux centres commerciaux et aux centres pour enfants. Il peut \u00eatre utilis\u00e9 pour une comp\u00e9tition en ligne de 4 personnes avec classement. Possibilit\u00e9 de r\u00e9achat. Design enfantin, id\u00e9al pour les jeux de puzzle destin\u00e9s aux enfants de 5 \u00e0 15 ans.<\/p>\n<\/div>\n","protected":false},"featured_media":1614,"template":"","meta":[],"product_brand":[],"product_cat":[401],"product_tag":[],"class_list":{"0":"post-2778","1":"product","2":"type-product","3":"status-publish","4":"has-post-thumbnail","6":"product_cat-vr-cinema-et-jeux","8":"first","9":"instock","10":"shipping-taxable","11":"product-type-simple"},"_links":{"self":[{"href":"https:\/\/www.alfadu-amusement.com\/index.php?rest_route=\/wp\/v2\/product\/2778","targetHints":{"allow":["GET"]}}],"collection":[{"href":"https:\/\/www.alfadu-amusement.com\/index.php?rest_route=\/wp\/v2\/product"}],"about":[{"href":"https:\/\/www.alfadu-amusement.com\/index.php?rest_route=\/wp\/v2\/types\/product"}],"wp:featuredmedia":[{"embeddable":true,"href":"https:\/\/www.alfadu-amusement.com\/index.php?rest_route=\/wp\/v2\/media\/1614"}],"wp:attachment":[{"href":"https:\/\/www.alfadu-amusement.com\/index.php?rest_route=%2Fwp%2Fv2%2Fmedia&parent=2778"}],"wp:term":[{"taxonomy":"product_brand","embeddable":true,"href":"https:\/\/www.alfadu-amusement.com\/index.php?rest_route=%2Fwp%2Fv2%2Fproduct_brand&post=2778"},{"taxonomy":"product_cat","embeddable":true,"href":"https:\/\/www.alfadu-amusement.com\/index.php?rest_route=%2Fwp%2Fv2%2Fproduct_cat&post=2778"},{"taxonomy":"product_tag","embeddable":true,"href":"https:\/\/www.alfadu-amusement.com\/index.php?rest_route=%2Fwp%2Fv2%2Fproduct_tag&post=2778"}],"curies":[{"name":"wp","href":"https:\/\/api.w.org\/{rel}","templated":true}]}}