{"id":2783,"date":"2025-10-13T09:33:49","date_gmt":"2025-10-13T09:33:49","guid":{"rendered":"https:\/\/www.alfadu-amusement.com\/?post_type=product&#038;p=2783"},"modified":"2025-10-13T09:33:49","modified_gmt":"2025-10-13T09:33:49","slug":"vr-simulateur-de-roue-spatiale","status":"publish","type":"product","link":"https:\/\/www.alfadu-amusement.com\/?product=vr-simulateur-de-roue-spatiale&lang=fr","title":{"rendered":"VR Simulateur de roue spatiale"},"content":{"rendered":"<table class=\"pp-table\">\n<tbody>\n<tr class=\"pp-table-row\">\n<td class=\"pp-table-cell pp-table-cell-key\">\n<pre id=\"tw-target-text\" class=\"tw-data-text tw-text-large tw-ta\" dir=\"ltr\" tabindex=\"-1\" role=\"text\" data-placeholder=\"Traduction\" data-ved=\"2ahUKEwipnouk6KCQAxWlQ6QEHRMqGPMQ3ewLegQICxAV\" aria-label=\"Texte traduit\u00a0: Nom du produit\u00a0: Roue spatiale VR\r\nDimensions\u00a0: L\u00a0215\u00a0x l\u00a0125\u00a0x H\u00a0130\u00a0cm\r\nPoids\u00a0: 200\u00a0kg\r\nTension\u00a0: 220\u00a0V\r\nPuissance\u00a0: 4\u00a0kW\r\nNombre de jeux\u00a0: 12\r\nDur\u00e9e de jeu\u00a0: 3 \u00e0 5\u00a0minutes\r\nNombre de joueurs\u00a0: 1\"><span class=\"Y2IQFc\" lang=\"fr\">Nom du produit<\/span><\/pre>\n<\/td>\n<td class=\"pp-table-cell pp-table-cell-value\"><span class=\"pp-table-cell-content\"><span class=\"pp-table-cell-text\">VR Space Wheel <\/span><\/span><\/td>\n<\/tr>\n<tr class=\"pp-table-row\">\n<td class=\"pp-table-cell pp-table-cell-key\">\n<pre id=\"tw-target-text\" class=\"tw-data-text tw-text-large tw-ta\" dir=\"ltr\" tabindex=\"-1\" role=\"text\" data-placeholder=\"Traduction\" data-ved=\"2ahUKEwipnouk6KCQAxWlQ6QEHRMqGPMQ3ewLegQICxAV\" aria-label=\"Texte traduit\u00a0: Nom du produit\u00a0: Roue spatiale VR\r\nDimensions\u00a0: L\u00a0215\u00a0x l\u00a0125\u00a0x H\u00a0130\u00a0cm\r\nPoids\u00a0: 200\u00a0kg\r\nTension\u00a0: 220\u00a0V\r\nPuissance\u00a0: 4\u00a0kW\r\nNombre de jeux\u00a0: 12\r\nDur\u00e9e de jeu\u00a0: 3 \u00e0 5\u00a0minutes\r\nNombre de joueurs\u00a0: 1\"><span class=\"Y2IQFc\" lang=\"fr\">Dimensions<\/span><\/pre>\n<\/td>\n<td class=\"pp-table-cell pp-table-cell-value\"><span class=\"pp-table-cell-content\"><span class=\"pp-table-cell-text\">L215*W125*H130cm <\/span><\/span><\/td>\n<\/tr>\n<tr class=\"pp-table-row\">\n<td class=\"pp-table-cell pp-table-cell-key\">\n<pre id=\"tw-target-text\" class=\"tw-data-text tw-text-large tw-ta\" dir=\"ltr\" tabindex=\"-1\" role=\"text\" data-placeholder=\"Traduction\" data-ved=\"2ahUKEwipnouk6KCQAxWlQ6QEHRMqGPMQ3ewLegQICxAV\" aria-label=\"Texte traduit\u00a0: Nom du produit\u00a0: Roue spatiale VR\r\nDimensions\u00a0: L\u00a0215\u00a0x l\u00a0125\u00a0x H\u00a0130\u00a0cm\r\nPoids\u00a0: 200\u00a0kg\r\nTension\u00a0: 220\u00a0V\r\nPuissance\u00a0: 4\u00a0kW\r\nNombre de jeux\u00a0: 12\r\nDur\u00e9e de jeu\u00a0: 3 \u00e0 5\u00a0minutes\r\nNombre de joueurs\u00a0: 1\"><span class=\"Y2IQFc\" lang=\"fr\">Poids\u00a0<\/span><\/pre>\n<\/td>\n<td class=\"pp-table-cell pp-table-cell-value\"><span class=\"pp-table-cell-content\"><span class=\"pp-table-cell-text\">200kg <\/span><\/span><\/td>\n<\/tr>\n<tr class=\"pp-table-row\">\n<td class=\"pp-table-cell pp-table-cell-key\">\n<pre id=\"tw-target-text\" class=\"tw-data-text tw-text-large tw-ta\" dir=\"ltr\" tabindex=\"-1\" role=\"text\" data-placeholder=\"Traduction\" data-ved=\"2ahUKEwipnouk6KCQAxWlQ6QEHRMqGPMQ3ewLegQICxAV\" aria-label=\"Texte traduit\u00a0: Nom du produit\u00a0: Roue spatiale VR\r\nDimensions\u00a0: L\u00a0215\u00a0x l\u00a0125\u00a0x H\u00a0130\u00a0cm\r\nPoids\u00a0: 200\u00a0kg\r\nTension\u00a0: 220\u00a0V\r\nPuissance\u00a0: 4\u00a0kW\r\nNombre de jeux\u00a0: 12\r\nDur\u00e9e de jeu\u00a0: 3 \u00e0 5\u00a0minutes\r\nNombre de joueurs\u00a0: 1\"><span class=\"Y2IQFc\" lang=\"fr\">Tension<\/span><\/pre>\n<\/td>\n<td class=\"pp-table-cell pp-table-cell-value\"><span class=\"pp-table-cell-content\"><span class=\"pp-table-cell-text\">220V <\/span><\/span><\/td>\n<\/tr>\n<tr class=\"pp-table-row\">\n<td class=\"pp-table-cell pp-table-cell-key\">\n<pre id=\"tw-target-text\" class=\"tw-data-text tw-text-large tw-ta\" dir=\"ltr\" tabindex=\"-1\" role=\"text\" data-placeholder=\"Traduction\" data-ved=\"2ahUKEwipnouk6KCQAxWlQ6QEHRMqGPMQ3ewLegQICxAV\" aria-label=\"Texte traduit\u00a0: Nom du produit\u00a0: Roue spatiale VR\r\nDimensions\u00a0: L\u00a0215\u00a0x l\u00a0125\u00a0x H\u00a0130\u00a0cm\r\nPoids\u00a0: 200\u00a0kg\r\nTension\u00a0: 220\u00a0V\r\nPuissance\u00a0: 4\u00a0kW\r\nNombre de jeux\u00a0: 12\r\nDur\u00e9e de jeu\u00a0: 3 \u00e0 5\u00a0minutes\r\nNombre de joueurs\u00a0: 1\"><span class=\"Y2IQFc\" lang=\"fr\">Puissance<\/span><\/pre>\n<\/td>\n<td class=\"pp-table-cell pp-table-cell-value\"><span class=\"pp-table-cell-content\"><span class=\"pp-table-cell-text\">4KW <\/span><\/span><\/td>\n<\/tr>\n<tr class=\"pp-table-row\">\n<td class=\"pp-table-cell pp-table-cell-key\">\n<pre id=\"tw-target-text\" class=\"tw-data-text tw-text-large tw-ta\" dir=\"ltr\" tabindex=\"-1\" role=\"text\" data-placeholder=\"Traduction\" data-ved=\"2ahUKEwipnouk6KCQAxWlQ6QEHRMqGPMQ3ewLegQICxAV\" aria-label=\"Texte traduit\u00a0: Nom du produit\u00a0: Roue spatiale VR\r\nDimensions\u00a0: L\u00a0215\u00a0x l\u00a0125\u00a0x H\u00a0130\u00a0cm\r\nPoids\u00a0: 200\u00a0kg\r\nTension\u00a0: 220\u00a0V\r\nPuissance\u00a0: 4\u00a0kW\r\nNombre de jeux\u00a0: 12\r\nDur\u00e9e de jeu\u00a0: 3 \u00e0 5\u00a0minutes\r\nNombre de joueurs\u00a0: 1\"><span class=\"Y2IQFc\" lang=\"fr\">Nombre de jeux<\/span><\/pre>\n<\/td>\n<td class=\"pp-table-cell pp-table-cell-value\"><span class=\"pp-table-cell-content\"><span class=\"pp-table-cell-text\">12pcs <\/span><\/span><\/td>\n<\/tr>\n<tr class=\"pp-table-row\">\n<td class=\"pp-table-cell pp-table-cell-key\">\n<pre id=\"tw-target-text\" class=\"tw-data-text tw-text-large tw-ta\" dir=\"ltr\" tabindex=\"-1\" role=\"text\" data-placeholder=\"Traduction\" data-ved=\"2ahUKEwipnouk6KCQAxWlQ6QEHRMqGPMQ3ewLegQICxAV\" aria-label=\"Texte traduit\u00a0: Nom du produit\u00a0: Roue spatiale VR\r\nDimensions\u00a0: L\u00a0215\u00a0x l\u00a0125\u00a0x H\u00a0130\u00a0cm\r\nPoids\u00a0: 200\u00a0kg\r\nTension\u00a0: 220\u00a0V\r\nPuissance\u00a0: 4\u00a0kW\r\nNombre de jeux\u00a0: 12\r\nDur\u00e9e de jeu\u00a0: 3 \u00e0 5\u00a0minutes\r\nNombre de joueurs\u00a0: 1\"><span class=\"Y2IQFc\" lang=\"fr\">Dur\u00e9e de jeu<\/span><\/pre>\n<\/td>\n<td class=\"pp-table-cell pp-table-cell-value\"><span class=\"pp-table-cell-content\"><span class=\"pp-table-cell-text\">3-5 mins <\/span><\/span><\/td>\n<\/tr>\n<tr class=\"pp-table-row\">\n<td class=\"pp-table-cell pp-table-cell-key\">\n<pre id=\"tw-target-text\" class=\"tw-data-text tw-text-large tw-ta\" dir=\"ltr\" tabindex=\"-1\" role=\"text\" data-placeholder=\"Traduction\" data-ved=\"2ahUKEwipnouk6KCQAxWlQ6QEHRMqGPMQ3ewLegQICxAV\" aria-label=\"Texte traduit\u00a0: Nom du produit\u00a0: Roue spatiale VR\r\nDimensions\u00a0: L\u00a0215\u00a0x l\u00a0125\u00a0x H\u00a0130\u00a0cm\r\nPoids\u00a0: 200\u00a0kg\r\nTension\u00a0: 220\u00a0V\r\nPuissance\u00a0: 4\u00a0kW\r\nNombre de jeux\u00a0: 12\r\nDur\u00e9e de jeu\u00a0: 3 \u00e0 5\u00a0minutes\r\nNombre de joueurs\u00a0: 1\"><span class=\"Y2IQFc\" lang=\"fr\">Nombre de joueurs<\/span><\/pre>\n<\/td>\n<td class=\"pp-table-cell pp-table-cell-value\"><span class=\"pp-table-cell-content\"><span class=\"pp-table-cell-text\">1 Joueur<\/span><\/span><\/td>\n<\/tr>\n<\/tbody>\n<\/table>\n<p><iframe title=\"VR Space Whee\" width=\"563\" height=\"1000\" src=\"https:\/\/www.youtube.com\/embed\/R1JRqF8uuXw?feature=oembed\" frameborder=\"0\" allow=\"accelerometer; autoplay; clipboard-write; encrypted-media; gyroscope; picture-in-picture; web-share\" referrerpolicy=\"strict-origin-when-cross-origin\" allowfullscreen><\/iframe><\/p>\n<p>&nbsp;<\/p>\n","protected":false},"excerpt":{"rendered":"<div class=\"elementor-element elementor-element-dd6d36f elementor-widget elementor-widget-heading\" data-id=\"dd6d36f\" data-element_type=\"widget\" data-widget_type=\"heading.default\">\n<p><strong>Passionn\u00e9 de motos VR \u00e0 vitesse extr\u00eame<\/strong><\/p>\n<p>Dernier produit et chef-d&rsquo;\u0153uvre de la r\u00e9alit\u00e9 virtuelle, VR Space Wheel est un jeu de course de motos VR simulant des sc\u00e8nes r\u00e9elles. Le gameplay est simple et facile \u00e0 comprendre. Piloter une moto en VR offre aux joueurs une sensation de r\u00e9alit\u00e9 immersive.<\/p>\n<\/div>\n","protected":false},"featured_media":1606,"template":"","meta":[],"product_brand":[],"product_cat":[401],"product_tag":[],"class_list":{"0":"post-2783","1":"product","2":"type-product","3":"status-publish","4":"has-post-thumbnail","6":"product_cat-vr-cinema-et-jeux","8":"first","9":"instock","10":"shipping-taxable","11":"product-type-simple"},"_links":{"self":[{"href":"https:\/\/www.alfadu-amusement.com\/index.php?rest_route=\/wp\/v2\/product\/2783","targetHints":{"allow":["GET"]}}],"collection":[{"href":"https:\/\/www.alfadu-amusement.com\/index.php?rest_route=\/wp\/v2\/product"}],"about":[{"href":"https:\/\/www.alfadu-amusement.com\/index.php?rest_route=\/wp\/v2\/types\/product"}],"wp:featuredmedia":[{"embeddable":true,"href":"https:\/\/www.alfadu-amusement.com\/index.php?rest_route=\/wp\/v2\/media\/1606"}],"wp:attachment":[{"href":"https:\/\/www.alfadu-amusement.com\/index.php?rest_route=%2Fwp%2Fv2%2Fmedia&parent=2783"}],"wp:term":[{"taxonomy":"product_brand","embeddable":true,"href":"https:\/\/www.alfadu-amusement.com\/index.php?rest_route=%2Fwp%2Fv2%2Fproduct_brand&post=2783"},{"taxonomy":"product_cat","embeddable":true,"href":"https:\/\/www.alfadu-amusement.com\/index.php?rest_route=%2Fwp%2Fv2%2Fproduct_cat&post=2783"},{"taxonomy":"product_tag","embeddable":true,"href":"https:\/\/www.alfadu-amusement.com\/index.php?rest_route=%2Fwp%2Fv2%2Fproduct_tag&post=2783"}],"curies":[{"name":"wp","href":"https:\/\/api.w.org\/{rel}","templated":true}]}}