{"id":2786,"date":"2025-10-13T09:37:48","date_gmt":"2025-10-13T09:37:48","guid":{"rendered":"https:\/\/www.alfadu-amusement.com\/?post_type=product&#038;p=2786"},"modified":"2025-10-13T09:37:48","modified_gmt":"2025-10-13T09:37:48","slug":"vr-mini-simulateur-de-voyage-spatial","status":"publish","type":"product","link":"https:\/\/www.alfadu-amusement.com\/?product=vr-mini-simulateur-de-voyage-spatial&lang=fr","title":{"rendered":"VR Mini simulateur de voyage spatial"},"content":{"rendered":"<table class=\"pp-table\">\n<tbody>\n<tr class=\"pp-table-row\">\n<td class=\"pp-table-cell pp-table-cell-key\">\n<pre id=\"tw-target-text\" class=\"tw-data-text tw-text-large tw-ta\" dir=\"ltr\" tabindex=\"-1\" role=\"text\" data-placeholder=\"Traduction\" data-ved=\"2ahUKEwipnouk6KCQAxWlQ6QEHRMqGPMQ3ewLegQICxAV\" aria-label=\"Texte traduit\u00a0: Nom du produit\u00a0: VR Space Ride Mini\r\nDimensions\u00a0: L\u00a0262\u00a0cm x l\u00a0217\u00a0cm x H\u00a0203\u00a0cm\r\nPoids\u00a0: 1\u00a0120\u00a0kg\r\nTension\u00a0: 220\u00a0V\r\nPuissance\u00a0: 15\u00a0kW\r\nNombre de jeux\u00a0: 4\r\nDur\u00e9e\u00a0: 5\u00a0min\r\nJoueur\u00a0: 2\"><span class=\"Y2IQFc\" lang=\"fr\">Nom du produit<\/span><\/pre>\n<\/td>\n<td class=\"pp-table-cell pp-table-cell-value\"><span class=\"pp-table-cell-content\"><span class=\"pp-table-cell-text\">VR Space Ride Mini <\/span><\/span><\/td>\n<\/tr>\n<tr class=\"pp-table-row\">\n<td class=\"pp-table-cell pp-table-cell-key\">\n<pre id=\"tw-target-text\" class=\"tw-data-text tw-text-large tw-ta\" dir=\"ltr\" tabindex=\"-1\" role=\"text\" data-placeholder=\"Traduction\" data-ved=\"2ahUKEwipnouk6KCQAxWlQ6QEHRMqGPMQ3ewLegQICxAV\" aria-label=\"Texte traduit\u00a0: Nom du produit\u00a0: VR Space Ride Mini\r\nDimensions\u00a0: L\u00a0262\u00a0cm x l\u00a0217\u00a0cm x H\u00a0203\u00a0cm\r\nPoids\u00a0: 1\u00a0120\u00a0kg\r\nTension\u00a0: 220\u00a0V\r\nPuissance\u00a0: 15\u00a0kW\r\nNombre de jeux\u00a0: 4\r\nDur\u00e9e\u00a0: 5\u00a0min\r\nJoueur\u00a0: 2\"><span class=\"Y2IQFc\" lang=\"fr\">Dimensions<\/span><\/pre>\n<\/td>\n<td class=\"pp-table-cell pp-table-cell-value\"><span class=\"pp-table-cell-content\"><span class=\"pp-table-cell-text\">L262* W217* H203cm <\/span><\/span><\/td>\n<\/tr>\n<tr class=\"pp-table-row\">\n<td class=\"pp-table-cell pp-table-cell-key\">\n<pre id=\"tw-target-text\" class=\"tw-data-text tw-text-large tw-ta\" dir=\"ltr\" tabindex=\"-1\" role=\"text\" data-placeholder=\"Traduction\" data-ved=\"2ahUKEwipnouk6KCQAxWlQ6QEHRMqGPMQ3ewLegQICxAV\" aria-label=\"Texte traduit\u00a0: Nom du produit\u00a0: VR Space Ride Mini\r\nDimensions\u00a0: L\u00a0262\u00a0cm x l\u00a0217\u00a0cm x H\u00a0203\u00a0cm\r\nPoids\u00a0: 1\u00a0120\u00a0kg\r\nTension\u00a0: 220\u00a0V\r\nPuissance\u00a0: 15\u00a0kW\r\nNombre de jeux\u00a0: 4\r\nDur\u00e9e\u00a0: 5\u00a0min\r\nJoueur\u00a0: 2\"><span class=\"Y2IQFc\" lang=\"fr\">Poids\u00a0<\/span><\/pre>\n<\/td>\n<td class=\"pp-table-cell pp-table-cell-value\"><span class=\"pp-table-cell-content\"><span class=\"pp-table-cell-text\">1120kg <\/span><\/span><\/td>\n<\/tr>\n<tr class=\"pp-table-row\">\n<td class=\"pp-table-cell pp-table-cell-key\">\n<pre id=\"tw-target-text\" class=\"tw-data-text tw-text-large tw-ta\" dir=\"ltr\" tabindex=\"-1\" role=\"text\" data-placeholder=\"Traduction\" data-ved=\"2ahUKEwipnouk6KCQAxWlQ6QEHRMqGPMQ3ewLegQICxAV\" aria-label=\"Texte traduit\u00a0: Nom du produit\u00a0: VR Space Ride Mini\r\nDimensions\u00a0: L\u00a0262\u00a0cm x l\u00a0217\u00a0cm x H\u00a0203\u00a0cm\r\nPoids\u00a0: 1\u00a0120\u00a0kg\r\nTension\u00a0: 220\u00a0V\r\nPuissance\u00a0: 15\u00a0kW\r\nNombre de jeux\u00a0: 4\r\nDur\u00e9e\u00a0: 5\u00a0min\r\nJoueur\u00a0: 2\"><span class=\"Y2IQFc\" lang=\"fr\">Tension\u00a0<\/span><\/pre>\n<\/td>\n<td class=\"pp-table-cell pp-table-cell-value\"><span class=\"pp-table-cell-content\"><span class=\"pp-table-cell-text\">220V <\/span><\/span><\/td>\n<\/tr>\n<tr class=\"pp-table-row\">\n<td class=\"pp-table-cell pp-table-cell-key\">\n<pre id=\"tw-target-text\" class=\"tw-data-text tw-text-large tw-ta\" dir=\"ltr\" tabindex=\"-1\" role=\"text\" data-placeholder=\"Traduction\" data-ved=\"2ahUKEwipnouk6KCQAxWlQ6QEHRMqGPMQ3ewLegQICxAV\" aria-label=\"Texte traduit\u00a0: Nom du produit\u00a0: VR Space Ride Mini\r\nDimensions\u00a0: L\u00a0262\u00a0cm x l\u00a0217\u00a0cm x H\u00a0203\u00a0cm\r\nPoids\u00a0: 1\u00a0120\u00a0kg\r\nTension\u00a0: 220\u00a0V\r\nPuissance\u00a0: 15\u00a0kW\r\nNombre de jeux\u00a0: 4\r\nDur\u00e9e\u00a0: 5\u00a0min\r\nJoueur\u00a0: 2\"><span class=\"Y2IQFc\" lang=\"fr\">Puissance<\/span><\/pre>\n<\/td>\n<td class=\"pp-table-cell pp-table-cell-value\"><span class=\"pp-table-cell-content\"><span class=\"pp-table-cell-text\">15kw <\/span><\/span><\/td>\n<\/tr>\n<tr class=\"pp-table-row\">\n<td class=\"pp-table-cell pp-table-cell-key\">\n<pre id=\"tw-target-text\" class=\"tw-data-text tw-text-large tw-ta\" dir=\"ltr\" tabindex=\"-1\" role=\"text\" data-placeholder=\"Traduction\" data-ved=\"2ahUKEwipnouk6KCQAxWlQ6QEHRMqGPMQ3ewLegQICxAV\" aria-label=\"Texte traduit\u00a0: Nom du produit\u00a0: VR Space Ride Mini\r\nDimensions\u00a0: L\u00a0262\u00a0cm x l\u00a0217\u00a0cm x H\u00a0203\u00a0cm\r\nPoids\u00a0: 1\u00a0120\u00a0kg\r\nTension\u00a0: 220\u00a0V\r\nPuissance\u00a0: 15\u00a0kW\r\nNombre de jeux\u00a0: 4\r\nDur\u00e9e\u00a0: 5\u00a0min\r\nJoueur\u00a0: 2\"><span class=\"Y2IQFc\" lang=\"fr\">Nombre de jeux<\/span><\/pre>\n<\/td>\n<td class=\"pp-table-cell pp-table-cell-value\"><span class=\"pp-table-cell-content\"><span class=\"pp-table-cell-text\">4 pcs <\/span><\/span><\/td>\n<\/tr>\n<tr class=\"pp-table-row\">\n<td class=\"pp-table-cell pp-table-cell-key\">\n<pre id=\"tw-target-text\" class=\"tw-data-text tw-text-large tw-ta\" dir=\"ltr\" tabindex=\"-1\" role=\"text\" data-placeholder=\"Traduction\" data-ved=\"2ahUKEwipnouk6KCQAxWlQ6QEHRMqGPMQ3ewLegQICxAV\" aria-label=\"Texte traduit\u00a0: Nom du produit\u00a0: VR Space Ride Mini\r\nDimensions\u00a0: L\u00a0262\u00a0cm x l\u00a0217\u00a0cm x H\u00a0203\u00a0cm\r\nPoids\u00a0: 1\u00a0120\u00a0kg\r\nTension\u00a0: 220\u00a0V\r\nPuissance\u00a0: 15\u00a0kW\r\nNombre de jeux\u00a0: 4\r\nDur\u00e9e\u00a0: 5\u00a0min\r\nJoueur\u00a0: 2\"><span class=\"Y2IQFc\" lang=\"fr\">Dur\u00e9e<\/span><\/pre>\n<\/td>\n<td class=\"pp-table-cell pp-table-cell-value\"><span class=\"pp-table-cell-content\"><span class=\"pp-table-cell-text\">5 mins <\/span><\/span><\/td>\n<\/tr>\n<tr class=\"pp-table-row\">\n<td class=\"pp-table-cell pp-table-cell-key\">\n<pre id=\"tw-target-text\" class=\"tw-data-text tw-text-large tw-ta\" dir=\"ltr\" tabindex=\"-1\" role=\"text\" data-placeholder=\"Traduction\" data-ved=\"2ahUKEwipnouk6KCQAxWlQ6QEHRMqGPMQ3ewLegQICxAV\" aria-label=\"Texte traduit\u00a0: Nom du produit\u00a0: VR Space Ride Mini\r\nDimensions\u00a0: L\u00a0262\u00a0cm x l\u00a0217\u00a0cm x H\u00a0203\u00a0cm\r\nPoids\u00a0: 1\u00a0120\u00a0kg\r\nTension\u00a0: 220\u00a0V\r\nPuissance\u00a0: 15\u00a0kW\r\nNombre de jeux\u00a0: 4\r\nDur\u00e9e\u00a0: 5\u00a0min\r\nJoueur\u00a0: 2\"><span class=\"Y2IQFc\" lang=\"fr\">Joueur<\/span><\/pre>\n<\/td>\n<td class=\"pp-table-cell pp-table-cell-value\"><span class=\"pp-table-cell-content\"><span class=\"pp-table-cell-text\">2 Joueurs<\/span><\/span><\/td>\n<\/tr>\n<\/tbody>\n<\/table>\n","protected":false},"excerpt":{"rendered":"<div class=\"elementor-element elementor-element-dd6d36f elementor-widget elementor-widget-heading\" data-id=\"dd6d36f\" data-element_type=\"widget\" data-widget_type=\"heading.default\">\n<p><strong>Cin\u00e9ma volant en r\u00e9alit\u00e9 virtuelle<\/strong><\/p>\n<p>Tout nouveau simulateur d&rsquo;entreprise en r\u00e9alit\u00e9 virtuelle, parmi les plus \u00e9conomiques\u00a0: VR Space Ride Mini. Premi\u00e8re mondiale, brevet exclusif, \u00e9quivalent \u00e0 un cin\u00e9ma volant d&rsquo;un million de dollars.<\/p>\n<\/div>\n","protected":false},"featured_media":1602,"template":"","meta":[],"product_brand":[],"product_cat":[401],"product_tag":[],"class_list":{"0":"post-2786","1":"product","2":"type-product","3":"status-publish","4":"has-post-thumbnail","6":"product_cat-vr-cinema-et-jeux","8":"first","9":"instock","10":"shipping-taxable","11":"product-type-simple"},"_links":{"self":[{"href":"https:\/\/www.alfadu-amusement.com\/index.php?rest_route=\/wp\/v2\/product\/2786","targetHints":{"allow":["GET"]}}],"collection":[{"href":"https:\/\/www.alfadu-amusement.com\/index.php?rest_route=\/wp\/v2\/product"}],"about":[{"href":"https:\/\/www.alfadu-amusement.com\/index.php?rest_route=\/wp\/v2\/types\/product"}],"wp:featuredmedia":[{"embeddable":true,"href":"https:\/\/www.alfadu-amusement.com\/index.php?rest_route=\/wp\/v2\/media\/1602"}],"wp:attachment":[{"href":"https:\/\/www.alfadu-amusement.com\/index.php?rest_route=%2Fwp%2Fv2%2Fmedia&parent=2786"}],"wp:term":[{"taxonomy":"product_brand","embeddable":true,"href":"https:\/\/www.alfadu-amusement.com\/index.php?rest_route=%2Fwp%2Fv2%2Fproduct_brand&post=2786"},{"taxonomy":"product_cat","embeddable":true,"href":"https:\/\/www.alfadu-amusement.com\/index.php?rest_route=%2Fwp%2Fv2%2Fproduct_cat&post=2786"},{"taxonomy":"product_tag","embeddable":true,"href":"https:\/\/www.alfadu-amusement.com\/index.php?rest_route=%2Fwp%2Fv2%2Fproduct_tag&post=2786"}],"curies":[{"name":"wp","href":"https:\/\/api.w.org\/{rel}","templated":true}]}}