{"id":2789,"date":"2025-10-13T09:41:30","date_gmt":"2025-10-13T09:41:30","guid":{"rendered":"https:\/\/www.alfadu-amusement.com\/?post_type=product&#038;p=2789"},"modified":"2025-10-13T09:41:30","modified_gmt":"2025-10-13T09:41:30","slug":"simulateur-vr-super-ufo-5-joueurs","status":"publish","type":"product","link":"https:\/\/www.alfadu-amusement.com\/?product=simulateur-vr-super-ufo-5-joueurs&lang=fr","title":{"rendered":"Simulateur VR Super UFO 5 joueurs"},"content":{"rendered":"<table class=\"pp-table\">\n<tbody>\n<tr class=\"pp-table-row\">\n<td class=\"pp-table-cell pp-table-cell-key\">\n<pre id=\"tw-target-text\" class=\"tw-data-text tw-text-large tw-ta\" dir=\"ltr\" tabindex=\"-1\" role=\"text\" data-placeholder=\"Traduction\" data-ved=\"2ahUKEwipnouk6KCQAxWlQ6QEHRMqGPMQ3ewLegQICxAV\" aria-label=\"Texte traduit\u00a0: Nom du produit\u00a0: VR Space Ride Mini\r\nDimensions\u00a0: L\u00a0262\u00a0cm x l\u00a0217\u00a0cm x H\u00a0203\u00a0cm\r\nPoids\u00a0: 1\u00a0120\u00a0kg\r\nTension\u00a0: 220\u00a0V\r\nPuissance\u00a0: 15\u00a0kW\r\nNombre de jeux\u00a0: 4\r\nDur\u00e9e\u00a0: 5\u00a0min\r\nJoueur\u00a0: 2\"><span class=\"Y2IQFc\" lang=\"fr\">Nom du produit\u00a0<\/span><\/pre>\n<\/td>\n<td class=\"pp-table-cell pp-table-cell-value\"><span class=\"pp-table-cell-content\"><span class=\"pp-table-cell-text\">VR Super UFO <\/span><\/span><\/td>\n<\/tr>\n<tr class=\"pp-table-row\">\n<td class=\"pp-table-cell pp-table-cell-key\">\n<pre id=\"tw-target-text\" class=\"tw-data-text tw-text-large tw-ta\" dir=\"ltr\" tabindex=\"-1\" role=\"text\" data-placeholder=\"Traduction\" data-ved=\"2ahUKEwipnouk6KCQAxWlQ6QEHRMqGPMQ3ewLegQICxAV\" aria-label=\"Texte traduit\u00a0: Nom du produit\u00a0: VR Space Ride Mini\r\nDimensions\u00a0: L\u00a0262\u00a0cm x l\u00a0217\u00a0cm x H\u00a0203\u00a0cm\r\nPoids\u00a0: 1\u00a0120\u00a0kg\r\nTension\u00a0: 220\u00a0V\r\nPuissance\u00a0: 15\u00a0kW\r\nNombre de jeux\u00a0: 4\r\nDur\u00e9e\u00a0: 5\u00a0min\r\nJoueur\u00a0: 2\"><span class=\"Y2IQFc\" lang=\"fr\">Dimensions<\/span><\/pre>\n<\/td>\n<td class=\"pp-table-cell pp-table-cell-value\"><span class=\"pp-table-cell-content\"><span class=\"pp-table-cell-text\">L3500*W4600*H2600mm <\/span><\/span><\/td>\n<\/tr>\n<tr class=\"pp-table-row\">\n<td class=\"pp-table-cell pp-table-cell-key\">\n<pre id=\"tw-target-text\" class=\"tw-data-text tw-text-large tw-ta\" dir=\"ltr\" tabindex=\"-1\" role=\"text\" data-placeholder=\"Traduction\" data-ved=\"2ahUKEwipnouk6KCQAxWlQ6QEHRMqGPMQ3ewLegQICxAV\" aria-label=\"Texte traduit\u00a0: Nom du produit\u00a0: VR Space Ride Mini\r\nDimensions\u00a0: L\u00a0262\u00a0cm x l\u00a0217\u00a0cm x H\u00a0203\u00a0cm\r\nPoids\u00a0: 1\u00a0120\u00a0kg\r\nTension\u00a0: 220\u00a0V\r\nPuissance\u00a0: 15\u00a0kW\r\nNombre de jeux\u00a0: 4\r\nDur\u00e9e\u00a0: 5\u00a0min\r\nJoueur\u00a0: 2\"><span class=\"Y2IQFc\" lang=\"fr\">Poids<\/span><\/pre>\n<\/td>\n<td class=\"pp-table-cell pp-table-cell-value\"><span class=\"pp-table-cell-content\"><span class=\"pp-table-cell-text\">1000kg <\/span><\/span><\/td>\n<\/tr>\n<tr class=\"pp-table-row\">\n<td class=\"pp-table-cell pp-table-cell-key\">\n<pre id=\"tw-target-text\" class=\"tw-data-text tw-text-large tw-ta\" dir=\"ltr\" tabindex=\"-1\" role=\"text\" data-placeholder=\"Traduction\" data-ved=\"2ahUKEwipnouk6KCQAxWlQ6QEHRMqGPMQ3ewLegQICxAV\" aria-label=\"Texte traduit\u00a0: Nom du produit\u00a0: VR Space Ride Mini\r\nDimensions\u00a0: L\u00a0262\u00a0cm x l\u00a0217\u00a0cm x H\u00a0203\u00a0cm\r\nPoids\u00a0: 1\u00a0120\u00a0kg\r\nTension\u00a0: 220\u00a0V\r\nPuissance\u00a0: 15\u00a0kW\r\nNombre de jeux\u00a0: 4\r\nDur\u00e9e\u00a0: 5\u00a0min\r\nJoueur\u00a0: 2\"><span class=\"Y2IQFc\" lang=\"fr\">Tension<\/span><\/pre>\n<\/td>\n<td class=\"pp-table-cell pp-table-cell-value\"><span class=\"pp-table-cell-content\"><span class=\"pp-table-cell-text\">220V <\/span><\/span><\/td>\n<\/tr>\n<tr class=\"pp-table-row\">\n<td class=\"pp-table-cell pp-table-cell-key\">\n<pre id=\"tw-target-text\" class=\"tw-data-text tw-text-large tw-ta\" dir=\"ltr\" tabindex=\"-1\" role=\"text\" data-placeholder=\"Traduction\" data-ved=\"2ahUKEwipnouk6KCQAxWlQ6QEHRMqGPMQ3ewLegQICxAV\" aria-label=\"Texte traduit\u00a0: Nom du produit\u00a0: VR Space Ride Mini\r\nDimensions\u00a0: L\u00a0262\u00a0cm x l\u00a0217\u00a0cm x H\u00a0203\u00a0cm\r\nPoids\u00a0: 1\u00a0120\u00a0kg\r\nTension\u00a0: 220\u00a0V\r\nPuissance\u00a0: 15\u00a0kW\r\nNombre de jeux\u00a0: 4\r\nDur\u00e9e\u00a0: 5\u00a0min\r\nJoueur\u00a0: 2\"><span class=\"Y2IQFc\" lang=\"fr\">Puissance<\/span><\/pre>\n<\/td>\n<td class=\"pp-table-cell pp-table-cell-value\"><span class=\"pp-table-cell-content\"><span class=\"pp-table-cell-text\">5.2kw <\/span><\/span><\/td>\n<\/tr>\n<tr class=\"pp-table-row\">\n<td class=\"pp-table-cell pp-table-cell-key\">\n<pre id=\"tw-target-text\" class=\"tw-data-text tw-text-large tw-ta\" dir=\"ltr\" tabindex=\"-1\" role=\"text\" data-placeholder=\"Traduction\" data-ved=\"2ahUKEwipnouk6KCQAxWlQ6QEHRMqGPMQ3ewLegQICxAV\" aria-label=\"Texte traduit\u00a0: Nom du produit\u00a0: VR Space Ride Mini\r\nDimensions\u00a0: L\u00a0262\u00a0cm x l\u00a0217\u00a0cm x H\u00a0203\u00a0cm\r\nPoids\u00a0: 1\u00a0120\u00a0kg\r\nTension\u00a0: 220\u00a0V\r\nPuissance\u00a0: 15\u00a0kW\r\nNombre de jeux\u00a0: 4\r\nDur\u00e9e\u00a0: 5\u00a0min\r\nJoueur\u00a0: 2\"><span class=\"Y2IQFc\" lang=\"fr\">Nombre de jeux<\/span><\/pre>\n<\/td>\n<td class=\"pp-table-cell pp-table-cell-value\"><span class=\"pp-table-cell-content\"><span class=\"pp-table-cell-text\">60 PCS <\/span><\/span><\/td>\n<\/tr>\n<tr class=\"pp-table-row\">\n<td class=\"pp-table-cell pp-table-cell-key\">\n<pre id=\"tw-target-text\" class=\"tw-data-text tw-text-large tw-ta\" dir=\"ltr\" tabindex=\"-1\" role=\"text\" data-placeholder=\"Traduction\" data-ved=\"2ahUKEwipnouk6KCQAxWlQ6QEHRMqGPMQ3ewLegQICxAV\" aria-label=\"Texte traduit\u00a0: Nom du produit\u00a0: VR Space Ride Mini\r\nDimensions\u00a0: L\u00a0262\u00a0cm x l\u00a0217\u00a0cm x H\u00a0203\u00a0cm\r\nPoids\u00a0: 1\u00a0120\u00a0kg\r\nTension\u00a0: 220\u00a0V\r\nPuissance\u00a0: 15\u00a0kW\r\nNombre de jeux\u00a0: 4\r\nDur\u00e9e\u00a0: 5\u00a0min\r\nJoueur\u00a0: 2\"><span class=\"Y2IQFc\" lang=\"fr\">Dur\u00e9e\u00a0<\/span><\/pre>\n<\/td>\n<td class=\"pp-table-cell pp-table-cell-value\"><span class=\"pp-table-cell-content\"><span class=\"pp-table-cell-text\">5 Mins <\/span><\/span><\/td>\n<\/tr>\n<tr class=\"pp-table-row\">\n<td class=\"pp-table-cell pp-table-cell-key\">\n<pre id=\"tw-target-text\" class=\"tw-data-text tw-text-large tw-ta\" dir=\"ltr\" tabindex=\"-1\" role=\"text\" data-placeholder=\"Traduction\" data-ved=\"2ahUKEwipnouk6KCQAxWlQ6QEHRMqGPMQ3ewLegQICxAV\" aria-label=\"Texte traduit\u00a0: Nom du produit\u00a0: VR Space Ride Mini\r\nDimensions\u00a0: L\u00a0262\u00a0cm x l\u00a0217\u00a0cm x H\u00a0203\u00a0cm\r\nPoids\u00a0: 1\u00a0120\u00a0kg\r\nTension\u00a0: 220\u00a0V\r\nPuissance\u00a0: 15\u00a0kW\r\nNombre de jeux\u00a0: 4\r\nDur\u00e9e\u00a0: 5\u00a0min\r\nJoueur\u00a0: 2\"><span class=\"Y2IQFc\" lang=\"fr\">Joueur<\/span><\/pre>\n<\/td>\n<td class=\"pp-table-cell pp-table-cell-value\"><span class=\"pp-table-cell-content\"><span class=\"pp-table-cell-text\">5 Joueurs<\/span><\/span><\/td>\n<\/tr>\n<\/tbody>\n<\/table>\n","protected":false},"excerpt":{"rendered":"<div class=\"elementor-element elementor-element-dd6d36f elementor-widget elementor-widget-heading\" data-id=\"dd6d36f\" data-element_type=\"widget\" data-widget_type=\"heading.default\">\n<p>L&rsquo;apparence d&rsquo;une soucoupe volante inspir\u00e9e de la science-fiction est inoubliable et tr\u00e8s attrayante.<\/p>\n<p>Le casque VR offre une vue panoramique et une plateforme libre rotative \u00e0 720\u00b0, vous permettant de ressentir le double impact sur votre vision et votre corps.<\/p>\n<p>Avec une capacit\u00e9 d&rsquo;accueil de 5 personnes dans un espace de 12,6 m\u00b2, il optimise l&rsquo;utilisation des si\u00e8ges et garantit une rentabilit\u00e9 optimale.<\/p>\n<p>Il est \u00e9quip\u00e9 d&rsquo;un bouton de tir interactif et l&rsquo;\u00e9cran de jeu pivote \u00e0 15\u00b0 pour une exp\u00e9rience multisensorielle et une immersion accrue.<\/p>\n<\/div>\n","protected":false},"featured_media":1598,"template":"","meta":[],"product_brand":[],"product_cat":[401],"product_tag":[],"class_list":{"0":"post-2789","1":"product","2":"type-product","3":"status-publish","4":"has-post-thumbnail","6":"product_cat-vr-cinema-et-jeux","8":"first","9":"instock","10":"shipping-taxable","11":"product-type-simple"},"_links":{"self":[{"href":"https:\/\/www.alfadu-amusement.com\/index.php?rest_route=\/wp\/v2\/product\/2789","targetHints":{"allow":["GET"]}}],"collection":[{"href":"https:\/\/www.alfadu-amusement.com\/index.php?rest_route=\/wp\/v2\/product"}],"about":[{"href":"https:\/\/www.alfadu-amusement.com\/index.php?rest_route=\/wp\/v2\/types\/product"}],"wp:featuredmedia":[{"embeddable":true,"href":"https:\/\/www.alfadu-amusement.com\/index.php?rest_route=\/wp\/v2\/media\/1598"}],"wp:attachment":[{"href":"https:\/\/www.alfadu-amusement.com\/index.php?rest_route=%2Fwp%2Fv2%2Fmedia&parent=2789"}],"wp:term":[{"taxonomy":"product_brand","embeddable":true,"href":"https:\/\/www.alfadu-amusement.com\/index.php?rest_route=%2Fwp%2Fv2%2Fproduct_brand&post=2789"},{"taxonomy":"product_cat","embeddable":true,"href":"https:\/\/www.alfadu-amusement.com\/index.php?rest_route=%2Fwp%2Fv2%2Fproduct_cat&post=2789"},{"taxonomy":"product_tag","embeddable":true,"href":"https:\/\/www.alfadu-amusement.com\/index.php?rest_route=%2Fwp%2Fv2%2Fproduct_tag&post=2789"}],"curies":[{"name":"wp","href":"https:\/\/api.w.org\/{rel}","templated":true}]}}