{"id":2792,"date":"2025-10-13T13:44:05","date_gmt":"2025-10-13T13:44:05","guid":{"rendered":"https:\/\/www.alfadu-amusement.com\/?post_type=product&#038;p=2792"},"modified":"2025-10-13T13:44:05","modified_gmt":"2025-10-13T13:44:05","slug":"vr-super-rider-2-joueurs-simulateur-de-vol","status":"publish","type":"product","link":"https:\/\/www.alfadu-amusement.com\/?product=vr-super-rider-2-joueurs-simulateur-de-vol&lang=fr","title":{"rendered":"VR Super Rider 2 joueurs Simulateur de vol"},"content":{"rendered":"<table class=\"pp-table\">\n<tbody>\n<tr class=\"pp-table-row\">\n<td class=\"pp-table-cell pp-table-cell-key\">\n<pre id=\"tw-target-text\" class=\"tw-data-text tw-text-large tw-ta\" dir=\"ltr\" tabindex=\"-1\" role=\"text\" data-placeholder=\"Traduction\" data-ved=\"2ahUKEwipnouk6KCQAxWlQ6QEHRMqGPMQ3ewLegQICxAV\" aria-label=\"Texte traduit\u00a0: Nom du produit\u00a0: VR Super Ride\r\nDimensions\u00a0: L\u00a02500 x l\u00a02600 x H\u00a02050 mm\r\nPoids\u00a0: 1\u00a0053 kg\r\nTension\u00a0: 220 V\r\nPuissance\u00a0: 4 kW\r\nNombre de jeux\u00a0: 10\r\nDur\u00e9e de jeu\u00a0: 5 min\r\nJoueur\u00a0: 2\"><span class=\"Y2IQFc\" lang=\"fr\">Nom du produit<\/span><\/pre>\n<\/td>\n<td class=\"pp-table-cell pp-table-cell-value\"><span class=\"pp-table-cell-content\"><span class=\"pp-table-cell-text\">VR Super Ride <\/span><\/span><\/td>\n<\/tr>\n<tr class=\"pp-table-row\">\n<td class=\"pp-table-cell pp-table-cell-key\">\n<pre id=\"tw-target-text\" class=\"tw-data-text tw-text-large tw-ta\" dir=\"ltr\" tabindex=\"-1\" role=\"text\" data-placeholder=\"Traduction\" data-ved=\"2ahUKEwipnouk6KCQAxWlQ6QEHRMqGPMQ3ewLegQICxAV\" aria-label=\"Texte traduit\u00a0: Nom du produit\u00a0: VR Super Ride\r\nDimensions\u00a0: L\u00a02500 x l\u00a02600 x H\u00a02050 mm\r\nPoids\u00a0: 1\u00a0053 kg\r\nTension\u00a0: 220 V\r\nPuissance\u00a0: 4 kW\r\nNombre de jeux\u00a0: 10\r\nDur\u00e9e de jeu\u00a0: 5 min\r\nJoueur\u00a0: 2\"><span class=\"Y2IQFc\" lang=\"fr\">Dimensions\u00a0<\/span><\/pre>\n<\/td>\n<td class=\"pp-table-cell pp-table-cell-value\"><span class=\"pp-table-cell-content\"><span class=\"pp-table-cell-text\">L2500*W2600*H2050mm <\/span><\/span><\/td>\n<\/tr>\n<tr class=\"pp-table-row\">\n<td class=\"pp-table-cell pp-table-cell-key\">\n<pre id=\"tw-target-text\" class=\"tw-data-text tw-text-large tw-ta\" dir=\"ltr\" tabindex=\"-1\" role=\"text\" data-placeholder=\"Traduction\" data-ved=\"2ahUKEwipnouk6KCQAxWlQ6QEHRMqGPMQ3ewLegQICxAV\" aria-label=\"Texte traduit\u00a0: Nom du produit\u00a0: VR Super Ride\r\nDimensions\u00a0: L\u00a02500 x l\u00a02600 x H\u00a02050 mm\r\nPoids\u00a0: 1\u00a0053 kg\r\nTension\u00a0: 220 V\r\nPuissance\u00a0: 4 kW\r\nNombre de jeux\u00a0: 10\r\nDur\u00e9e de jeu\u00a0: 5 min\r\nJoueur\u00a0: 2\"><span class=\"Y2IQFc\" lang=\"fr\">Poids\u00a0<\/span><\/pre>\n<\/td>\n<td class=\"pp-table-cell pp-table-cell-value\"><span class=\"pp-table-cell-content\"><span class=\"pp-table-cell-text\">1053 KG <\/span><\/span><\/td>\n<\/tr>\n<tr class=\"pp-table-row\">\n<td class=\"pp-table-cell pp-table-cell-key\">\n<pre id=\"tw-target-text\" class=\"tw-data-text tw-text-large tw-ta\" dir=\"ltr\" tabindex=\"-1\" role=\"text\" data-placeholder=\"Traduction\" data-ved=\"2ahUKEwipnouk6KCQAxWlQ6QEHRMqGPMQ3ewLegQICxAV\" aria-label=\"Texte traduit\u00a0: Nom du produit\u00a0: VR Super Ride\r\nDimensions\u00a0: L\u00a02500 x l\u00a02600 x H\u00a02050 mm\r\nPoids\u00a0: 1\u00a0053 kg\r\nTension\u00a0: 220 V\r\nPuissance\u00a0: 4 kW\r\nNombre de jeux\u00a0: 10\r\nDur\u00e9e de jeu\u00a0: 5 min\r\nJoueur\u00a0: 2\"><span class=\"Y2IQFc\" lang=\"fr\">Tension\u00a0<\/span><\/pre>\n<\/td>\n<td class=\"pp-table-cell pp-table-cell-value\"><span class=\"pp-table-cell-content\"><span class=\"pp-table-cell-text\">220V <\/span><\/span><\/td>\n<\/tr>\n<tr class=\"pp-table-row\">\n<td class=\"pp-table-cell pp-table-cell-key\">\n<pre id=\"tw-target-text\" class=\"tw-data-text tw-text-large tw-ta\" dir=\"ltr\" tabindex=\"-1\" role=\"text\" data-placeholder=\"Traduction\" data-ved=\"2ahUKEwipnouk6KCQAxWlQ6QEHRMqGPMQ3ewLegQICxAV\" aria-label=\"Texte traduit\u00a0: Nom du produit\u00a0: VR Super Ride\r\nDimensions\u00a0: L\u00a02500 x l\u00a02600 x H\u00a02050 mm\r\nPoids\u00a0: 1\u00a0053 kg\r\nTension\u00a0: 220 V\r\nPuissance\u00a0: 4 kW\r\nNombre de jeux\u00a0: 10\r\nDur\u00e9e de jeu\u00a0: 5 min\r\nJoueur\u00a0: 2\"><span class=\"Y2IQFc\" lang=\"fr\">Puissance\u00a0<\/span><\/pre>\n<\/td>\n<td class=\"pp-table-cell pp-table-cell-value\"><span class=\"pp-table-cell-content\"><span class=\"pp-table-cell-text\">4 KW <\/span><\/span><\/td>\n<\/tr>\n<tr class=\"pp-table-row\">\n<td class=\"pp-table-cell pp-table-cell-key\">\n<pre id=\"tw-target-text\" class=\"tw-data-text tw-text-large tw-ta\" dir=\"ltr\" tabindex=\"-1\" role=\"text\" data-placeholder=\"Traduction\" data-ved=\"2ahUKEwipnouk6KCQAxWlQ6QEHRMqGPMQ3ewLegQICxAV\" aria-label=\"Texte traduit\u00a0: Nom du produit\u00a0: VR Super Ride\r\nDimensions\u00a0: L\u00a02500 x l\u00a02600 x H\u00a02050 mm\r\nPoids\u00a0: 1\u00a0053 kg\r\nTension\u00a0: 220 V\r\nPuissance\u00a0: 4 kW\r\nNombre de jeux\u00a0: 10\r\nDur\u00e9e de jeu\u00a0: 5 min\r\nJoueur\u00a0: 2\"><span class=\"Y2IQFc\" lang=\"fr\">Nombre de jeux<\/span><\/pre>\n<\/td>\n<td class=\"pp-table-cell pp-table-cell-value\"><span class=\"pp-table-cell-content\"><span class=\"pp-table-cell-text\">10 PCS <\/span><\/span><\/td>\n<\/tr>\n<tr class=\"pp-table-row\">\n<td class=\"pp-table-cell pp-table-cell-key\">\n<pre id=\"tw-target-text\" class=\"tw-data-text tw-text-large tw-ta\" dir=\"ltr\" tabindex=\"-1\" role=\"text\" data-placeholder=\"Traduction\" data-ved=\"2ahUKEwipnouk6KCQAxWlQ6QEHRMqGPMQ3ewLegQICxAV\" aria-label=\"Texte traduit\u00a0: Nom du produit\u00a0: VR Super Ride\r\nDimensions\u00a0: L\u00a02500 x l\u00a02600 x H\u00a02050 mm\r\nPoids\u00a0: 1\u00a0053 kg\r\nTension\u00a0: 220 V\r\nPuissance\u00a0: 4 kW\r\nNombre de jeux\u00a0: 10\r\nDur\u00e9e de jeu\u00a0: 5 min\r\nJoueur\u00a0: 2\"><span class=\"Y2IQFc\" lang=\"fr\">Dur\u00e9e de jeu\u00a0<\/span><\/pre>\n<\/td>\n<td class=\"pp-table-cell pp-table-cell-value\"><span class=\"pp-table-cell-content\"><span class=\"pp-table-cell-text\">5 Mins <\/span><\/span><\/td>\n<\/tr>\n<tr class=\"pp-table-row\">\n<td class=\"pp-table-cell pp-table-cell-key\">\n<pre id=\"tw-target-text\" class=\"tw-data-text tw-text-large tw-ta\" dir=\"ltr\" tabindex=\"-1\" role=\"text\" data-placeholder=\"Traduction\" data-ved=\"2ahUKEwipnouk6KCQAxWlQ6QEHRMqGPMQ3ewLegQICxAV\" aria-label=\"Texte traduit\u00a0: Nom du produit\u00a0: VR Super Ride\r\nDimensions\u00a0: L\u00a02500 x l\u00a02600 x H\u00a02050 mm\r\nPoids\u00a0: 1\u00a0053 kg\r\nTension\u00a0: 220 V\r\nPuissance\u00a0: 4 kW\r\nNombre de jeux\u00a0: 10\r\nDur\u00e9e de jeu\u00a0: 5 min\r\nJoueur\u00a0: 2\"><span class=\"Y2IQFc\" lang=\"fr\">Joueur\u00a0<\/span><\/pre>\n<\/td>\n<td class=\"pp-table-cell pp-table-cell-value\"><span class=\"pp-table-cell-content\"><span class=\"pp-table-cell-text\">2 Joueurs<\/span><\/span><\/td>\n<\/tr>\n<\/tbody>\n<\/table>\n","protected":false},"excerpt":{"rendered":"<div class=\"elementor-element elementor-element-dd6d36f elementor-widget elementor-widget-heading\" data-id=\"dd6d36f\" data-element_type=\"widget\" data-widget_type=\"heading.default\">\n<p>Simulateur de vol 7D INCROYABLE\u00a0! Inclinaison \u00e0 55\u00b0 + Effets de vent et de fum\u00e9e r\u00e9alistes (technologie brevet\u00e9e)<\/p>\n<p>Vivez une immersion exceptionnelle avec ce simulateur de vol\u00a0!<br \/>\nTriple syst\u00e8me de s\u00e9curit\u00e9\u00a0: barre de compression, double capteur infrarouge et barri\u00e8re de protection<br \/>\nEffets 7D hyperr\u00e9alistes\u00a0: tirs, collisions, vent, embruns, odeurs, fum\u00e9e et plong\u00e9e<br \/>\nPlage dynamique 55\u00b0+\/60\u00b0\u00a0: inclinaison de pr\u00e9cision (pr\u00e9cision de 0,01\u00a0mm\u00a0!) pour une apesanteur totale<br \/>\nConception \u00e9co-responsable\u00a0: acrylique de 1,5\u00a0cm d\u2019\u00e9paisseur (transmission de la lumi\u00e8re \u00e0 92\u00a0%) pour une \u00e9conomie d\u2019\u00e9nergie de 20\u00a0%<br \/>\n\u00c9cran HD 32\u00a0pouces + casques DPVR avec ambiance LED science-fiction<\/p>\n<\/div>\n","protected":false},"featured_media":1594,"template":"","meta":[],"product_brand":[],"product_cat":[401],"product_tag":[],"class_list":{"0":"post-2792","1":"product","2":"type-product","3":"status-publish","4":"has-post-thumbnail","6":"product_cat-vr-cinema-et-jeux","8":"first","9":"instock","10":"shipping-taxable","11":"product-type-simple"},"_links":{"self":[{"href":"https:\/\/www.alfadu-amusement.com\/index.php?rest_route=\/wp\/v2\/product\/2792","targetHints":{"allow":["GET"]}}],"collection":[{"href":"https:\/\/www.alfadu-amusement.com\/index.php?rest_route=\/wp\/v2\/product"}],"about":[{"href":"https:\/\/www.alfadu-amusement.com\/index.php?rest_route=\/wp\/v2\/types\/product"}],"wp:featuredmedia":[{"embeddable":true,"href":"https:\/\/www.alfadu-amusement.com\/index.php?rest_route=\/wp\/v2\/media\/1594"}],"wp:attachment":[{"href":"https:\/\/www.alfadu-amusement.com\/index.php?rest_route=%2Fwp%2Fv2%2Fmedia&parent=2792"}],"wp:term":[{"taxonomy":"product_brand","embeddable":true,"href":"https:\/\/www.alfadu-amusement.com\/index.php?rest_route=%2Fwp%2Fv2%2Fproduct_brand&post=2792"},{"taxonomy":"product_cat","embeddable":true,"href":"https:\/\/www.alfadu-amusement.com\/index.php?rest_route=%2Fwp%2Fv2%2Fproduct_cat&post=2792"},{"taxonomy":"product_tag","embeddable":true,"href":"https:\/\/www.alfadu-amusement.com\/index.php?rest_route=%2Fwp%2Fv2%2Fproduct_tag&post=2792"}],"curies":[{"name":"wp","href":"https:\/\/api.w.org\/{rel}","templated":true}]}}