{"id":2795,"date":"2025-10-13T13:53:59","date_gmt":"2025-10-13T13:53:59","guid":{"rendered":"https:\/\/www.alfadu-amusement.com\/?post_type=product&#038;p=2795"},"modified":"2025-10-13T13:53:59","modified_gmt":"2025-10-13T13:53:59","slug":"simulateur-de-parapente-vr-pour-2-joueurs","status":"publish","type":"product","link":"https:\/\/www.alfadu-amusement.com\/?product=simulateur-de-parapente-vr-pour-2-joueurs&lang=fr","title":{"rendered":"Simulateur de parapente VR pour 2 joueurs"},"content":{"rendered":"<table class=\"pp-table\">\n<tbody>\n<tr class=\"pp-table-row\">\n<td class=\"pp-table-cell pp-table-cell-key\">\n<pre id=\"tw-target-text\" class=\"tw-data-text tw-text-large tw-ta\" dir=\"ltr\" tabindex=\"-1\" role=\"text\" data-placeholder=\"Traduction\" data-ved=\"2ahUKEwipnouk6KCQAxWlQ6QEHRMqGPMQ3ewLegQICxAV\" aria-label=\"Texte traduit\u00a0: Nom du produit : Parapente VR\r\nDimensions : L 3000 x l 2400 x 2100 mm\r\nPoids : 550 kg\r\nTension : 220 V\r\nPuissance : 4,6 kW\r\nNombre de jeux : 3\r\nDur\u00e9e de jeu : 5 min\r\nJoueurs : 2\"><span class=\"Y2IQFc\" lang=\"fr\">Nom du produit<\/span><\/pre>\n<\/td>\n<td class=\"pp-table-cell pp-table-cell-value\"><span class=\"pp-table-cell-content\"><span class=\"pp-table-cell-text\">VR Paraglider <\/span><\/span><\/td>\n<\/tr>\n<tr class=\"pp-table-row\">\n<td class=\"pp-table-cell pp-table-cell-key\">\n<pre id=\"tw-target-text\" class=\"tw-data-text tw-text-large tw-ta\" dir=\"ltr\" tabindex=\"-1\" role=\"text\" data-placeholder=\"Traduction\" data-ved=\"2ahUKEwipnouk6KCQAxWlQ6QEHRMqGPMQ3ewLegQICxAV\" aria-label=\"Texte traduit\u00a0: Nom du produit : Parapente VR\r\nDimensions : L 3000 x l 2400 x 2100 mm\r\nPoids : 550 kg\r\nTension : 220 V\r\nPuissance : 4,6 kW\r\nNombre de jeux : 3\r\nDur\u00e9e de jeu : 5 min\r\nJoueurs : 2\"><span class=\"Y2IQFc\" lang=\"fr\">Dimensions <\/span><\/pre>\n<\/td>\n<td class=\"pp-table-cell pp-table-cell-value\"><span class=\"pp-table-cell-content\"><span class=\"pp-table-cell-text\">L3000*W2400*2100 MM <\/span><\/span><\/td>\n<\/tr>\n<tr class=\"pp-table-row\">\n<td class=\"pp-table-cell pp-table-cell-key\">\n<pre id=\"tw-target-text\" class=\"tw-data-text tw-text-large tw-ta\" dir=\"ltr\" tabindex=\"-1\" role=\"text\" data-placeholder=\"Traduction\" data-ved=\"2ahUKEwipnouk6KCQAxWlQ6QEHRMqGPMQ3ewLegQICxAV\" aria-label=\"Texte traduit\u00a0: Nom du produit : Parapente VR\r\nDimensions : L 3000 x l 2400 x 2100 mm\r\nPoids : 550 kg\r\nTension : 220 V\r\nPuissance : 4,6 kW\r\nNombre de jeux : 3\r\nDur\u00e9e de jeu : 5 min\r\nJoueurs : 2\"><span class=\"Y2IQFc\" lang=\"fr\">Poids <\/span><\/pre>\n<\/td>\n<td class=\"pp-table-cell pp-table-cell-value\"><span class=\"pp-table-cell-content\"><span class=\"pp-table-cell-text\">550 KG <\/span><\/span><\/td>\n<\/tr>\n<tr class=\"pp-table-row\">\n<td class=\"pp-table-cell pp-table-cell-key\">\n<pre id=\"tw-target-text\" class=\"tw-data-text tw-text-large tw-ta\" dir=\"ltr\" tabindex=\"-1\" role=\"text\" data-placeholder=\"Traduction\" data-ved=\"2ahUKEwipnouk6KCQAxWlQ6QEHRMqGPMQ3ewLegQICxAV\" aria-label=\"Texte traduit\u00a0: Nom du produit : Parapente VR\r\nDimensions : L 3000 x l 2400 x 2100 mm\r\nPoids : 550 kg\r\nTension : 220 V\r\nPuissance : 4,6 kW\r\nNombre de jeux : 3\r\nDur\u00e9e de jeu : 5 min\r\nJoueurs : 2\"><span class=\"Y2IQFc\" lang=\"fr\">Tension <\/span><\/pre>\n<\/td>\n<td class=\"pp-table-cell pp-table-cell-value\"><span class=\"pp-table-cell-content\"><span class=\"pp-table-cell-text\">220V <\/span><\/span><\/td>\n<\/tr>\n<tr class=\"pp-table-row\">\n<td class=\"pp-table-cell pp-table-cell-key\">\n<pre id=\"tw-target-text\" class=\"tw-data-text tw-text-large tw-ta\" dir=\"ltr\" tabindex=\"-1\" role=\"text\" data-placeholder=\"Traduction\" data-ved=\"2ahUKEwipnouk6KCQAxWlQ6QEHRMqGPMQ3ewLegQICxAV\" aria-label=\"Texte traduit\u00a0: Nom du produit : Parapente VR\r\nDimensions : L 3000 x l 2400 x 2100 mm\r\nPoids : 550 kg\r\nTension : 220 V\r\nPuissance : 4,6 kW\r\nNombre de jeux : 3\r\nDur\u00e9e de jeu : 5 min\r\nJoueurs : 2\"><span class=\"Y2IQFc\" lang=\"fr\">Puissance <\/span><\/pre>\n<\/td>\n<td class=\"pp-table-cell pp-table-cell-value\"><span class=\"pp-table-cell-content\"><span class=\"pp-table-cell-text\">4.6 KW <\/span><\/span><\/td>\n<\/tr>\n<tr class=\"pp-table-row\">\n<td class=\"pp-table-cell pp-table-cell-key\">\n<pre id=\"tw-target-text\" class=\"tw-data-text tw-text-large tw-ta\" dir=\"ltr\" tabindex=\"-1\" role=\"text\" data-placeholder=\"Traduction\" data-ved=\"2ahUKEwipnouk6KCQAxWlQ6QEHRMqGPMQ3ewLegQICxAV\" aria-label=\"Texte traduit\u00a0: Nom du produit : Parapente VR\r\nDimensions : L 3000 x l 2400 x 2100 mm\r\nPoids : 550 kg\r\nTension : 220 V\r\nPuissance : 4,6 kW\r\nNombre de jeux : 3\r\nDur\u00e9e de jeu : 5 min\r\nJoueurs : 2\"><span class=\"Y2IQFc\" lang=\"fr\">Nombre de jeux<\/span><\/pre>\n<\/td>\n<td class=\"pp-table-cell pp-table-cell-value\"><span class=\"pp-table-cell-content\"><span class=\"pp-table-cell-text\">3 PCS <\/span><\/span><\/td>\n<\/tr>\n<tr class=\"pp-table-row\">\n<td class=\"pp-table-cell pp-table-cell-key\">\n<pre id=\"tw-target-text\" class=\"tw-data-text tw-text-large tw-ta\" dir=\"ltr\" tabindex=\"-1\" role=\"text\" data-placeholder=\"Traduction\" data-ved=\"2ahUKEwipnouk6KCQAxWlQ6QEHRMqGPMQ3ewLegQICxAV\" aria-label=\"Texte traduit\u00a0: Nom du produit : Parapente VR\r\nDimensions : L 3000 x l 2400 x 2100 mm\r\nPoids : 550 kg\r\nTension : 220 V\r\nPuissance : 4,6 kW\r\nNombre de jeux : 3\r\nDur\u00e9e de jeu : 5 min\r\nJoueurs : 2\"><span class=\"Y2IQFc\" lang=\"fr\">Dur\u00e9e de jeu<\/span><\/pre>\n<\/td>\n<td class=\"pp-table-cell pp-table-cell-value\"><span class=\"pp-table-cell-content\"><span class=\"pp-table-cell-text\">5 Mins <\/span><\/span><\/td>\n<\/tr>\n<tr class=\"pp-table-row\">\n<td class=\"pp-table-cell pp-table-cell-key\">\n<pre id=\"tw-target-text\" class=\"tw-data-text tw-text-large tw-ta\" dir=\"ltr\" tabindex=\"-1\" role=\"text\" data-placeholder=\"Traduction\" data-ved=\"2ahUKEwipnouk6KCQAxWlQ6QEHRMqGPMQ3ewLegQICxAV\" aria-label=\"Texte traduit\u00a0: Nom du produit : Parapente VR\r\nDimensions : L 3000 x l 2400 x 2100 mm\r\nPoids : 550 kg\r\nTension : 220 V\r\nPuissance : 4,6 kW\r\nNombre de jeux : 3\r\nDur\u00e9e de jeu : 5 min\r\nJoueurs : 2\"><span class=\"Y2IQFc\" lang=\"fr\">Joueurs <\/span><\/pre>\n<\/td>\n<td class=\"pp-table-cell pp-table-cell-value\"><span class=\"pp-table-cell-content\"><span class=\"pp-table-cell-text\">2 Joueurs<\/span><\/span><\/td>\n<\/tr>\n<\/tbody>\n<\/table>\n<p><iframe title=\"VR Paraglider Simulator 2 Players\" width=\"1140\" height=\"641\" src=\"https:\/\/www.youtube.com\/embed\/n0GsqKUlnEQ?feature=oembed\" frameborder=\"0\" allow=\"accelerometer; autoplay; clipboard-write; encrypted-media; gyroscope; picture-in-picture; web-share\" referrerpolicy=\"strict-origin-when-cross-origin\" allowfullscreen><\/iframe><\/p>\n<p>&nbsp;<\/p>\n","protected":false},"excerpt":{"rendered":"<div class=\"elementor-element elementor-element-dd6d36f elementor-widget elementor-widget-heading\" data-id=\"dd6d36f\" data-element_type=\"widget\" data-widget_type=\"heading.default\">\n<p>Parapente VR \u00b7 Premi\u00e8re sortie exclusive<\/p>\n<p>Aventure\u00a0: Assez haut, assez vite, partez\u00a0!<\/p>\n<p>Simulateur de vol VR, structure de mouvement originale, immersion en r\u00e9alit\u00e9 virtuelle plus r\u00e9aliste, permettant aux joueurs de vivre avec plus de r\u00e9alisme la sensation d&rsquo;apesanteur en vol et de ressentir le frisson de l&rsquo;atterrissage.<\/p>\n<\/div>\n","protected":false},"featured_media":1590,"template":"","meta":[],"product_brand":[],"product_cat":[401],"product_tag":[],"class_list":{"0":"post-2795","1":"product","2":"type-product","3":"status-publish","4":"has-post-thumbnail","6":"product_cat-vr-cinema-et-jeux","8":"first","9":"instock","10":"shipping-taxable","11":"product-type-simple"},"_links":{"self":[{"href":"https:\/\/www.alfadu-amusement.com\/index.php?rest_route=\/wp\/v2\/product\/2795","targetHints":{"allow":["GET"]}}],"collection":[{"href":"https:\/\/www.alfadu-amusement.com\/index.php?rest_route=\/wp\/v2\/product"}],"about":[{"href":"https:\/\/www.alfadu-amusement.com\/index.php?rest_route=\/wp\/v2\/types\/product"}],"wp:featuredmedia":[{"embeddable":true,"href":"https:\/\/www.alfadu-amusement.com\/index.php?rest_route=\/wp\/v2\/media\/1590"}],"wp:attachment":[{"href":"https:\/\/www.alfadu-amusement.com\/index.php?rest_route=%2Fwp%2Fv2%2Fmedia&parent=2795"}],"wp:term":[{"taxonomy":"product_brand","embeddable":true,"href":"https:\/\/www.alfadu-amusement.com\/index.php?rest_route=%2Fwp%2Fv2%2Fproduct_brand&post=2795"},{"taxonomy":"product_cat","embeddable":true,"href":"https:\/\/www.alfadu-amusement.com\/index.php?rest_route=%2Fwp%2Fv2%2Fproduct_cat&post=2795"},{"taxonomy":"product_tag","embeddable":true,"href":"https:\/\/www.alfadu-amusement.com\/index.php?rest_route=%2Fwp%2Fv2%2Fproduct_tag&post=2795"}],"curies":[{"name":"wp","href":"https:\/\/api.w.org\/{rel}","templated":true}]}}