{"id":2798,"date":"2025-10-13T13:59:17","date_gmt":"2025-10-13T13:59:17","guid":{"rendered":"https:\/\/www.alfadu-amusement.com\/?post_type=product&#038;p=2798"},"modified":"2025-10-13T13:59:18","modified_gmt":"2025-10-13T13:59:18","slug":"vr-sky-rider-flying-cinema-4-joueurs","status":"publish","type":"product","link":"https:\/\/www.alfadu-amusement.com\/?product=vr-sky-rider-flying-cinema-4-joueurs&lang=fr","title":{"rendered":"VR Sky Rider Flying Cinema 4 joueurs"},"content":{"rendered":"<table class=\"pp-table\">\n<tbody>\n<tr class=\"pp-table-row\">\n<td class=\"pp-table-cell pp-table-cell-key\">\n<pre id=\"tw-target-text\" class=\"tw-data-text tw-text-large tw-ta\" dir=\"ltr\" tabindex=\"-1\" role=\"text\" data-placeholder=\"Traduction\" data-ved=\"2ahUKEwipnouk6KCQAxWlQ6QEHRMqGPMQ3ewLegQICxAV\" aria-label=\"Texte traduit\u00a0: Nom du produit\u00a0: VR Sky Rider\r\nDimensions\u00a0: L\u00a03600 x l\u00a02450 x H\u00a01900 mm\r\nPoids\u00a0: 650 kg\r\nTension\u00a0: 220 V CA \u00e0 230 V CA\r\nPuissance\u00a0: 7,5 kW\r\nNombre de jeux\u00a0: 15\r\nDur\u00e9e de jeu\u00a0: 5 min\r\nNombre de joueurs\u00a0: 4\"><span class=\"Y2IQFc\" lang=\"fr\">Nom du produit<\/span><\/pre>\n<\/td>\n<td class=\"pp-table-cell pp-table-cell-value\"><span class=\"pp-table-cell-content\"><span class=\"pp-table-cell-text\">VR Sky Rider <\/span><\/span><\/td>\n<\/tr>\n<tr class=\"pp-table-row\">\n<td class=\"pp-table-cell pp-table-cell-key\">\n<pre id=\"tw-target-text\" class=\"tw-data-text tw-text-large tw-ta\" dir=\"ltr\" tabindex=\"-1\" role=\"text\" data-placeholder=\"Traduction\" data-ved=\"2ahUKEwipnouk6KCQAxWlQ6QEHRMqGPMQ3ewLegQICxAV\" aria-label=\"Texte traduit\u00a0: Nom du produit\u00a0: VR Sky Rider\r\nDimensions\u00a0: L\u00a03600 x l\u00a02450 x H\u00a01900 mm\r\nPoids\u00a0: 650 kg\r\nTension\u00a0: 220 V CA \u00e0 230 V CA\r\nPuissance\u00a0: 7,5 kW\r\nNombre de jeux\u00a0: 15\r\nDur\u00e9e de jeu\u00a0: 5 min\r\nNombre de joueurs\u00a0: 4\"><span class=\"Y2IQFc\" lang=\"fr\">Dimensions\u00a0<\/span><\/pre>\n<\/td>\n<td class=\"pp-table-cell pp-table-cell-value\"><span class=\"pp-table-cell-content\"><span class=\"pp-table-cell-text\">L3600 * W2450 * H1900 MM <\/span><\/span><\/td>\n<\/tr>\n<tr class=\"pp-table-row\">\n<td class=\"pp-table-cell pp-table-cell-key\">\n<pre id=\"tw-target-text\" class=\"tw-data-text tw-text-large tw-ta\" dir=\"ltr\" tabindex=\"-1\" role=\"text\" data-placeholder=\"Traduction\" data-ved=\"2ahUKEwipnouk6KCQAxWlQ6QEHRMqGPMQ3ewLegQICxAV\" aria-label=\"Texte traduit\u00a0: Nom du produit\u00a0: VR Sky Rider\r\nDimensions\u00a0: L\u00a03600 x l\u00a02450 x H\u00a01900 mm\r\nPoids\u00a0: 650 kg\r\nTension\u00a0: 220 V CA \u00e0 230 V CA\r\nPuissance\u00a0: 7,5 kW\r\nNombre de jeux\u00a0: 15\r\nDur\u00e9e de jeu\u00a0: 5 min\r\nNombre de joueurs\u00a0: 4\"><span class=\"Y2IQFc\" lang=\"fr\">Poids\u00a0<\/span><\/pre>\n<\/td>\n<td class=\"pp-table-cell pp-table-cell-value\"><span class=\"pp-table-cell-content\"><span class=\"pp-table-cell-text\">650 KG <\/span><\/span><\/td>\n<\/tr>\n<tr class=\"pp-table-row\">\n<td class=\"pp-table-cell pp-table-cell-key\">\n<pre id=\"tw-target-text\" class=\"tw-data-text tw-text-large tw-ta\" dir=\"ltr\" tabindex=\"-1\" role=\"text\" data-placeholder=\"Traduction\" data-ved=\"2ahUKEwipnouk6KCQAxWlQ6QEHRMqGPMQ3ewLegQICxAV\" aria-label=\"Texte traduit\u00a0: Nom du produit\u00a0: VR Sky Rider\r\nDimensions\u00a0: L\u00a03600 x l\u00a02450 x H\u00a01900 mm\r\nPoids\u00a0: 650 kg\r\nTension\u00a0: 220 V CA \u00e0 230 V CA\r\nPuissance\u00a0: 7,5 kW\r\nNombre de jeux\u00a0: 15\r\nDur\u00e9e de jeu\u00a0: 5 min\r\nNombre de joueurs\u00a0: 4\"><span class=\"Y2IQFc\" lang=\"fr\">Tension\u00a0<\/span><\/pre>\n<\/td>\n<td class=\"pp-table-cell pp-table-cell-value\"><span class=\"pp-table-cell-content\"><span class=\"pp-table-cell-text\">AC220V~AC230V <\/span><\/span><\/td>\n<\/tr>\n<tr class=\"pp-table-row\">\n<td class=\"pp-table-cell pp-table-cell-key\">\n<pre id=\"tw-target-text\" class=\"tw-data-text tw-text-large tw-ta\" dir=\"ltr\" tabindex=\"-1\" role=\"text\" data-placeholder=\"Traduction\" data-ved=\"2ahUKEwipnouk6KCQAxWlQ6QEHRMqGPMQ3ewLegQICxAV\" aria-label=\"Texte traduit\u00a0: Nom du produit\u00a0: VR Sky Rider\r\nDimensions\u00a0: L\u00a03600 x l\u00a02450 x H\u00a01900 mm\r\nPoids\u00a0: 650 kg\r\nTension\u00a0: 220 V CA \u00e0 230 V CA\r\nPuissance\u00a0: 7,5 kW\r\nNombre de jeux\u00a0: 15\r\nDur\u00e9e de jeu\u00a0: 5 min\r\nNombre de joueurs\u00a0: 4\"><span class=\"Y2IQFc\" lang=\"fr\">Puissance\u00a0<\/span><\/pre>\n<\/td>\n<td class=\"pp-table-cell pp-table-cell-value\"><span class=\"pp-table-cell-content\"><span class=\"pp-table-cell-text\">7.5 KW <\/span><\/span><\/td>\n<\/tr>\n<tr class=\"pp-table-row\">\n<td class=\"pp-table-cell pp-table-cell-key\">\n<pre id=\"tw-target-text\" class=\"tw-data-text tw-text-large tw-ta\" dir=\"ltr\" tabindex=\"-1\" role=\"text\" data-placeholder=\"Traduction\" data-ved=\"2ahUKEwipnouk6KCQAxWlQ6QEHRMqGPMQ3ewLegQICxAV\" aria-label=\"Texte traduit\u00a0: Nom du produit\u00a0: VR Sky Rider\r\nDimensions\u00a0: L\u00a03600 x l\u00a02450 x H\u00a01900 mm\r\nPoids\u00a0: 650 kg\r\nTension\u00a0: 220 V CA \u00e0 230 V CA\r\nPuissance\u00a0: 7,5 kW\r\nNombre de jeux\u00a0: 15\r\nDur\u00e9e de jeu\u00a0: 5 min\r\nNombre de joueurs\u00a0: 4\"><span class=\"Y2IQFc\" lang=\"fr\">Nombre de jeux<\/span><\/pre>\n<\/td>\n<td class=\"pp-table-cell pp-table-cell-value\"><span class=\"pp-table-cell-content\"><span class=\"pp-table-cell-text\">15 PCS <\/span><\/span><\/td>\n<\/tr>\n<tr class=\"pp-table-row\">\n<td class=\"pp-table-cell pp-table-cell-key\">\n<pre id=\"tw-target-text\" class=\"tw-data-text tw-text-large tw-ta\" dir=\"ltr\" tabindex=\"-1\" role=\"text\" data-placeholder=\"Traduction\" data-ved=\"2ahUKEwipnouk6KCQAxWlQ6QEHRMqGPMQ3ewLegQICxAV\" aria-label=\"Texte traduit\u00a0: Nom du produit\u00a0: VR Sky Rider\r\nDimensions\u00a0: L\u00a03600 x l\u00a02450 x H\u00a01900 mm\r\nPoids\u00a0: 650 kg\r\nTension\u00a0: 220 V CA \u00e0 230 V CA\r\nPuissance\u00a0: 7,5 kW\r\nNombre de jeux\u00a0: 15\r\nDur\u00e9e de jeu\u00a0: 5 min\r\nNombre de joueurs\u00a0: 4\"><span class=\"Y2IQFc\" lang=\"fr\">Dur\u00e9e de jeu<\/span><\/pre>\n<\/td>\n<td class=\"pp-table-cell pp-table-cell-value\"><span class=\"pp-table-cell-content\"><span class=\"pp-table-cell-text\">5 Mins <\/span><\/span><\/td>\n<\/tr>\n<tr class=\"pp-table-row\">\n<td class=\"pp-table-cell pp-table-cell-key\">\n<pre id=\"tw-target-text\" class=\"tw-data-text tw-text-large tw-ta\" dir=\"ltr\" tabindex=\"-1\" role=\"text\" data-placeholder=\"Traduction\" data-ved=\"2ahUKEwipnouk6KCQAxWlQ6QEHRMqGPMQ3ewLegQICxAV\" aria-label=\"Texte traduit\u00a0: Nom du produit\u00a0: VR Sky Rider\r\nDimensions\u00a0: L\u00a03600 x l\u00a02450 x H\u00a01900 mm\r\nPoids\u00a0: 650 kg\r\nTension\u00a0: 220 V CA \u00e0 230 V CA\r\nPuissance\u00a0: 7,5 kW\r\nNombre de jeux\u00a0: 15\r\nDur\u00e9e de jeu\u00a0: 5 min\r\nNombre de joueurs\u00a0: 4\"><span class=\"Y2IQFc\" lang=\"fr\">Nombre de joueurs<\/span><\/pre>\n<\/td>\n<td class=\"pp-table-cell pp-table-cell-value\"><span class=\"pp-table-cell-content\"><span class=\"pp-table-cell-text\">4\u00a0 Joueurs<\/span><\/span><\/td>\n<\/tr>\n<\/tbody>\n<\/table>\n","protected":false},"excerpt":{"rendered":"<div class=\"elementor-element elementor-element-dd6d36f elementor-widget elementor-widget-heading\" data-id=\"dd6d36f\" data-element_type=\"widget\" data-widget_type=\"heading.default\">\n<p><strong>Tout nouveau fauteuil VR super somatosensoriel avec poign\u00e9e de conduite<\/strong><\/p>\n<p>Posture de conduite innovante, reproduction fid\u00e8le des plongeons et des ascensions, pour une sensation de vol immersive et ultra-r\u00e9aliste. Gr\u00e2ce au syst\u00e8me de gravit\u00e9 nouvelle g\u00e9n\u00e9ration, la sensation d&rsquo;apesanteur est d\u00e9cupl\u00e9e, offrant une sensation d&rsquo;apesanteur exceptionnelle en mont\u00e9e comme en descente. Volez \u00e0 une vitesse de 2 m\/s, ressentez l&rsquo;impact physique et la vitesse fulgurante du vent sur votre visage.<\/p>\n<\/div>\n","protected":false},"featured_media":1585,"template":"","meta":[],"product_brand":[],"product_cat":[401],"product_tag":[],"class_list":{"0":"post-2798","1":"product","2":"type-product","3":"status-publish","4":"has-post-thumbnail","6":"product_cat-vr-cinema-et-jeux","8":"first","9":"instock","10":"shipping-taxable","11":"product-type-simple"},"_links":{"self":[{"href":"https:\/\/www.alfadu-amusement.com\/index.php?rest_route=\/wp\/v2\/product\/2798","targetHints":{"allow":["GET"]}}],"collection":[{"href":"https:\/\/www.alfadu-amusement.com\/index.php?rest_route=\/wp\/v2\/product"}],"about":[{"href":"https:\/\/www.alfadu-amusement.com\/index.php?rest_route=\/wp\/v2\/types\/product"}],"wp:featuredmedia":[{"embeddable":true,"href":"https:\/\/www.alfadu-amusement.com\/index.php?rest_route=\/wp\/v2\/media\/1585"}],"wp:attachment":[{"href":"https:\/\/www.alfadu-amusement.com\/index.php?rest_route=%2Fwp%2Fv2%2Fmedia&parent=2798"}],"wp:term":[{"taxonomy":"product_brand","embeddable":true,"href":"https:\/\/www.alfadu-amusement.com\/index.php?rest_route=%2Fwp%2Fv2%2Fproduct_brand&post=2798"},{"taxonomy":"product_cat","embeddable":true,"href":"https:\/\/www.alfadu-amusement.com\/index.php?rest_route=%2Fwp%2Fv2%2Fproduct_cat&post=2798"},{"taxonomy":"product_tag","embeddable":true,"href":"https:\/\/www.alfadu-amusement.com\/index.php?rest_route=%2Fwp%2Fv2%2Fproduct_tag&post=2798"}],"curies":[{"name":"wp","href":"https:\/\/api.w.org\/{rel}","templated":true}]}}