{"id":2801,"date":"2025-10-13T15:49:24","date_gmt":"2025-10-13T15:49:24","guid":{"rendered":"https:\/\/www.alfadu-amusement.com\/?post_type=product&#038;p=2801"},"modified":"2025-10-13T15:49:24","modified_gmt":"2025-10-13T15:49:24","slug":"vr-simulateur-de-super-armure-6-places","status":"publish","type":"product","link":"https:\/\/www.alfadu-amusement.com\/?product=vr-simulateur-de-super-armure-6-places&lang=fr","title":{"rendered":"VR Simulateur de super armure  6 places"},"content":{"rendered":"<pre id=\"tw-target-text\" class=\"tw-data-text tw-text-large tw-ta\" dir=\"ltr\" tabindex=\"-1\" role=\"text\" data-placeholder=\"Traduction\" data-ved=\"2ahUKEwipnouk6KCQAxWlQ6QEHRMqGPMQ3ewLegQICxAV\" aria-label=\"Texte traduit\u00a0: Nom du produit\u00a0: Super armure VR\r\nDimensions\u00a0: L\u00a0360\u00a0x\u00a0l\u00a0331\u00a0x\u00a0H\u00a0215\u00a0cm\r\nPoids\u00a0: 850\u00a0kg\r\nTension\u00a0: 220\u00a0V\r\nPuissance\u00a0: 11\u00a0kW\r\nNombre de jeux\u00a0: 144\u00a0pi\u00e8ces\r\nDur\u00e9e\u00a0: 3 \u00e0 5\u00a0minutes\r\nNombre de joueurs\u00a0: 6\"><\/pre>\n<table class=\"pp-table\">\n<tbody>\n<tr class=\"pp-table-row\">\n<td class=\"pp-table-cell pp-table-cell-key\">\n<pre id=\"tw-target-text\" class=\"tw-data-text tw-text-large tw-ta\" dir=\"ltr\" tabindex=\"-1\" role=\"text\" data-placeholder=\"Traduction\" data-ved=\"2ahUKEwipnouk6KCQAxWlQ6QEHRMqGPMQ3ewLegQICxAV\" aria-label=\"Texte traduit\u00a0: Nom du produit\u00a0: Super armure VR\r\nDimensions\u00a0: L\u00a0360\u00a0x\u00a0l\u00a0331\u00a0x\u00a0H\u00a0215\u00a0cm\r\nPoids\u00a0: 850\u00a0kg\r\nTension\u00a0: 220\u00a0V\r\nPuissance\u00a0: 11\u00a0kW\r\nNombre de jeux\u00a0: 144\u00a0pi\u00e8ces\r\nDur\u00e9e\u00a0: 3 \u00e0 5\u00a0minutes\r\nNombre de joueurs\u00a0: 6\"><span class=\"Y2IQFc\" lang=\"fr\">Nom du produit<\/span><\/pre>\n<\/td>\n<td class=\"pp-table-cell pp-table-cell-value\"><span class=\"pp-table-cell-content\"><span class=\"pp-table-cell-text\">VR Super Armor <\/span><\/span><\/td>\n<\/tr>\n<tr class=\"pp-table-row\">\n<td class=\"pp-table-cell pp-table-cell-key\">\n<pre id=\"tw-target-text\" class=\"tw-data-text tw-text-large tw-ta\" dir=\"ltr\" tabindex=\"-1\" role=\"text\" data-placeholder=\"Traduction\" data-ved=\"2ahUKEwipnouk6KCQAxWlQ6QEHRMqGPMQ3ewLegQICxAV\" aria-label=\"Texte traduit\u00a0: Nom du produit\u00a0: Super armure VR\r\nDimensions\u00a0: L\u00a0360\u00a0x\u00a0l\u00a0331\u00a0x\u00a0H\u00a0215\u00a0cm\r\nPoids\u00a0: 850\u00a0kg\r\nTension\u00a0: 220\u00a0V\r\nPuissance\u00a0: 11\u00a0kW\r\nNombre de jeux\u00a0: 144\u00a0pi\u00e8ces\r\nDur\u00e9e\u00a0: 3 \u00e0 5\u00a0minutes\r\nNombre de joueurs\u00a0: 6\"><span class=\"Y2IQFc\" lang=\"fr\">Dimensions\u00a0<\/span><\/pre>\n<\/td>\n<td class=\"pp-table-cell pp-table-cell-value\"><span class=\"pp-table-cell-content\"><span class=\"pp-table-cell-text\">L360*W331*H215cm <\/span><\/span><\/td>\n<\/tr>\n<tr class=\"pp-table-row\">\n<td class=\"pp-table-cell pp-table-cell-key\">\n<pre id=\"tw-target-text\" class=\"tw-data-text tw-text-large tw-ta\" dir=\"ltr\" tabindex=\"-1\" role=\"text\" data-placeholder=\"Traduction\" data-ved=\"2ahUKEwipnouk6KCQAxWlQ6QEHRMqGPMQ3ewLegQICxAV\" aria-label=\"Texte traduit\u00a0: Nom du produit\u00a0: Super armure VR\r\nDimensions\u00a0: L\u00a0360\u00a0x\u00a0l\u00a0331\u00a0x\u00a0H\u00a0215\u00a0cm\r\nPoids\u00a0: 850\u00a0kg\r\nTension\u00a0: 220\u00a0V\r\nPuissance\u00a0: 11\u00a0kW\r\nNombre de jeux\u00a0: 144\u00a0pi\u00e8ces\r\nDur\u00e9e\u00a0: 3 \u00e0 5\u00a0minutes\r\nNombre de joueurs\u00a0: 6\"><span class=\"Y2IQFc\" lang=\"fr\">Poids\u00a0<\/span><\/pre>\n<\/td>\n<td class=\"pp-table-cell pp-table-cell-value\"><span class=\"pp-table-cell-content\"><span class=\"pp-table-cell-text\">850kg <\/span><\/span><\/td>\n<\/tr>\n<tr class=\"pp-table-row\">\n<td class=\"pp-table-cell pp-table-cell-key\">\n<pre id=\"tw-target-text\" class=\"tw-data-text tw-text-large tw-ta\" dir=\"ltr\" tabindex=\"-1\" role=\"text\" data-placeholder=\"Traduction\" data-ved=\"2ahUKEwipnouk6KCQAxWlQ6QEHRMqGPMQ3ewLegQICxAV\" aria-label=\"Texte traduit\u00a0: Nom du produit\u00a0: Super armure VR\r\nDimensions\u00a0: L\u00a0360\u00a0x\u00a0l\u00a0331\u00a0x\u00a0H\u00a0215\u00a0cm\r\nPoids\u00a0: 850\u00a0kg\r\nTension\u00a0: 220\u00a0V\r\nPuissance\u00a0: 11\u00a0kW\r\nNombre de jeux\u00a0: 144\u00a0pi\u00e8ces\r\nDur\u00e9e\u00a0: 3 \u00e0 5\u00a0minutes\r\nNombre de joueurs\u00a0: 6\"><span class=\"Y2IQFc\" lang=\"fr\">Tension\u00a0<\/span><\/pre>\n<\/td>\n<td class=\"pp-table-cell pp-table-cell-value\"><span class=\"pp-table-cell-content\"><span class=\"pp-table-cell-text\">220V <\/span><\/span><\/td>\n<\/tr>\n<tr class=\"pp-table-row\">\n<td class=\"pp-table-cell pp-table-cell-key\">\n<pre id=\"tw-target-text\" class=\"tw-data-text tw-text-large tw-ta\" dir=\"ltr\" tabindex=\"-1\" role=\"text\" data-placeholder=\"Traduction\" data-ved=\"2ahUKEwipnouk6KCQAxWlQ6QEHRMqGPMQ3ewLegQICxAV\" aria-label=\"Texte traduit\u00a0: Nom du produit\u00a0: Super armure VR\r\nDimensions\u00a0: L\u00a0360\u00a0x\u00a0l\u00a0331\u00a0x\u00a0H\u00a0215\u00a0cm\r\nPoids\u00a0: 850\u00a0kg\r\nTension\u00a0: 220\u00a0V\r\nPuissance\u00a0: 11\u00a0kW\r\nNombre de jeux\u00a0: 144\u00a0pi\u00e8ces\r\nDur\u00e9e\u00a0: 3 \u00e0 5\u00a0minutes\r\nNombre de joueurs\u00a0: 6\"><span class=\"Y2IQFc\" lang=\"fr\">Puissance\u00a0<\/span><\/pre>\n<\/td>\n<td class=\"pp-table-cell pp-table-cell-value\"><span class=\"pp-table-cell-content\"><span class=\"pp-table-cell-text\">11KW <\/span><\/span><\/td>\n<\/tr>\n<tr class=\"pp-table-row\">\n<td class=\"pp-table-cell pp-table-cell-key\">\n<pre id=\"tw-target-text\" class=\"tw-data-text tw-text-large tw-ta\" dir=\"ltr\" tabindex=\"-1\" role=\"text\" data-placeholder=\"Traduction\" data-ved=\"2ahUKEwipnouk6KCQAxWlQ6QEHRMqGPMQ3ewLegQICxAV\" aria-label=\"Texte traduit\u00a0: Nom du produit\u00a0: Super armure VR\r\nDimensions\u00a0: L\u00a0360\u00a0x\u00a0l\u00a0331\u00a0x\u00a0H\u00a0215\u00a0cm\r\nPoids\u00a0: 850\u00a0kg\r\nTension\u00a0: 220\u00a0V\r\nPuissance\u00a0: 11\u00a0kW\r\nNombre de jeux\u00a0: 144\u00a0pi\u00e8ces\r\nDur\u00e9e\u00a0: 3 \u00e0 5\u00a0minutes\r\nNombre de joueurs\u00a0: 6\"><span class=\"Y2IQFc\" lang=\"fr\">Nombre de jeux<\/span><\/pre>\n<\/td>\n<td class=\"pp-table-cell pp-table-cell-value\"><span class=\"pp-table-cell-content\"><span class=\"pp-table-cell-text\">144pcs <\/span><\/span><\/td>\n<\/tr>\n<tr class=\"pp-table-row\">\n<td class=\"pp-table-cell pp-table-cell-key\">\n<pre id=\"tw-target-text\" class=\"tw-data-text tw-text-large tw-ta\" dir=\"ltr\" tabindex=\"-1\" role=\"text\" data-placeholder=\"Traduction\" data-ved=\"2ahUKEwipnouk6KCQAxWlQ6QEHRMqGPMQ3ewLegQICxAV\" aria-label=\"Texte traduit\u00a0: Nom du produit\u00a0: Super armure VR\r\nDimensions\u00a0: L\u00a0360\u00a0x\u00a0l\u00a0331\u00a0x\u00a0H\u00a0215\u00a0cm\r\nPoids\u00a0: 850\u00a0kg\r\nTension\u00a0: 220\u00a0V\r\nPuissance\u00a0: 11\u00a0kW\r\nNombre de jeux\u00a0: 144\u00a0pi\u00e8ces\r\nDur\u00e9e\u00a0: 3 \u00e0 5\u00a0minutes\r\nNombre de joueurs\u00a0: 6\"><span class=\"Y2IQFc\" lang=\"fr\">Dur\u00e9e\u00a0<\/span><\/pre>\n<\/td>\n<td class=\"pp-table-cell pp-table-cell-value\"><span class=\"pp-table-cell-content\"><span class=\"pp-table-cell-text\">3-5 mins <\/span><\/span><\/td>\n<\/tr>\n<tr class=\"pp-table-row\">\n<td class=\"pp-table-cell pp-table-cell-key\">\n<pre id=\"tw-target-text\" class=\"tw-data-text tw-text-large tw-ta\" dir=\"ltr\" tabindex=\"-1\" role=\"text\" data-placeholder=\"Traduction\" data-ved=\"2ahUKEwipnouk6KCQAxWlQ6QEHRMqGPMQ3ewLegQICxAV\" aria-label=\"Texte traduit\u00a0: Nom du produit\u00a0: Super armure VR\r\nDimensions\u00a0: L\u00a0360\u00a0x\u00a0l\u00a0331\u00a0x\u00a0H\u00a0215\u00a0cm\r\nPoids\u00a0: 850\u00a0kg\r\nTension\u00a0: 220\u00a0V\r\nPuissance\u00a0: 11\u00a0kW\r\nNombre de jeux\u00a0: 144\u00a0pi\u00e8ces\r\nDur\u00e9e\u00a0: 3 \u00e0 5\u00a0minutes\r\nNombre de joueurs\u00a0: 6\"><span class=\"Y2IQFc\" lang=\"fr\">Nombre de joueurs<\/span><\/pre>\n<\/td>\n<td class=\"pp-table-cell pp-table-cell-value\"><span class=\"pp-table-cell-content\"><span class=\"pp-table-cell-text\">6 Joueurs<\/span><\/span><\/td>\n<\/tr>\n<\/tbody>\n<\/table>\n","protected":false},"excerpt":{"rendered":"<div class=\"elementor-element elementor-element-dd6d36f elementor-widget elementor-widget-heading\" data-id=\"dd6d36f\" data-element_type=\"widget\" data-widget_type=\"heading.default\">\n<p><strong>VR Super Armor Immersion somatosensorielle<\/strong><\/p>\n<p>Forme robotique, sens futuriste, multiples effets sp\u00e9ciaux somatosensoriels, exp\u00e9rience immersive \u00e0 distance nulle\u00a0; 144 films et jeux VR inclus pour r\u00e9pondre aux diff\u00e9rents go\u00fbts des joueurs, et assurer une grande popularit\u00e9 et des b\u00e9n\u00e9fices importants au projet VR.<\/p>\n<\/div>\n","protected":false},"featured_media":1581,"template":"","meta":[],"product_brand":[],"product_cat":[401],"product_tag":[],"class_list":{"0":"post-2801","1":"product","2":"type-product","3":"status-publish","4":"has-post-thumbnail","6":"product_cat-vr-cinema-et-jeux","8":"first","9":"instock","10":"shipping-taxable","11":"product-type-simple"},"_links":{"self":[{"href":"https:\/\/www.alfadu-amusement.com\/index.php?rest_route=\/wp\/v2\/product\/2801","targetHints":{"allow":["GET"]}}],"collection":[{"href":"https:\/\/www.alfadu-amusement.com\/index.php?rest_route=\/wp\/v2\/product"}],"about":[{"href":"https:\/\/www.alfadu-amusement.com\/index.php?rest_route=\/wp\/v2\/types\/product"}],"wp:featuredmedia":[{"embeddable":true,"href":"https:\/\/www.alfadu-amusement.com\/index.php?rest_route=\/wp\/v2\/media\/1581"}],"wp:attachment":[{"href":"https:\/\/www.alfadu-amusement.com\/index.php?rest_route=%2Fwp%2Fv2%2Fmedia&parent=2801"}],"wp:term":[{"taxonomy":"product_brand","embeddable":true,"href":"https:\/\/www.alfadu-amusement.com\/index.php?rest_route=%2Fwp%2Fv2%2Fproduct_brand&post=2801"},{"taxonomy":"product_cat","embeddable":true,"href":"https:\/\/www.alfadu-amusement.com\/index.php?rest_route=%2Fwp%2Fv2%2Fproduct_cat&post=2801"},{"taxonomy":"product_tag","embeddable":true,"href":"https:\/\/www.alfadu-amusement.com\/index.php?rest_route=%2Fwp%2Fv2%2Fproduct_tag&post=2801"}],"curies":[{"name":"wp","href":"https:\/\/api.w.org\/{rel}","templated":true}]}}