{"id":2804,"date":"2025-10-13T16:03:24","date_gmt":"2025-10-13T16:03:24","guid":{"rendered":"https:\/\/www.alfadu-amusement.com\/?post_type=product&#038;p=2804"},"modified":"2025-10-13T16:03:24","modified_gmt":"2025-10-13T16:03:24","slug":"vr-simulateur-de-theatre-spatial-4-places","status":"publish","type":"product","link":"https:\/\/www.alfadu-amusement.com\/?product=vr-simulateur-de-theatre-spatial-4-places&lang=fr","title":{"rendered":"VR Simulateur de th\u00e9\u00e2tre spatial  4 places"},"content":{"rendered":"<pre id=\"tw-target-text\" class=\"tw-data-text tw-text-large tw-ta\" dir=\"ltr\" tabindex=\"-1\" role=\"text\" data-placeholder=\"Traduction\" data-ved=\"2ahUKEwipnouk6KCQAxWlQ6QEHRMqGPMQ3ewLegQICxAV\" aria-label=\"Texte traduit\u00a0: Nom du produit : Cin\u00e9ma spatial de r\u00e9alit\u00e9 virtuelle\r\nDimensions : L 312 x l 157 x H 209 cm\r\nPoids : 516 kg\r\nTension : 220 V\r\nPuissance : 6,5 kW\r\nNombre de jeux : 100\r\nDur\u00e9e de jeu : 3 \u00e0 5 min\r\nNombre de joueurs : 4\"><\/pre>\n<table class=\"pp-table\">\n<tbody>\n<tr class=\"pp-table-row\">\n<td class=\"pp-table-cell pp-table-cell-key\">\n<pre id=\"tw-target-text\" class=\"tw-data-text tw-text-large tw-ta\" dir=\"ltr\" tabindex=\"-1\" role=\"text\" data-placeholder=\"Traduction\" data-ved=\"2ahUKEwipnouk6KCQAxWlQ6QEHRMqGPMQ3ewLegQICxAV\" aria-label=\"Texte traduit\u00a0: Nom du produit : Cin\u00e9ma spatial de r\u00e9alit\u00e9 virtuelle\r\nDimensions : L 312 x l 157 x H 209 cm\r\nPoids : 516 kg\r\nTension : 220 V\r\nPuissance : 6,5 kW\r\nNombre de jeux : 100\r\nDur\u00e9e de jeu : 3 \u00e0 5 min\r\nNombre de joueurs : 4\"><span class=\"Y2IQFc\" lang=\"fr\">Nom du produit<\/span><\/pre>\n<\/td>\n<td class=\"pp-table-cell pp-table-cell-value\"><span class=\"pp-table-cell-content\"><span class=\"pp-table-cell-text\">VR Space Theater <\/span><\/span><\/td>\n<\/tr>\n<tr class=\"pp-table-row\">\n<td class=\"pp-table-cell pp-table-cell-key\">\n<pre id=\"tw-target-text\" class=\"tw-data-text tw-text-large tw-ta\" dir=\"ltr\" tabindex=\"-1\" role=\"text\" data-placeholder=\"Traduction\" data-ved=\"2ahUKEwipnouk6KCQAxWlQ6QEHRMqGPMQ3ewLegQICxAV\" aria-label=\"Texte traduit\u00a0: Nom du produit : Cin\u00e9ma spatial de r\u00e9alit\u00e9 virtuelle\r\nDimensions : L 312 x l 157 x H 209 cm\r\nPoids : 516 kg\r\nTension : 220 V\r\nPuissance : 6,5 kW\r\nNombre de jeux : 100\r\nDur\u00e9e de jeu : 3 \u00e0 5 min\r\nNombre de joueurs : 4\"><span class=\"Y2IQFc\" lang=\"fr\">Dimensions <\/span><\/pre>\n<\/td>\n<td class=\"pp-table-cell pp-table-cell-value\"><span class=\"pp-table-cell-content\"><span class=\"pp-table-cell-text\">L312*W157*H209cm <\/span><\/span><\/td>\n<\/tr>\n<tr class=\"pp-table-row\">\n<td class=\"pp-table-cell pp-table-cell-key\">\n<pre id=\"tw-target-text\" class=\"tw-data-text tw-text-large tw-ta\" dir=\"ltr\" tabindex=\"-1\" role=\"text\" data-placeholder=\"Traduction\" data-ved=\"2ahUKEwipnouk6KCQAxWlQ6QEHRMqGPMQ3ewLegQICxAV\" aria-label=\"Texte traduit\u00a0: Nom du produit : Cin\u00e9ma spatial de r\u00e9alit\u00e9 virtuelle\r\nDimensions : L 312 x l 157 x H 209 cm\r\nPoids : 516 kg\r\nTension : 220 V\r\nPuissance : 6,5 kW\r\nNombre de jeux : 100\r\nDur\u00e9e de jeu : 3 \u00e0 5 min\r\nNombre de joueurs : 4\"><span class=\"Y2IQFc\" lang=\"fr\">Poids <\/span><\/pre>\n<\/td>\n<td class=\"pp-table-cell pp-table-cell-value\"><span class=\"pp-table-cell-content\"><span class=\"pp-table-cell-text\">516kg <\/span><\/span><\/td>\n<\/tr>\n<tr class=\"pp-table-row\">\n<td class=\"pp-table-cell pp-table-cell-key\">\n<pre id=\"tw-target-text\" class=\"tw-data-text tw-text-large tw-ta\" dir=\"ltr\" tabindex=\"-1\" role=\"text\" data-placeholder=\"Traduction\" data-ved=\"2ahUKEwipnouk6KCQAxWlQ6QEHRMqGPMQ3ewLegQICxAV\" aria-label=\"Texte traduit\u00a0: Nom du produit : Cin\u00e9ma spatial de r\u00e9alit\u00e9 virtuelle\r\nDimensions : L 312 x l 157 x H 209 cm\r\nPoids : 516 kg\r\nTension : 220 V\r\nPuissance : 6,5 kW\r\nNombre de jeux : 100\r\nDur\u00e9e de jeu : 3 \u00e0 5 min\r\nNombre de joueurs : 4\"><span class=\"Y2IQFc\" lang=\"fr\">Tension <\/span><\/pre>\n<\/td>\n<td class=\"pp-table-cell pp-table-cell-value\"><span class=\"pp-table-cell-content\"><span class=\"pp-table-cell-text\">220V <\/span><\/span><\/td>\n<\/tr>\n<tr class=\"pp-table-row\">\n<td class=\"pp-table-cell pp-table-cell-key\">\n<pre id=\"tw-target-text\" class=\"tw-data-text tw-text-large tw-ta\" dir=\"ltr\" tabindex=\"-1\" role=\"text\" data-placeholder=\"Traduction\" data-ved=\"2ahUKEwipnouk6KCQAxWlQ6QEHRMqGPMQ3ewLegQICxAV\" aria-label=\"Texte traduit\u00a0: Nom du produit : Cin\u00e9ma spatial de r\u00e9alit\u00e9 virtuelle\r\nDimensions : L 312 x l 157 x H 209 cm\r\nPoids : 516 kg\r\nTension : 220 V\r\nPuissance : 6,5 kW\r\nNombre de jeux : 100\r\nDur\u00e9e de jeu : 3 \u00e0 5 min\r\nNombre de joueurs : 4\"><span class=\"Y2IQFc\" lang=\"fr\">Puissance <\/span><\/pre>\n<\/td>\n<td class=\"pp-table-cell pp-table-cell-value\"><span class=\"pp-table-cell-content\"><span class=\"pp-table-cell-text\">6.5kw <\/span><\/span><\/td>\n<\/tr>\n<tr class=\"pp-table-row\">\n<td class=\"pp-table-cell pp-table-cell-key\">\n<pre id=\"tw-target-text\" class=\"tw-data-text tw-text-large tw-ta\" dir=\"ltr\" tabindex=\"-1\" role=\"text\" data-placeholder=\"Traduction\" data-ved=\"2ahUKEwipnouk6KCQAxWlQ6QEHRMqGPMQ3ewLegQICxAV\" aria-label=\"Texte traduit\u00a0: Nom du produit : Cin\u00e9ma spatial de r\u00e9alit\u00e9 virtuelle\r\nDimensions : L 312 x l 157 x H 209 cm\r\nPoids : 516 kg\r\nTension : 220 V\r\nPuissance : 6,5 kW\r\nNombre de jeux : 100\r\nDur\u00e9e de jeu : 3 \u00e0 5 min\r\nNombre de joueurs : 4\"><span class=\"Y2IQFc\" lang=\"fr\">Nombre de jeux<\/span><\/pre>\n<\/td>\n<td class=\"pp-table-cell pp-table-cell-value\"><span class=\"pp-table-cell-content\"><span class=\"pp-table-cell-text\">100pcs <\/span><\/span><\/td>\n<\/tr>\n<tr class=\"pp-table-row\">\n<td class=\"pp-table-cell pp-table-cell-key\">\n<pre id=\"tw-target-text\" class=\"tw-data-text tw-text-large tw-ta\" dir=\"ltr\" tabindex=\"-1\" role=\"text\" data-placeholder=\"Traduction\" data-ved=\"2ahUKEwipnouk6KCQAxWlQ6QEHRMqGPMQ3ewLegQICxAV\" aria-label=\"Texte traduit\u00a0: Nom du produit : Cin\u00e9ma spatial de r\u00e9alit\u00e9 virtuelle\r\nDimensions : L 312 x l 157 x H 209 cm\r\nPoids : 516 kg\r\nTension : 220 V\r\nPuissance : 6,5 kW\r\nNombre de jeux : 100\r\nDur\u00e9e de jeu : 3 \u00e0 5 min\r\nNombre de joueurs : 4\"><span class=\"Y2IQFc\" lang=\"fr\">Dur\u00e9e de jeu<\/span><\/pre>\n<\/td>\n<td class=\"pp-table-cell pp-table-cell-value\"><span class=\"pp-table-cell-content\"><span class=\"pp-table-cell-text\">3-5 mins <\/span><\/span><\/td>\n<\/tr>\n<tr class=\"pp-table-row\">\n<td class=\"pp-table-cell pp-table-cell-key\">\n<pre id=\"tw-target-text\" class=\"tw-data-text tw-text-large tw-ta\" dir=\"ltr\" tabindex=\"-1\" role=\"text\" data-placeholder=\"Traduction\" data-ved=\"2ahUKEwipnouk6KCQAxWlQ6QEHRMqGPMQ3ewLegQICxAV\" aria-label=\"Texte traduit\u00a0: Nom du produit : Cin\u00e9ma spatial de r\u00e9alit\u00e9 virtuelle\r\nDimensions : L 312 x l 157 x H 209 cm\r\nPoids : 516 kg\r\nTension : 220 V\r\nPuissance : 6,5 kW\r\nNombre de jeux : 100\r\nDur\u00e9e de jeu : 3 \u00e0 5 min\r\nNombre de joueurs : 4\"><span class=\"Y2IQFc\" lang=\"fr\">Nombre de joueurs<\/span><\/pre>\n<\/td>\n<td class=\"pp-table-cell pp-table-cell-value\"><span class=\"pp-table-cell-content\"><span class=\"pp-table-cell-text\">4 Joueurs<\/span><\/span><\/td>\n<\/tr>\n<\/tbody>\n<\/table>\n","protected":false},"excerpt":{"rendered":"<div class=\"elementor-element elementor-element-dd6d36f elementor-widget elementor-widget-heading\" data-id=\"dd6d36f\" data-element_type=\"widget\" data-widget_type=\"heading.default\">\n<p><strong>Voyage de r\u00eave en r\u00e9alit\u00e9 virtuelle<\/strong><\/p>\n<p>Exp\u00e9rience immersive dynamique en r\u00e9alit\u00e9 virtuelle pour quatre personnes. Sur une surface de 4,5 m\u00b2, quatre personnes peuvent vivre l&rsquo;exp\u00e9rience simultan\u00e9ment. Quatre fois plus de revenus en une seule exp\u00e9rience, un retour sur investissement tr\u00e8s \u00e9lev\u00e9 pour la r\u00e9alit\u00e9 virtuelle.<\/p>\n<\/div>\n","protected":false},"featured_media":1577,"template":"","meta":[],"product_brand":[],"product_cat":[401],"product_tag":[],"class_list":{"0":"post-2804","1":"product","2":"type-product","3":"status-publish","4":"has-post-thumbnail","6":"product_cat-vr-cinema-et-jeux","8":"first","9":"instock","10":"shipping-taxable","11":"product-type-simple"},"_links":{"self":[{"href":"https:\/\/www.alfadu-amusement.com\/index.php?rest_route=\/wp\/v2\/product\/2804","targetHints":{"allow":["GET"]}}],"collection":[{"href":"https:\/\/www.alfadu-amusement.com\/index.php?rest_route=\/wp\/v2\/product"}],"about":[{"href":"https:\/\/www.alfadu-amusement.com\/index.php?rest_route=\/wp\/v2\/types\/product"}],"wp:featuredmedia":[{"embeddable":true,"href":"https:\/\/www.alfadu-amusement.com\/index.php?rest_route=\/wp\/v2\/media\/1577"}],"wp:attachment":[{"href":"https:\/\/www.alfadu-amusement.com\/index.php?rest_route=%2Fwp%2Fv2%2Fmedia&parent=2804"}],"wp:term":[{"taxonomy":"product_brand","embeddable":true,"href":"https:\/\/www.alfadu-amusement.com\/index.php?rest_route=%2Fwp%2Fv2%2Fproduct_brand&post=2804"},{"taxonomy":"product_cat","embeddable":true,"href":"https:\/\/www.alfadu-amusement.com\/index.php?rest_route=%2Fwp%2Fv2%2Fproduct_cat&post=2804"},{"taxonomy":"product_tag","embeddable":true,"href":"https:\/\/www.alfadu-amusement.com\/index.php?rest_route=%2Fwp%2Fv2%2Fproduct_tag&post=2804"}],"curies":[{"name":"wp","href":"https:\/\/api.w.org\/{rel}","templated":true}]}}