{"id":2807,"date":"2025-10-13T16:07:56","date_gmt":"2025-10-13T16:07:56","guid":{"rendered":"https:\/\/www.alfadu-amusement.com\/?post_type=product&#038;p=2807"},"modified":"2025-10-13T16:07:56","modified_gmt":"2025-10-13T16:07:56","slug":"vr-simulateur-de-chaises-3q","status":"publish","type":"product","link":"https:\/\/www.alfadu-amusement.com\/?product=vr-simulateur-de-chaises-3q&lang=fr","title":{"rendered":"VR Simulateur de chaises  3Q"},"content":{"rendered":"<table class=\"pp-table\">\n<tbody>\n<tr class=\"pp-table-row\">\n<td class=\"pp-table-cell pp-table-cell-key\">\n<pre id=\"tw-target-text\" class=\"tw-data-text tw-text-large tw-ta\" dir=\"ltr\" tabindex=\"-1\" role=\"text\" data-placeholder=\"Traduction\" data-ved=\"2ahUKEwipnouk6KCQAxWlQ6QEHRMqGPMQ3ewLegQICxAV\" aria-label=\"Texte traduit\u00a0: Nom du produit\u00a0: VR 3Q\r\nDimensions\u00a0: L\u00a0235\u00a0x\u00a0l\u00a0120\u00a0x\u00a0H\u00a0240\u00a0cm\r\nPoids\u00a0: 419\u00a0kg\r\nTension\u00a0: 220\u00a0V\r\nPuissance\u00a0: 5,5\u00a0kW\r\nNombre de jeux\u00a0: 100\u00a0pi\u00e8ces\r\nDur\u00e9e de jeu\u00a0: 3 \u00e0 5\u00a0minutes\r\nNombre de joueurs\u00a0: 3\"><span class=\"Y2IQFc\" lang=\"fr\">Nom du produit<\/span><\/pre>\n<\/td>\n<td class=\"pp-table-cell pp-table-cell-value\"><span class=\"pp-table-cell-content\"><span class=\"pp-table-cell-text\">VR 3Q <\/span><\/span><\/td>\n<\/tr>\n<tr class=\"pp-table-row\">\n<td class=\"pp-table-cell pp-table-cell-key\">\n<pre id=\"tw-target-text\" class=\"tw-data-text tw-text-large tw-ta\" dir=\"ltr\" tabindex=\"-1\" role=\"text\" data-placeholder=\"Traduction\" data-ved=\"2ahUKEwipnouk6KCQAxWlQ6QEHRMqGPMQ3ewLegQICxAV\" aria-label=\"Texte traduit\u00a0: Nom du produit\u00a0: VR 3Q\r\nDimensions\u00a0: L\u00a0235\u00a0x\u00a0l\u00a0120\u00a0x\u00a0H\u00a0240\u00a0cm\r\nPoids\u00a0: 419\u00a0kg\r\nTension\u00a0: 220\u00a0V\r\nPuissance\u00a0: 5,5\u00a0kW\r\nNombre de jeux\u00a0: 100\u00a0pi\u00e8ces\r\nDur\u00e9e de jeu\u00a0: 3 \u00e0 5\u00a0minutes\r\nNombre de joueurs\u00a0: 3\"><span class=\"Y2IQFc\" lang=\"fr\">Dimensions\u00a0<\/span><\/pre>\n<\/td>\n<td class=\"pp-table-cell pp-table-cell-value\"><span class=\"pp-table-cell-content\"><span class=\"pp-table-cell-text\">L235*W120*H240cm <\/span><\/span><\/td>\n<\/tr>\n<tr class=\"pp-table-row\">\n<td class=\"pp-table-cell pp-table-cell-key\">\n<pre id=\"tw-target-text\" class=\"tw-data-text tw-text-large tw-ta\" dir=\"ltr\" tabindex=\"-1\" role=\"text\" data-placeholder=\"Traduction\" data-ved=\"2ahUKEwipnouk6KCQAxWlQ6QEHRMqGPMQ3ewLegQICxAV\" aria-label=\"Texte traduit\u00a0: Nom du produit\u00a0: VR 3Q\r\nDimensions\u00a0: L\u00a0235\u00a0x\u00a0l\u00a0120\u00a0x\u00a0H\u00a0240\u00a0cm\r\nPoids\u00a0: 419\u00a0kg\r\nTension\u00a0: 220\u00a0V\r\nPuissance\u00a0: 5,5\u00a0kW\r\nNombre de jeux\u00a0: 100\u00a0pi\u00e8ces\r\nDur\u00e9e de jeu\u00a0: 3 \u00e0 5\u00a0minutes\r\nNombre de joueurs\u00a0: 3\"><span class=\"Y2IQFc\" lang=\"fr\">Poids\u00a0<\/span><\/pre>\n<\/td>\n<td class=\"pp-table-cell pp-table-cell-value\"><span class=\"pp-table-cell-content\"><span class=\"pp-table-cell-text\">419KG <\/span><\/span><\/td>\n<\/tr>\n<tr class=\"pp-table-row\">\n<td class=\"pp-table-cell pp-table-cell-key\">\n<pre id=\"tw-target-text\" class=\"tw-data-text tw-text-large tw-ta\" dir=\"ltr\" tabindex=\"-1\" role=\"text\" data-placeholder=\"Traduction\" data-ved=\"2ahUKEwipnouk6KCQAxWlQ6QEHRMqGPMQ3ewLegQICxAV\" aria-label=\"Texte traduit\u00a0: Nom du produit\u00a0: VR 3Q\r\nDimensions\u00a0: L\u00a0235\u00a0x\u00a0l\u00a0120\u00a0x\u00a0H\u00a0240\u00a0cm\r\nPoids\u00a0: 419\u00a0kg\r\nTension\u00a0: 220\u00a0V\r\nPuissance\u00a0: 5,5\u00a0kW\r\nNombre de jeux\u00a0: 100\u00a0pi\u00e8ces\r\nDur\u00e9e de jeu\u00a0: 3 \u00e0 5\u00a0minutes\r\nNombre de joueurs\u00a0: 3\"><span class=\"Y2IQFc\" lang=\"fr\">Tension\u00a0<\/span><\/pre>\n<\/td>\n<td class=\"pp-table-cell pp-table-cell-value\"><span class=\"pp-table-cell-content\"><span class=\"pp-table-cell-text\">220V <\/span><\/span><\/td>\n<\/tr>\n<tr class=\"pp-table-row\">\n<td class=\"pp-table-cell pp-table-cell-key\">\n<pre id=\"tw-target-text\" class=\"tw-data-text tw-text-large tw-ta\" dir=\"ltr\" tabindex=\"-1\" role=\"text\" data-placeholder=\"Traduction\" data-ved=\"2ahUKEwipnouk6KCQAxWlQ6QEHRMqGPMQ3ewLegQICxAV\" aria-label=\"Texte traduit\u00a0: Nom du produit\u00a0: VR 3Q\r\nDimensions\u00a0: L\u00a0235\u00a0x\u00a0l\u00a0120\u00a0x\u00a0H\u00a0240\u00a0cm\r\nPoids\u00a0: 419\u00a0kg\r\nTension\u00a0: 220\u00a0V\r\nPuissance\u00a0: 5,5\u00a0kW\r\nNombre de jeux\u00a0: 100\u00a0pi\u00e8ces\r\nDur\u00e9e de jeu\u00a0: 3 \u00e0 5\u00a0minutes\r\nNombre de joueurs\u00a0: 3\"><span class=\"Y2IQFc\" lang=\"fr\">Puissance\u00a0<\/span><\/pre>\n<\/td>\n<td class=\"pp-table-cell pp-table-cell-value\"><span class=\"pp-table-cell-content\"><span class=\"pp-table-cell-text\">5.5KW <\/span><\/span><\/td>\n<\/tr>\n<tr class=\"pp-table-row\">\n<td class=\"pp-table-cell pp-table-cell-key\">\n<pre id=\"tw-target-text\" class=\"tw-data-text tw-text-large tw-ta\" dir=\"ltr\" tabindex=\"-1\" role=\"text\" data-placeholder=\"Traduction\" data-ved=\"2ahUKEwipnouk6KCQAxWlQ6QEHRMqGPMQ3ewLegQICxAV\" aria-label=\"Texte traduit\u00a0: Nom du produit\u00a0: VR 3Q\r\nDimensions\u00a0: L\u00a0235\u00a0x\u00a0l\u00a0120\u00a0x\u00a0H\u00a0240\u00a0cm\r\nPoids\u00a0: 419\u00a0kg\r\nTension\u00a0: 220\u00a0V\r\nPuissance\u00a0: 5,5\u00a0kW\r\nNombre de jeux\u00a0: 100\u00a0pi\u00e8ces\r\nDur\u00e9e de jeu\u00a0: 3 \u00e0 5\u00a0minutes\r\nNombre de joueurs\u00a0: 3\"><span class=\"Y2IQFc\" lang=\"fr\">Nombre de jeux<\/span><\/pre>\n<\/td>\n<td class=\"pp-table-cell pp-table-cell-value\"><span class=\"pp-table-cell-content\"><span class=\"pp-table-cell-text\">100pcs <\/span><\/span><\/td>\n<\/tr>\n<tr class=\"pp-table-row\">\n<td class=\"pp-table-cell pp-table-cell-key\">\n<pre id=\"tw-target-text\" class=\"tw-data-text tw-text-large tw-ta\" dir=\"ltr\" tabindex=\"-1\" role=\"text\" data-placeholder=\"Traduction\" data-ved=\"2ahUKEwipnouk6KCQAxWlQ6QEHRMqGPMQ3ewLegQICxAV\" aria-label=\"Texte traduit\u00a0: Nom du produit\u00a0: VR 3Q\r\nDimensions\u00a0: L\u00a0235\u00a0x\u00a0l\u00a0120\u00a0x\u00a0H\u00a0240\u00a0cm\r\nPoids\u00a0: 419\u00a0kg\r\nTension\u00a0: 220\u00a0V\r\nPuissance\u00a0: 5,5\u00a0kW\r\nNombre de jeux\u00a0: 100\u00a0pi\u00e8ces\r\nDur\u00e9e de jeu\u00a0: 3 \u00e0 5\u00a0minutes\r\nNombre de joueurs\u00a0: 3\"><span class=\"Y2IQFc\" lang=\"fr\">Dur\u00e9e de jeu\u00a0<\/span><\/pre>\n<\/td>\n<td class=\"pp-table-cell pp-table-cell-value\"><span class=\"pp-table-cell-content\"><span class=\"pp-table-cell-text\">3-5 mins <\/span><\/span><\/td>\n<\/tr>\n<tr class=\"pp-table-row\">\n<td class=\"pp-table-cell pp-table-cell-key\">\n<pre id=\"tw-target-text\" class=\"tw-data-text tw-text-large tw-ta\" dir=\"ltr\" tabindex=\"-1\" role=\"text\" data-placeholder=\"Traduction\" data-ved=\"2ahUKEwipnouk6KCQAxWlQ6QEHRMqGPMQ3ewLegQICxAV\" aria-label=\"Texte traduit\u00a0: Nom du produit\u00a0: VR 3Q\r\nDimensions\u00a0: L\u00a0235\u00a0x\u00a0l\u00a0120\u00a0x\u00a0H\u00a0240\u00a0cm\r\nPoids\u00a0: 419\u00a0kg\r\nTension\u00a0: 220\u00a0V\r\nPuissance\u00a0: 5,5\u00a0kW\r\nNombre de jeux\u00a0: 100\u00a0pi\u00e8ces\r\nDur\u00e9e de jeu\u00a0: 3 \u00e0 5\u00a0minutes\r\nNombre de joueurs\u00a0: 3\"><span class=\"Y2IQFc\" lang=\"fr\">Nombre de joueurs\u00a0<\/span><\/pre>\n<\/td>\n<td class=\"pp-table-cell pp-table-cell-value\"><span class=\"pp-table-cell-content\"><span class=\"pp-table-cell-text\">3 Joueurs<\/span><\/span><\/td>\n<\/tr>\n<\/tbody>\n<\/table>\n","protected":false},"excerpt":{"rendered":"<section class=\"elementor-section elementor-top-section elementor-element elementor-element-52aa802 elementor-section-boxed elementor-section-height-default elementor-section-height-default\" data-id=\"52aa802\" data-element_type=\"section\">\n<div class=\"elementor-container elementor-column-gap-default\">\n<div class=\"elementor-column elementor-col-100 elementor-top-column elementor-element elementor-element-f5b2411\" data-id=\"f5b2411\" data-element_type=\"column\">\n<div class=\"elementor-widget-wrap elementor-element-populated\">\n<div class=\"elementor-element elementor-element-dd6d36f elementor-widget elementor-widget-heading\" data-id=\"dd6d36f\" data-element_type=\"widget\" data-widget_type=\"heading.default\">\n<p><strong>Exp\u00e9rience VR Fantasy Classic<\/strong><\/p>\n<p>Plus de 3 m\u00b2, id\u00e9al pour les parcs VR, les centres commerciaux et les centres d&rsquo;exp\u00e9rience VR\u00a0; 92 films inclus, taux de revente \u00e9lev\u00e9\u00a0; exp\u00e9rience \u00e0 3 personnes simultan\u00e9ment, produits \u00e0 haute efficacit\u00e9 spatiale.<\/p>\n<\/div>\n<\/div>\n<\/div>\n<\/div>\n<\/section>\n<section class=\"elementor-section elementor-top-section elementor-element elementor-element-05888a1 elementor-section-boxed elementor-section-height-default elementor-section-height-default\" data-id=\"05888a1\" data-element_type=\"section\">\n<div class=\"elementor-container elementor-column-gap-default\">\n<div class=\"elementor-column elementor-col-100 elementor-top-column elementor-element elementor-element-72af1e0\" data-id=\"72af1e0\" data-element_type=\"column\">\n<div class=\"elementor-widget-wrap elementor-element-populated\">\n<div class=\"elementor-element elementor-element-2e80d1b elementor-widget elementor-widget-image\" data-id=\"2e80d1b\" data-element_type=\"widget\" data-widget_type=\"image.default\"><\/div>\n<\/div>\n<\/div>\n<\/div>\n<\/section>\n","protected":false},"featured_media":1573,"template":"","meta":[],"product_brand":[],"product_cat":[401],"product_tag":[],"class_list":{"0":"post-2807","1":"product","2":"type-product","3":"status-publish","4":"has-post-thumbnail","6":"product_cat-vr-cinema-et-jeux","8":"first","9":"instock","10":"shipping-taxable","11":"product-type-simple"},"_links":{"self":[{"href":"https:\/\/www.alfadu-amusement.com\/index.php?rest_route=\/wp\/v2\/product\/2807","targetHints":{"allow":["GET"]}}],"collection":[{"href":"https:\/\/www.alfadu-amusement.com\/index.php?rest_route=\/wp\/v2\/product"}],"about":[{"href":"https:\/\/www.alfadu-amusement.com\/index.php?rest_route=\/wp\/v2\/types\/product"}],"wp:featuredmedia":[{"embeddable":true,"href":"https:\/\/www.alfadu-amusement.com\/index.php?rest_route=\/wp\/v2\/media\/1573"}],"wp:attachment":[{"href":"https:\/\/www.alfadu-amusement.com\/index.php?rest_route=%2Fwp%2Fv2%2Fmedia&parent=2807"}],"wp:term":[{"taxonomy":"product_brand","embeddable":true,"href":"https:\/\/www.alfadu-amusement.com\/index.php?rest_route=%2Fwp%2Fv2%2Fproduct_brand&post=2807"},{"taxonomy":"product_cat","embeddable":true,"href":"https:\/\/www.alfadu-amusement.com\/index.php?rest_route=%2Fwp%2Fv2%2Fproduct_cat&post=2807"},{"taxonomy":"product_tag","embeddable":true,"href":"https:\/\/www.alfadu-amusement.com\/index.php?rest_route=%2Fwp%2Fv2%2Fproduct_tag&post=2807"}],"curies":[{"name":"wp","href":"https:\/\/api.w.org\/{rel}","templated":true}]}}