{"id":2810,"date":"2025-10-13T16:11:15","date_gmt":"2025-10-13T16:11:15","guid":{"rendered":"https:\/\/www.alfadu-amusement.com\/?post_type=product&#038;p=2810"},"modified":"2025-10-13T16:11:15","modified_gmt":"2025-10-13T16:11:15","slug":"vr-simulateur-de-chaises-de-requin","status":"publish","type":"product","link":"https:\/\/www.alfadu-amusement.com\/?product=vr-simulateur-de-chaises-de-requin&lang=fr","title":{"rendered":"VR  Simulateur de chaises de requin"},"content":{"rendered":"<table class=\"pp-table\">\n<tbody>\n<tr class=\"pp-table-row\">\n<td class=\"pp-table-cell pp-table-cell-key\">\n<pre id=\"tw-target-text\" class=\"tw-data-text tw-text-large tw-ta\" dir=\"ltr\" tabindex=\"-1\" role=\"text\" data-placeholder=\"Traduction\" data-ved=\"2ahUKEwipnouk6KCQAxWlQ6QEHRMqGPMQ3ewLegQICxAV\" aria-label=\"Texte traduit\u00a0: Nom du produit\u00a0: VR Shark\r\nDimensions\u00a0: L\u00a0200\u00a0x\u00a0l\u00a0120\u00a0x\u00a0H\u00a0174\u00a0cm\r\nPoids\u00a0: 275\u00a0kg\r\nTension\u00a0: 220\u00a0V\r\nPuissance\u00a0: 5\u00a0kW\r\nNombre de jeux\u00a0: 100\u00a0pi\u00e8ces\r\nDur\u00e9e\u00a0: 3 \u00e0 5\u00a0minutes\r\nJoueur\u00a0: 2\"><span class=\"Y2IQFc\" lang=\"fr\">Nom du produit<\/span><\/pre>\n<\/td>\n<td class=\"pp-table-cell pp-table-cell-value\"><span class=\"pp-table-cell-content\"><span class=\"pp-table-cell-text\">VR Shark <\/span><\/span><\/td>\n<\/tr>\n<tr class=\"pp-table-row\">\n<td class=\"pp-table-cell pp-table-cell-key\">\n<pre id=\"tw-target-text\" class=\"tw-data-text tw-text-large tw-ta\" dir=\"ltr\" tabindex=\"-1\" role=\"text\" data-placeholder=\"Traduction\" data-ved=\"2ahUKEwipnouk6KCQAxWlQ6QEHRMqGPMQ3ewLegQICxAV\" aria-label=\"Texte traduit\u00a0: Nom du produit\u00a0: VR Shark\r\nDimensions\u00a0: L\u00a0200\u00a0x\u00a0l\u00a0120\u00a0x\u00a0H\u00a0174\u00a0cm\r\nPoids\u00a0: 275\u00a0kg\r\nTension\u00a0: 220\u00a0V\r\nPuissance\u00a0: 5\u00a0kW\r\nNombre de jeux\u00a0: 100\u00a0pi\u00e8ces\r\nDur\u00e9e\u00a0: 3 \u00e0 5\u00a0minutes\r\nJoueur\u00a0: 2\"><span class=\"Y2IQFc\" lang=\"fr\">Dimensions\u00a0<\/span><\/pre>\n<\/td>\n<td class=\"pp-table-cell pp-table-cell-value\"><span class=\"pp-table-cell-content\"><span class=\"pp-table-cell-text\">L200*W120*H174cm <\/span><\/span><\/td>\n<\/tr>\n<tr class=\"pp-table-row\">\n<td class=\"pp-table-cell pp-table-cell-key\">\n<pre id=\"tw-target-text\" class=\"tw-data-text tw-text-large tw-ta\" dir=\"ltr\" tabindex=\"-1\" role=\"text\" data-placeholder=\"Traduction\" data-ved=\"2ahUKEwipnouk6KCQAxWlQ6QEHRMqGPMQ3ewLegQICxAV\" aria-label=\"Texte traduit\u00a0: Nom du produit\u00a0: VR Shark\r\nDimensions\u00a0: L\u00a0200\u00a0x\u00a0l\u00a0120\u00a0x\u00a0H\u00a0174\u00a0cm\r\nPoids\u00a0: 275\u00a0kg\r\nTension\u00a0: 220\u00a0V\r\nPuissance\u00a0: 5\u00a0kW\r\nNombre de jeux\u00a0: 100\u00a0pi\u00e8ces\r\nDur\u00e9e\u00a0: 3 \u00e0 5\u00a0minutes\r\nJoueur\u00a0: 2\"><span class=\"Y2IQFc\" lang=\"fr\">Poids\u00a0<\/span><\/pre>\n<\/td>\n<td class=\"pp-table-cell pp-table-cell-value\"><span class=\"pp-table-cell-content\"><span class=\"pp-table-cell-text\">275Kg <\/span><\/span><\/td>\n<\/tr>\n<tr class=\"pp-table-row\">\n<td class=\"pp-table-cell pp-table-cell-key\">\n<pre id=\"tw-target-text\" class=\"tw-data-text tw-text-large tw-ta\" dir=\"ltr\" tabindex=\"-1\" role=\"text\" data-placeholder=\"Traduction\" data-ved=\"2ahUKEwipnouk6KCQAxWlQ6QEHRMqGPMQ3ewLegQICxAV\" aria-label=\"Texte traduit\u00a0: Nom du produit\u00a0: VR Shark\r\nDimensions\u00a0: L\u00a0200\u00a0x\u00a0l\u00a0120\u00a0x\u00a0H\u00a0174\u00a0cm\r\nPoids\u00a0: 275\u00a0kg\r\nTension\u00a0: 220\u00a0V\r\nPuissance\u00a0: 5\u00a0kW\r\nNombre de jeux\u00a0: 100\u00a0pi\u00e8ces\r\nDur\u00e9e\u00a0: 3 \u00e0 5\u00a0minutes\r\nJoueur\u00a0: 2\"><span class=\"Y2IQFc\" lang=\"fr\">Tension\u00a0<\/span><\/pre>\n<\/td>\n<td class=\"pp-table-cell pp-table-cell-value\"><span class=\"pp-table-cell-content\"><span class=\"pp-table-cell-text\">220V <\/span><\/span><\/td>\n<\/tr>\n<tr class=\"pp-table-row\">\n<td class=\"pp-table-cell pp-table-cell-key\">\n<pre id=\"tw-target-text\" class=\"tw-data-text tw-text-large tw-ta\" dir=\"ltr\" tabindex=\"-1\" role=\"text\" data-placeholder=\"Traduction\" data-ved=\"2ahUKEwipnouk6KCQAxWlQ6QEHRMqGPMQ3ewLegQICxAV\" aria-label=\"Texte traduit\u00a0: Nom du produit\u00a0: VR Shark\r\nDimensions\u00a0: L\u00a0200\u00a0x\u00a0l\u00a0120\u00a0x\u00a0H\u00a0174\u00a0cm\r\nPoids\u00a0: 275\u00a0kg\r\nTension\u00a0: 220\u00a0V\r\nPuissance\u00a0: 5\u00a0kW\r\nNombre de jeux\u00a0: 100\u00a0pi\u00e8ces\r\nDur\u00e9e\u00a0: 3 \u00e0 5\u00a0minutes\r\nJoueur\u00a0: 2\"><span class=\"Y2IQFc\" lang=\"fr\">Puissance\u00a0<\/span><\/pre>\n<\/td>\n<td class=\"pp-table-cell pp-table-cell-value\"><span class=\"pp-table-cell-content\"><span class=\"pp-table-cell-text\">5.0KW <\/span><\/span><\/td>\n<\/tr>\n<tr class=\"pp-table-row\">\n<td class=\"pp-table-cell pp-table-cell-key\">\n<pre id=\"tw-target-text\" class=\"tw-data-text tw-text-large tw-ta\" dir=\"ltr\" tabindex=\"-1\" role=\"text\" data-placeholder=\"Traduction\" data-ved=\"2ahUKEwipnouk6KCQAxWlQ6QEHRMqGPMQ3ewLegQICxAV\" aria-label=\"Texte traduit\u00a0: Nom du produit\u00a0: VR Shark\r\nDimensions\u00a0: L\u00a0200\u00a0x\u00a0l\u00a0120\u00a0x\u00a0H\u00a0174\u00a0cm\r\nPoids\u00a0: 275\u00a0kg\r\nTension\u00a0: 220\u00a0V\r\nPuissance\u00a0: 5\u00a0kW\r\nNombre de jeux\u00a0: 100\u00a0pi\u00e8ces\r\nDur\u00e9e\u00a0: 3 \u00e0 5\u00a0minutes\r\nJoueur\u00a0: 2\"><span class=\"Y2IQFc\" lang=\"fr\">Nombre de jeux\u00a0<\/span><\/pre>\n<\/td>\n<td class=\"pp-table-cell pp-table-cell-value\"><span class=\"pp-table-cell-content\"><span class=\"pp-table-cell-text\">100pcs <\/span><\/span><\/td>\n<\/tr>\n<tr class=\"pp-table-row\">\n<td class=\"pp-table-cell pp-table-cell-key\">\n<pre id=\"tw-target-text\" class=\"tw-data-text tw-text-large tw-ta\" dir=\"ltr\" tabindex=\"-1\" role=\"text\" data-placeholder=\"Traduction\" data-ved=\"2ahUKEwipnouk6KCQAxWlQ6QEHRMqGPMQ3ewLegQICxAV\" aria-label=\"Texte traduit\u00a0: Nom du produit\u00a0: VR Shark\r\nDimensions\u00a0: L\u00a0200\u00a0x\u00a0l\u00a0120\u00a0x\u00a0H\u00a0174\u00a0cm\r\nPoids\u00a0: 275\u00a0kg\r\nTension\u00a0: 220\u00a0V\r\nPuissance\u00a0: 5\u00a0kW\r\nNombre de jeux\u00a0: 100\u00a0pi\u00e8ces\r\nDur\u00e9e\u00a0: 3 \u00e0 5\u00a0minutes\r\nJoueur\u00a0: 2\"><span class=\"Y2IQFc\" lang=\"fr\">Dur\u00e9e<\/span><\/pre>\n<\/td>\n<td class=\"pp-table-cell pp-table-cell-value\"><span class=\"pp-table-cell-content\"><span class=\"pp-table-cell-text\">3-5 mins <\/span><\/span><\/td>\n<\/tr>\n<tr class=\"pp-table-row\">\n<td class=\"pp-table-cell pp-table-cell-key\">\n<pre id=\"tw-target-text\" class=\"tw-data-text tw-text-large tw-ta\" dir=\"ltr\" tabindex=\"-1\" role=\"text\" data-placeholder=\"Traduction\" data-ved=\"2ahUKEwipnouk6KCQAxWlQ6QEHRMqGPMQ3ewLegQICxAV\" aria-label=\"Texte traduit\u00a0: Nom du produit\u00a0: VR Shark\r\nDimensions\u00a0: L\u00a0200\u00a0x\u00a0l\u00a0120\u00a0x\u00a0H\u00a0174\u00a0cm\r\nPoids\u00a0: 275\u00a0kg\r\nTension\u00a0: 220\u00a0V\r\nPuissance\u00a0: 5\u00a0kW\r\nNombre de jeux\u00a0: 100\u00a0pi\u00e8ces\r\nDur\u00e9e\u00a0: 3 \u00e0 5\u00a0minutes\r\nJoueur\u00a0: 2\"><span class=\"Y2IQFc\" lang=\"fr\">Joueur<\/span><\/pre>\n<\/td>\n<td class=\"pp-table-cell pp-table-cell-value\"><span class=\"pp-table-cell-content\"><span class=\"pp-table-cell-text\">2\u00a0 Joueurs<\/span><\/span><\/td>\n<\/tr>\n<\/tbody>\n<\/table>\n","protected":false},"excerpt":{"rendered":"<div class=\"elementor-element elementor-element-dd6d36f elementor-widget elementor-widget-heading\" data-id=\"dd6d36f\" data-element_type=\"widget\" data-widget_type=\"heading.default\">\n<p><strong>Voyage dans le temps VR Shark<\/strong><\/p>\n<p>D&rsquo;une superficie de 2,5 m\u00b2, il est id\u00e9al pour les parcs VR int\u00e9rieurs, les centres commerciaux et les centres pour enfants. Plus de 92 vid\u00e9os de jeux sont incluses, avec un taux de r\u00e9achat \u00e9lev\u00e9. Sa forme enfantine de grand requin blanc est id\u00e9ale pour les projets VR familiaux parent-enfant.<\/p>\n<\/div>\n","protected":false},"featured_media":1569,"template":"","meta":[],"product_brand":[],"product_cat":[401],"product_tag":[],"class_list":{"0":"post-2810","1":"product","2":"type-product","3":"status-publish","4":"has-post-thumbnail","6":"product_cat-vr-cinema-et-jeux","8":"first","9":"instock","10":"shipping-taxable","11":"product-type-simple"},"_links":{"self":[{"href":"https:\/\/www.alfadu-amusement.com\/index.php?rest_route=\/wp\/v2\/product\/2810","targetHints":{"allow":["GET"]}}],"collection":[{"href":"https:\/\/www.alfadu-amusement.com\/index.php?rest_route=\/wp\/v2\/product"}],"about":[{"href":"https:\/\/www.alfadu-amusement.com\/index.php?rest_route=\/wp\/v2\/types\/product"}],"wp:featuredmedia":[{"embeddable":true,"href":"https:\/\/www.alfadu-amusement.com\/index.php?rest_route=\/wp\/v2\/media\/1569"}],"wp:attachment":[{"href":"https:\/\/www.alfadu-amusement.com\/index.php?rest_route=%2Fwp%2Fv2%2Fmedia&parent=2810"}],"wp:term":[{"taxonomy":"product_brand","embeddable":true,"href":"https:\/\/www.alfadu-amusement.com\/index.php?rest_route=%2Fwp%2Fv2%2Fproduct_brand&post=2810"},{"taxonomy":"product_cat","embeddable":true,"href":"https:\/\/www.alfadu-amusement.com\/index.php?rest_route=%2Fwp%2Fv2%2Fproduct_cat&post=2810"},{"taxonomy":"product_tag","embeddable":true,"href":"https:\/\/www.alfadu-amusement.com\/index.php?rest_route=%2Fwp%2Fv2%2Fproduct_tag&post=2810"}],"curies":[{"name":"wp","href":"https:\/\/api.w.org\/{rel}","templated":true}]}}