{"id":2813,"date":"2025-10-13T16:14:06","date_gmt":"2025-10-13T16:14:06","guid":{"rendered":"https:\/\/www.alfadu-amusement.com\/?post_type=product&#038;p=2813"},"modified":"2025-10-13T16:14:06","modified_gmt":"2025-10-13T16:14:06","slug":"vr-simulateur-de-guerre-infinie","status":"publish","type":"product","link":"https:\/\/www.alfadu-amusement.com\/?product=vr-simulateur-de-guerre-infinie&lang=fr","title":{"rendered":"VR Simulateur de guerre infinie"},"content":{"rendered":"<table class=\"pp-table\">\n<tbody>\n<tr class=\"pp-table-row\">\n<td class=\"pp-table-cell pp-table-cell-key\">\n<pre id=\"tw-target-text\" class=\"tw-data-text tw-text-large tw-ta\" dir=\"ltr\" tabindex=\"-1\" role=\"text\" data-placeholder=\"Traduction\" data-ved=\"2ahUKEwipnouk6KCQAxWlQ6QEHRMqGPMQ3ewLegQICxAV\" aria-label=\"Texte traduit\u00a0: Nom du produit\u00a0: VR Infinite War\r\nDimensions\u00a0: L\u00a0410\u00a0x\u00a0l\u00a0390\u00a0x\u00a0H\u00a0260\u00a0cm\r\nPoids\u00a0: 600\u00a0kg\r\nTension\u00a0: 220\u00a0V\r\nPuissance\u00a0: 3\u00a0kW\r\nNombre de jeux\u00a0: 4\r\nDur\u00e9e de jeu\u00a0: 5 \u00e0 7\u00a0minutes\r\nJoueur\u00a0: 2\"><span class=\"Y2IQFc\" lang=\"fr\">Nom du produit\u00a0<\/span><\/pre>\n<\/td>\n<td class=\"pp-table-cell pp-table-cell-value\"><span class=\"pp-table-cell-content\"><span class=\"pp-table-cell-text\">VR Infinite War <\/span><\/span><\/td>\n<\/tr>\n<tr class=\"pp-table-row\">\n<td class=\"pp-table-cell pp-table-cell-key\">\n<pre id=\"tw-target-text\" class=\"tw-data-text tw-text-large tw-ta\" dir=\"ltr\" tabindex=\"-1\" role=\"text\" data-placeholder=\"Traduction\" data-ved=\"2ahUKEwipnouk6KCQAxWlQ6QEHRMqGPMQ3ewLegQICxAV\" aria-label=\"Texte traduit\u00a0: Nom du produit\u00a0: VR Infinite War\r\nDimensions\u00a0: L\u00a0410\u00a0x\u00a0l\u00a0390\u00a0x\u00a0H\u00a0260\u00a0cm\r\nPoids\u00a0: 600\u00a0kg\r\nTension\u00a0: 220\u00a0V\r\nPuissance\u00a0: 3\u00a0kW\r\nNombre de jeux\u00a0: 4\r\nDur\u00e9e de jeu\u00a0: 5 \u00e0 7\u00a0minutes\r\nJoueur\u00a0: 2\"><span class=\"Y2IQFc\" lang=\"fr\">Dimensions\u00a0<\/span><\/pre>\n<\/td>\n<td class=\"pp-table-cell pp-table-cell-value\"><span class=\"pp-table-cell-content\"><span class=\"pp-table-cell-text\">L410*W390*H260cm <\/span><\/span><\/td>\n<\/tr>\n<tr class=\"pp-table-row\">\n<td class=\"pp-table-cell pp-table-cell-key\">\n<pre id=\"tw-target-text\" class=\"tw-data-text tw-text-large tw-ta\" dir=\"ltr\" tabindex=\"-1\" role=\"text\" data-placeholder=\"Traduction\" data-ved=\"2ahUKEwipnouk6KCQAxWlQ6QEHRMqGPMQ3ewLegQICxAV\" aria-label=\"Texte traduit\u00a0: Nom du produit\u00a0: VR Infinite War\r\nDimensions\u00a0: L\u00a0410\u00a0x\u00a0l\u00a0390\u00a0x\u00a0H\u00a0260\u00a0cm\r\nPoids\u00a0: 600\u00a0kg\r\nTension\u00a0: 220\u00a0V\r\nPuissance\u00a0: 3\u00a0kW\r\nNombre de jeux\u00a0: 4\r\nDur\u00e9e de jeu\u00a0: 5 \u00e0 7\u00a0minutes\r\nJoueur\u00a0: 2\"><span class=\"Y2IQFc\" lang=\"fr\">Poids\u00a0<\/span><\/pre>\n<\/td>\n<td class=\"pp-table-cell pp-table-cell-value\"><span class=\"pp-table-cell-content\"><span class=\"pp-table-cell-text\">600kg <\/span><\/span><\/td>\n<\/tr>\n<tr class=\"pp-table-row\">\n<td class=\"pp-table-cell pp-table-cell-key\">\n<pre id=\"tw-target-text\" class=\"tw-data-text tw-text-large tw-ta\" dir=\"ltr\" tabindex=\"-1\" role=\"text\" data-placeholder=\"Traduction\" data-ved=\"2ahUKEwipnouk6KCQAxWlQ6QEHRMqGPMQ3ewLegQICxAV\" aria-label=\"Texte traduit\u00a0: Nom du produit\u00a0: VR Infinite War\r\nDimensions\u00a0: L\u00a0410\u00a0x\u00a0l\u00a0390\u00a0x\u00a0H\u00a0260\u00a0cm\r\nPoids\u00a0: 600\u00a0kg\r\nTension\u00a0: 220\u00a0V\r\nPuissance\u00a0: 3\u00a0kW\r\nNombre de jeux\u00a0: 4\r\nDur\u00e9e de jeu\u00a0: 5 \u00e0 7\u00a0minutes\r\nJoueur\u00a0: 2\"><span class=\"Y2IQFc\" lang=\"fr\">Tension\u00a0<\/span><\/pre>\n<\/td>\n<td class=\"pp-table-cell pp-table-cell-value\"><span class=\"pp-table-cell-content\"><span class=\"pp-table-cell-text\">220V <\/span><\/span><\/td>\n<\/tr>\n<tr class=\"pp-table-row\">\n<td class=\"pp-table-cell pp-table-cell-key\">\n<pre id=\"tw-target-text\" class=\"tw-data-text tw-text-large tw-ta\" dir=\"ltr\" tabindex=\"-1\" role=\"text\" data-placeholder=\"Traduction\" data-ved=\"2ahUKEwipnouk6KCQAxWlQ6QEHRMqGPMQ3ewLegQICxAV\" aria-label=\"Texte traduit\u00a0: Nom du produit\u00a0: VR Infinite War\r\nDimensions\u00a0: L\u00a0410\u00a0x\u00a0l\u00a0390\u00a0x\u00a0H\u00a0260\u00a0cm\r\nPoids\u00a0: 600\u00a0kg\r\nTension\u00a0: 220\u00a0V\r\nPuissance\u00a0: 3\u00a0kW\r\nNombre de jeux\u00a0: 4\r\nDur\u00e9e de jeu\u00a0: 5 \u00e0 7\u00a0minutes\r\nJoueur\u00a0: 2\"><span class=\"Y2IQFc\" lang=\"fr\">Puissance\u00a0<\/span><\/pre>\n<\/td>\n<td class=\"pp-table-cell pp-table-cell-value\"><span class=\"pp-table-cell-content\"><span class=\"pp-table-cell-text\">3.0KW <\/span><\/span><\/td>\n<\/tr>\n<tr class=\"pp-table-row\">\n<td class=\"pp-table-cell pp-table-cell-key\">\n<pre id=\"tw-target-text\" class=\"tw-data-text tw-text-large tw-ta\" dir=\"ltr\" tabindex=\"-1\" role=\"text\" data-placeholder=\"Traduction\" data-ved=\"2ahUKEwipnouk6KCQAxWlQ6QEHRMqGPMQ3ewLegQICxAV\" aria-label=\"Texte traduit\u00a0: Nom du produit\u00a0: VR Infinite War\r\nDimensions\u00a0: L\u00a0410\u00a0x\u00a0l\u00a0390\u00a0x\u00a0H\u00a0260\u00a0cm\r\nPoids\u00a0: 600\u00a0kg\r\nTension\u00a0: 220\u00a0V\r\nPuissance\u00a0: 3\u00a0kW\r\nNombre de jeux\u00a0: 4\r\nDur\u00e9e de jeu\u00a0: 5 \u00e0 7\u00a0minutes\r\nJoueur\u00a0: 2\"><span class=\"Y2IQFc\" lang=\"fr\">Nombre de jeux<\/span><\/pre>\n<\/td>\n<td class=\"pp-table-cell pp-table-cell-value\"><span class=\"pp-table-cell-content\"><span class=\"pp-table-cell-text\">4pcs <\/span><\/span><\/td>\n<\/tr>\n<tr class=\"pp-table-row\">\n<td class=\"pp-table-cell pp-table-cell-key\">\n<pre id=\"tw-target-text\" class=\"tw-data-text tw-text-large tw-ta\" dir=\"ltr\" tabindex=\"-1\" role=\"text\" data-placeholder=\"Traduction\" data-ved=\"2ahUKEwipnouk6KCQAxWlQ6QEHRMqGPMQ3ewLegQICxAV\" aria-label=\"Texte traduit\u00a0: Nom du produit\u00a0: VR Infinite War\r\nDimensions\u00a0: L\u00a0410\u00a0x\u00a0l\u00a0390\u00a0x\u00a0H\u00a0260\u00a0cm\r\nPoids\u00a0: 600\u00a0kg\r\nTension\u00a0: 220\u00a0V\r\nPuissance\u00a0: 3\u00a0kW\r\nNombre de jeux\u00a0: 4\r\nDur\u00e9e de jeu\u00a0: 5 \u00e0 7\u00a0minutes\r\nJoueur\u00a0: 2\"><span class=\"Y2IQFc\" lang=\"fr\">Dur\u00e9e de jeu<\/span><\/pre>\n<\/td>\n<td class=\"pp-table-cell pp-table-cell-value\"><span class=\"pp-table-cell-content\"><span class=\"pp-table-cell-text\">5-7 mins <\/span><\/span><\/td>\n<\/tr>\n<tr class=\"pp-table-row\">\n<td class=\"pp-table-cell pp-table-cell-key\">\n<pre id=\"tw-target-text\" class=\"tw-data-text tw-text-large tw-ta\" dir=\"ltr\" tabindex=\"-1\" role=\"text\" data-placeholder=\"Traduction\" data-ved=\"2ahUKEwipnouk6KCQAxWlQ6QEHRMqGPMQ3ewLegQICxAV\" aria-label=\"Texte traduit\u00a0: Nom du produit\u00a0: VR Infinite War\r\nDimensions\u00a0: L\u00a0410\u00a0x\u00a0l\u00a0390\u00a0x\u00a0H\u00a0260\u00a0cm\r\nPoids\u00a0: 600\u00a0kg\r\nTension\u00a0: 220\u00a0V\r\nPuissance\u00a0: 3\u00a0kW\r\nNombre de jeux\u00a0: 4\r\nDur\u00e9e de jeu\u00a0: 5 \u00e0 7\u00a0minutes\r\nJoueur\u00a0: 2\"><span class=\"Y2IQFc\" lang=\"fr\">Joueur<\/span><\/pre>\n<\/td>\n<td class=\"pp-table-cell pp-table-cell-value\" style=\"text-align: left;\"><span class=\"pp-table-cell-content\"><span class=\"pp-table-cell-text\">2\u00a0 Joueurs<\/span><\/span><\/td>\n<\/tr>\n<\/tbody>\n<\/table>\n","protected":false},"excerpt":{"rendered":"<div class=\"elementor-element elementor-element-dd6d36f elementor-widget elementor-widget-heading\" data-id=\"dd6d36f\" data-element_type=\"widget\" data-widget_type=\"heading.default\">\n<p><strong>Plateforme de tir VR debout<\/strong><\/p>\n<p>D&rsquo;une superficie de 16 m\u00e8tres carr\u00e9s, elle est id\u00e9ale pour les parcs int\u00e9rieurs, les centres commerciaux, les villes de jeux vid\u00e9o, les salles d&rsquo;exp\u00e9rience VR et les projets de tourisme culturel. Combat collaboratif 2.2 contre 2, id\u00e9al pour les joueurs de jeux de tir, avec un taux de revente \u00e9lev\u00e9.<\/p>\n<\/div>\n","protected":false},"featured_media":1565,"template":"","meta":[],"product_brand":[],"product_cat":[401],"product_tag":[],"class_list":{"0":"post-2813","1":"product","2":"type-product","3":"status-publish","4":"has-post-thumbnail","6":"product_cat-vr-cinema-et-jeux","8":"first","9":"instock","10":"shipping-taxable","11":"product-type-simple"},"_links":{"self":[{"href":"https:\/\/www.alfadu-amusement.com\/index.php?rest_route=\/wp\/v2\/product\/2813","targetHints":{"allow":["GET"]}}],"collection":[{"href":"https:\/\/www.alfadu-amusement.com\/index.php?rest_route=\/wp\/v2\/product"}],"about":[{"href":"https:\/\/www.alfadu-amusement.com\/index.php?rest_route=\/wp\/v2\/types\/product"}],"wp:featuredmedia":[{"embeddable":true,"href":"https:\/\/www.alfadu-amusement.com\/index.php?rest_route=\/wp\/v2\/media\/1565"}],"wp:attachment":[{"href":"https:\/\/www.alfadu-amusement.com\/index.php?rest_route=%2Fwp%2Fv2%2Fmedia&parent=2813"}],"wp:term":[{"taxonomy":"product_brand","embeddable":true,"href":"https:\/\/www.alfadu-amusement.com\/index.php?rest_route=%2Fwp%2Fv2%2Fproduct_brand&post=2813"},{"taxonomy":"product_cat","embeddable":true,"href":"https:\/\/www.alfadu-amusement.com\/index.php?rest_route=%2Fwp%2Fv2%2Fproduct_cat&post=2813"},{"taxonomy":"product_tag","embeddable":true,"href":"https:\/\/www.alfadu-amusement.com\/index.php?rest_route=%2Fwp%2Fv2%2Fproduct_tag&post=2813"}],"curies":[{"name":"wp","href":"https:\/\/api.w.org\/{rel}","templated":true}]}}