{"id":2816,"date":"2025-10-13T16:16:50","date_gmt":"2025-10-13T16:16:50","guid":{"rendered":"https:\/\/www.alfadu-amusement.com\/?post_type=product&#038;p=2816"},"modified":"2025-10-13T16:16:50","modified_gmt":"2025-10-13T16:16:50","slug":"simulateur-de-tir-delite-ar-sniper","status":"publish","type":"product","link":"https:\/\/www.alfadu-amusement.com\/?product=simulateur-de-tir-delite-ar-sniper&lang=fr","title":{"rendered":"Simulateur de tir d&rsquo;\u00e9lite AR Sniper"},"content":{"rendered":"<table class=\"pp-table\">\n<tbody>\n<tr class=\"pp-table-row\">\n<td class=\"pp-table-cell pp-table-cell-key\">\n<pre id=\"tw-target-text\" class=\"tw-data-text tw-text-large tw-ta\" dir=\"ltr\" tabindex=\"-1\" role=\"text\" data-placeholder=\"Traduction\" data-ved=\"2ahUKEwipnouk6KCQAxWlQ6QEHRMqGPMQ3ewLegQICxAV\" aria-label=\"Texte traduit\u00a0: Nom du produit\u00a0: AR Sniper Elite\r\nDimensions\u00a0: L\u00a0250\u00a0x\u00a0l\u00a0270\u00a0x\u00a0H\u00a0240\u00a0cm\r\nPoids\u00a0: 250\u00a0kg\r\nTension\u00a0: 220\u00a0V\r\nPuissance\u00a0: 2\u00a0500\u00a0W\r\nNombre de jeux\u00a0: 10\r\nDur\u00e9e de jeu\u00a0: 5 \u00e0 7\u00a0minutes\r\nNombre de joueurs\u00a0: 4\"><span class=\"Y2IQFc\" lang=\"fr\">Nom du produit<\/span><\/pre>\n<\/td>\n<td class=\"pp-table-cell pp-table-cell-value\"><span class=\"pp-table-cell-content\"><span class=\"pp-table-cell-text\">AR Sniper Elite <\/span><\/span><\/td>\n<\/tr>\n<tr class=\"pp-table-row\">\n<td class=\"pp-table-cell pp-table-cell-key\">\n<pre id=\"tw-target-text\" class=\"tw-data-text tw-text-large tw-ta\" dir=\"ltr\" tabindex=\"-1\" role=\"text\" data-placeholder=\"Traduction\" data-ved=\"2ahUKEwipnouk6KCQAxWlQ6QEHRMqGPMQ3ewLegQICxAV\" aria-label=\"Texte traduit\u00a0: Nom du produit\u00a0: AR Sniper Elite\r\nDimensions\u00a0: L\u00a0250\u00a0x\u00a0l\u00a0270\u00a0x\u00a0H\u00a0240\u00a0cm\r\nPoids\u00a0: 250\u00a0kg\r\nTension\u00a0: 220\u00a0V\r\nPuissance\u00a0: 2\u00a0500\u00a0W\r\nNombre de jeux\u00a0: 10\r\nDur\u00e9e de jeu\u00a0: 5 \u00e0 7\u00a0minutes\r\nNombre de joueurs\u00a0: 4\"><span class=\"Y2IQFc\" lang=\"fr\">Dimensions\u00a0<\/span><\/pre>\n<\/td>\n<td class=\"pp-table-cell pp-table-cell-value\"><span class=\"pp-table-cell-content\"><span class=\"pp-table-cell-text\">L250*W270*H240cm <\/span><\/span><\/td>\n<\/tr>\n<tr class=\"pp-table-row\">\n<td class=\"pp-table-cell pp-table-cell-key\">\n<pre id=\"tw-target-text\" class=\"tw-data-text tw-text-large tw-ta\" dir=\"ltr\" tabindex=\"-1\" role=\"text\" data-placeholder=\"Traduction\" data-ved=\"2ahUKEwipnouk6KCQAxWlQ6QEHRMqGPMQ3ewLegQICxAV\" aria-label=\"Texte traduit\u00a0: Nom du produit\u00a0: AR Sniper Elite\r\nDimensions\u00a0: L\u00a0250\u00a0x\u00a0l\u00a0270\u00a0x\u00a0H\u00a0240\u00a0cm\r\nPoids\u00a0: 250\u00a0kg\r\nTension\u00a0: 220\u00a0V\r\nPuissance\u00a0: 2\u00a0500\u00a0W\r\nNombre de jeux\u00a0: 10\r\nDur\u00e9e de jeu\u00a0: 5 \u00e0 7\u00a0minutes\r\nNombre de joueurs\u00a0: 4\"><span class=\"Y2IQFc\" lang=\"fr\">Poids\u00a0<\/span><\/pre>\n<\/td>\n<td class=\"pp-table-cell pp-table-cell-value\"><span class=\"pp-table-cell-content\"><span class=\"pp-table-cell-text\">250kg <\/span><\/span><\/td>\n<\/tr>\n<tr class=\"pp-table-row\">\n<td class=\"pp-table-cell pp-table-cell-key\">\n<pre id=\"tw-target-text\" class=\"tw-data-text tw-text-large tw-ta\" dir=\"ltr\" tabindex=\"-1\" role=\"text\" data-placeholder=\"Traduction\" data-ved=\"2ahUKEwipnouk6KCQAxWlQ6QEHRMqGPMQ3ewLegQICxAV\" aria-label=\"Texte traduit\u00a0: Nom du produit\u00a0: AR Sniper Elite\r\nDimensions\u00a0: L\u00a0250\u00a0x\u00a0l\u00a0270\u00a0x\u00a0H\u00a0240\u00a0cm\r\nPoids\u00a0: 250\u00a0kg\r\nTension\u00a0: 220\u00a0V\r\nPuissance\u00a0: 2\u00a0500\u00a0W\r\nNombre de jeux\u00a0: 10\r\nDur\u00e9e de jeu\u00a0: 5 \u00e0 7\u00a0minutes\r\nNombre de joueurs\u00a0: 4\"><span class=\"Y2IQFc\" lang=\"fr\">Tension\u00a0<\/span><\/pre>\n<\/td>\n<td class=\"pp-table-cell pp-table-cell-value\"><span class=\"pp-table-cell-content\"><span class=\"pp-table-cell-text\">220V <\/span><\/span><\/td>\n<\/tr>\n<tr class=\"pp-table-row\">\n<td class=\"pp-table-cell pp-table-cell-key\">\n<pre id=\"tw-target-text\" class=\"tw-data-text tw-text-large tw-ta\" dir=\"ltr\" tabindex=\"-1\" role=\"text\" data-placeholder=\"Traduction\" data-ved=\"2ahUKEwipnouk6KCQAxWlQ6QEHRMqGPMQ3ewLegQICxAV\" aria-label=\"Texte traduit\u00a0: Nom du produit\u00a0: AR Sniper Elite\r\nDimensions\u00a0: L\u00a0250\u00a0x\u00a0l\u00a0270\u00a0x\u00a0H\u00a0240\u00a0cm\r\nPoids\u00a0: 250\u00a0kg\r\nTension\u00a0: 220\u00a0V\r\nPuissance\u00a0: 2\u00a0500\u00a0W\r\nNombre de jeux\u00a0: 10\r\nDur\u00e9e de jeu\u00a0: 5 \u00e0 7\u00a0minutes\r\nNombre de joueurs\u00a0: 4\"><span class=\"Y2IQFc\" lang=\"fr\">Puissance\u00a0<\/span><\/pre>\n<\/td>\n<td class=\"pp-table-cell pp-table-cell-value\"><span class=\"pp-table-cell-content\"><span class=\"pp-table-cell-text\">2500W <\/span><\/span><\/td>\n<\/tr>\n<tr class=\"pp-table-row\">\n<td class=\"pp-table-cell pp-table-cell-key\">\n<pre id=\"tw-target-text\" class=\"tw-data-text tw-text-large tw-ta\" dir=\"ltr\" tabindex=\"-1\" role=\"text\" data-placeholder=\"Traduction\" data-ved=\"2ahUKEwipnouk6KCQAxWlQ6QEHRMqGPMQ3ewLegQICxAV\" aria-label=\"Texte traduit\u00a0: Nom du produit\u00a0: AR Sniper Elite\r\nDimensions\u00a0: L\u00a0250\u00a0x\u00a0l\u00a0270\u00a0x\u00a0H\u00a0240\u00a0cm\r\nPoids\u00a0: 250\u00a0kg\r\nTension\u00a0: 220\u00a0V\r\nPuissance\u00a0: 2\u00a0500\u00a0W\r\nNombre de jeux\u00a0: 10\r\nDur\u00e9e de jeu\u00a0: 5 \u00e0 7\u00a0minutes\r\nNombre de joueurs\u00a0: 4\"><span class=\"Y2IQFc\" lang=\"fr\">Nombre de jeux<\/span><\/pre>\n<\/td>\n<td class=\"pp-table-cell pp-table-cell-value\"><span class=\"pp-table-cell-content\"><span class=\"pp-table-cell-text\">10pcs <\/span><\/span><\/td>\n<\/tr>\n<tr class=\"pp-table-row\">\n<td class=\"pp-table-cell pp-table-cell-key\">\n<pre id=\"tw-target-text\" class=\"tw-data-text tw-text-large tw-ta\" dir=\"ltr\" tabindex=\"-1\" role=\"text\" data-placeholder=\"Traduction\" data-ved=\"2ahUKEwipnouk6KCQAxWlQ6QEHRMqGPMQ3ewLegQICxAV\" aria-label=\"Texte traduit\u00a0: Nom du produit\u00a0: AR Sniper Elite\r\nDimensions\u00a0: L\u00a0250\u00a0x\u00a0l\u00a0270\u00a0x\u00a0H\u00a0240\u00a0cm\r\nPoids\u00a0: 250\u00a0kg\r\nTension\u00a0: 220\u00a0V\r\nPuissance\u00a0: 2\u00a0500\u00a0W\r\nNombre de jeux\u00a0: 10\r\nDur\u00e9e de jeu\u00a0: 5 \u00e0 7\u00a0minutes\r\nNombre de joueurs\u00a0: 4\"><span class=\"Y2IQFc\" lang=\"fr\">Dur\u00e9e de jeu\u00a0<\/span><\/pre>\n<\/td>\n<td class=\"pp-table-cell pp-table-cell-value\"><span class=\"pp-table-cell-content\"><span class=\"pp-table-cell-text\">5-7 mins <\/span><\/span><\/td>\n<\/tr>\n<tr class=\"pp-table-row\">\n<td class=\"pp-table-cell pp-table-cell-key\">\n<pre id=\"tw-target-text\" class=\"tw-data-text tw-text-large tw-ta\" dir=\"ltr\" tabindex=\"-1\" role=\"text\" data-placeholder=\"Traduction\" data-ved=\"2ahUKEwipnouk6KCQAxWlQ6QEHRMqGPMQ3ewLegQICxAV\" aria-label=\"Texte traduit\u00a0: Nom du produit\u00a0: AR Sniper Elite\r\nDimensions\u00a0: L\u00a0250\u00a0x\u00a0l\u00a0270\u00a0x\u00a0H\u00a0240\u00a0cm\r\nPoids\u00a0: 250\u00a0kg\r\nTension\u00a0: 220\u00a0V\r\nPuissance\u00a0: 2\u00a0500\u00a0W\r\nNombre de jeux\u00a0: 10\r\nDur\u00e9e de jeu\u00a0: 5 \u00e0 7\u00a0minutes\r\nNombre de joueurs\u00a0: 4\"><span class=\"Y2IQFc\" lang=\"fr\">Nombre de joueurs<\/span><\/pre>\n<\/td>\n<td class=\"pp-table-cell pp-table-cell-value\"><span class=\"pp-table-cell-content\"><span class=\"pp-table-cell-text\">4\u00a0 Joueurs<\/span><\/span><\/td>\n<\/tr>\n<\/tbody>\n<\/table>\n","protected":false},"excerpt":{"rendered":"<div class=\"elementor-element elementor-element-dd6d36f elementor-widget elementor-widget-heading\" data-id=\"dd6d36f\" data-element_type=\"widget\" data-widget_type=\"heading.default\">\n<p><strong>Jeu de tir AR \u00e0 4 joueurs<\/strong><\/p>\n<p>Sur une surface de 8 m\u00b2, ce jeu convient aux parcs int\u00e9rieurs, centres commerciaux, salles de jeux et salles de r\u00e9alit\u00e9 virtuelle. Jeu de tir de pr\u00e9cision AR r\u00e9aliste, sans casque de r\u00e9alit\u00e9 virtuelle, public illimit\u00e9. Sc\u00e8ne antidrogue et antiterroriste dans le Triangle d&rsquo;Or, avec des produits pour les fans sur place.<\/p>\n<\/div>\n","protected":false},"featured_media":1561,"template":"","meta":[],"product_brand":[],"product_cat":[401],"product_tag":[],"class_list":{"0":"post-2816","1":"product","2":"type-product","3":"status-publish","4":"has-post-thumbnail","6":"product_cat-vr-cinema-et-jeux","8":"first","9":"instock","10":"shipping-taxable","11":"product-type-simple"},"_links":{"self":[{"href":"https:\/\/www.alfadu-amusement.com\/index.php?rest_route=\/wp\/v2\/product\/2816","targetHints":{"allow":["GET"]}}],"collection":[{"href":"https:\/\/www.alfadu-amusement.com\/index.php?rest_route=\/wp\/v2\/product"}],"about":[{"href":"https:\/\/www.alfadu-amusement.com\/index.php?rest_route=\/wp\/v2\/types\/product"}],"wp:featuredmedia":[{"embeddable":true,"href":"https:\/\/www.alfadu-amusement.com\/index.php?rest_route=\/wp\/v2\/media\/1561"}],"wp:attachment":[{"href":"https:\/\/www.alfadu-amusement.com\/index.php?rest_route=%2Fwp%2Fv2%2Fmedia&parent=2816"}],"wp:term":[{"taxonomy":"product_brand","embeddable":true,"href":"https:\/\/www.alfadu-amusement.com\/index.php?rest_route=%2Fwp%2Fv2%2Fproduct_brand&post=2816"},{"taxonomy":"product_cat","embeddable":true,"href":"https:\/\/www.alfadu-amusement.com\/index.php?rest_route=%2Fwp%2Fv2%2Fproduct_cat&post=2816"},{"taxonomy":"product_tag","embeddable":true,"href":"https:\/\/www.alfadu-amusement.com\/index.php?rest_route=%2Fwp%2Fv2%2Fproduct_tag&post=2816"}],"curies":[{"name":"wp","href":"https:\/\/api.w.org\/{rel}","templated":true}]}}