{"id":2825,"date":"2025-10-13T16:26:28","date_gmt":"2025-10-13T16:26:28","guid":{"rendered":"https:\/\/www.alfadu-amusement.com\/?post_type=product&#038;p=2825"},"modified":"2025-12-07T17:17:49","modified_gmt":"2025-12-07T17:17:49","slug":"simulateur-de-course-de-super-moteurs","status":"publish","type":"product","link":"https:\/\/www.alfadu-amusement.com\/?product=simulateur-de-course-de-super-moteurs&lang=fr","title":{"rendered":"Simulateur de course de super moteurs"},"content":{"rendered":"<blockquote><p>&nbsp;<\/p>\n<table class=\"pp-table\">\n<tbody>\n<tr class=\"pp-table-row\">\n<td class=\"pp-table-cell pp-table-cell-key\">\n<pre id=\"tw-target-text\" class=\"tw-data-text tw-text-large tw-ta\" dir=\"ltr\" tabindex=\"-1\" role=\"text\" data-placeholder=\"Traduction\" data-ved=\"2ahUKEwipnouk6KCQAxWlQ6QEHRMqGPMQ3ewLegQICxAV\" aria-label=\"Texte traduit\u00a0: Nom du produit : Course 6DOF 3 \u00e9crans Dimensions : L 257 x l 183 x H 183 cm Poids : 440 kg Tension : 220 V Puissance : 5 kW Nombre de jeux : 3 Dur\u00e9e de jeu : 3 \u00e0 5 min Nombre de joueurs : 1\"><span class=\"Y2IQFc\" lang=\"fr\">Nom du produit<\/span><\/pre>\n<\/td>\n<td class=\"pp-table-cell pp-table-cell-value\"><span class=\"pp-table-cell-content\"><span class=\"pp-table-cell-text\">6dof 3 Screen Racing<\/span><\/span><\/td>\n<\/tr>\n<tr class=\"pp-table-row\">\n<td class=\"pp-table-cell pp-table-cell-key\">\n<pre id=\"tw-target-text\" class=\"tw-data-text tw-text-large tw-ta\" dir=\"ltr\" tabindex=\"-1\" role=\"text\" data-placeholder=\"Traduction\" data-ved=\"2ahUKEwipnouk6KCQAxWlQ6QEHRMqGPMQ3ewLegQICxAV\" aria-label=\"Texte traduit\u00a0: Nom du produit : Course 6DOF 3 \u00e9crans Dimensions : L 257 x l 183 x H 183 cm Poids : 440 kg Tension : 220 V Puissance : 5 kW Nombre de jeux : 3 Dur\u00e9e de jeu : 3 \u00e0 5 min Nombre de joueurs : 1\"><span class=\"Y2IQFc\" lang=\"fr\">Dimensions <\/span><\/pre>\n<\/td>\n<td class=\"pp-table-cell pp-table-cell-value\"><span class=\"pp-table-cell-content\"><span class=\"pp-table-cell-text\">L257*W183*H183cm<\/span><\/span><\/td>\n<\/tr>\n<tr class=\"pp-table-row\">\n<td class=\"pp-table-cell pp-table-cell-key\">\n<pre id=\"tw-target-text\" class=\"tw-data-text tw-text-large tw-ta\" dir=\"ltr\" tabindex=\"-1\" role=\"text\" data-placeholder=\"Traduction\" data-ved=\"2ahUKEwipnouk6KCQAxWlQ6QEHRMqGPMQ3ewLegQICxAV\" aria-label=\"Texte traduit\u00a0: Nom du produit : Course 6DOF 3 \u00e9crans Dimensions : L 257 x l 183 x H 183 cm Poids : 440 kg Tension : 220 V Puissance : 5 kW Nombre de jeux : 3 Dur\u00e9e de jeu : 3 \u00e0 5 min Nombre de joueurs : 1\"><span class=\"Y2IQFc\" lang=\"fr\">Poids <\/span><\/pre>\n<\/td>\n<td class=\"pp-table-cell pp-table-cell-value\"><span class=\"pp-table-cell-content\"><span class=\"pp-table-cell-text\">440Kg<\/span><\/span><\/td>\n<\/tr>\n<tr class=\"pp-table-row\">\n<td class=\"pp-table-cell pp-table-cell-key\">\n<pre id=\"tw-target-text\" class=\"tw-data-text tw-text-large tw-ta\" dir=\"ltr\" tabindex=\"-1\" role=\"text\" data-placeholder=\"Traduction\" data-ved=\"2ahUKEwipnouk6KCQAxWlQ6QEHRMqGPMQ3ewLegQICxAV\" aria-label=\"Texte traduit\u00a0: Nom du produit : Course 6DOF 3 \u00e9crans Dimensions : L 257 x l 183 x H 183 cm Poids : 440 kg Tension : 220 V Puissance : 5 kW Nombre de jeux : 3 Dur\u00e9e de jeu : 3 \u00e0 5 min Nombre de joueurs : 1\"><span class=\"Y2IQFc\" lang=\"fr\">Tension <\/span><\/pre>\n<\/td>\n<td class=\"pp-table-cell pp-table-cell-value\"><span class=\"pp-table-cell-content\"><span class=\"pp-table-cell-text\">220V<\/span><\/span><\/td>\n<\/tr>\n<tr class=\"pp-table-row\">\n<td class=\"pp-table-cell pp-table-cell-key\">\n<pre id=\"tw-target-text\" class=\"tw-data-text tw-text-large tw-ta\" dir=\"ltr\" tabindex=\"-1\" role=\"text\" data-placeholder=\"Traduction\" data-ved=\"2ahUKEwipnouk6KCQAxWlQ6QEHRMqGPMQ3ewLegQICxAV\" aria-label=\"Texte traduit\u00a0: Nom du produit : Course 6DOF 3 \u00e9crans Dimensions : L 257 x l 183 x H 183 cm Poids : 440 kg Tension : 220 V Puissance : 5 kW Nombre de jeux : 3 Dur\u00e9e de jeu : 3 \u00e0 5 min Nombre de joueurs : 1\"><span class=\"Y2IQFc\" lang=\"fr\">Puissance <\/span><\/pre>\n<\/td>\n<td class=\"pp-table-cell pp-table-cell-value\"><span class=\"pp-table-cell-content\"><span class=\"pp-table-cell-text\">5.0KW<\/span><\/span><\/td>\n<\/tr>\n<tr class=\"pp-table-row\">\n<td class=\"pp-table-cell pp-table-cell-key\">\n<pre id=\"tw-target-text\" class=\"tw-data-text tw-text-large tw-ta\" dir=\"ltr\" tabindex=\"-1\" role=\"text\" data-placeholder=\"Traduction\" data-ved=\"2ahUKEwipnouk6KCQAxWlQ6QEHRMqGPMQ3ewLegQICxAV\" aria-label=\"Texte traduit\u00a0: Nom du produit : Course 6DOF 3 \u00e9crans Dimensions : L 257 x l 183 x H 183 cm Poids : 440 kg Tension : 220 V Puissance : 5 kW Nombre de jeux : 3 Dur\u00e9e de jeu : 3 \u00e0 5 min Nombre de joueurs : 1\"><span class=\"Y2IQFc\" lang=\"fr\">Nombre de jeux<\/span><\/pre>\n<\/td>\n<td class=\"pp-table-cell pp-table-cell-value\"><span class=\"pp-table-cell-content\"><span class=\"pp-table-cell-text\">3pcs<\/span><\/span><\/td>\n<\/tr>\n<tr class=\"pp-table-row\">\n<td class=\"pp-table-cell pp-table-cell-key\">\n<pre id=\"tw-target-text\" class=\"tw-data-text tw-text-large tw-ta\" dir=\"ltr\" tabindex=\"-1\" role=\"text\" data-placeholder=\"Traduction\" data-ved=\"2ahUKEwipnouk6KCQAxWlQ6QEHRMqGPMQ3ewLegQICxAV\" aria-label=\"Texte traduit\u00a0: Nom du produit : Course 6DOF 3 \u00e9crans Dimensions : L 257 x l 183 x H 183 cm Poids : 440 kg Tension : 220 V Puissance : 5 kW Nombre de jeux : 3 Dur\u00e9e de jeu : 3 \u00e0 5 min Nombre de joueurs : 1\"><span class=\"Y2IQFc\" lang=\"fr\">Dur\u00e9e de jeu<\/span><\/pre>\n<\/td>\n<td class=\"pp-table-cell pp-table-cell-value\"><span class=\"pp-table-cell-content\"><span class=\"pp-table-cell-text\">3-5 mins<\/span><\/span><\/td>\n<\/tr>\n<tr class=\"pp-table-row\">\n<td class=\"pp-table-cell pp-table-cell-key\">\n<pre id=\"tw-target-text\" class=\"tw-data-text tw-text-large tw-ta\" dir=\"ltr\" tabindex=\"-1\" role=\"text\" data-placeholder=\"Traduction\" data-ved=\"2ahUKEwipnouk6KCQAxWlQ6QEHRMqGPMQ3ewLegQICxAV\" aria-label=\"Texte traduit\u00a0: Nom du produit : Course 6DOF 3 \u00e9crans Dimensions : L 257 x l 183 x H 183 cm Poids : 440 kg Tension : 220 V Puissance : 5 kW Nombre de jeux : 3 Dur\u00e9e de jeu : 3 \u00e0 5 min Nombre de joueurs : 1\"><span class=\"Y2IQFc\" lang=\"fr\">Nombre de joueurs<\/span><\/pre>\n<\/td>\n<td class=\"pp-table-cell pp-table-cell-value\"><span class=\"pp-table-cell-content\"><span class=\"pp-table-cell-text\">1\u00a0 Joueur<\/span><\/span><\/td>\n<\/tr>\n<\/tbody>\n<\/table>\n<p>https:\/\/youtu.be\/UsUEDUhv7_Y?si=d_AhwaBEsA68X_PP<\/p><\/blockquote>\n","protected":false},"excerpt":{"rendered":"<p>\u00c9quipement de jeu d&rsquo;arcade de course automobile dynamique \u00e0 trois \u00e9crans, positionnement pr\u00e9cis de la piste.<\/p>\n<p><strong>Interpr\u00e9tation du drift en r\u00e9alit\u00e9 virtuelle<\/strong><\/p>\n<p>D&rsquo;une superficie de 5 m\u00b2, il est adapt\u00e9 aux parcs int\u00e9rieurs, centres commerciaux, salles de jeux vid\u00e9o et parcs d&rsquo;attractions en r\u00e9alit\u00e9 virtuelle. Sa conduite permanente \u00e0 six axes avec retour de force en temps r\u00e9el est pl\u00e9biscit\u00e9e par les pilotes. Il permet de d\u00e9fier diff\u00e9rents circuits, g\u00e9n\u00e8re une forte implication des utilisateurs et un taux de retour \u00e9lev\u00e9.<\/p>\n","protected":false},"featured_media":1109,"template":"","meta":[],"product_brand":[],"product_cat":[401],"product_tag":[],"class_list":{"0":"post-2825","1":"product","2":"type-product","3":"status-publish","4":"has-post-thumbnail","6":"product_cat-vr-cinema-et-jeux","8":"first","9":"instock","10":"shipping-taxable","11":"product-type-simple"},"_links":{"self":[{"href":"https:\/\/www.alfadu-amusement.com\/index.php?rest_route=\/wp\/v2\/product\/2825","targetHints":{"allow":["GET"]}}],"collection":[{"href":"https:\/\/www.alfadu-amusement.com\/index.php?rest_route=\/wp\/v2\/product"}],"about":[{"href":"https:\/\/www.alfadu-amusement.com\/index.php?rest_route=\/wp\/v2\/types\/product"}],"wp:featuredmedia":[{"embeddable":true,"href":"https:\/\/www.alfadu-amusement.com\/index.php?rest_route=\/wp\/v2\/media\/1109"}],"wp:attachment":[{"href":"https:\/\/www.alfadu-amusement.com\/index.php?rest_route=%2Fwp%2Fv2%2Fmedia&parent=2825"}],"wp:term":[{"taxonomy":"product_brand","embeddable":true,"href":"https:\/\/www.alfadu-amusement.com\/index.php?rest_route=%2Fwp%2Fv2%2Fproduct_brand&post=2825"},{"taxonomy":"product_cat","embeddable":true,"href":"https:\/\/www.alfadu-amusement.com\/index.php?rest_route=%2Fwp%2Fv2%2Fproduct_cat&post=2825"},{"taxonomy":"product_tag","embeddable":true,"href":"https:\/\/www.alfadu-amusement.com\/index.php?rest_route=%2Fwp%2Fv2%2Fproduct_tag&post=2825"}],"curies":[{"name":"wp","href":"https:\/\/api.w.org\/{rel}","templated":true}]}}